{"id":20516,"date":"2025-12-16T12:44:02","date_gmt":"2025-12-16T11:44:02","guid":{"rendered":"https:\/\/www.zillions.nl\/?post_type=product&#038;p=20516"},"modified":"2025-12-29T20:48:42","modified_gmt":"2025-12-29T19:48:42","slug":"leolux-caruzzo-fauteuil-voetenbank-beige-antraciet-stof-grijs","status":"publish","type":"product","link":"https:\/\/www.zillions.nl\/de\/product\/leolux-caruzzo-fauteuil-voetenbank-beige-antraciet-stof-grijs\/","title":{"rendered":"Leolux Caruzzo Sessel + Hocker, Stoff Beige\/Anthrazit \u2013 Grau"},"content":{"rendered":"<p>Leolux Caruzzo Drehsessel in beigefarbenem Stoff mit passendem Lederhocker in Anthrazit und grauem Gestell.<\/p>\n<p>Dieser komfortable Leolux Caruzzo Drehsessel, entworfen von Frans Schrofer, besticht durch einen beigefarbenen Stoffsitz, anthrazitfarbene Lederseiten und ein poliertes Aluminium-F\u00fcnfsterngestell. Neben der Drehfunktion bietet der Caruzzo eine verstellbare Neigungsfunktion, die sich bequem \u00fcber einen dezenten Hebel bedienen l\u00e4sst. Das raffinierte Design in Kombination mit hochwertigen Materialien schafft eine elegante und einladende Optik. Der Sessel ist mit einem passenden anthrazitfarbenen Lederhocker erh\u00e4ltlich, der den Sitzkomfort perfekt abrundet. Sessel und Hocker sind Originale der Marke 100% und verf\u00fcgen \u00fcber alle Authentizit\u00e4tsmerkmale.<\/p>\n<p><strong>Zustand:\u00a0<\/strong>Zustand im Ausstellungsraum; im Neuzustand<\/p>\n<p><strong>Lieferung ab Lager<\/strong><\/p>\n<p><strong>Hinweis:\u00a0<\/strong>Die angezeigten Preise sind\u00a0<u>pro Sessel<\/u>!<\/p>\n<p><u>1x Sessel:<\/u>\u00a0\u20ac2.250<br \/>\n<u>1x Ottomane:<\/u>\u00a0\u20ac450<br \/>\n<u>Festpreis:<\/u>\u00a0\u20ac2.700<\/p>\n<p>Spezifikationen:<br \/>\n<u>Sessel:<\/u><br \/>\n<strong>Sitz:<\/strong> Stoff, beige; schwenk- und neigbar<br \/>\n<strong>Rahmen:<\/strong>\u00a0Aluminium, poliert<br \/>\n<strong>Armlehne:<\/strong>\u00a017 cm hoch<br \/>\n<strong>R\u00fcckenlehne:<\/strong>\u00a075 cm<br \/>\n<strong>Sitzh\u00f6he:<\/strong>\u00a045 cm<br \/>\n<strong>Sitzbreite:<\/strong>\u00a046 cm<br \/>\n<strong>Sitztiefe:\u00a0<\/strong>53 cm<br \/>\n<strong>Volle H\u00f6he:<\/strong>\u00a0107 cm<br \/>\n<strong>Volle Breite:<\/strong>\u00a082 cm<br \/>\n<strong>Volle Tiefe:\u00a0<\/strong>90 cm<\/p>\n<p><u>Fu\u00dfbank:<br \/>\n<\/u><strong>Polster:<\/strong> Leder, Anthrazit<strong><br \/>\nBase:<\/strong>\u00a0Aluminium, poliert<br \/>\n<strong>H\u00f6he:\u00a0<\/strong>41 cm<br \/>\n<strong>Breite:\u00a0<\/strong>57 cm<br \/>\n<strong>Tiefe:\u00a0<\/strong>47 cm<\/p>\n<p>Wenn Sie Fragen haben oder einen unverbindlichen Besichtigungstermin vereinbaren m\u00f6chten, k\u00f6nnen Sie sich gerne an uns wenden. Lieferung durch unseren eigenen Lieferservice m\u00f6glich! Besuchen Sie unsere Website f\u00fcr viele weitere Designartikel!<\/p>\n<p><strong>Kontaktdaten (Besuch nach Vereinbarung):<\/strong><br \/>\nIndustrieweg 21<br \/>\n4131NK Vianen<br \/>\ninfo@zillions.nl<br \/>\n030 20 72 146<\/p>","protected":false},"excerpt":{"rendered":"<p>Leolux Caruzzo draaifauteuil in beige stof met bijpassende lederen voetenbank in antraciet en een grijs onderstel. Deze comfortabele Leolux Caruzzo draaifauteuil, ontworpen door Frans Schrofer, is uitgevoerd met een zitting in beige stof, zijkanten in antraciet leer en is voorzien van een gepolijst aluminium vijfsteronderstel. De Caruzzo biedt, naast de draaifunctie, een verstelbare kantelfunctie die [&hellip;]<\/p>\n","protected":false},"featured_media":20522,"template":"","meta":{"_acf_changed":false},"product_brand":[225],"product_cat":[16,188],"product_tag":[],"class_list":{"0":"post-20516","1":"product","2":"type-product","3":"status-publish","4":"has-post-thumbnail","6":"product_brand-leolux","7":"product_cat-alle-producten","8":"product_cat-fauteuils","10":"first","11":"outofstock","12":"purchasable","13":"product-type-variable"},"acf":[],"yoast_head":"<!-- This site is optimized with the Yoast SEO plugin v27.5 - https:\/\/yoast.com\/product\/yoast-seo-wordpress\/ -->\n<title>Leolux Caruzzo Fauteuil +Voetenbank Beige\/Antraciet Stof - Grijs - Zillions: nieuw en gebruikt design meubilair en stoelen<\/title>\n<meta name=\"description\" content=\"Leolux Caruzzo Fauteuil +Voetenbank Beige\/Antraciet Stof Grijs | Eenvoudig te bestellen via onze webshop.\" \/>\n<meta name=\"robots\" content=\"index, follow, max-snippet:-1, max-image-preview:large, max-video-preview:-1\" \/>\n<link rel=\"canonical\" href=\"https:\/\/www.zillions.nl\/de\/product\/leolux-caruzzo-fauteuil-voetenbank-beige-antraciet-stof-grijs\/\" \/>\n<meta property=\"og:locale\" content=\"de_DE\" \/>\n<meta property=\"og:type\" content=\"article\" \/>\n<meta property=\"og:title\" content=\"Leolux Caruzzo Fauteuil +Voetenbank Beige\/Antraciet Stof - Grijs - Zillions: nieuw en gebruikt design meubilair en stoelen\" \/>\n<meta property=\"og:description\" content=\"Leolux Caruzzo Fauteuil +Voetenbank Beige\/Antraciet Stof Grijs | Eenvoudig te bestellen via onze webshop.\" \/>\n<meta property=\"og:url\" content=\"https:\/\/www.zillions.nl\/de\/product\/leolux-caruzzo-fauteuil-voetenbank-beige-antraciet-stof-grijs\/\" \/>\n<meta property=\"og:site_name\" content=\"Zillions: nieuw en gebruikt design meubilair en stoelen\" \/>\n<meta property=\"article:modified_time\" content=\"2025-12-29T19:48:42+00:00\" \/>\n<meta property=\"og:image\" content=\"https:\/\/www.zillions.nl\/wp-content\/uploads\/2025\/12\/Leolux-Caruzzo-beige-stof-antraciet-buitenkant-grijs-frame-hocker.png\" \/>\n\t<meta property=\"og:image:width\" content=\"687\" \/>\n\t<meta property=\"og:image:height\" content=\"870\" \/>\n\t<meta property=\"og:image:type\" content=\"image\/png\" \/>\n<meta name=\"twitter:card\" content=\"summary_large_image\" \/>\n<meta name=\"twitter:label1\" content=\"Est. reading time\" \/>\n\t<meta name=\"twitter:data1\" content=\"2 minutes\" \/>\n<script type=\"application\/ld+json\" class=\"yoast-schema-graph\">{\"@context\":\"https:\\\/\\\/schema.org\",\"@graph\":[{\"@type\":\"WebPage\",\"@id\":\"https:\\\/\\\/www.zillions.nl\\\/product\\\/leolux-caruzzo-fauteuil-voetenbank-beige-antraciet-stof-grijs\\\/\",\"url\":\"https:\\\/\\\/www.zillions.nl\\\/product\\\/leolux-caruzzo-fauteuil-voetenbank-beige-antraciet-stof-grijs\\\/\",\"name\":\"Leolux Caruzzo Fauteuil +Voetenbank Beige\\\/Antraciet Stof - Grijs - Zillions: nieuw en gebruikt design meubilair en stoelen\",\"isPartOf\":{\"@id\":\"https:\\\/\\\/www.zillions.nl\\\/de\\\/#website\"},\"primaryImageOfPage\":{\"@id\":\"https:\\\/\\\/www.zillions.nl\\\/product\\\/leolux-caruzzo-fauteuil-voetenbank-beige-antraciet-stof-grijs\\\/#primaryimage\"},\"image\":{\"@id\":\"https:\\\/\\\/www.zillions.nl\\\/product\\\/leolux-caruzzo-fauteuil-voetenbank-beige-antraciet-stof-grijs\\\/#primaryimage\"},\"thumbnailUrl\":\"https:\\\/\\\/www.zillions.nl\\\/wp-content\\\/uploads\\\/2025\\\/12\\\/Leolux-Caruzzo-beige-stof-antraciet-buitenkant-grijs-frame-hocker.png\",\"datePublished\":\"2025-12-16T11:44:02+00:00\",\"dateModified\":\"2025-12-29T19:48:42+00:00\",\"description\":\"Leolux Caruzzo Fauteuil +Voetenbank Beige\\\/Antraciet Stof Grijs | Eenvoudig te bestellen via onze webshop.\",\"breadcrumb\":{\"@id\":\"https:\\\/\\\/www.zillions.nl\\\/product\\\/leolux-caruzzo-fauteuil-voetenbank-beige-antraciet-stof-grijs\\\/#breadcrumb\"},\"inLanguage\":\"de-DE\",\"potentialAction\":[{\"@type\":\"ReadAction\",\"target\":[\"https:\\\/\\\/www.zillions.nl\\\/product\\\/leolux-caruzzo-fauteuil-voetenbank-beige-antraciet-stof-grijs\\\/\"]}]},{\"@type\":\"ImageObject\",\"inLanguage\":\"de-DE\",\"@id\":\"https:\\\/\\\/www.zillions.nl\\\/product\\\/leolux-caruzzo-fauteuil-voetenbank-beige-antraciet-stof-grijs\\\/#primaryimage\",\"url\":\"https:\\\/\\\/www.zillions.nl\\\/wp-content\\\/uploads\\\/2025\\\/12\\\/Leolux-Caruzzo-beige-stof-antraciet-buitenkant-grijs-frame-hocker.png\",\"contentUrl\":\"https:\\\/\\\/www.zillions.nl\\\/wp-content\\\/uploads\\\/2025\\\/12\\\/Leolux-Caruzzo-beige-stof-antraciet-buitenkant-grijs-frame-hocker.png\",\"width\":687,\"height\":870},{\"@type\":\"BreadcrumbList\",\"@id\":\"https:\\\/\\\/www.zillions.nl\\\/product\\\/leolux-caruzzo-fauteuil-voetenbank-beige-antraciet-stof-grijs\\\/#breadcrumb\",\"itemListElement\":[{\"@type\":\"ListItem\",\"position\":1,\"name\":\"Home\",\"item\":\"https:\\\/\\\/www.zillions.nl\\\/\"},{\"@type\":\"ListItem\",\"position\":2,\"name\":\"Shop\",\"item\":\"https:\\\/\\\/www.zillions.nl\\\/shop\\\/\"},{\"@type\":\"ListItem\",\"position\":3,\"name\":\"Leolux Caruzzo Fauteuil +Voetenbank Beige\\\/Antraciet Stof &#8211; Grijs\"}]},{\"@type\":\"WebSite\",\"@id\":\"https:\\\/\\\/www.zillions.nl\\\/de\\\/#website\",\"url\":\"https:\\\/\\\/www.zillions.nl\\\/de\\\/\",\"name\":\"Zillions: nieuw en gebruikt design meubilair en stoelen\",\"description\":\"Welkom bij Zillions: Zillions is gespecialiseerd in nieuw en gebruikt design meubilair en stoelen.\",\"publisher\":{\"@id\":\"https:\\\/\\\/www.zillions.nl\\\/de\\\/#organization\"},\"potentialAction\":[{\"@type\":\"SearchAction\",\"target\":{\"@type\":\"EntryPoint\",\"urlTemplate\":\"https:\\\/\\\/www.zillions.nl\\\/de\\\/?s={search_term_string}\"},\"query-input\":{\"@type\":\"PropertyValueSpecification\",\"valueRequired\":true,\"valueName\":\"search_term_string\"}}],\"inLanguage\":\"de-DE\"},{\"@type\":\"Organization\",\"@id\":\"https:\\\/\\\/www.zillions.nl\\\/de\\\/#organization\",\"name\":\"Zillions: nieuw en gebruikt design meubilair en stoelen\",\"url\":\"https:\\\/\\\/www.zillions.nl\\\/de\\\/\",\"logo\":{\"@type\":\"ImageObject\",\"inLanguage\":\"de-DE\",\"@id\":\"https:\\\/\\\/www.zillions.nl\\\/de\\\/#\\\/schema\\\/logo\\\/image\\\/\",\"url\":\"https:\\\/\\\/www.zillions.nl\\\/wp-content\\\/uploads\\\/2022\\\/11\\\/zillions.svg\",\"contentUrl\":\"https:\\\/\\\/www.zillions.nl\\\/wp-content\\\/uploads\\\/2022\\\/11\\\/zillions.svg\",\"width\":208,\"height\":53,\"caption\":\"Zillions: nieuw en gebruikt design meubilair en stoelen\"},\"image\":{\"@id\":\"https:\\\/\\\/www.zillions.nl\\\/de\\\/#\\\/schema\\\/logo\\\/image\\\/\"}}]}<\/script>\n<!-- \/ Yoast SEO plugin. -->","yoast_head_json":{"title":"Leolux Caruzzo Sessel + Hocker, Stoff Beige\/Anthrazit - Grau - Zillions: Neue und gebrauchte Designerm\u00f6bel und St\u00fchle","description":"Leolux Caruzzo Sessel + Hocker Beige\/Anthrazit Stoff Grau | Einfach \u00fcber unseren Webshop bestellen.","robots":{"index":"index","follow":"follow","max-snippet":"max-snippet:-1","max-image-preview":"max-image-preview:large","max-video-preview":"max-video-preview:-1"},"canonical":"https:\/\/www.zillions.nl\/de\/product\/leolux-caruzzo-fauteuil-voetenbank-beige-antraciet-stof-grijs\/","og_locale":"de_DE","og_type":"article","og_title":"Leolux Caruzzo Fauteuil +Voetenbank Beige\/Antraciet Stof - Grijs - Zillions: nieuw en gebruikt design meubilair en stoelen","og_description":"Leolux Caruzzo Fauteuil +Voetenbank Beige\/Antraciet Stof Grijs | Eenvoudig te bestellen via onze webshop.","og_url":"https:\/\/www.zillions.nl\/de\/product\/leolux-caruzzo-fauteuil-voetenbank-beige-antraciet-stof-grijs\/","og_site_name":"Zillions: nieuw en gebruikt design meubilair en stoelen","article_modified_time":"2025-12-29T19:48:42+00:00","og_image":[{"width":687,"height":870,"url":"https:\/\/www.zillions.nl\/wp-content\/uploads\/2025\/12\/Leolux-Caruzzo-beige-stof-antraciet-buitenkant-grijs-frame-hocker.png","type":"image\/png"}],"twitter_card":"summary_large_image","twitter_misc":{"Est. reading time":"2 minutes"},"schema":{"@context":"https:\/\/schema.org","@graph":[{"@type":"WebPage","@id":"https:\/\/www.zillions.nl\/product\/leolux-caruzzo-fauteuil-voetenbank-beige-antraciet-stof-grijs\/","url":"https:\/\/www.zillions.nl\/product\/leolux-caruzzo-fauteuil-voetenbank-beige-antraciet-stof-grijs\/","name":"Leolux Caruzzo Sessel + Hocker, Stoff Beige\/Anthrazit - Grau - Zillions: Neue und gebrauchte Designerm\u00f6bel und St\u00fchle","isPartOf":{"@id":"https:\/\/www.zillions.nl\/de\/#website"},"primaryImageOfPage":{"@id":"https:\/\/www.zillions.nl\/product\/leolux-caruzzo-fauteuil-voetenbank-beige-antraciet-stof-grijs\/#primaryimage"},"image":{"@id":"https:\/\/www.zillions.nl\/product\/leolux-caruzzo-fauteuil-voetenbank-beige-antraciet-stof-grijs\/#primaryimage"},"thumbnailUrl":"https:\/\/www.zillions.nl\/wp-content\/uploads\/2025\/12\/Leolux-Caruzzo-beige-stof-antraciet-buitenkant-grijs-frame-hocker.png","datePublished":"2025-12-16T11:44:02+00:00","dateModified":"2025-12-29T19:48:42+00:00","description":"Leolux Caruzzo Sessel + Hocker Beige\/Anthrazit Stoff Grau | Einfach \u00fcber unseren Webshop bestellen.","breadcrumb":{"@id":"https:\/\/www.zillions.nl\/product\/leolux-caruzzo-fauteuil-voetenbank-beige-antraciet-stof-grijs\/#breadcrumb"},"inLanguage":"de-DE","potentialAction":[{"@type":"ReadAction","target":["https:\/\/www.zillions.nl\/product\/leolux-caruzzo-fauteuil-voetenbank-beige-antraciet-stof-grijs\/"]}]},{"@type":"ImageObject","inLanguage":"de-DE","@id":"https:\/\/www.zillions.nl\/product\/leolux-caruzzo-fauteuil-voetenbank-beige-antraciet-stof-grijs\/#primaryimage","url":"https:\/\/www.zillions.nl\/wp-content\/uploads\/2025\/12\/Leolux-Caruzzo-beige-stof-antraciet-buitenkant-grijs-frame-hocker.png","contentUrl":"https:\/\/www.zillions.nl\/wp-content\/uploads\/2025\/12\/Leolux-Caruzzo-beige-stof-antraciet-buitenkant-grijs-frame-hocker.png","width":687,"height":870},{"@type":"BreadcrumbList","@id":"https:\/\/www.zillions.nl\/product\/leolux-caruzzo-fauteuil-voetenbank-beige-antraciet-stof-grijs\/#breadcrumb","itemListElement":[{"@type":"ListItem","position":1,"name":"Home","item":"https:\/\/www.zillions.nl\/"},{"@type":"ListItem","position":2,"name":"Shop","item":"https:\/\/www.zillions.nl\/shop\/"},{"@type":"ListItem","position":3,"name":"Leolux Caruzzo Fauteuil +Voetenbank Beige\/Antraciet Stof &#8211; Grijs"}]},{"@type":"WebSite","@id":"https:\/\/www.zillions.nl\/de\/#website","url":"https:\/\/www.zillions.nl\/de\/","name":"Zillionen: neue und gebrauchte Designerm\u00f6bel und St\u00fchle","description":"Willkommen bei Zillions: Zillions ist auf neue und gebrauchte Designm\u00f6bel und St\u00fchle spezialisiert.","publisher":{"@id":"https:\/\/www.zillions.nl\/de\/#organization"},"potentialAction":[{"@type":"SearchAction","target":{"@type":"EntryPoint","urlTemplate":"https:\/\/www.zillions.nl\/de\/?s={search_term_string}"},"query-input":{"@type":"PropertyValueSpecification","valueRequired":true,"valueName":"search_term_string"}}],"inLanguage":"de-DE"},{"@type":"Organization","@id":"https:\/\/www.zillions.nl\/de\/#organization","name":"Zillionen: neue und gebrauchte Designerm\u00f6bel und St\u00fchle","url":"https:\/\/www.zillions.nl\/de\/","logo":{"@type":"ImageObject","inLanguage":"de-DE","@id":"https:\/\/www.zillions.nl\/de\/#\/schema\/logo\/image\/","url":"https:\/\/www.zillions.nl\/wp-content\/uploads\/2022\/11\/zillions.svg","contentUrl":"https:\/\/www.zillions.nl\/wp-content\/uploads\/2022\/11\/zillions.svg","width":208,"height":53,"caption":"Zillions: nieuw en gebruikt design meubilair en stoelen"},"image":{"@id":"https:\/\/www.zillions.nl\/de\/#\/schema\/logo\/image\/"}}]}},"_links":{"self":[{"href":"https:\/\/www.zillions.nl\/de\/wp-json\/wp\/v2\/product\/20516","targetHints":{"allow":["GET"]}}],"collection":[{"href":"https:\/\/www.zillions.nl\/de\/wp-json\/wp\/v2\/product"}],"about":[{"href":"https:\/\/www.zillions.nl\/de\/wp-json\/wp\/v2\/types\/product"}],"wp:featuredmedia":[{"embeddable":true,"href":"https:\/\/www.zillions.nl\/de\/wp-json\/wp\/v2\/media\/20522"}],"wp:attachment":[{"href":"https:\/\/www.zillions.nl\/de\/wp-json\/wp\/v2\/media?parent=20516"}],"wp:term":[{"taxonomy":"product_brand","embeddable":true,"href":"https:\/\/www.zillions.nl\/de\/wp-json\/wp\/v2\/product_brand?post=20516"},{"taxonomy":"product_cat","embeddable":true,"href":"https:\/\/www.zillions.nl\/de\/wp-json\/wp\/v2\/product_cat?post=20516"},{"taxonomy":"product_tag","embeddable":true,"href":"https:\/\/www.zillions.nl\/de\/wp-json\/wp\/v2\/product_tag?post=20516"}],"curies":[{"name":"wp","href":"https:\/\/api.w.org\/{rel}","templated":true}]}}