{"id":20316,"date":"2025-12-07T20:02:39","date_gmt":"2025-12-07T19:02:39","guid":{"rendered":"https:\/\/www.zillions.nl\/?post_type=product&#038;p=20316"},"modified":"2025-12-12T14:18:11","modified_gmt":"2025-12-12T13:18:11","slug":"kuifje-beeld-herge-haddock-en-tournesol-2019-nieuw","status":"publish","type":"product","link":"https:\/\/www.zillions.nl\/de\/product\/kuifje-beeld-herge-haddock-en-tournesol-2019-nieuw\/","title":{"rendered":"Tim und Struppi \u2013 Bild von Herg\u00e9, Haddock und Bienlein 2019 Neu"},"content":{"rendered":"<p>Tim und Struppi \u2013 Herg\u00e9-Bild \u2013 Haddock und Professor Bienlein LMTD-Ausgabe, neu in Originalverpackung<\/p>\n<p>Seriennummer 44024 Mit Zertifikat<\/p>\n<p>Produktionsjahr 2019, Auflage 1500 St\u00fcck<\/p>\n<p>Produzent Moulinsart<\/p>\n<p>Abmessungen: 21 cm \u00d7 22 cm \u00d7 18,5 cm<\/p>","protected":false},"excerpt":{"rendered":"<p>Tim und Struppi \u2013 Herg\u00e9-Illustration \u2013 Haddock und Professor Bienlein, limitierte Auflage, neu in Originalverpackung, Seriennr. 44024, mit Zertifikat, Produktionsjahr 2019, Auflage: 1500 St\u00fcck, Hersteller: Moulinsart, Ma\u00dfe: 21 cm \u00d7 22 cm \u00d7 18,5 cm<\/p>","protected":false},"featured_media":20317,"template":"","meta":{"_acf_changed":false},"product_brand":[358],"product_cat":[16,190],"product_tag":[],"class_list":{"0":"post-20316","1":"product","2":"type-product","3":"status-publish","4":"has-post-thumbnail","6":"product_brand-herge-moulinsart","7":"product_cat-alle-producten","8":"product_cat-woonaccessoires","9":"pa_brands-herge-moulinsart","11":"first","12":"instock","13":"purchasable","14":"product-type-simple"},"acf":[],"yoast_head":"<!-- This site is optimized with the Yoast SEO plugin v27.5 - https:\/\/yoast.com\/product\/yoast-seo-wordpress\/ -->\n<title>Kuifje Beeld Herge Haddock en Zonnebloem 2019 Nieuw - Zillions: nieuw en gebruikt design meubilair en stoelen<\/title>\n<meta name=\"robots\" content=\"index, follow, max-snippet:-1, max-image-preview:large, max-video-preview:-1\" \/>\n<link rel=\"canonical\" href=\"https:\/\/www.zillions.nl\/de\/product\/kuifje-beeld-herge-haddock-en-tournesol-2019-nieuw\/\" \/>\n<meta property=\"og:locale\" content=\"de_DE\" \/>\n<meta property=\"og:type\" content=\"article\" \/>\n<meta property=\"og:title\" content=\"Kuifje Beeld Herge Haddock en Zonnebloem 2019 Nieuw - Zillions: nieuw en gebruikt design meubilair en stoelen\" \/>\n<meta property=\"og:description\" content=\"Kuifje &#8211; Herge Beeld &#8211; Haddock en Prof. Zonnebloem\u00a0 LMTD edition nieuw in de doos Serie nr 44024\u00a0 \u00a0Met certificaat Productie jaar 2019\u00a0 \u00a0Oplage 1500 stuks Producent Moulinsart Afmetingen 21 cm \u00d7 22 cm \u00d7 18.5 cm\" \/>\n<meta property=\"og:url\" content=\"https:\/\/www.zillions.nl\/de\/product\/kuifje-beeld-herge-haddock-en-tournesol-2019-nieuw\/\" \/>\n<meta property=\"og:site_name\" content=\"Zillions: nieuw en gebruikt design meubilair en stoelen\" \/>\n<meta property=\"article:modified_time\" content=\"2025-12-12T13:18:11+00:00\" \/>\n<meta property=\"og:image\" content=\"https:\/\/www.zillions.nl\/wp-content\/uploads\/2025\/12\/haddock-tournesol-lune-statuette-moulinsart-44024-1-1.jpg\" \/>\n\t<meta property=\"og:image:width\" content=\"600\" \/>\n\t<meta property=\"og:image:height\" content=\"600\" \/>\n\t<meta property=\"og:image:type\" content=\"image\/jpeg\" \/>\n<meta name=\"twitter:card\" content=\"summary_large_image\" \/>\n<meta name=\"twitter:label1\" content=\"Est. reading time\" \/>\n\t<meta name=\"twitter:data1\" content=\"1 minute\" \/>\n<script type=\"application\/ld+json\" class=\"yoast-schema-graph\">{\"@context\":\"https:\\\/\\\/schema.org\",\"@graph\":[{\"@type\":\"WebPage\",\"@id\":\"https:\\\/\\\/www.zillions.nl\\\/product\\\/kuifje-beeld-herge-haddock-en-tournesol-2019-nieuw\\\/\",\"url\":\"https:\\\/\\\/www.zillions.nl\\\/product\\\/kuifje-beeld-herge-haddock-en-tournesol-2019-nieuw\\\/\",\"name\":\"Kuifje Beeld Herge Haddock en Zonnebloem 2019 Nieuw - Zillions: nieuw en gebruikt design meubilair en stoelen\",\"isPartOf\":{\"@id\":\"https:\\\/\\\/www.zillions.nl\\\/de\\\/#website\"},\"primaryImageOfPage\":{\"@id\":\"https:\\\/\\\/www.zillions.nl\\\/product\\\/kuifje-beeld-herge-haddock-en-tournesol-2019-nieuw\\\/#primaryimage\"},\"image\":{\"@id\":\"https:\\\/\\\/www.zillions.nl\\\/product\\\/kuifje-beeld-herge-haddock-en-tournesol-2019-nieuw\\\/#primaryimage\"},\"thumbnailUrl\":\"https:\\\/\\\/www.zillions.nl\\\/wp-content\\\/uploads\\\/2025\\\/12\\\/haddock-tournesol-lune-statuette-moulinsart-44024-1-1.jpg\",\"datePublished\":\"2025-12-07T19:02:39+00:00\",\"dateModified\":\"2025-12-12T13:18:11+00:00\",\"breadcrumb\":{\"@id\":\"https:\\\/\\\/www.zillions.nl\\\/product\\\/kuifje-beeld-herge-haddock-en-tournesol-2019-nieuw\\\/#breadcrumb\"},\"inLanguage\":\"de-DE\",\"potentialAction\":[{\"@type\":\"ReadAction\",\"target\":[\"https:\\\/\\\/www.zillions.nl\\\/product\\\/kuifje-beeld-herge-haddock-en-tournesol-2019-nieuw\\\/\"]}]},{\"@type\":\"ImageObject\",\"inLanguage\":\"de-DE\",\"@id\":\"https:\\\/\\\/www.zillions.nl\\\/product\\\/kuifje-beeld-herge-haddock-en-tournesol-2019-nieuw\\\/#primaryimage\",\"url\":\"https:\\\/\\\/www.zillions.nl\\\/wp-content\\\/uploads\\\/2025\\\/12\\\/haddock-tournesol-lune-statuette-moulinsart-44024-1-1.jpg\",\"contentUrl\":\"https:\\\/\\\/www.zillions.nl\\\/wp-content\\\/uploads\\\/2025\\\/12\\\/haddock-tournesol-lune-statuette-moulinsart-44024-1-1.jpg\",\"width\":600,\"height\":600},{\"@type\":\"BreadcrumbList\",\"@id\":\"https:\\\/\\\/www.zillions.nl\\\/product\\\/kuifje-beeld-herge-haddock-en-tournesol-2019-nieuw\\\/#breadcrumb\",\"itemListElement\":[{\"@type\":\"ListItem\",\"position\":1,\"name\":\"Home\",\"item\":\"https:\\\/\\\/www.zillions.nl\\\/\"},{\"@type\":\"ListItem\",\"position\":2,\"name\":\"Shop\",\"item\":\"https:\\\/\\\/www.zillions.nl\\\/shop\\\/\"},{\"@type\":\"ListItem\",\"position\":3,\"name\":\"Kuifje Beeld Herge Haddock en Zonnebloem 2019 Nieuw\"}]},{\"@type\":\"WebSite\",\"@id\":\"https:\\\/\\\/www.zillions.nl\\\/de\\\/#website\",\"url\":\"https:\\\/\\\/www.zillions.nl\\\/de\\\/\",\"name\":\"Zillions: nieuw en gebruikt design meubilair en stoelen\",\"description\":\"Welkom bij Zillions: Zillions is gespecialiseerd in nieuw en gebruikt design meubilair en stoelen.\",\"publisher\":{\"@id\":\"https:\\\/\\\/www.zillions.nl\\\/de\\\/#organization\"},\"potentialAction\":[{\"@type\":\"SearchAction\",\"target\":{\"@type\":\"EntryPoint\",\"urlTemplate\":\"https:\\\/\\\/www.zillions.nl\\\/de\\\/?s={search_term_string}\"},\"query-input\":{\"@type\":\"PropertyValueSpecification\",\"valueRequired\":true,\"valueName\":\"search_term_string\"}}],\"inLanguage\":\"de-DE\"},{\"@type\":\"Organization\",\"@id\":\"https:\\\/\\\/www.zillions.nl\\\/de\\\/#organization\",\"name\":\"Zillions: nieuw en gebruikt design meubilair en stoelen\",\"url\":\"https:\\\/\\\/www.zillions.nl\\\/de\\\/\",\"logo\":{\"@type\":\"ImageObject\",\"inLanguage\":\"de-DE\",\"@id\":\"https:\\\/\\\/www.zillions.nl\\\/de\\\/#\\\/schema\\\/logo\\\/image\\\/\",\"url\":\"https:\\\/\\\/www.zillions.nl\\\/wp-content\\\/uploads\\\/2022\\\/11\\\/zillions.svg\",\"contentUrl\":\"https:\\\/\\\/www.zillions.nl\\\/wp-content\\\/uploads\\\/2022\\\/11\\\/zillions.svg\",\"width\":208,\"height\":53,\"caption\":\"Zillions: nieuw en gebruikt design meubilair en stoelen\"},\"image\":{\"@id\":\"https:\\\/\\\/www.zillions.nl\\\/de\\\/#\\\/schema\\\/logo\\\/image\\\/\"}}]}<\/script>\n<!-- \/ Yoast SEO plugin. -->","yoast_head_json":{"title":"Tim und Struppi \u2013 Herg\u00e9 Haddock und Bienlein 2019 Neu \u2013 Zillions: Neue und gebrauchte Designm\u00f6bel und St\u00fchle","robots":{"index":"index","follow":"follow","max-snippet":"max-snippet:-1","max-image-preview":"max-image-preview:large","max-video-preview":"max-video-preview:-1"},"canonical":"https:\/\/www.zillions.nl\/de\/product\/kuifje-beeld-herge-haddock-en-tournesol-2019-nieuw\/","og_locale":"de_DE","og_type":"article","og_title":"Kuifje Beeld Herge Haddock en Zonnebloem 2019 Nieuw - Zillions: nieuw en gebruikt design meubilair en stoelen","og_description":"Kuifje &#8211; Herge Beeld &#8211; Haddock en Prof. Zonnebloem\u00a0 LMTD edition nieuw in de doos Serie nr 44024\u00a0 \u00a0Met certificaat Productie jaar 2019\u00a0 \u00a0Oplage 1500 stuks Producent Moulinsart Afmetingen 21 cm \u00d7 22 cm \u00d7 18.5 cm","og_url":"https:\/\/www.zillions.nl\/de\/product\/kuifje-beeld-herge-haddock-en-tournesol-2019-nieuw\/","og_site_name":"Zillions: nieuw en gebruikt design meubilair en stoelen","article_modified_time":"2025-12-12T13:18:11+00:00","og_image":[{"width":600,"height":600,"url":"https:\/\/www.zillions.nl\/wp-content\/uploads\/2025\/12\/haddock-tournesol-lune-statuette-moulinsart-44024-1-1.jpg","type":"image\/jpeg"}],"twitter_card":"summary_large_image","twitter_misc":{"Est. reading time":"1 minute"},"schema":{"@context":"https:\/\/schema.org","@graph":[{"@type":"WebPage","@id":"https:\/\/www.zillions.nl\/product\/kuifje-beeld-herge-haddock-en-tournesol-2019-nieuw\/","url":"https:\/\/www.zillions.nl\/product\/kuifje-beeld-herge-haddock-en-tournesol-2019-nieuw\/","name":"Tim und Struppi \u2013 Herg\u00e9 Haddock und Bienlein 2019 Neu \u2013 Zillions: Neue und gebrauchte Designm\u00f6bel und St\u00fchle","isPartOf":{"@id":"https:\/\/www.zillions.nl\/de\/#website"},"primaryImageOfPage":{"@id":"https:\/\/www.zillions.nl\/product\/kuifje-beeld-herge-haddock-en-tournesol-2019-nieuw\/#primaryimage"},"image":{"@id":"https:\/\/www.zillions.nl\/product\/kuifje-beeld-herge-haddock-en-tournesol-2019-nieuw\/#primaryimage"},"thumbnailUrl":"https:\/\/www.zillions.nl\/wp-content\/uploads\/2025\/12\/haddock-tournesol-lune-statuette-moulinsart-44024-1-1.jpg","datePublished":"2025-12-07T19:02:39+00:00","dateModified":"2025-12-12T13:18:11+00:00","breadcrumb":{"@id":"https:\/\/www.zillions.nl\/product\/kuifje-beeld-herge-haddock-en-tournesol-2019-nieuw\/#breadcrumb"},"inLanguage":"de-DE","potentialAction":[{"@type":"ReadAction","target":["https:\/\/www.zillions.nl\/product\/kuifje-beeld-herge-haddock-en-tournesol-2019-nieuw\/"]}]},{"@type":"ImageObject","inLanguage":"de-DE","@id":"https:\/\/www.zillions.nl\/product\/kuifje-beeld-herge-haddock-en-tournesol-2019-nieuw\/#primaryimage","url":"https:\/\/www.zillions.nl\/wp-content\/uploads\/2025\/12\/haddock-tournesol-lune-statuette-moulinsart-44024-1-1.jpg","contentUrl":"https:\/\/www.zillions.nl\/wp-content\/uploads\/2025\/12\/haddock-tournesol-lune-statuette-moulinsart-44024-1-1.jpg","width":600,"height":600},{"@type":"BreadcrumbList","@id":"https:\/\/www.zillions.nl\/product\/kuifje-beeld-herge-haddock-en-tournesol-2019-nieuw\/#breadcrumb","itemListElement":[{"@type":"ListItem","position":1,"name":"Home","item":"https:\/\/www.zillions.nl\/"},{"@type":"ListItem","position":2,"name":"Shop","item":"https:\/\/www.zillions.nl\/shop\/"},{"@type":"ListItem","position":3,"name":"Kuifje Beeld Herge Haddock en Zonnebloem 2019 Nieuw"}]},{"@type":"WebSite","@id":"https:\/\/www.zillions.nl\/de\/#website","url":"https:\/\/www.zillions.nl\/de\/","name":"Zillionen: neue und gebrauchte Designerm\u00f6bel und St\u00fchle","description":"Willkommen bei Zillions: Zillions ist auf neue und gebrauchte Designm\u00f6bel und St\u00fchle spezialisiert.","publisher":{"@id":"https:\/\/www.zillions.nl\/de\/#organization"},"potentialAction":[{"@type":"SearchAction","target":{"@type":"EntryPoint","urlTemplate":"https:\/\/www.zillions.nl\/de\/?s={search_term_string}"},"query-input":{"@type":"PropertyValueSpecification","valueRequired":true,"valueName":"search_term_string"}}],"inLanguage":"de-DE"},{"@type":"Organization","@id":"https:\/\/www.zillions.nl\/de\/#organization","name":"Zillionen: neue und gebrauchte Designerm\u00f6bel und St\u00fchle","url":"https:\/\/www.zillions.nl\/de\/","logo":{"@type":"ImageObject","inLanguage":"de-DE","@id":"https:\/\/www.zillions.nl\/de\/#\/schema\/logo\/image\/","url":"https:\/\/www.zillions.nl\/wp-content\/uploads\/2022\/11\/zillions.svg","contentUrl":"https:\/\/www.zillions.nl\/wp-content\/uploads\/2022\/11\/zillions.svg","width":208,"height":53,"caption":"Zillions: nieuw en gebruikt design meubilair en stoelen"},"image":{"@id":"https:\/\/www.zillions.nl\/de\/#\/schema\/logo\/image\/"}}]}},"_links":{"self":[{"href":"https:\/\/www.zillions.nl\/de\/wp-json\/wp\/v2\/product\/20316","targetHints":{"allow":["GET"]}}],"collection":[{"href":"https:\/\/www.zillions.nl\/de\/wp-json\/wp\/v2\/product"}],"about":[{"href":"https:\/\/www.zillions.nl\/de\/wp-json\/wp\/v2\/types\/product"}],"wp:featuredmedia":[{"embeddable":true,"href":"https:\/\/www.zillions.nl\/de\/wp-json\/wp\/v2\/media\/20317"}],"wp:attachment":[{"href":"https:\/\/www.zillions.nl\/de\/wp-json\/wp\/v2\/media?parent=20316"}],"wp:term":[{"taxonomy":"product_brand","embeddable":true,"href":"https:\/\/www.zillions.nl\/de\/wp-json\/wp\/v2\/product_brand?post=20316"},{"taxonomy":"product_cat","embeddable":true,"href":"https:\/\/www.zillions.nl\/de\/wp-json\/wp\/v2\/product_cat?post=20316"},{"taxonomy":"product_tag","embeddable":true,"href":"https:\/\/www.zillions.nl\/de\/wp-json\/wp\/v2\/product_tag?post=20316"}],"curies":[{"name":"wp","href":"https:\/\/api.w.org\/{rel}","templated":true}]}}