{"id":18612,"date":"2025-09-22T12:22:59","date_gmt":"2025-09-22T10:22:59","guid":{"rendered":"https:\/\/www.zillions.nl\/?post_type=product&#038;p=18612"},"modified":"2026-05-04T09:23:01","modified_gmt":"2026-05-04T07:23:01","slug":"vitra-eames-dar-stoel-zwart-eifel-onderstel","status":"publish","type":"product","link":"https:\/\/www.zillions.nl\/de\/product\/vitra-eames-dar-stoel-zwart-eifel-onderstel\/","title":{"rendered":"Vitra Eames DAR Stuhl Schwarz"},"content":{"rendered":"<h5>Vitra Eames DAR Schalenstuhl Schwarz \u2013 verchromtes Eiffel-Fu\u00dfkreuz<\/h5>\n<p>Dieses moderne <a href=\"\/de\/merken\/vitra\/\">Vitra<\/a> Der von Charles &amp; Ray Eames entworfene Eames DAR (Esszimmerstuhl) verf\u00fcgt \u00fcber eine Sitzfl\u00e4che aus Kunststoff und ein verchromtes Aluminiumgestell im Eiffel-Stil. Das zeitlose Design in Kombination mit der markanten organischen Form macht diesen Stuhl vielseitig einsetzbar \u2013 sowohl im Essbereich als auch im B\u00fcro. Die ergonomische Sitzschale sorgt f\u00fcr optimalen Sitzkomfort. Dank der langlebigen Materialien und des raffinierten Designs ist der DAR eine stilvolle und funktionale Bereicherung f\u00fcr jedes Interieur. Der Stuhl ist original 100% und tr\u00e4gt alle Echtheitsmerkmale.<\/p>\n<p><strong>Zustand:<\/strong>\u00a0Zustand im Ausstellungsraum; im Neuzustand<\/p>\n<p><strong>Lieferung ab Lager<\/strong><\/p>\n<p><strong>Hinweis:\u00a0<\/strong>Die angezeigten Preise sind\u00a0<u>pro St\u00fcck<\/u>!<\/p>\n<p><strong>Spezifikationen:<\/strong><br \/>\n<strong>Sitz:<\/strong>\u00a0Plastik<br \/>\n<strong>Rahmen:<\/strong> Chrom<br \/>\n<strong>R\u00fcckenlehne:<\/strong>\u00a040 cm<br \/>\n<strong>Sitzh\u00f6he:<\/strong>\u00a043 cm<br \/>\n<strong>Sitzbreite:<\/strong>\u00a041 cm<br \/>\n<strong>Sitztiefe:\u00a0<\/strong>52 cm<br \/>\n<strong>Volle H\u00f6he:<\/strong>\u00a083 cm<br \/>\n<strong>Volle Breite:<\/strong>\u00a063 cm<br \/>\n<strong>Volle Tiefe:\u00a0<\/strong>60 cm<\/p>\n<p>Bei Fragen oder zur Vereinbarung eines unverbindlichen Besichtigungstermins k\u00f6nnen Sie sich gerne an uns wenden. <a href=\"\/de\/contact\/\">Kontakt<\/a> Kontaktieren Sie uns. Die Lieferung erfolgt \u00fcber unseren eigenen Lieferservice. Dieser Artikel l\u00e4sst sich einfach \u00fcber unseren Webshop bestellen. Hier finden Sie au\u00dferdem unser aktuelles Sortiment mit vielen weiteren Designartikeln.<\/p>\n<p><strong>Kontaktdaten (Besuch nach Vereinbarung):<\/strong><br \/>\nIndustrieweg 21<br \/>\n4131NK Vianen<br \/>\ninfo@zillions.nl<br \/>\n030 20 72 146<\/p>","protected":false},"excerpt":{"rendered":"<p>Vitra Eames DAR kuipstoel Zwart &#8211; chroom eifel onderstel Deze moderne Vitra Eames DAR (eetkamer) stoel, ontworpen door Charles &amp; Ray Eames, is uitgevoerd met een\u00a0 kunststof zitting en een verchroomd aluminium Eiffelonderstel. Het tijdloze ontwerp in combinatie met de kenmerkende organische vorm maakt deze stoel een veelzijdige keuze voor zowel eet- als werkruimtes, terwijl [&hellip;]<\/p>\n","protected":false},"featured_media":22074,"template":"","meta":{"_acf_changed":false},"product_brand":[202],"product_cat":[16,185],"product_tag":[322],"class_list":{"0":"post-18612","1":"product","2":"type-product","3":"status-publish","4":"has-post-thumbnail","6":"product_brand-vitra","7":"product_cat-alle-producten","8":"product_cat-stoelen","9":"product_tag-vitra","10":"pa_brands-vitra","12":"first","13":"instock","14":"sale","15":"purchasable","16":"product-type-simple"},"acf":[],"yoast_head":"<!-- This site is optimized with the Yoast SEO plugin v27.5 - https:\/\/yoast.com\/product\/yoast-seo-wordpress\/ -->\n<title>Vitra Eames DAR Stoel Zwart - Zillions: nieuw en gebruikt design meubilair en stoelen<\/title>\n<meta name=\"robots\" content=\"index, follow, max-snippet:-1, max-image-preview:large, max-video-preview:-1\" \/>\n<link rel=\"canonical\" href=\"https:\/\/www.zillions.nl\/de\/product\/vitra-eames-dar-stoel-zwart-eifel-onderstel\/\" \/>\n<meta property=\"og:locale\" content=\"de_DE\" \/>\n<meta property=\"og:type\" content=\"article\" \/>\n<meta property=\"og:title\" content=\"Vitra Eames DAR Stoel Zwart - Zillions: nieuw en gebruikt design meubilair en stoelen\" \/>\n<meta property=\"og:description\" content=\"Vitra Eames DAR kuipstoel Zwart &#8211; chroom eifel onderstel Deze moderne Vitra Eames DAR (eetkamer) stoel, ontworpen door Charles &amp; Ray Eames, is uitgevoerd met een\u00a0 kunststof zitting en een verchroomd aluminium Eiffelonderstel. Het tijdloze ontwerp in combinatie met de kenmerkende organische vorm maakt deze stoel een veelzijdige keuze voor zowel eet- als werkruimtes, terwijl [&hellip;]\" \/>\n<meta property=\"og:url\" content=\"https:\/\/www.zillions.nl\/de\/product\/vitra-eames-dar-stoel-zwart-eifel-onderstel\/\" \/>\n<meta property=\"og:site_name\" content=\"Zillions: nieuw en gebruikt design meubilair en stoelen\" \/>\n<meta property=\"article:modified_time\" content=\"2026-05-04T07:23:01+00:00\" \/>\n<meta property=\"og:image\" content=\"https:\/\/www.zillions.nl\/wp-content\/uploads\/2025\/09\/vitra-eames-DAR-stoel-zwart-eifel-onderstel.jpg\" \/>\n\t<meta property=\"og:image:width\" content=\"1024\" \/>\n\t<meta property=\"og:image:height\" content=\"1024\" \/>\n\t<meta property=\"og:image:type\" content=\"image\/jpeg\" \/>\n<meta name=\"twitter:card\" content=\"summary_large_image\" \/>\n<meta name=\"twitter:label1\" content=\"Est. reading time\" \/>\n\t<meta name=\"twitter:data1\" content=\"2 minutes\" \/>\n<script type=\"application\/ld+json\" class=\"yoast-schema-graph\">{\"@context\":\"https:\\\/\\\/schema.org\",\"@graph\":[{\"@type\":\"WebPage\",\"@id\":\"https:\\\/\\\/www.zillions.nl\\\/product\\\/vitra-eames-dar-stoel-zwart-eifel-onderstel\\\/\",\"url\":\"https:\\\/\\\/www.zillions.nl\\\/product\\\/vitra-eames-dar-stoel-zwart-eifel-onderstel\\\/\",\"name\":\"Vitra Eames DAR Stoel Zwart - Zillions: nieuw en gebruikt design meubilair en stoelen\",\"isPartOf\":{\"@id\":\"https:\\\/\\\/www.zillions.nl\\\/de\\\/#website\"},\"primaryImageOfPage\":{\"@id\":\"https:\\\/\\\/www.zillions.nl\\\/product\\\/vitra-eames-dar-stoel-zwart-eifel-onderstel\\\/#primaryimage\"},\"image\":{\"@id\":\"https:\\\/\\\/www.zillions.nl\\\/product\\\/vitra-eames-dar-stoel-zwart-eifel-onderstel\\\/#primaryimage\"},\"thumbnailUrl\":\"https:\\\/\\\/www.zillions.nl\\\/wp-content\\\/uploads\\\/2025\\\/09\\\/vitra-eames-DAR-stoel-zwart-eifel-onderstel.jpg\",\"datePublished\":\"2025-09-22T10:22:59+00:00\",\"dateModified\":\"2026-05-04T07:23:01+00:00\",\"breadcrumb\":{\"@id\":\"https:\\\/\\\/www.zillions.nl\\\/product\\\/vitra-eames-dar-stoel-zwart-eifel-onderstel\\\/#breadcrumb\"},\"inLanguage\":\"de-DE\",\"potentialAction\":[{\"@type\":\"ReadAction\",\"target\":[\"https:\\\/\\\/www.zillions.nl\\\/product\\\/vitra-eames-dar-stoel-zwart-eifel-onderstel\\\/\"]}]},{\"@type\":\"ImageObject\",\"inLanguage\":\"de-DE\",\"@id\":\"https:\\\/\\\/www.zillions.nl\\\/product\\\/vitra-eames-dar-stoel-zwart-eifel-onderstel\\\/#primaryimage\",\"url\":\"https:\\\/\\\/www.zillions.nl\\\/wp-content\\\/uploads\\\/2025\\\/09\\\/vitra-eames-DAR-stoel-zwart-eifel-onderstel.jpg\",\"contentUrl\":\"https:\\\/\\\/www.zillions.nl\\\/wp-content\\\/uploads\\\/2025\\\/09\\\/vitra-eames-DAR-stoel-zwart-eifel-onderstel.jpg\",\"width\":1024,\"height\":1024},{\"@type\":\"BreadcrumbList\",\"@id\":\"https:\\\/\\\/www.zillions.nl\\\/product\\\/vitra-eames-dar-stoel-zwart-eifel-onderstel\\\/#breadcrumb\",\"itemListElement\":[{\"@type\":\"ListItem\",\"position\":1,\"name\":\"Home\",\"item\":\"https:\\\/\\\/www.zillions.nl\\\/\"},{\"@type\":\"ListItem\",\"position\":2,\"name\":\"Shop\",\"item\":\"https:\\\/\\\/www.zillions.nl\\\/shop\\\/\"},{\"@type\":\"ListItem\",\"position\":3,\"name\":\"Vitra Eames DAR Stoel Zwart\"}]},{\"@type\":\"WebSite\",\"@id\":\"https:\\\/\\\/www.zillions.nl\\\/de\\\/#website\",\"url\":\"https:\\\/\\\/www.zillions.nl\\\/de\\\/\",\"name\":\"Zillions: nieuw en gebruikt design meubilair en stoelen\",\"description\":\"Welkom bij Zillions: Zillions is gespecialiseerd in nieuw en gebruikt design meubilair en stoelen.\",\"publisher\":{\"@id\":\"https:\\\/\\\/www.zillions.nl\\\/de\\\/#organization\"},\"potentialAction\":[{\"@type\":\"SearchAction\",\"target\":{\"@type\":\"EntryPoint\",\"urlTemplate\":\"https:\\\/\\\/www.zillions.nl\\\/de\\\/?s={search_term_string}\"},\"query-input\":{\"@type\":\"PropertyValueSpecification\",\"valueRequired\":true,\"valueName\":\"search_term_string\"}}],\"inLanguage\":\"de-DE\"},{\"@type\":\"Organization\",\"@id\":\"https:\\\/\\\/www.zillions.nl\\\/de\\\/#organization\",\"name\":\"Zillions: nieuw en gebruikt design meubilair en stoelen\",\"url\":\"https:\\\/\\\/www.zillions.nl\\\/de\\\/\",\"logo\":{\"@type\":\"ImageObject\",\"inLanguage\":\"de-DE\",\"@id\":\"https:\\\/\\\/www.zillions.nl\\\/de\\\/#\\\/schema\\\/logo\\\/image\\\/\",\"url\":\"https:\\\/\\\/www.zillions.nl\\\/wp-content\\\/uploads\\\/2022\\\/11\\\/zillions.svg\",\"contentUrl\":\"https:\\\/\\\/www.zillions.nl\\\/wp-content\\\/uploads\\\/2022\\\/11\\\/zillions.svg\",\"width\":208,\"height\":53,\"caption\":\"Zillions: nieuw en gebruikt design meubilair en stoelen\"},\"image\":{\"@id\":\"https:\\\/\\\/www.zillions.nl\\\/de\\\/#\\\/schema\\\/logo\\\/image\\\/\"}}]}<\/script>\n<!-- \/ Yoast SEO plugin. -->","yoast_head_json":{"title":"Vitra Eames DAR Stoel Zwart - Zillions: nieuw en gebruikt design meubilair en stoelen","robots":{"index":"index","follow":"follow","max-snippet":"max-snippet:-1","max-image-preview":"max-image-preview:large","max-video-preview":"max-video-preview:-1"},"canonical":"https:\/\/www.zillions.nl\/de\/product\/vitra-eames-dar-stoel-zwart-eifel-onderstel\/","og_locale":"de_DE","og_type":"article","og_title":"Vitra Eames DAR Stoel Zwart - Zillions: nieuw en gebruikt design meubilair en stoelen","og_description":"Vitra Eames DAR kuipstoel Zwart &#8211; chroom eifel onderstel Deze moderne Vitra Eames DAR (eetkamer) stoel, ontworpen door Charles &amp; Ray Eames, is uitgevoerd met een\u00a0 kunststof zitting en een verchroomd aluminium Eiffelonderstel. Het tijdloze ontwerp in combinatie met de kenmerkende organische vorm maakt deze stoel een veelzijdige keuze voor zowel eet- als werkruimtes, terwijl [&hellip;]","og_url":"https:\/\/www.zillions.nl\/de\/product\/vitra-eames-dar-stoel-zwart-eifel-onderstel\/","og_site_name":"Zillions: nieuw en gebruikt design meubilair en stoelen","article_modified_time":"2026-05-04T07:23:01+00:00","og_image":[{"width":1024,"height":1024,"url":"https:\/\/www.zillions.nl\/wp-content\/uploads\/2025\/09\/vitra-eames-DAR-stoel-zwart-eifel-onderstel.jpg","type":"image\/jpeg"}],"twitter_card":"summary_large_image","twitter_misc":{"Est. reading time":"2 minutes"},"schema":{"@context":"https:\/\/schema.org","@graph":[{"@type":"WebPage","@id":"https:\/\/www.zillions.nl\/product\/vitra-eames-dar-stoel-zwart-eifel-onderstel\/","url":"https:\/\/www.zillions.nl\/product\/vitra-eames-dar-stoel-zwart-eifel-onderstel\/","name":"Vitra Eames DAR Stoel Zwart - Zillions: nieuw en gebruikt design meubilair en stoelen","isPartOf":{"@id":"https:\/\/www.zillions.nl\/de\/#website"},"primaryImageOfPage":{"@id":"https:\/\/www.zillions.nl\/product\/vitra-eames-dar-stoel-zwart-eifel-onderstel\/#primaryimage"},"image":{"@id":"https:\/\/www.zillions.nl\/product\/vitra-eames-dar-stoel-zwart-eifel-onderstel\/#primaryimage"},"thumbnailUrl":"https:\/\/www.zillions.nl\/wp-content\/uploads\/2025\/09\/vitra-eames-DAR-stoel-zwart-eifel-onderstel.jpg","datePublished":"2025-09-22T10:22:59+00:00","dateModified":"2026-05-04T07:23:01+00:00","breadcrumb":{"@id":"https:\/\/www.zillions.nl\/product\/vitra-eames-dar-stoel-zwart-eifel-onderstel\/#breadcrumb"},"inLanguage":"de-DE","potentialAction":[{"@type":"ReadAction","target":["https:\/\/www.zillions.nl\/product\/vitra-eames-dar-stoel-zwart-eifel-onderstel\/"]}]},{"@type":"ImageObject","inLanguage":"de-DE","@id":"https:\/\/www.zillions.nl\/product\/vitra-eames-dar-stoel-zwart-eifel-onderstel\/#primaryimage","url":"https:\/\/www.zillions.nl\/wp-content\/uploads\/2025\/09\/vitra-eames-DAR-stoel-zwart-eifel-onderstel.jpg","contentUrl":"https:\/\/www.zillions.nl\/wp-content\/uploads\/2025\/09\/vitra-eames-DAR-stoel-zwart-eifel-onderstel.jpg","width":1024,"height":1024},{"@type":"BreadcrumbList","@id":"https:\/\/www.zillions.nl\/product\/vitra-eames-dar-stoel-zwart-eifel-onderstel\/#breadcrumb","itemListElement":[{"@type":"ListItem","position":1,"name":"Home","item":"https:\/\/www.zillions.nl\/"},{"@type":"ListItem","position":2,"name":"Shop","item":"https:\/\/www.zillions.nl\/shop\/"},{"@type":"ListItem","position":3,"name":"Vitra Eames DAR Stoel Zwart"}]},{"@type":"WebSite","@id":"https:\/\/www.zillions.nl\/de\/#website","url":"https:\/\/www.zillions.nl\/de\/","name":"Zillionen: neue und gebrauchte Designerm\u00f6bel und St\u00fchle","description":"Willkommen bei Zillions: Zillions ist auf neue und gebrauchte Designm\u00f6bel und St\u00fchle spezialisiert.","publisher":{"@id":"https:\/\/www.zillions.nl\/de\/#organization"},"potentialAction":[{"@type":"SearchAction","target":{"@type":"EntryPoint","urlTemplate":"https:\/\/www.zillions.nl\/de\/?s={search_term_string}"},"query-input":{"@type":"PropertyValueSpecification","valueRequired":true,"valueName":"search_term_string"}}],"inLanguage":"de-DE"},{"@type":"Organization","@id":"https:\/\/www.zillions.nl\/de\/#organization","name":"Zillionen: neue und gebrauchte Designerm\u00f6bel und St\u00fchle","url":"https:\/\/www.zillions.nl\/de\/","logo":{"@type":"ImageObject","inLanguage":"de-DE","@id":"https:\/\/www.zillions.nl\/de\/#\/schema\/logo\/image\/","url":"https:\/\/www.zillions.nl\/wp-content\/uploads\/2022\/11\/zillions.svg","contentUrl":"https:\/\/www.zillions.nl\/wp-content\/uploads\/2022\/11\/zillions.svg","width":208,"height":53,"caption":"Zillions: nieuw en gebruikt design meubilair en stoelen"},"image":{"@id":"https:\/\/www.zillions.nl\/de\/#\/schema\/logo\/image\/"}}]}},"_links":{"self":[{"href":"https:\/\/www.zillions.nl\/de\/wp-json\/wp\/v2\/product\/18612","targetHints":{"allow":["GET"]}}],"collection":[{"href":"https:\/\/www.zillions.nl\/de\/wp-json\/wp\/v2\/product"}],"about":[{"href":"https:\/\/www.zillions.nl\/de\/wp-json\/wp\/v2\/types\/product"}],"wp:featuredmedia":[{"embeddable":true,"href":"https:\/\/www.zillions.nl\/de\/wp-json\/wp\/v2\/media\/22074"}],"wp:attachment":[{"href":"https:\/\/www.zillions.nl\/de\/wp-json\/wp\/v2\/media?parent=18612"}],"wp:term":[{"taxonomy":"product_brand","embeddable":true,"href":"https:\/\/www.zillions.nl\/de\/wp-json\/wp\/v2\/product_brand?post=18612"},{"taxonomy":"product_cat","embeddable":true,"href":"https:\/\/www.zillions.nl\/de\/wp-json\/wp\/v2\/product_cat?post=18612"},{"taxonomy":"product_tag","embeddable":true,"href":"https:\/\/www.zillions.nl\/de\/wp-json\/wp\/v2\/product_tag?post=18612"}],"curies":[{"name":"wp","href":"https:\/\/api.w.org\/{rel}","templated":true}]}}