{"id":17641,"date":"2025-08-05T13:58:08","date_gmt":"2025-08-05T11:58:08","guid":{"rendered":"https:\/\/www.zillions.nl\/?post_type=product&#038;p=17641"},"modified":"2025-12-12T13:27:35","modified_gmt":"2025-12-12T12:27:35","slug":"leolux-caruzzo-plus-fauteuil-voetenbank-antraciet-leer","status":"publish","type":"product","link":"https:\/\/www.zillions.nl\/de\/product\/leolux-caruzzo-plus-fauteuil-voetenbank-antraciet-leer\/","title":{"rendered":"Leolux Caruzzo PLUS Sessel + Fu\u00dfhocker Anthrazit \u2013 Leder"},"content":{"rendered":"<p style=\"font-weight: 400;\">Leolux Caruzzo PLUS Drehsessel mit passendem Fu\u00dfhocker in anthrazitfarbenem Leder<\/p>\n<p style=\"font-weight: 400;\">Der bequeme Leolux Caruzzo PLUS Drehsessel, Design von Frans Schrofer, ist mit anthrazitgrauem Leder bezogen und verf\u00fcgt \u00fcber ein F\u00fcnfstern-Aluminiumgestell mit bronzefarbener Epoxidbeschichtung. Neben der Drehfunktion bietet die Plus-Version auch eine verstellbare Neigungsfunktion, die einfach \u00fcber einen dezenten Hebel bedient wird. Das raffinierte Design, kombiniert mit hochwertigen Materialien, sorgt f\u00fcr eine elegante und einladende Ausstrahlung. Der Sessel ist mit einem passenden Fu\u00dfhocker in der gleichen Ausf\u00fchrung erh\u00e4ltlich, der den Sitzkomfort komplettiert. Sessel und Ottomane sind 100%-Originale und verf\u00fcgen \u00fcber alle Echtheitsmerkmale.<\/p>\n<p style=\"font-weight: 400;\"><strong>Zustand:\u00a0<\/strong>Zustand im Ausstellungsraum; im Neuzustand<\/p>\n<p style=\"font-weight: 400;\"><strong>Lieferung ab Lager<\/strong><\/p>\n<p style=\"font-weight: 400;\"><strong>Hinweis: <\/strong>Die angezeigten Preise sind <u>pro Sessel<\/u>!<\/p>\n<p style=\"font-weight: 400;\"><u>1x Sessel:<\/u> \u20ac2.250<br \/>\n<u>1x Ottomane:<\/u> \u20ac450<br \/>\n<u>Festpreis:<\/u> \u20ac2.700<\/p>\n<p style=\"font-weight: 400;\">Spezifikationen:<br \/>\n<u>Sessel:<\/u><br \/>\n<strong>Sitz:<\/strong> Leder, anthrazit; dreh- und neigbar<br \/>\n<strong>Rahmen:<\/strong> Aluminium, Bronze<br \/>\n<strong>Armlehne:<\/strong>\u00a017 cm hoch<br \/>\n<strong>R\u00fcckenlehne:<\/strong> 75 cm<br \/>\n<strong>Sitzh\u00f6he:<\/strong>\u00a045 cm<br \/>\n<strong>Sitzbreite:<\/strong>\u00a046 cm<br \/>\n<strong>Sitztiefe:\u00a0<\/strong>53 cm<br \/>\n<strong>Volle H\u00f6he:<\/strong>\u00a0107 cm<br \/>\n<strong>Volle Breite:<\/strong>\u00a082 cm<br \/>\n<strong>Volle Tiefe:\u00a0<\/strong>90 cm<\/p>\n<p style=\"font-weight: 400;\"><u>Fu\u00dfbank:<br \/>\n<\/u><strong>Polster:<\/strong> Leder, Anthrazit<strong><br \/>\nBase:<\/strong> Aluminium, Bronze<br \/>\n<strong>H\u00f6he: <\/strong>40 cm<br \/>\n<strong>Breite:\u00a0<\/strong>63 cm<br \/>\n<strong>Tiefe:\u00a0<\/strong>55 cm<\/p>\n<p style=\"font-weight: 400;\">Wenn Sie Fragen haben oder einen unverbindlichen Besichtigungstermin vereinbaren m\u00f6chten, k\u00f6nnen Sie sich gerne an uns wenden. Lieferung durch unseren eigenen Lieferservice m\u00f6glich! Besuchen Sie unsere Website f\u00fcr viele weitere Designartikel!<\/p>\n<p><strong>Kontaktdaten (Besuch nach Vereinbarung):<\/strong><span style=\"font-weight: 400;\"><br \/>\nIndustrieweg 21<br \/>\n4131NK Vianen<br \/>\ninfo@zillions.nl<br \/>\n030 20 72 146<\/span><\/p>","protected":false},"excerpt":{"rendered":"<p>Leolux Caruzzo PLUS draaifauteuil met bijpassende voetenbank in antraciet leder Deze comfortabele Leolux Caruzzo PLUS draaifauteuil, ontworpen door Frans Schrofer, is uitgevoerd in antracietgrijs leder en voorzien van een vijfster aluminium onderstel dat is afgewerkt met een bronzen epoxylaag. De Plus-uitvoering biedt naast de draaifunctie een verstelbare kantelfunctie, die eenvoudig te bedienen is met een [&hellip;]<\/p>\n","protected":false},"featured_media":17642,"template":"","meta":{"_acf_changed":false},"product_brand":[225],"product_cat":[16,188],"product_tag":[],"class_list":{"0":"post-17641","1":"product","2":"type-product","3":"status-publish","4":"has-post-thumbnail","6":"product_brand-leolux","7":"product_cat-alle-producten","8":"product_cat-fauteuils","9":"pa_brands-leolux","11":"first","12":"instock","13":"purchasable","14":"product-type-simple"},"acf":[],"yoast_head":"<!-- This site is optimized with the Yoast SEO plugin v27.5 - https:\/\/yoast.com\/product\/yoast-seo-wordpress\/ -->\n<title>Leolux Caruzzo PLUS Fauteuil + Voetenbank Antraciet - Leer<\/title>\n<meta name=\"description\" content=\"Leolux Caruzzo PLUS fauteuil &amp; hocker in grijs leer | Eenvoudig te bestellen via onze webshop. Ontdek dit model en vele anderen in ons ruime assortiment!\" \/>\n<meta name=\"robots\" content=\"index, follow, max-snippet:-1, max-image-preview:large, max-video-preview:-1\" \/>\n<link rel=\"canonical\" href=\"https:\/\/www.zillions.nl\/de\/product\/leolux-caruzzo-plus-fauteuil-voetenbank-antraciet-leer\/\" \/>\n<meta property=\"og:locale\" content=\"de_DE\" \/>\n<meta property=\"og:type\" content=\"article\" \/>\n<meta property=\"og:title\" content=\"Leolux Caruzzo PLUS Fauteuil + Voetenbank Antraciet - Leer\" \/>\n<meta property=\"og:description\" content=\"Leolux Caruzzo PLUS fauteuil &amp; hocker in grijs leer | Eenvoudig te bestellen via onze webshop. Ontdek dit model en vele anderen in ons ruime assortiment!\" \/>\n<meta property=\"og:url\" content=\"https:\/\/www.zillions.nl\/de\/product\/leolux-caruzzo-plus-fauteuil-voetenbank-antraciet-leer\/\" \/>\n<meta property=\"og:site_name\" content=\"Zillions: nieuw en gebruikt design meubilair en stoelen\" \/>\n<meta property=\"article:modified_time\" content=\"2025-12-12T12:27:35+00:00\" \/>\n<meta property=\"og:image\" content=\"https:\/\/www.zillions.nl\/wp-content\/uploads\/2025\/08\/Leolux-Caruzzo-Fauteuil-Antraciet-Grijs-Leer-Hocker-SRGB-382.jpg\" \/>\n\t<meta property=\"og:image:width\" content=\"1080\" \/>\n\t<meta property=\"og:image:height\" content=\"1080\" \/>\n\t<meta property=\"og:image:type\" content=\"image\/jpeg\" \/>\n<meta name=\"twitter:card\" content=\"summary_large_image\" \/>\n<meta name=\"twitter:label1\" content=\"Est. reading time\" \/>\n\t<meta name=\"twitter:data1\" content=\"2 minutes\" \/>\n<script type=\"application\/ld+json\" class=\"yoast-schema-graph\">{\"@context\":\"https:\\\/\\\/schema.org\",\"@graph\":[{\"@type\":\"WebPage\",\"@id\":\"https:\\\/\\\/www.zillions.nl\\\/product\\\/leolux-caruzzo-plus-fauteuil-voetenbank-antraciet-leer\\\/\",\"url\":\"https:\\\/\\\/www.zillions.nl\\\/product\\\/leolux-caruzzo-plus-fauteuil-voetenbank-antraciet-leer\\\/\",\"name\":\"Leolux Caruzzo PLUS Fauteuil + Voetenbank Antraciet - Leer\",\"isPartOf\":{\"@id\":\"https:\\\/\\\/www.zillions.nl\\\/de\\\/#website\"},\"primaryImageOfPage\":{\"@id\":\"https:\\\/\\\/www.zillions.nl\\\/product\\\/leolux-caruzzo-plus-fauteuil-voetenbank-antraciet-leer\\\/#primaryimage\"},\"image\":{\"@id\":\"https:\\\/\\\/www.zillions.nl\\\/product\\\/leolux-caruzzo-plus-fauteuil-voetenbank-antraciet-leer\\\/#primaryimage\"},\"thumbnailUrl\":\"https:\\\/\\\/www.zillions.nl\\\/wp-content\\\/uploads\\\/2025\\\/08\\\/Leolux-Caruzzo-Fauteuil-Antraciet-Grijs-Leer-Hocker-SRGB-382.jpg\",\"datePublished\":\"2025-08-05T11:58:08+00:00\",\"dateModified\":\"2025-12-12T12:27:35+00:00\",\"description\":\"Leolux Caruzzo PLUS fauteuil & hocker in grijs leer | Eenvoudig te bestellen via onze webshop. Ontdek dit model en vele anderen in ons ruime assortiment!\",\"breadcrumb\":{\"@id\":\"https:\\\/\\\/www.zillions.nl\\\/product\\\/leolux-caruzzo-plus-fauteuil-voetenbank-antraciet-leer\\\/#breadcrumb\"},\"inLanguage\":\"de-DE\",\"potentialAction\":[{\"@type\":\"ReadAction\",\"target\":[\"https:\\\/\\\/www.zillions.nl\\\/product\\\/leolux-caruzzo-plus-fauteuil-voetenbank-antraciet-leer\\\/\"]}]},{\"@type\":\"ImageObject\",\"inLanguage\":\"de-DE\",\"@id\":\"https:\\\/\\\/www.zillions.nl\\\/product\\\/leolux-caruzzo-plus-fauteuil-voetenbank-antraciet-leer\\\/#primaryimage\",\"url\":\"https:\\\/\\\/www.zillions.nl\\\/wp-content\\\/uploads\\\/2025\\\/08\\\/Leolux-Caruzzo-Fauteuil-Antraciet-Grijs-Leer-Hocker-SRGB-382.jpg\",\"contentUrl\":\"https:\\\/\\\/www.zillions.nl\\\/wp-content\\\/uploads\\\/2025\\\/08\\\/Leolux-Caruzzo-Fauteuil-Antraciet-Grijs-Leer-Hocker-SRGB-382.jpg\",\"width\":1080,\"height\":1080},{\"@type\":\"BreadcrumbList\",\"@id\":\"https:\\\/\\\/www.zillions.nl\\\/product\\\/leolux-caruzzo-plus-fauteuil-voetenbank-antraciet-leer\\\/#breadcrumb\",\"itemListElement\":[{\"@type\":\"ListItem\",\"position\":1,\"name\":\"Home\",\"item\":\"https:\\\/\\\/www.zillions.nl\\\/\"},{\"@type\":\"ListItem\",\"position\":2,\"name\":\"Shop\",\"item\":\"https:\\\/\\\/www.zillions.nl\\\/shop\\\/\"},{\"@type\":\"ListItem\",\"position\":3,\"name\":\"Leolux Caruzzo PLUS Fauteuil + Voetenbank Antraciet &#8211; Leer\"}]},{\"@type\":\"WebSite\",\"@id\":\"https:\\\/\\\/www.zillions.nl\\\/de\\\/#website\",\"url\":\"https:\\\/\\\/www.zillions.nl\\\/de\\\/\",\"name\":\"Zillions: nieuw en gebruikt design meubilair en stoelen\",\"description\":\"Welkom bij Zillions: Zillions is gespecialiseerd in nieuw en gebruikt design meubilair en stoelen.\",\"publisher\":{\"@id\":\"https:\\\/\\\/www.zillions.nl\\\/de\\\/#organization\"},\"potentialAction\":[{\"@type\":\"SearchAction\",\"target\":{\"@type\":\"EntryPoint\",\"urlTemplate\":\"https:\\\/\\\/www.zillions.nl\\\/de\\\/?s={search_term_string}\"},\"query-input\":{\"@type\":\"PropertyValueSpecification\",\"valueRequired\":true,\"valueName\":\"search_term_string\"}}],\"inLanguage\":\"de-DE\"},{\"@type\":\"Organization\",\"@id\":\"https:\\\/\\\/www.zillions.nl\\\/de\\\/#organization\",\"name\":\"Zillions: nieuw en gebruikt design meubilair en stoelen\",\"url\":\"https:\\\/\\\/www.zillions.nl\\\/de\\\/\",\"logo\":{\"@type\":\"ImageObject\",\"inLanguage\":\"de-DE\",\"@id\":\"https:\\\/\\\/www.zillions.nl\\\/de\\\/#\\\/schema\\\/logo\\\/image\\\/\",\"url\":\"https:\\\/\\\/www.zillions.nl\\\/wp-content\\\/uploads\\\/2022\\\/11\\\/zillions.svg\",\"contentUrl\":\"https:\\\/\\\/www.zillions.nl\\\/wp-content\\\/uploads\\\/2022\\\/11\\\/zillions.svg\",\"width\":208,\"height\":53,\"caption\":\"Zillions: nieuw en gebruikt design meubilair en stoelen\"},\"image\":{\"@id\":\"https:\\\/\\\/www.zillions.nl\\\/de\\\/#\\\/schema\\\/logo\\\/image\\\/\"}}]}<\/script>\n<!-- \/ Yoast SEO plugin. -->","yoast_head_json":{"title":"Leolux Caruzzo PLUS Sessel + Hocker Anthrazit - Leder","description":"Leolux Caruzzo PLUS Sessel &amp; Hocker in grauem Leder | Bestellen Sie bequem in unserem Webshop. Entdecken Sie dieses und viele weitere Modelle aus unserem umfangreichen Sortiment!","robots":{"index":"index","follow":"follow","max-snippet":"max-snippet:-1","max-image-preview":"max-image-preview:large","max-video-preview":"max-video-preview:-1"},"canonical":"https:\/\/www.zillions.nl\/de\/product\/leolux-caruzzo-plus-fauteuil-voetenbank-antraciet-leer\/","og_locale":"de_DE","og_type":"article","og_title":"Leolux Caruzzo PLUS Fauteuil + Voetenbank Antraciet - Leer","og_description":"Leolux Caruzzo PLUS fauteuil & hocker in grijs leer | Eenvoudig te bestellen via onze webshop. Ontdek dit model en vele anderen in ons ruime assortiment!","og_url":"https:\/\/www.zillions.nl\/de\/product\/leolux-caruzzo-plus-fauteuil-voetenbank-antraciet-leer\/","og_site_name":"Zillions: nieuw en gebruikt design meubilair en stoelen","article_modified_time":"2025-12-12T12:27:35+00:00","og_image":[{"width":1080,"height":1080,"url":"https:\/\/www.zillions.nl\/wp-content\/uploads\/2025\/08\/Leolux-Caruzzo-Fauteuil-Antraciet-Grijs-Leer-Hocker-SRGB-382.jpg","type":"image\/jpeg"}],"twitter_card":"summary_large_image","twitter_misc":{"Est. reading time":"2 minutes"},"schema":{"@context":"https:\/\/schema.org","@graph":[{"@type":"WebPage","@id":"https:\/\/www.zillions.nl\/product\/leolux-caruzzo-plus-fauteuil-voetenbank-antraciet-leer\/","url":"https:\/\/www.zillions.nl\/product\/leolux-caruzzo-plus-fauteuil-voetenbank-antraciet-leer\/","name":"Leolux Caruzzo PLUS Sessel + Hocker Anthrazit - Leder","isPartOf":{"@id":"https:\/\/www.zillions.nl\/de\/#website"},"primaryImageOfPage":{"@id":"https:\/\/www.zillions.nl\/product\/leolux-caruzzo-plus-fauteuil-voetenbank-antraciet-leer\/#primaryimage"},"image":{"@id":"https:\/\/www.zillions.nl\/product\/leolux-caruzzo-plus-fauteuil-voetenbank-antraciet-leer\/#primaryimage"},"thumbnailUrl":"https:\/\/www.zillions.nl\/wp-content\/uploads\/2025\/08\/Leolux-Caruzzo-Fauteuil-Antraciet-Grijs-Leer-Hocker-SRGB-382.jpg","datePublished":"2025-08-05T11:58:08+00:00","dateModified":"2025-12-12T12:27:35+00:00","description":"Leolux Caruzzo PLUS Sessel &amp; Hocker in grauem Leder | Bestellen Sie bequem in unserem Webshop. Entdecken Sie dieses und viele weitere Modelle aus unserem umfangreichen Sortiment!","breadcrumb":{"@id":"https:\/\/www.zillions.nl\/product\/leolux-caruzzo-plus-fauteuil-voetenbank-antraciet-leer\/#breadcrumb"},"inLanguage":"de-DE","potentialAction":[{"@type":"ReadAction","target":["https:\/\/www.zillions.nl\/product\/leolux-caruzzo-plus-fauteuil-voetenbank-antraciet-leer\/"]}]},{"@type":"ImageObject","inLanguage":"de-DE","@id":"https:\/\/www.zillions.nl\/product\/leolux-caruzzo-plus-fauteuil-voetenbank-antraciet-leer\/#primaryimage","url":"https:\/\/www.zillions.nl\/wp-content\/uploads\/2025\/08\/Leolux-Caruzzo-Fauteuil-Antraciet-Grijs-Leer-Hocker-SRGB-382.jpg","contentUrl":"https:\/\/www.zillions.nl\/wp-content\/uploads\/2025\/08\/Leolux-Caruzzo-Fauteuil-Antraciet-Grijs-Leer-Hocker-SRGB-382.jpg","width":1080,"height":1080},{"@type":"BreadcrumbList","@id":"https:\/\/www.zillions.nl\/product\/leolux-caruzzo-plus-fauteuil-voetenbank-antraciet-leer\/#breadcrumb","itemListElement":[{"@type":"ListItem","position":1,"name":"Home","item":"https:\/\/www.zillions.nl\/"},{"@type":"ListItem","position":2,"name":"Shop","item":"https:\/\/www.zillions.nl\/shop\/"},{"@type":"ListItem","position":3,"name":"Leolux Caruzzo PLUS Fauteuil + Voetenbank Antraciet &#8211; Leer"}]},{"@type":"WebSite","@id":"https:\/\/www.zillions.nl\/de\/#website","url":"https:\/\/www.zillions.nl\/de\/","name":"Zillionen: neue und gebrauchte Designerm\u00f6bel und St\u00fchle","description":"Willkommen bei Zillions: Zillions ist auf neue und gebrauchte Designm\u00f6bel und St\u00fchle spezialisiert.","publisher":{"@id":"https:\/\/www.zillions.nl\/de\/#organization"},"potentialAction":[{"@type":"SearchAction","target":{"@type":"EntryPoint","urlTemplate":"https:\/\/www.zillions.nl\/de\/?s={search_term_string}"},"query-input":{"@type":"PropertyValueSpecification","valueRequired":true,"valueName":"search_term_string"}}],"inLanguage":"de-DE"},{"@type":"Organization","@id":"https:\/\/www.zillions.nl\/de\/#organization","name":"Zillionen: neue und gebrauchte Designerm\u00f6bel und St\u00fchle","url":"https:\/\/www.zillions.nl\/de\/","logo":{"@type":"ImageObject","inLanguage":"de-DE","@id":"https:\/\/www.zillions.nl\/de\/#\/schema\/logo\/image\/","url":"https:\/\/www.zillions.nl\/wp-content\/uploads\/2022\/11\/zillions.svg","contentUrl":"https:\/\/www.zillions.nl\/wp-content\/uploads\/2022\/11\/zillions.svg","width":208,"height":53,"caption":"Zillions: nieuw en gebruikt design meubilair en stoelen"},"image":{"@id":"https:\/\/www.zillions.nl\/de\/#\/schema\/logo\/image\/"}}]}},"_links":{"self":[{"href":"https:\/\/www.zillions.nl\/de\/wp-json\/wp\/v2\/product\/17641","targetHints":{"allow":["GET"]}}],"collection":[{"href":"https:\/\/www.zillions.nl\/de\/wp-json\/wp\/v2\/product"}],"about":[{"href":"https:\/\/www.zillions.nl\/de\/wp-json\/wp\/v2\/types\/product"}],"wp:featuredmedia":[{"embeddable":true,"href":"https:\/\/www.zillions.nl\/de\/wp-json\/wp\/v2\/media\/17642"}],"wp:attachment":[{"href":"https:\/\/www.zillions.nl\/de\/wp-json\/wp\/v2\/media?parent=17641"}],"wp:term":[{"taxonomy":"product_brand","embeddable":true,"href":"https:\/\/www.zillions.nl\/de\/wp-json\/wp\/v2\/product_brand?post=17641"},{"taxonomy":"product_cat","embeddable":true,"href":"https:\/\/www.zillions.nl\/de\/wp-json\/wp\/v2\/product_cat?post=17641"},{"taxonomy":"product_tag","embeddable":true,"href":"https:\/\/www.zillions.nl\/de\/wp-json\/wp\/v2\/product_tag?post=17641"}],"curies":[{"name":"wp","href":"https:\/\/api.w.org\/{rel}","templated":true}]}}