{"id":17513,"date":"2025-08-01T22:02:36","date_gmt":"2025-08-01T20:02:36","guid":{"rendered":"https:\/\/www.zillions.nl\/?post_type=product&#038;p=17513"},"modified":"2026-04-23T16:47:28","modified_gmt":"2026-04-23T14:47:28","slug":"vitra-softshell-stoel-zwart-bouroullec-nieuwstaat","status":"publish","type":"product","link":"https:\/\/www.zillions.nl\/de\/product\/vitra-softshell-stoel-zwart-bouroullec-nieuwstaat\/","title":{"rendered":"Vitra Softshell-Stuhl, grauer Stoff \u2013 Schwarz"},"content":{"rendered":"<p data-start=\"239\" data-end=\"477\"><strong>Vitra Softshell B\u00fcrostuhl mit grauem Stoffbezug und schwarzem Fu\u00dfkreuz.<\/strong><\/p>\n<p data-start=\"239\" data-end=\"477\">Der von Ronan &amp; Erwan Bouroullec entworfene Vitra Softshell B\u00fcrostuhl ist mit grauem Stoff bezogen und verf\u00fcgt \u00fcber ein schwarzes Gestell, was ihm ein zeitloses Aussehen verleiht. Der Softshell ist bekannt f\u00fcr seine weichen Formen, seine dezente Eleganz und seinen au\u00dfergew\u00f6hnlichen Sitzkomfort. Der flexible obere Teil der R\u00fcckenlehne bietet zus\u00e4tzliche Unterst\u00fctzung und l\u00e4sst sich leicht bewegen \u2013 ideal f\u00fcr langes, bequemes Sitzen. Der Stuhl ist ein Original mit der Referenznummer 100% und verf\u00fcgt \u00fcber alle erforderlichen Echtheitsmerkmale.<\/p>\n<p><strong>Zustand:<\/strong>\u00a0Zustand im Ausstellungsraum; im Neuzustand<\/p>\n<p><strong>Lieferung ab Lager<\/strong><\/p>\n<p><strong>Hinweis:<\/strong>\u00a0Die angegebenen Preise verstehen sich pro St\u00fcck!<\/p>\n<p data-start=\"733\" data-end=\"903\">Technische Daten<br data-start=\"748\" data-end=\"751\" \/><strong>\u2022 Breite:<\/strong>\u00a062 cm<br data-start=\"767\" data-end=\"770\" \/><strong>\u2022 Tiefe:<\/strong>\u00a056,5 cm<br data-start=\"787\" data-end=\"790\" \/><strong>\u2022 H\u00f6he:<\/strong>\u00a081,5 cm<br data-start=\"807\" data-end=\"810\" \/><strong>\u2022 Sitzh\u00f6he<\/strong>: 44 cm<br data-start=\"828\" data-end=\"831\" \/><strong>\u2022 Sitzbreite:<\/strong>\u00a045 cm<br data-start=\"850\" data-end=\"853\" \/><strong>\u2022 Sitztiefe:<\/strong>\u00a047 cm<br data-start=\"871\" data-end=\"874\" \/><strong>\u2022 H\u00f6he der Armlehne:<\/strong>\u00a065,1 cm<\/p>\n<p data-start=\"960\" data-end=\"1139\">Bei Fragen oder zur Vereinbarung eines unverbindlichen Besichtigungstermins kontaktieren Sie uns bitte. Die Lieferung erfolgt \u00fcber unseren eigenen Lieferservice! Besuchen Sie auch unsere Website f\u00fcr eine vollst\u00e4ndige \u00dcbersicht unserer Kollektion. Alle Produkte k\u00f6nnen Sie bequem direkt in unserem Webshop bestellen.<\/p>\n<p data-start=\"1141\" data-end=\"1246\"><strong data-start=\"1141\" data-end=\"1174\">Kontakt (Besuch nach Vereinbarung):<\/strong><br data-start=\"1174\" data-end=\"1177\" \/>Industrieweg 21<br data-start=\"1192\" data-end=\"1195\" \/>4131 NK Vianen<br data-start=\"1209\" data-end=\"1212\" \/><a class=\"decorated-link cursor-pointer\" rel=\"noopener\" data-start=\"1212\" data-end=\"1228\">info@zillions.nl<\/a><br data-start=\"1228\" data-end=\"1231\" \/>030 20 72 146<\/p>","protected":false},"excerpt":{"rendered":"<p>Vitra Softshell Bureaustoel in grijze stof en een zwart onderstel. De Vitra Softshell bureaustoel, ontworpen door Ronan &amp; Erwan Bouroullec, is uitgevoerd in grijze stof en is voorzien van een zwart onderstel wat zorgt voor een tijdloze uitstraling. de Softshell staat bekend om zijn zachte vormen, subtiele elegantie en hoog zitcomfort. De flexibele bovenzijde van [&hellip;]<\/p>\n","protected":false},"featured_media":17868,"template":"","meta":{"_acf_changed":false},"product_brand":[202],"product_cat":[16,185],"product_tag":[],"class_list":{"0":"post-17513","1":"product","2":"type-product","3":"status-publish","4":"has-post-thumbnail","6":"product_brand-vitra","7":"product_cat-alle-producten","8":"product_cat-stoelen","9":"pa_brands-vitra","11":"first","12":"instock","13":"sale","14":"purchasable","15":"product-type-simple"},"acf":[],"yoast_head":"<!-- This site is optimized with the Yoast SEO plugin v27.5 - https:\/\/yoast.com\/product\/yoast-seo-wordpress\/ -->\n<title>Vitra Softshell Stoel Grijs Stof - Zwart - Zillions: nieuw en gebruikt design meubilair en stoelen<\/title>\n<meta name=\"robots\" content=\"index, follow, max-snippet:-1, max-image-preview:large, max-video-preview:-1\" \/>\n<link rel=\"canonical\" href=\"https:\/\/www.zillions.nl\/de\/product\/vitra-softshell-stoel-zwart-bouroullec-nieuwstaat\/\" \/>\n<meta property=\"og:locale\" content=\"de_DE\" \/>\n<meta property=\"og:type\" content=\"article\" \/>\n<meta property=\"og:title\" content=\"Vitra Softshell Stoel Grijs Stof - Zwart - Zillions: nieuw en gebruikt design meubilair en stoelen\" \/>\n<meta property=\"og:description\" content=\"Vitra Softshell Bureaustoel in grijze stof en een zwart onderstel. De Vitra Softshell bureaustoel, ontworpen door Ronan &amp; Erwan Bouroullec, is uitgevoerd in grijze stof en is voorzien van een zwart onderstel wat zorgt voor een tijdloze uitstraling. de Softshell staat bekend om zijn zachte vormen, subtiele elegantie en hoog zitcomfort. De flexibele bovenzijde van [&hellip;]\" \/>\n<meta property=\"og:url\" content=\"https:\/\/www.zillions.nl\/de\/product\/vitra-softshell-stoel-zwart-bouroullec-nieuwstaat\/\" \/>\n<meta property=\"og:site_name\" content=\"Zillions: nieuw en gebruikt design meubilair en stoelen\" \/>\n<meta property=\"article:modified_time\" content=\"2026-04-23T14:47:28+00:00\" \/>\n<meta property=\"og:image\" content=\"https:\/\/www.zillions.nl\/wp-content\/uploads\/2025\/08\/Vitra-Softshell-stoel-Zwart-Bouroullec-Srgb-192.jpg\" \/>\n\t<meta property=\"og:image:width\" content=\"1080\" \/>\n\t<meta property=\"og:image:height\" content=\"1080\" \/>\n\t<meta property=\"og:image:type\" content=\"image\/jpeg\" \/>\n<meta name=\"twitter:card\" content=\"summary_large_image\" \/>\n<meta name=\"twitter:label1\" content=\"Est. reading time\" \/>\n\t<meta name=\"twitter:data1\" content=\"2 minutes\" \/>\n<script type=\"application\/ld+json\" class=\"yoast-schema-graph\">{\"@context\":\"https:\\\/\\\/schema.org\",\"@graph\":[{\"@type\":\"WebPage\",\"@id\":\"https:\\\/\\\/www.zillions.nl\\\/product\\\/vitra-softshell-stoel-zwart-bouroullec-nieuwstaat\\\/\",\"url\":\"https:\\\/\\\/www.zillions.nl\\\/product\\\/vitra-softshell-stoel-zwart-bouroullec-nieuwstaat\\\/\",\"name\":\"Vitra Softshell Stoel Grijs Stof - Zwart - Zillions: nieuw en gebruikt design meubilair en stoelen\",\"isPartOf\":{\"@id\":\"https:\\\/\\\/www.zillions.nl\\\/de\\\/#website\"},\"primaryImageOfPage\":{\"@id\":\"https:\\\/\\\/www.zillions.nl\\\/product\\\/vitra-softshell-stoel-zwart-bouroullec-nieuwstaat\\\/#primaryimage\"},\"image\":{\"@id\":\"https:\\\/\\\/www.zillions.nl\\\/product\\\/vitra-softshell-stoel-zwart-bouroullec-nieuwstaat\\\/#primaryimage\"},\"thumbnailUrl\":\"https:\\\/\\\/www.zillions.nl\\\/wp-content\\\/uploads\\\/2025\\\/08\\\/Vitra-Softshell-stoel-Zwart-Bouroullec-Srgb-192.jpg\",\"datePublished\":\"2025-08-01T20:02:36+00:00\",\"dateModified\":\"2026-04-23T14:47:28+00:00\",\"breadcrumb\":{\"@id\":\"https:\\\/\\\/www.zillions.nl\\\/product\\\/vitra-softshell-stoel-zwart-bouroullec-nieuwstaat\\\/#breadcrumb\"},\"inLanguage\":\"de-DE\",\"potentialAction\":[{\"@type\":\"ReadAction\",\"target\":[\"https:\\\/\\\/www.zillions.nl\\\/product\\\/vitra-softshell-stoel-zwart-bouroullec-nieuwstaat\\\/\"]}]},{\"@type\":\"ImageObject\",\"inLanguage\":\"de-DE\",\"@id\":\"https:\\\/\\\/www.zillions.nl\\\/product\\\/vitra-softshell-stoel-zwart-bouroullec-nieuwstaat\\\/#primaryimage\",\"url\":\"https:\\\/\\\/www.zillions.nl\\\/wp-content\\\/uploads\\\/2025\\\/08\\\/Vitra-Softshell-stoel-Zwart-Bouroullec-Srgb-192.jpg\",\"contentUrl\":\"https:\\\/\\\/www.zillions.nl\\\/wp-content\\\/uploads\\\/2025\\\/08\\\/Vitra-Softshell-stoel-Zwart-Bouroullec-Srgb-192.jpg\",\"width\":1080,\"height\":1080},{\"@type\":\"BreadcrumbList\",\"@id\":\"https:\\\/\\\/www.zillions.nl\\\/product\\\/vitra-softshell-stoel-zwart-bouroullec-nieuwstaat\\\/#breadcrumb\",\"itemListElement\":[{\"@type\":\"ListItem\",\"position\":1,\"name\":\"Home\",\"item\":\"https:\\\/\\\/www.zillions.nl\\\/\"},{\"@type\":\"ListItem\",\"position\":2,\"name\":\"Shop\",\"item\":\"https:\\\/\\\/www.zillions.nl\\\/shop\\\/\"},{\"@type\":\"ListItem\",\"position\":3,\"name\":\"Vitra Softshell Stoel Grijs Stof &#8211; Zwart\"}]},{\"@type\":\"WebSite\",\"@id\":\"https:\\\/\\\/www.zillions.nl\\\/de\\\/#website\",\"url\":\"https:\\\/\\\/www.zillions.nl\\\/de\\\/\",\"name\":\"Zillions: nieuw en gebruikt design meubilair en stoelen\",\"description\":\"Welkom bij Zillions: Zillions is gespecialiseerd in nieuw en gebruikt design meubilair en stoelen.\",\"publisher\":{\"@id\":\"https:\\\/\\\/www.zillions.nl\\\/de\\\/#organization\"},\"potentialAction\":[{\"@type\":\"SearchAction\",\"target\":{\"@type\":\"EntryPoint\",\"urlTemplate\":\"https:\\\/\\\/www.zillions.nl\\\/de\\\/?s={search_term_string}\"},\"query-input\":{\"@type\":\"PropertyValueSpecification\",\"valueRequired\":true,\"valueName\":\"search_term_string\"}}],\"inLanguage\":\"de-DE\"},{\"@type\":\"Organization\",\"@id\":\"https:\\\/\\\/www.zillions.nl\\\/de\\\/#organization\",\"name\":\"Zillions: nieuw en gebruikt design meubilair en stoelen\",\"url\":\"https:\\\/\\\/www.zillions.nl\\\/de\\\/\",\"logo\":{\"@type\":\"ImageObject\",\"inLanguage\":\"de-DE\",\"@id\":\"https:\\\/\\\/www.zillions.nl\\\/de\\\/#\\\/schema\\\/logo\\\/image\\\/\",\"url\":\"https:\\\/\\\/www.zillions.nl\\\/wp-content\\\/uploads\\\/2022\\\/11\\\/zillions.svg\",\"contentUrl\":\"https:\\\/\\\/www.zillions.nl\\\/wp-content\\\/uploads\\\/2022\\\/11\\\/zillions.svg\",\"width\":208,\"height\":53,\"caption\":\"Zillions: nieuw en gebruikt design meubilair en stoelen\"},\"image\":{\"@id\":\"https:\\\/\\\/www.zillions.nl\\\/de\\\/#\\\/schema\\\/logo\\\/image\\\/\"}}]}<\/script>\n<!-- \/ Yoast SEO plugin. -->","yoast_head_json":{"title":"Vitra Softshell-Stuhl, grauer Stoff \u2013 Schwarz \u2013 Zillions: Neue und gebrauchte Designm\u00f6bel und St\u00fchle","robots":{"index":"index","follow":"follow","max-snippet":"max-snippet:-1","max-image-preview":"max-image-preview:large","max-video-preview":"max-video-preview:-1"},"canonical":"https:\/\/www.zillions.nl\/de\/product\/vitra-softshell-stoel-zwart-bouroullec-nieuwstaat\/","og_locale":"de_DE","og_type":"article","og_title":"Vitra Softshell Stoel Grijs Stof - Zwart - Zillions: nieuw en gebruikt design meubilair en stoelen","og_description":"Vitra Softshell Bureaustoel in grijze stof en een zwart onderstel. De Vitra Softshell bureaustoel, ontworpen door Ronan &amp; Erwan Bouroullec, is uitgevoerd in grijze stof en is voorzien van een zwart onderstel wat zorgt voor een tijdloze uitstraling. de Softshell staat bekend om zijn zachte vormen, subtiele elegantie en hoog zitcomfort. De flexibele bovenzijde van [&hellip;]","og_url":"https:\/\/www.zillions.nl\/de\/product\/vitra-softshell-stoel-zwart-bouroullec-nieuwstaat\/","og_site_name":"Zillions: nieuw en gebruikt design meubilair en stoelen","article_modified_time":"2026-04-23T14:47:28+00:00","og_image":[{"width":1080,"height":1080,"url":"https:\/\/www.zillions.nl\/wp-content\/uploads\/2025\/08\/Vitra-Softshell-stoel-Zwart-Bouroullec-Srgb-192.jpg","type":"image\/jpeg"}],"twitter_card":"summary_large_image","twitter_misc":{"Est. reading time":"2 minutes"},"schema":{"@context":"https:\/\/schema.org","@graph":[{"@type":"WebPage","@id":"https:\/\/www.zillions.nl\/product\/vitra-softshell-stoel-zwart-bouroullec-nieuwstaat\/","url":"https:\/\/www.zillions.nl\/product\/vitra-softshell-stoel-zwart-bouroullec-nieuwstaat\/","name":"Vitra Softshell-Stuhl, grauer Stoff \u2013 Schwarz \u2013 Zillions: Neue und gebrauchte Designm\u00f6bel und St\u00fchle","isPartOf":{"@id":"https:\/\/www.zillions.nl\/de\/#website"},"primaryImageOfPage":{"@id":"https:\/\/www.zillions.nl\/product\/vitra-softshell-stoel-zwart-bouroullec-nieuwstaat\/#primaryimage"},"image":{"@id":"https:\/\/www.zillions.nl\/product\/vitra-softshell-stoel-zwart-bouroullec-nieuwstaat\/#primaryimage"},"thumbnailUrl":"https:\/\/www.zillions.nl\/wp-content\/uploads\/2025\/08\/Vitra-Softshell-stoel-Zwart-Bouroullec-Srgb-192.jpg","datePublished":"2025-08-01T20:02:36+00:00","dateModified":"2026-04-23T14:47:28+00:00","breadcrumb":{"@id":"https:\/\/www.zillions.nl\/product\/vitra-softshell-stoel-zwart-bouroullec-nieuwstaat\/#breadcrumb"},"inLanguage":"de-DE","potentialAction":[{"@type":"ReadAction","target":["https:\/\/www.zillions.nl\/product\/vitra-softshell-stoel-zwart-bouroullec-nieuwstaat\/"]}]},{"@type":"ImageObject","inLanguage":"de-DE","@id":"https:\/\/www.zillions.nl\/product\/vitra-softshell-stoel-zwart-bouroullec-nieuwstaat\/#primaryimage","url":"https:\/\/www.zillions.nl\/wp-content\/uploads\/2025\/08\/Vitra-Softshell-stoel-Zwart-Bouroullec-Srgb-192.jpg","contentUrl":"https:\/\/www.zillions.nl\/wp-content\/uploads\/2025\/08\/Vitra-Softshell-stoel-Zwart-Bouroullec-Srgb-192.jpg","width":1080,"height":1080},{"@type":"BreadcrumbList","@id":"https:\/\/www.zillions.nl\/product\/vitra-softshell-stoel-zwart-bouroullec-nieuwstaat\/#breadcrumb","itemListElement":[{"@type":"ListItem","position":1,"name":"Home","item":"https:\/\/www.zillions.nl\/"},{"@type":"ListItem","position":2,"name":"Shop","item":"https:\/\/www.zillions.nl\/shop\/"},{"@type":"ListItem","position":3,"name":"Vitra Softshell Stoel Grijs Stof &#8211; Zwart"}]},{"@type":"WebSite","@id":"https:\/\/www.zillions.nl\/de\/#website","url":"https:\/\/www.zillions.nl\/de\/","name":"Zillionen: neue und gebrauchte Designerm\u00f6bel und St\u00fchle","description":"Willkommen bei Zillions: Zillions ist auf neue und gebrauchte Designm\u00f6bel und St\u00fchle spezialisiert.","publisher":{"@id":"https:\/\/www.zillions.nl\/de\/#organization"},"potentialAction":[{"@type":"SearchAction","target":{"@type":"EntryPoint","urlTemplate":"https:\/\/www.zillions.nl\/de\/?s={search_term_string}"},"query-input":{"@type":"PropertyValueSpecification","valueRequired":true,"valueName":"search_term_string"}}],"inLanguage":"de-DE"},{"@type":"Organization","@id":"https:\/\/www.zillions.nl\/de\/#organization","name":"Zillionen: neue und gebrauchte Designerm\u00f6bel und St\u00fchle","url":"https:\/\/www.zillions.nl\/de\/","logo":{"@type":"ImageObject","inLanguage":"de-DE","@id":"https:\/\/www.zillions.nl\/de\/#\/schema\/logo\/image\/","url":"https:\/\/www.zillions.nl\/wp-content\/uploads\/2022\/11\/zillions.svg","contentUrl":"https:\/\/www.zillions.nl\/wp-content\/uploads\/2022\/11\/zillions.svg","width":208,"height":53,"caption":"Zillions: nieuw en gebruikt design meubilair en stoelen"},"image":{"@id":"https:\/\/www.zillions.nl\/de\/#\/schema\/logo\/image\/"}}]}},"_links":{"self":[{"href":"https:\/\/www.zillions.nl\/de\/wp-json\/wp\/v2\/product\/17513","targetHints":{"allow":["GET"]}}],"collection":[{"href":"https:\/\/www.zillions.nl\/de\/wp-json\/wp\/v2\/product"}],"about":[{"href":"https:\/\/www.zillions.nl\/de\/wp-json\/wp\/v2\/types\/product"}],"wp:featuredmedia":[{"embeddable":true,"href":"https:\/\/www.zillions.nl\/de\/wp-json\/wp\/v2\/media\/17868"}],"wp:attachment":[{"href":"https:\/\/www.zillions.nl\/de\/wp-json\/wp\/v2\/media?parent=17513"}],"wp:term":[{"taxonomy":"product_brand","embeddable":true,"href":"https:\/\/www.zillions.nl\/de\/wp-json\/wp\/v2\/product_brand?post=17513"},{"taxonomy":"product_cat","embeddable":true,"href":"https:\/\/www.zillions.nl\/de\/wp-json\/wp\/v2\/product_cat?post=17513"},{"taxonomy":"product_tag","embeddable":true,"href":"https:\/\/www.zillions.nl\/de\/wp-json\/wp\/v2\/product_tag?post=17513"}],"curies":[{"name":"wp","href":"https:\/\/api.w.org\/{rel}","templated":true}]}}