{"id":17216,"date":"2025-07-23T20:08:25","date_gmt":"2025-07-23T18:08:25","guid":{"rendered":"https:\/\/www.zillions.nl\/?post_type=product&#038;p=17216"},"modified":"2025-12-12T13:21:14","modified_gmt":"2025-12-12T12:21:14","slug":"hay-slit-tafel-eiken-hout-45-cm-nieuw","status":"publish","type":"product","link":"https:\/\/www.zillions.nl\/de\/product\/hay-slit-tafel-eiken-hout-45-cm-nieuw\/","title":{"rendered":"Hay Slit Tisch Eichenholz 45 cm Neu"},"content":{"rendered":"<p>Hay Slit Tisch, rund, schwarzes Eichenholz, neu im Karton (45 cm)<\/p>\n<p>Der Slit Round Couchtisch von HAY erinnert an ein Origami-Kunstwerk, das anschlie\u00dfend in Holz gegossen wurde.<br \/>\nDieser stylische Tisch von HAY wirkt modern und verspielt zugleich.<\/p>\n<ul>\n<li style=\"list-style-type: none;\">\n<ul>\n<li>Moderner Couchtisch von H 35,5 x \u00d8 45 cm<\/li>\n<li>Inspiriert von der Kunst des Origami-Faltens<\/li>\n<li>Schlankes skandinavisches Design mit einer sch\u00f6nen runden Tischplatte<\/li>\n<li>Aus Eichenholz<\/li>\n<\/ul>\n<\/li>\n<\/ul>\n<p>Normalerweise 295 \u20ac<\/p>\n<p>Jetzt 150,- \u20ac neu im Karton. Solange der Vorrat reicht.<\/p>\n<p>Wenn Sie Fragen haben oder einen unverbindlichen Besichtigungstermin vereinbaren m\u00f6chten, k\u00f6nnen Sie sich gerne an uns wenden. Lieferung durch unseren eigenen Lieferservice m\u00f6glich! Besuchen Sie unsere Website f\u00fcr viele weitere Designartikel!<\/p>\n<p>Kontaktdaten (Besuch nach Vereinbarung):<br \/>\nIndustrieweg 21<br \/>\n4131NK Vianen<br \/>\ninfo@zillions.nl<br \/>\n030 20 72 146<\/p>\n<p>F\u00fcr viel mehr Design sehen Sie sich alle unsere Anzeigen f\u00fcr Top-Marken an, wie zum Beispiel:<br \/>\nArtimide, Floss, Vitra, Eames Herman Miller, Artifort, B&amp;B Italia, Ahrend, Interstuhl, Grahl, Hay, Norman Copenhagen, Cassina, Artifort, Gispen, Leolux, Montis, Arne Jacobsen, Bert Plantagie, Design auf Lager, Rolf Benz, Jori , Harvink usw.<\/p>\n<p>Design von Top-Designern: unter anderem<\/p>\n<p>Arne Jacobsen, Charles Eames, Cees Braakman, Eero Saarinen, Poul Henningsen, Poul Kjaerholm, Verner Panton, Martin Visser, Mart Stam, Eileen Gray, Gerrit Rietveld, Pierre Paulin, Ko Liang Ie, Marcel Breuer, Rob Parry, Vico Magistretti, Hans Wegner, Borge Mogensen, Finn Juhl, Grete Jalk, Osvaldo Borsani, Isamu Noguchi, George Nelson, Geoffrey Harcourt, Ilmari Tapiovaara, Ferdinand Solere, Joe Colombo Friso Kramer, Harry Bertoia, Lisa Pape, Ettore Sottsass Paul Schuitema Bruno Mathsson<\/p>","protected":false},"excerpt":{"rendered":"<p>Hay Slit tafel Rond Zwart Eiken hout\u00a0 Nieuw in de doos ( 45 cm) De Slit Round salontafel van HAY doet denken aan een Origami kunstwerkje, dat vervolgens in hout gegoten is. Deze stijlvolle HAY tafel oogt modern en speels tegelijk. Moderne salontafel van H 35,5 x \u00d8 45 cm Ge\u00efnspireerd op de Origami vouwkunst [&hellip;]<\/p>\n","protected":false},"featured_media":17217,"template":"","meta":{"_acf_changed":false},"product_brand":[205],"product_cat":[16,191],"product_tag":[],"class_list":{"0":"post-17216","1":"product","2":"type-product","3":"status-publish","4":"has-post-thumbnail","6":"product_brand-hay","7":"product_cat-alle-producten","8":"product_cat-tafels","9":"product_shipping_class-product-shipping","10":"pa_brands-hay","12":"first","13":"instock","14":"sale","15":"purchasable","16":"product-type-simple"},"acf":[],"yoast_head":"<!-- This site is optimized with the Yoast SEO plugin v27.5 - https:\/\/yoast.com\/product\/yoast-seo-wordpress\/ -->\n<title>Hay Slit tafel Eiken hout 45 cm Nieuw - Zillions: nieuw en gebruikt design meubilair en stoelen<\/title>\n<meta name=\"robots\" content=\"index, follow, max-snippet:-1, max-image-preview:large, max-video-preview:-1\" \/>\n<link rel=\"canonical\" href=\"https:\/\/www.zillions.nl\/de\/product\/hay-slit-tafel-eiken-hout-45-cm-nieuw\/\" \/>\n<meta property=\"og:locale\" content=\"de_DE\" \/>\n<meta property=\"og:type\" content=\"article\" \/>\n<meta property=\"og:title\" content=\"Hay Slit tafel Eiken hout 45 cm Nieuw - Zillions: nieuw en gebruikt design meubilair en stoelen\" \/>\n<meta property=\"og:description\" content=\"Hay Slit tafel Rond Zwart Eiken hout\u00a0 Nieuw in de doos ( 45 cm) De Slit Round salontafel van HAY doet denken aan een Origami kunstwerkje, dat vervolgens in hout gegoten is. Deze stijlvolle HAY tafel oogt modern en speels tegelijk. Moderne salontafel van H 35,5 x \u00d8 45 cm Ge\u00efnspireerd op de Origami vouwkunst [&hellip;]\" \/>\n<meta property=\"og:url\" content=\"https:\/\/www.zillions.nl\/de\/product\/hay-slit-tafel-eiken-hout-45-cm-nieuw\/\" \/>\n<meta property=\"og:site_name\" content=\"Zillions: nieuw en gebruikt design meubilair en stoelen\" \/>\n<meta property=\"article:modified_time\" content=\"2025-12-12T12:21:14+00:00\" \/>\n<meta property=\"og:image\" content=\"https:\/\/www.zillions.nl\/wp-content\/uploads\/2025\/07\/9471201.webp\" \/>\n\t<meta property=\"og:image:width\" content=\"768\" \/>\n\t<meta property=\"og:image:height\" content=\"768\" \/>\n\t<meta property=\"og:image:type\" content=\"image\/webp\" \/>\n<meta name=\"twitter:card\" content=\"summary_large_image\" \/>\n<meta name=\"twitter:label1\" content=\"Est. reading time\" \/>\n\t<meta name=\"twitter:data1\" content=\"2 minutes\" \/>\n<script type=\"application\/ld+json\" class=\"yoast-schema-graph\">{\"@context\":\"https:\\\/\\\/schema.org\",\"@graph\":[{\"@type\":\"WebPage\",\"@id\":\"https:\\\/\\\/www.zillions.nl\\\/product\\\/hay-slit-tafel-eiken-hout-45-cm-nieuw\\\/\",\"url\":\"https:\\\/\\\/www.zillions.nl\\\/product\\\/hay-slit-tafel-eiken-hout-45-cm-nieuw\\\/\",\"name\":\"Hay Slit tafel Eiken hout 45 cm Nieuw - Zillions: nieuw en gebruikt design meubilair en stoelen\",\"isPartOf\":{\"@id\":\"https:\\\/\\\/www.zillions.nl\\\/de\\\/#website\"},\"primaryImageOfPage\":{\"@id\":\"https:\\\/\\\/www.zillions.nl\\\/product\\\/hay-slit-tafel-eiken-hout-45-cm-nieuw\\\/#primaryimage\"},\"image\":{\"@id\":\"https:\\\/\\\/www.zillions.nl\\\/product\\\/hay-slit-tafel-eiken-hout-45-cm-nieuw\\\/#primaryimage\"},\"thumbnailUrl\":\"https:\\\/\\\/www.zillions.nl\\\/wp-content\\\/uploads\\\/2025\\\/07\\\/9471201.webp\",\"datePublished\":\"2025-07-23T18:08:25+00:00\",\"dateModified\":\"2025-12-12T12:21:14+00:00\",\"breadcrumb\":{\"@id\":\"https:\\\/\\\/www.zillions.nl\\\/product\\\/hay-slit-tafel-eiken-hout-45-cm-nieuw\\\/#breadcrumb\"},\"inLanguage\":\"de-DE\",\"potentialAction\":[{\"@type\":\"ReadAction\",\"target\":[\"https:\\\/\\\/www.zillions.nl\\\/product\\\/hay-slit-tafel-eiken-hout-45-cm-nieuw\\\/\"]}]},{\"@type\":\"ImageObject\",\"inLanguage\":\"de-DE\",\"@id\":\"https:\\\/\\\/www.zillions.nl\\\/product\\\/hay-slit-tafel-eiken-hout-45-cm-nieuw\\\/#primaryimage\",\"url\":\"https:\\\/\\\/www.zillions.nl\\\/wp-content\\\/uploads\\\/2025\\\/07\\\/9471201.webp\",\"contentUrl\":\"https:\\\/\\\/www.zillions.nl\\\/wp-content\\\/uploads\\\/2025\\\/07\\\/9471201.webp\",\"width\":768,\"height\":768},{\"@type\":\"BreadcrumbList\",\"@id\":\"https:\\\/\\\/www.zillions.nl\\\/product\\\/hay-slit-tafel-eiken-hout-45-cm-nieuw\\\/#breadcrumb\",\"itemListElement\":[{\"@type\":\"ListItem\",\"position\":1,\"name\":\"Home\",\"item\":\"https:\\\/\\\/www.zillions.nl\\\/\"},{\"@type\":\"ListItem\",\"position\":2,\"name\":\"Shop\",\"item\":\"https:\\\/\\\/www.zillions.nl\\\/shop\\\/\"},{\"@type\":\"ListItem\",\"position\":3,\"name\":\"Hay Slit tafel Eiken hout 45 cm Nieuw\"}]},{\"@type\":\"WebSite\",\"@id\":\"https:\\\/\\\/www.zillions.nl\\\/de\\\/#website\",\"url\":\"https:\\\/\\\/www.zillions.nl\\\/de\\\/\",\"name\":\"Zillions: nieuw en gebruikt design meubilair en stoelen\",\"description\":\"Welkom bij Zillions: Zillions is gespecialiseerd in nieuw en gebruikt design meubilair en stoelen.\",\"publisher\":{\"@id\":\"https:\\\/\\\/www.zillions.nl\\\/de\\\/#organization\"},\"potentialAction\":[{\"@type\":\"SearchAction\",\"target\":{\"@type\":\"EntryPoint\",\"urlTemplate\":\"https:\\\/\\\/www.zillions.nl\\\/de\\\/?s={search_term_string}\"},\"query-input\":{\"@type\":\"PropertyValueSpecification\",\"valueRequired\":true,\"valueName\":\"search_term_string\"}}],\"inLanguage\":\"de-DE\"},{\"@type\":\"Organization\",\"@id\":\"https:\\\/\\\/www.zillions.nl\\\/de\\\/#organization\",\"name\":\"Zillions: nieuw en gebruikt design meubilair en stoelen\",\"url\":\"https:\\\/\\\/www.zillions.nl\\\/de\\\/\",\"logo\":{\"@type\":\"ImageObject\",\"inLanguage\":\"de-DE\",\"@id\":\"https:\\\/\\\/www.zillions.nl\\\/de\\\/#\\\/schema\\\/logo\\\/image\\\/\",\"url\":\"https:\\\/\\\/www.zillions.nl\\\/wp-content\\\/uploads\\\/2022\\\/11\\\/zillions.svg\",\"contentUrl\":\"https:\\\/\\\/www.zillions.nl\\\/wp-content\\\/uploads\\\/2022\\\/11\\\/zillions.svg\",\"width\":208,\"height\":53,\"caption\":\"Zillions: nieuw en gebruikt design meubilair en stoelen\"},\"image\":{\"@id\":\"https:\\\/\\\/www.zillions.nl\\\/de\\\/#\\\/schema\\\/logo\\\/image\\\/\"}}]}<\/script>\n<!-- \/ Yoast SEO plugin. -->","yoast_head_json":{"title":"Heuschlitztisch, Eichenholz, 45 cm, Neu - Zillions: Neue und gebrauchte Designm\u00f6bel und St\u00fchle","robots":{"index":"index","follow":"follow","max-snippet":"max-snippet:-1","max-image-preview":"max-image-preview:large","max-video-preview":"max-video-preview:-1"},"canonical":"https:\/\/www.zillions.nl\/de\/product\/hay-slit-tafel-eiken-hout-45-cm-nieuw\/","og_locale":"de_DE","og_type":"article","og_title":"Hay Slit tafel Eiken hout 45 cm Nieuw - Zillions: nieuw en gebruikt design meubilair en stoelen","og_description":"Hay Slit tafel Rond Zwart Eiken hout\u00a0 Nieuw in de doos ( 45 cm) De Slit Round salontafel van HAY doet denken aan een Origami kunstwerkje, dat vervolgens in hout gegoten is. Deze stijlvolle HAY tafel oogt modern en speels tegelijk. Moderne salontafel van H 35,5 x \u00d8 45 cm Ge\u00efnspireerd op de Origami vouwkunst [&hellip;]","og_url":"https:\/\/www.zillions.nl\/de\/product\/hay-slit-tafel-eiken-hout-45-cm-nieuw\/","og_site_name":"Zillions: nieuw en gebruikt design meubilair en stoelen","article_modified_time":"2025-12-12T12:21:14+00:00","og_image":[{"width":768,"height":768,"url":"https:\/\/www.zillions.nl\/wp-content\/uploads\/2025\/07\/9471201.webp","type":"image\/webp"}],"twitter_card":"summary_large_image","twitter_misc":{"Est. reading time":"2 minutes"},"schema":{"@context":"https:\/\/schema.org","@graph":[{"@type":"WebPage","@id":"https:\/\/www.zillions.nl\/product\/hay-slit-tafel-eiken-hout-45-cm-nieuw\/","url":"https:\/\/www.zillions.nl\/product\/hay-slit-tafel-eiken-hout-45-cm-nieuw\/","name":"Heuschlitztisch, Eichenholz, 45 cm, Neu - Zillions: Neue und gebrauchte Designm\u00f6bel und St\u00fchle","isPartOf":{"@id":"https:\/\/www.zillions.nl\/de\/#website"},"primaryImageOfPage":{"@id":"https:\/\/www.zillions.nl\/product\/hay-slit-tafel-eiken-hout-45-cm-nieuw\/#primaryimage"},"image":{"@id":"https:\/\/www.zillions.nl\/product\/hay-slit-tafel-eiken-hout-45-cm-nieuw\/#primaryimage"},"thumbnailUrl":"https:\/\/www.zillions.nl\/wp-content\/uploads\/2025\/07\/9471201.webp","datePublished":"2025-07-23T18:08:25+00:00","dateModified":"2025-12-12T12:21:14+00:00","breadcrumb":{"@id":"https:\/\/www.zillions.nl\/product\/hay-slit-tafel-eiken-hout-45-cm-nieuw\/#breadcrumb"},"inLanguage":"de-DE","potentialAction":[{"@type":"ReadAction","target":["https:\/\/www.zillions.nl\/product\/hay-slit-tafel-eiken-hout-45-cm-nieuw\/"]}]},{"@type":"ImageObject","inLanguage":"de-DE","@id":"https:\/\/www.zillions.nl\/product\/hay-slit-tafel-eiken-hout-45-cm-nieuw\/#primaryimage","url":"https:\/\/www.zillions.nl\/wp-content\/uploads\/2025\/07\/9471201.webp","contentUrl":"https:\/\/www.zillions.nl\/wp-content\/uploads\/2025\/07\/9471201.webp","width":768,"height":768},{"@type":"BreadcrumbList","@id":"https:\/\/www.zillions.nl\/product\/hay-slit-tafel-eiken-hout-45-cm-nieuw\/#breadcrumb","itemListElement":[{"@type":"ListItem","position":1,"name":"Home","item":"https:\/\/www.zillions.nl\/"},{"@type":"ListItem","position":2,"name":"Shop","item":"https:\/\/www.zillions.nl\/shop\/"},{"@type":"ListItem","position":3,"name":"Hay Slit tafel Eiken hout 45 cm Nieuw"}]},{"@type":"WebSite","@id":"https:\/\/www.zillions.nl\/de\/#website","url":"https:\/\/www.zillions.nl\/de\/","name":"Zillionen: neue und gebrauchte Designerm\u00f6bel und St\u00fchle","description":"Willkommen bei Zillions: Zillions ist auf neue und gebrauchte Designm\u00f6bel und St\u00fchle spezialisiert.","publisher":{"@id":"https:\/\/www.zillions.nl\/de\/#organization"},"potentialAction":[{"@type":"SearchAction","target":{"@type":"EntryPoint","urlTemplate":"https:\/\/www.zillions.nl\/de\/?s={search_term_string}"},"query-input":{"@type":"PropertyValueSpecification","valueRequired":true,"valueName":"search_term_string"}}],"inLanguage":"de-DE"},{"@type":"Organization","@id":"https:\/\/www.zillions.nl\/de\/#organization","name":"Zillionen: neue und gebrauchte Designerm\u00f6bel und St\u00fchle","url":"https:\/\/www.zillions.nl\/de\/","logo":{"@type":"ImageObject","inLanguage":"de-DE","@id":"https:\/\/www.zillions.nl\/de\/#\/schema\/logo\/image\/","url":"https:\/\/www.zillions.nl\/wp-content\/uploads\/2022\/11\/zillions.svg","contentUrl":"https:\/\/www.zillions.nl\/wp-content\/uploads\/2022\/11\/zillions.svg","width":208,"height":53,"caption":"Zillions: nieuw en gebruikt design meubilair en stoelen"},"image":{"@id":"https:\/\/www.zillions.nl\/de\/#\/schema\/logo\/image\/"}}]}},"_links":{"self":[{"href":"https:\/\/www.zillions.nl\/de\/wp-json\/wp\/v2\/product\/17216","targetHints":{"allow":["GET"]}}],"collection":[{"href":"https:\/\/www.zillions.nl\/de\/wp-json\/wp\/v2\/product"}],"about":[{"href":"https:\/\/www.zillions.nl\/de\/wp-json\/wp\/v2\/types\/product"}],"wp:featuredmedia":[{"embeddable":true,"href":"https:\/\/www.zillions.nl\/de\/wp-json\/wp\/v2\/media\/17217"}],"wp:attachment":[{"href":"https:\/\/www.zillions.nl\/de\/wp-json\/wp\/v2\/media?parent=17216"}],"wp:term":[{"taxonomy":"product_brand","embeddable":true,"href":"https:\/\/www.zillions.nl\/de\/wp-json\/wp\/v2\/product_brand?post=17216"},{"taxonomy":"product_cat","embeddable":true,"href":"https:\/\/www.zillions.nl\/de\/wp-json\/wp\/v2\/product_cat?post=17216"},{"taxonomy":"product_tag","embeddable":true,"href":"https:\/\/www.zillions.nl\/de\/wp-json\/wp\/v2\/product_tag?post=17216"}],"curies":[{"name":"wp","href":"https:\/\/api.w.org\/{rel}","templated":true}]}}