{"id":16107,"date":"2025-06-03T19:22:01","date_gmt":"2025-06-03T17:22:01","guid":{"rendered":"https:\/\/www.zillions.nl\/?post_type=product&#038;p=16107"},"modified":"2025-12-12T13:13:25","modified_gmt":"2025-12-12T12:13:25","slug":"arper-stoel-catifa-46-0251-polupro-2-kleuren","status":"publish","type":"product","link":"https:\/\/www.zillions.nl\/de\/product\/arper-stoel-catifa-46-0251-polupro-2-kleuren\/","title":{"rendered":"Arper Stuhl Catifa 46 0251 Polypro 2 Farben"},"content":{"rendered":"<p>Stuhl Arper Catifa 46 0251 Polypro 2 Farben Chrombasis<\/p>\n<p>Rote Stoffwanne, wei\u00dfe Kunststoffr\u00fcckseite<\/p>\n<ul>\n<li>Modell 0251<\/li>\n<li>Basis: 4 Beine Chrom<\/li>\n<li>Polypropylenwanne<\/li>\n<li>zweifarbig<\/li>\n<li><\/li>\n<li><strong>ARPER<\/strong><\/li>\n<\/ul>\n<p>Es handelt sich um eine Charge von Ausstellungsmodellen, die daher unbenutzt und in neuwertigem Zustand sind.<\/p>\n<p>Wenn Sie Fragen haben oder einen unverbindlichen Besichtigungstermin vereinbaren m\u00f6chten, k\u00f6nnen Sie sich gerne an uns wenden. Lieferung durch unseren eigenen Lieferservice m\u00f6glich! Besuchen Sie unsere Website f\u00fcr viele weitere Designartikel!<br \/>\n<strong><br \/>\nKontaktdaten (Besuch nach Vereinbarung):<\/strong><br \/>\nIndustrieweg 21<br \/>\n4131NK Vianen<br \/>\ninfo@zillions.nl<br \/>\n030 20 72 146<\/p>","protected":false},"excerpt":{"rendered":"<p>Stoel Arper Catifa 46 0251 Polypro 2 kleuren\u00a0 chroom onderstel Kuip rood stof, achter zijde Wit kunststof Model 0251 Onderstel : 4 poot chroom Kuip in polypropyleen tweekleurig ARPER Dit betreft een partij showroom modellen , zijn dus ongebruikt en iin nieuwstaat Voor vragen of het vrijblijvend maken van een afspraak om de artikelen te [&hellip;]<\/p>\n","protected":false},"featured_media":16108,"template":"","meta":{"_acf_changed":false},"product_brand":[215],"product_cat":[16,185],"product_tag":[],"class_list":{"0":"post-16107","1":"product","2":"type-product","3":"status-publish","4":"has-post-thumbnail","6":"product_brand-arper","7":"product_cat-alle-producten","8":"product_cat-stoelen","9":"pa_brands-arper","11":"first","12":"instock","13":"purchasable","14":"product-type-simple"},"acf":[],"yoast_head":"<!-- This site is optimized with the Yoast SEO plugin v27.5 - https:\/\/yoast.com\/product\/yoast-seo-wordpress\/ -->\n<title>Arper stoel Catifa 46 0251 Polypro 2 kleuren - Zillions: nieuw en gebruikt design meubilair en stoelen<\/title>\n<meta name=\"robots\" content=\"index, follow, max-snippet:-1, max-image-preview:large, max-video-preview:-1\" \/>\n<link rel=\"canonical\" href=\"https:\/\/www.zillions.nl\/de\/product\/arper-stoel-catifa-46-0251-polupro-2-kleuren\/\" \/>\n<meta property=\"og:locale\" content=\"de_DE\" \/>\n<meta property=\"og:type\" content=\"article\" \/>\n<meta property=\"og:title\" content=\"Arper stoel Catifa 46 0251 Polypro 2 kleuren - Zillions: nieuw en gebruikt design meubilair en stoelen\" \/>\n<meta property=\"og:description\" content=\"Stoel Arper Catifa 46 0251 Polypro 2 kleuren\u00a0 chroom onderstel Kuip rood stof, achter zijde Wit kunststof Model 0251 Onderstel : 4 poot chroom Kuip in polypropyleen tweekleurig ARPER Dit betreft een partij showroom modellen , zijn dus ongebruikt en iin nieuwstaat Voor vragen of het vrijblijvend maken van een afspraak om de artikelen te [&hellip;]\" \/>\n<meta property=\"og:url\" content=\"https:\/\/www.zillions.nl\/de\/product\/arper-stoel-catifa-46-0251-polupro-2-kleuren\/\" \/>\n<meta property=\"og:site_name\" content=\"Zillions: nieuw en gebruikt design meubilair en stoelen\" \/>\n<meta property=\"article:modified_time\" content=\"2025-12-12T12:13:25+00:00\" \/>\n<meta property=\"og:image\" content=\"https:\/\/www.zillions.nl\/wp-content\/uploads\/2025\/06\/Arper-Catifa-stoel-Rood-stof-zitting-Joey-13-4-2025-285.jpg\" \/>\n\t<meta property=\"og:image:width\" content=\"1080\" \/>\n\t<meta property=\"og:image:height\" content=\"1080\" \/>\n\t<meta property=\"og:image:type\" content=\"image\/jpeg\" \/>\n<meta name=\"twitter:card\" content=\"summary_large_image\" \/>\n<meta name=\"twitter:label1\" content=\"Est. reading time\" \/>\n\t<meta name=\"twitter:data1\" content=\"1 minute\" \/>\n<script type=\"application\/ld+json\" class=\"yoast-schema-graph\">{\"@context\":\"https:\\\/\\\/schema.org\",\"@graph\":[{\"@type\":\"WebPage\",\"@id\":\"https:\\\/\\\/www.zillions.nl\\\/product\\\/arper-stoel-catifa-46-0251-polupro-2-kleuren\\\/\",\"url\":\"https:\\\/\\\/www.zillions.nl\\\/product\\\/arper-stoel-catifa-46-0251-polupro-2-kleuren\\\/\",\"name\":\"Arper stoel Catifa 46 0251 Polypro 2 kleuren - Zillions: nieuw en gebruikt design meubilair en stoelen\",\"isPartOf\":{\"@id\":\"https:\\\/\\\/www.zillions.nl\\\/de\\\/#website\"},\"primaryImageOfPage\":{\"@id\":\"https:\\\/\\\/www.zillions.nl\\\/product\\\/arper-stoel-catifa-46-0251-polupro-2-kleuren\\\/#primaryimage\"},\"image\":{\"@id\":\"https:\\\/\\\/www.zillions.nl\\\/product\\\/arper-stoel-catifa-46-0251-polupro-2-kleuren\\\/#primaryimage\"},\"thumbnailUrl\":\"https:\\\/\\\/www.zillions.nl\\\/wp-content\\\/uploads\\\/2025\\\/06\\\/Arper-Catifa-stoel-Rood-stof-zitting-Joey-13-4-2025-285.jpg\",\"datePublished\":\"2025-06-03T17:22:01+00:00\",\"dateModified\":\"2025-12-12T12:13:25+00:00\",\"breadcrumb\":{\"@id\":\"https:\\\/\\\/www.zillions.nl\\\/product\\\/arper-stoel-catifa-46-0251-polupro-2-kleuren\\\/#breadcrumb\"},\"inLanguage\":\"de-DE\",\"potentialAction\":[{\"@type\":\"ReadAction\",\"target\":[\"https:\\\/\\\/www.zillions.nl\\\/product\\\/arper-stoel-catifa-46-0251-polupro-2-kleuren\\\/\"]}]},{\"@type\":\"ImageObject\",\"inLanguage\":\"de-DE\",\"@id\":\"https:\\\/\\\/www.zillions.nl\\\/product\\\/arper-stoel-catifa-46-0251-polupro-2-kleuren\\\/#primaryimage\",\"url\":\"https:\\\/\\\/www.zillions.nl\\\/wp-content\\\/uploads\\\/2025\\\/06\\\/Arper-Catifa-stoel-Rood-stof-zitting-Joey-13-4-2025-285.jpg\",\"contentUrl\":\"https:\\\/\\\/www.zillions.nl\\\/wp-content\\\/uploads\\\/2025\\\/06\\\/Arper-Catifa-stoel-Rood-stof-zitting-Joey-13-4-2025-285.jpg\",\"width\":1080,\"height\":1080},{\"@type\":\"BreadcrumbList\",\"@id\":\"https:\\\/\\\/www.zillions.nl\\\/product\\\/arper-stoel-catifa-46-0251-polupro-2-kleuren\\\/#breadcrumb\",\"itemListElement\":[{\"@type\":\"ListItem\",\"position\":1,\"name\":\"Home\",\"item\":\"https:\\\/\\\/www.zillions.nl\\\/\"},{\"@type\":\"ListItem\",\"position\":2,\"name\":\"Shop\",\"item\":\"https:\\\/\\\/www.zillions.nl\\\/shop\\\/\"},{\"@type\":\"ListItem\",\"position\":3,\"name\":\"Arper stoel Catifa 46 0251 Polypro 2 kleuren\"}]},{\"@type\":\"WebSite\",\"@id\":\"https:\\\/\\\/www.zillions.nl\\\/de\\\/#website\",\"url\":\"https:\\\/\\\/www.zillions.nl\\\/de\\\/\",\"name\":\"Zillions: nieuw en gebruikt design meubilair en stoelen\",\"description\":\"Welkom bij Zillions: Zillions is gespecialiseerd in nieuw en gebruikt design meubilair en stoelen.\",\"publisher\":{\"@id\":\"https:\\\/\\\/www.zillions.nl\\\/de\\\/#organization\"},\"potentialAction\":[{\"@type\":\"SearchAction\",\"target\":{\"@type\":\"EntryPoint\",\"urlTemplate\":\"https:\\\/\\\/www.zillions.nl\\\/de\\\/?s={search_term_string}\"},\"query-input\":{\"@type\":\"PropertyValueSpecification\",\"valueRequired\":true,\"valueName\":\"search_term_string\"}}],\"inLanguage\":\"de-DE\"},{\"@type\":\"Organization\",\"@id\":\"https:\\\/\\\/www.zillions.nl\\\/de\\\/#organization\",\"name\":\"Zillions: nieuw en gebruikt design meubilair en stoelen\",\"url\":\"https:\\\/\\\/www.zillions.nl\\\/de\\\/\",\"logo\":{\"@type\":\"ImageObject\",\"inLanguage\":\"de-DE\",\"@id\":\"https:\\\/\\\/www.zillions.nl\\\/de\\\/#\\\/schema\\\/logo\\\/image\\\/\",\"url\":\"https:\\\/\\\/www.zillions.nl\\\/wp-content\\\/uploads\\\/2022\\\/11\\\/zillions.svg\",\"contentUrl\":\"https:\\\/\\\/www.zillions.nl\\\/wp-content\\\/uploads\\\/2022\\\/11\\\/zillions.svg\",\"width\":208,\"height\":53,\"caption\":\"Zillions: nieuw en gebruikt design meubilair en stoelen\"},\"image\":{\"@id\":\"https:\\\/\\\/www.zillions.nl\\\/de\\\/#\\\/schema\\\/logo\\\/image\\\/\"}}]}<\/script>\n<!-- \/ Yoast SEO plugin. -->","yoast_head_json":{"title":"Arper Stuhl Catifa 46 0251 Polypro, 2 Farben \u2013 Zillions: Neue und gebrauchte Designerm\u00f6bel und St\u00fchle","robots":{"index":"index","follow":"follow","max-snippet":"max-snippet:-1","max-image-preview":"max-image-preview:large","max-video-preview":"max-video-preview:-1"},"canonical":"https:\/\/www.zillions.nl\/de\/product\/arper-stoel-catifa-46-0251-polupro-2-kleuren\/","og_locale":"de_DE","og_type":"article","og_title":"Arper stoel Catifa 46 0251 Polypro 2 kleuren - Zillions: nieuw en gebruikt design meubilair en stoelen","og_description":"Stoel Arper Catifa 46 0251 Polypro 2 kleuren\u00a0 chroom onderstel Kuip rood stof, achter zijde Wit kunststof Model 0251 Onderstel : 4 poot chroom Kuip in polypropyleen tweekleurig ARPER Dit betreft een partij showroom modellen , zijn dus ongebruikt en iin nieuwstaat Voor vragen of het vrijblijvend maken van een afspraak om de artikelen te [&hellip;]","og_url":"https:\/\/www.zillions.nl\/de\/product\/arper-stoel-catifa-46-0251-polupro-2-kleuren\/","og_site_name":"Zillions: nieuw en gebruikt design meubilair en stoelen","article_modified_time":"2025-12-12T12:13:25+00:00","og_image":[{"width":1080,"height":1080,"url":"https:\/\/www.zillions.nl\/wp-content\/uploads\/2025\/06\/Arper-Catifa-stoel-Rood-stof-zitting-Joey-13-4-2025-285.jpg","type":"image\/jpeg"}],"twitter_card":"summary_large_image","twitter_misc":{"Est. reading time":"1 minute"},"schema":{"@context":"https:\/\/schema.org","@graph":[{"@type":"WebPage","@id":"https:\/\/www.zillions.nl\/product\/arper-stoel-catifa-46-0251-polupro-2-kleuren\/","url":"https:\/\/www.zillions.nl\/product\/arper-stoel-catifa-46-0251-polupro-2-kleuren\/","name":"Arper Stuhl Catifa 46 0251 Polypro, 2 Farben \u2013 Zillions: Neue und gebrauchte Designerm\u00f6bel und St\u00fchle","isPartOf":{"@id":"https:\/\/www.zillions.nl\/de\/#website"},"primaryImageOfPage":{"@id":"https:\/\/www.zillions.nl\/product\/arper-stoel-catifa-46-0251-polupro-2-kleuren\/#primaryimage"},"image":{"@id":"https:\/\/www.zillions.nl\/product\/arper-stoel-catifa-46-0251-polupro-2-kleuren\/#primaryimage"},"thumbnailUrl":"https:\/\/www.zillions.nl\/wp-content\/uploads\/2025\/06\/Arper-Catifa-stoel-Rood-stof-zitting-Joey-13-4-2025-285.jpg","datePublished":"2025-06-03T17:22:01+00:00","dateModified":"2025-12-12T12:13:25+00:00","breadcrumb":{"@id":"https:\/\/www.zillions.nl\/product\/arper-stoel-catifa-46-0251-polupro-2-kleuren\/#breadcrumb"},"inLanguage":"de-DE","potentialAction":[{"@type":"ReadAction","target":["https:\/\/www.zillions.nl\/product\/arper-stoel-catifa-46-0251-polupro-2-kleuren\/"]}]},{"@type":"ImageObject","inLanguage":"de-DE","@id":"https:\/\/www.zillions.nl\/product\/arper-stoel-catifa-46-0251-polupro-2-kleuren\/#primaryimage","url":"https:\/\/www.zillions.nl\/wp-content\/uploads\/2025\/06\/Arper-Catifa-stoel-Rood-stof-zitting-Joey-13-4-2025-285.jpg","contentUrl":"https:\/\/www.zillions.nl\/wp-content\/uploads\/2025\/06\/Arper-Catifa-stoel-Rood-stof-zitting-Joey-13-4-2025-285.jpg","width":1080,"height":1080},{"@type":"BreadcrumbList","@id":"https:\/\/www.zillions.nl\/product\/arper-stoel-catifa-46-0251-polupro-2-kleuren\/#breadcrumb","itemListElement":[{"@type":"ListItem","position":1,"name":"Home","item":"https:\/\/www.zillions.nl\/"},{"@type":"ListItem","position":2,"name":"Shop","item":"https:\/\/www.zillions.nl\/shop\/"},{"@type":"ListItem","position":3,"name":"Arper stoel Catifa 46 0251 Polypro 2 kleuren"}]},{"@type":"WebSite","@id":"https:\/\/www.zillions.nl\/de\/#website","url":"https:\/\/www.zillions.nl\/de\/","name":"Zillionen: neue und gebrauchte Designerm\u00f6bel und St\u00fchle","description":"Willkommen bei Zillions: Zillions ist auf neue und gebrauchte Designm\u00f6bel und St\u00fchle spezialisiert.","publisher":{"@id":"https:\/\/www.zillions.nl\/de\/#organization"},"potentialAction":[{"@type":"SearchAction","target":{"@type":"EntryPoint","urlTemplate":"https:\/\/www.zillions.nl\/de\/?s={search_term_string}"},"query-input":{"@type":"PropertyValueSpecification","valueRequired":true,"valueName":"search_term_string"}}],"inLanguage":"de-DE"},{"@type":"Organization","@id":"https:\/\/www.zillions.nl\/de\/#organization","name":"Zillionen: neue und gebrauchte Designerm\u00f6bel und St\u00fchle","url":"https:\/\/www.zillions.nl\/de\/","logo":{"@type":"ImageObject","inLanguage":"de-DE","@id":"https:\/\/www.zillions.nl\/de\/#\/schema\/logo\/image\/","url":"https:\/\/www.zillions.nl\/wp-content\/uploads\/2022\/11\/zillions.svg","contentUrl":"https:\/\/www.zillions.nl\/wp-content\/uploads\/2022\/11\/zillions.svg","width":208,"height":53,"caption":"Zillions: nieuw en gebruikt design meubilair en stoelen"},"image":{"@id":"https:\/\/www.zillions.nl\/de\/#\/schema\/logo\/image\/"}}]}},"_links":{"self":[{"href":"https:\/\/www.zillions.nl\/de\/wp-json\/wp\/v2\/product\/16107","targetHints":{"allow":["GET"]}}],"collection":[{"href":"https:\/\/www.zillions.nl\/de\/wp-json\/wp\/v2\/product"}],"about":[{"href":"https:\/\/www.zillions.nl\/de\/wp-json\/wp\/v2\/types\/product"}],"wp:featuredmedia":[{"embeddable":true,"href":"https:\/\/www.zillions.nl\/de\/wp-json\/wp\/v2\/media\/16108"}],"wp:attachment":[{"href":"https:\/\/www.zillions.nl\/de\/wp-json\/wp\/v2\/media?parent=16107"}],"wp:term":[{"taxonomy":"product_brand","embeddable":true,"href":"https:\/\/www.zillions.nl\/de\/wp-json\/wp\/v2\/product_brand?post=16107"},{"taxonomy":"product_cat","embeddable":true,"href":"https:\/\/www.zillions.nl\/de\/wp-json\/wp\/v2\/product_cat?post=16107"},{"taxonomy":"product_tag","embeddable":true,"href":"https:\/\/www.zillions.nl\/de\/wp-json\/wp\/v2\/product_tag?post=16107"}],"curies":[{"name":"wp","href":"https:\/\/api.w.org\/{rel}","templated":true}]}}