{"id":15671,"date":"2025-05-07T21:34:07","date_gmt":"2025-05-07T19:34:07","guid":{"rendered":"https:\/\/www.zillions.nl\/?post_type=product&#038;p=15671"},"modified":"2026-03-29T00:10:05","modified_gmt":"2026-03-28T23:10:05","slug":"cassina-lc-4-zwart-leren-dek","status":"publish","type":"product","link":"https:\/\/www.zillions.nl\/de\/product\/cassina-lc-4-zwart-leren-dek\/","title":{"rendered":"Cassina Le Corbusier LC4 Deck Schwarz \u2013 Leder"},"content":{"rendered":"<p style=\"font-weight: 400\">Cassina Le Corbusier LC4 Chaiselongue mit schwarzem Lederbezug.<\/p>\n<p style=\"font-weight: 400\">Diese LC4 Chaiselongues von Cassina wurden im Ausstellungsraum verwendet und wir k\u00f6nnen sie daher separat in Ausstellungsraumzustand verkaufen.<\/p>\n<p style=\"font-weight: 400\">Der Lederbezug der Chaiselongue ist original 100%.<\/p>\n<p>Dies betrifft nur das Deck und nicht die Nackenrolle.<br \/>\nDas komplette Chaiselongue-Sortiment finden Sie in unseren anderen Anzeigen.<\/p>\n<p style=\"font-weight: 400\"><strong>Zustand:<\/strong> Zustand im Ausstellungsraum; im Neuzustand<\/p>\n<p style=\"font-weight: 400\"><strong>Lieferung ab Lager<\/strong><\/p>\n<p style=\"font-weight: 400\"><strong>Hinweis: <\/strong>Die angezeigten Preise sind <u>pro St\u00fcck<\/u>!<\/p>\n<p style=\"font-weight: 400\">Spezifikationen:<br \/>\n<strong>Material:<\/strong> Leder, schwarz<\/p>\n<p style=\"font-weight: 400\">Wenn Sie Fragen haben oder einen unverbindlichen Besichtigungstermin vereinbaren m\u00f6chten, k\u00f6nnen Sie sich gerne an uns wenden. Lieferung durch unseren eigenen Lieferservice m\u00f6glich! Besuchen Sie unsere Website f\u00fcr viele weitere Designartikel!<\/p>\n<p><strong>Kontaktdaten (Besuch nach Vereinbarung):<\/strong><span style=\"font-weight: 400\"><br \/>\nIndustrieweg 21<br \/>\n4131NK Vianen<br \/>\ninfo@zillions.nl<br \/>\n030 20 72 146<\/span><\/p>","protected":false},"excerpt":{"rendered":"<p>Cassina Le Corbusier LC4 chaise longue zwart lederen dek. Deze\u00a0 LC4 chaise longue van Cassina dekken zijn gebruikt in de showroom en kunnen we hierdoor los verkopen in showroom conditie. Het chaise longue leren dek is 100% origineel. Dit betreft alleen het dek en niet de nekrol. Voor de complete chaise longue zie onze overige [&hellip;]<\/p>\n","protected":false},"featured_media":15672,"template":"","meta":{"_acf_changed":false},"product_brand":[203],"product_cat":[16,188],"product_tag":[],"class_list":{"0":"post-15671","1":"product","2":"type-product","3":"status-publish","4":"has-post-thumbnail","6":"product_brand-cassina","7":"product_cat-alle-producten","8":"product_cat-fauteuils","9":"product_shipping_class-product-shipping","10":"pa_brands-cassina","12":"first","13":"instock","14":"purchasable","15":"product-type-simple"},"acf":[],"yoast_head":"<!-- This site is optimized with the Yoast SEO plugin v27.5 - https:\/\/yoast.com\/product\/yoast-seo-wordpress\/ -->\n<title>Cassina Le Corbusier Lc4 Dek Zwart - Leer - Zillions: nieuw en gebruikt design meubilair en stoelen<\/title>\n<meta name=\"robots\" content=\"index, follow, max-snippet:-1, max-image-preview:large, max-video-preview:-1\" \/>\n<link rel=\"canonical\" href=\"https:\/\/www.zillions.nl\/de\/product\/cassina-lc-4-zwart-leren-dek\/\" \/>\n<meta property=\"og:locale\" content=\"de_DE\" \/>\n<meta property=\"og:type\" content=\"article\" \/>\n<meta property=\"og:title\" content=\"Cassina Le Corbusier Lc4 Dek Zwart - Leer - Zillions: nieuw en gebruikt design meubilair en stoelen\" \/>\n<meta property=\"og:description\" content=\"Cassina Le Corbusier LC4 chaise longue zwart lederen dek. Deze\u00a0 LC4 chaise longue van Cassina dekken zijn gebruikt in de showroom en kunnen we hierdoor los verkopen in showroom conditie. Het chaise longue leren dek is 100% origineel. Dit betreft alleen het dek en niet de nekrol. Voor de complete chaise longue zie onze overige [&hellip;]\" \/>\n<meta property=\"og:url\" content=\"https:\/\/www.zillions.nl\/de\/product\/cassina-lc-4-zwart-leren-dek\/\" \/>\n<meta property=\"og:site_name\" content=\"Zillions: nieuw en gebruikt design meubilair en stoelen\" \/>\n<meta property=\"article:modified_time\" content=\"2026-03-28T23:10:05+00:00\" \/>\n<meta property=\"og:image\" content=\"https:\/\/www.zillions.nl\/wp-content\/uploads\/2025\/05\/Cassina-LC-4-Le-Corbusier-Zwart-LeerNM209106.jpg\" \/>\n\t<meta property=\"og:image:width\" content=\"1080\" \/>\n\t<meta property=\"og:image:height\" content=\"1080\" \/>\n\t<meta property=\"og:image:type\" content=\"image\/jpeg\" \/>\n<meta name=\"twitter:card\" content=\"summary_large_image\" \/>\n<meta name=\"twitter:label1\" content=\"Est. reading time\" \/>\n\t<meta name=\"twitter:data1\" content=\"1 minute\" \/>\n<script type=\"application\/ld+json\" class=\"yoast-schema-graph\">{\"@context\":\"https:\\\/\\\/schema.org\",\"@graph\":[{\"@type\":\"WebPage\",\"@id\":\"https:\\\/\\\/www.zillions.nl\\\/product\\\/cassina-lc-4-zwart-leren-dek\\\/\",\"url\":\"https:\\\/\\\/www.zillions.nl\\\/product\\\/cassina-lc-4-zwart-leren-dek\\\/\",\"name\":\"Cassina Le Corbusier Lc4 Dek Zwart - Leer - Zillions: nieuw en gebruikt design meubilair en stoelen\",\"isPartOf\":{\"@id\":\"https:\\\/\\\/www.zillions.nl\\\/de\\\/#website\"},\"primaryImageOfPage\":{\"@id\":\"https:\\\/\\\/www.zillions.nl\\\/product\\\/cassina-lc-4-zwart-leren-dek\\\/#primaryimage\"},\"image\":{\"@id\":\"https:\\\/\\\/www.zillions.nl\\\/product\\\/cassina-lc-4-zwart-leren-dek\\\/#primaryimage\"},\"thumbnailUrl\":\"https:\\\/\\\/www.zillions.nl\\\/wp-content\\\/uploads\\\/2025\\\/05\\\/Cassina-LC-4-Le-Corbusier-Zwart-LeerNM209106.jpg\",\"datePublished\":\"2025-05-07T19:34:07+00:00\",\"dateModified\":\"2026-03-28T23:10:05+00:00\",\"breadcrumb\":{\"@id\":\"https:\\\/\\\/www.zillions.nl\\\/product\\\/cassina-lc-4-zwart-leren-dek\\\/#breadcrumb\"},\"inLanguage\":\"de-DE\",\"potentialAction\":[{\"@type\":\"ReadAction\",\"target\":[\"https:\\\/\\\/www.zillions.nl\\\/product\\\/cassina-lc-4-zwart-leren-dek\\\/\"]}]},{\"@type\":\"ImageObject\",\"inLanguage\":\"de-DE\",\"@id\":\"https:\\\/\\\/www.zillions.nl\\\/product\\\/cassina-lc-4-zwart-leren-dek\\\/#primaryimage\",\"url\":\"https:\\\/\\\/www.zillions.nl\\\/wp-content\\\/uploads\\\/2025\\\/05\\\/Cassina-LC-4-Le-Corbusier-Zwart-LeerNM209106.jpg\",\"contentUrl\":\"https:\\\/\\\/www.zillions.nl\\\/wp-content\\\/uploads\\\/2025\\\/05\\\/Cassina-LC-4-Le-Corbusier-Zwart-LeerNM209106.jpg\",\"width\":1080,\"height\":1080},{\"@type\":\"BreadcrumbList\",\"@id\":\"https:\\\/\\\/www.zillions.nl\\\/product\\\/cassina-lc-4-zwart-leren-dek\\\/#breadcrumb\",\"itemListElement\":[{\"@type\":\"ListItem\",\"position\":1,\"name\":\"Home\",\"item\":\"https:\\\/\\\/www.zillions.nl\\\/\"},{\"@type\":\"ListItem\",\"position\":2,\"name\":\"Shop\",\"item\":\"https:\\\/\\\/www.zillions.nl\\\/shop\\\/\"},{\"@type\":\"ListItem\",\"position\":3,\"name\":\"Cassina Le Corbusier Lc4 Dek Zwart &#8211; Leer\"}]},{\"@type\":\"WebSite\",\"@id\":\"https:\\\/\\\/www.zillions.nl\\\/de\\\/#website\",\"url\":\"https:\\\/\\\/www.zillions.nl\\\/de\\\/\",\"name\":\"Zillions: nieuw en gebruikt design meubilair en stoelen\",\"description\":\"Welkom bij Zillions: Zillions is gespecialiseerd in nieuw en gebruikt design meubilair en stoelen.\",\"publisher\":{\"@id\":\"https:\\\/\\\/www.zillions.nl\\\/de\\\/#organization\"},\"potentialAction\":[{\"@type\":\"SearchAction\",\"target\":{\"@type\":\"EntryPoint\",\"urlTemplate\":\"https:\\\/\\\/www.zillions.nl\\\/de\\\/?s={search_term_string}\"},\"query-input\":{\"@type\":\"PropertyValueSpecification\",\"valueRequired\":true,\"valueName\":\"search_term_string\"}}],\"inLanguage\":\"de-DE\"},{\"@type\":\"Organization\",\"@id\":\"https:\\\/\\\/www.zillions.nl\\\/de\\\/#organization\",\"name\":\"Zillions: nieuw en gebruikt design meubilair en stoelen\",\"url\":\"https:\\\/\\\/www.zillions.nl\\\/de\\\/\",\"logo\":{\"@type\":\"ImageObject\",\"inLanguage\":\"de-DE\",\"@id\":\"https:\\\/\\\/www.zillions.nl\\\/de\\\/#\\\/schema\\\/logo\\\/image\\\/\",\"url\":\"https:\\\/\\\/www.zillions.nl\\\/wp-content\\\/uploads\\\/2022\\\/11\\\/zillions.svg\",\"contentUrl\":\"https:\\\/\\\/www.zillions.nl\\\/wp-content\\\/uploads\\\/2022\\\/11\\\/zillions.svg\",\"width\":208,\"height\":53,\"caption\":\"Zillions: nieuw en gebruikt design meubilair en stoelen\"},\"image\":{\"@id\":\"https:\\\/\\\/www.zillions.nl\\\/de\\\/#\\\/schema\\\/logo\\\/image\\\/\"}}]}<\/script>\n<!-- \/ Yoast SEO plugin. -->","yoast_head_json":{"title":"Cassina Le Corbusier LC4 Dek Schwarz - Leder - Zillions: Neue und gebrauchte Designerm\u00f6bel und St\u00fchle","robots":{"index":"index","follow":"follow","max-snippet":"max-snippet:-1","max-image-preview":"max-image-preview:large","max-video-preview":"max-video-preview:-1"},"canonical":"https:\/\/www.zillions.nl\/de\/product\/cassina-lc-4-zwart-leren-dek\/","og_locale":"de_DE","og_type":"article","og_title":"Cassina Le Corbusier Lc4 Dek Zwart - Leer - Zillions: nieuw en gebruikt design meubilair en stoelen","og_description":"Cassina Le Corbusier LC4 chaise longue zwart lederen dek. Deze\u00a0 LC4 chaise longue van Cassina dekken zijn gebruikt in de showroom en kunnen we hierdoor los verkopen in showroom conditie. Het chaise longue leren dek is 100% origineel. Dit betreft alleen het dek en niet de nekrol. Voor de complete chaise longue zie onze overige [&hellip;]","og_url":"https:\/\/www.zillions.nl\/de\/product\/cassina-lc-4-zwart-leren-dek\/","og_site_name":"Zillions: nieuw en gebruikt design meubilair en stoelen","article_modified_time":"2026-03-28T23:10:05+00:00","og_image":[{"width":1080,"height":1080,"url":"https:\/\/www.zillions.nl\/wp-content\/uploads\/2025\/05\/Cassina-LC-4-Le-Corbusier-Zwart-LeerNM209106.jpg","type":"image\/jpeg"}],"twitter_card":"summary_large_image","twitter_misc":{"Est. reading time":"1 minute"},"schema":{"@context":"https:\/\/schema.org","@graph":[{"@type":"WebPage","@id":"https:\/\/www.zillions.nl\/product\/cassina-lc-4-zwart-leren-dek\/","url":"https:\/\/www.zillions.nl\/product\/cassina-lc-4-zwart-leren-dek\/","name":"Cassina Le Corbusier LC4 Dek Schwarz - Leder - Zillions: Neue und gebrauchte Designerm\u00f6bel und St\u00fchle","isPartOf":{"@id":"https:\/\/www.zillions.nl\/de\/#website"},"primaryImageOfPage":{"@id":"https:\/\/www.zillions.nl\/product\/cassina-lc-4-zwart-leren-dek\/#primaryimage"},"image":{"@id":"https:\/\/www.zillions.nl\/product\/cassina-lc-4-zwart-leren-dek\/#primaryimage"},"thumbnailUrl":"https:\/\/www.zillions.nl\/wp-content\/uploads\/2025\/05\/Cassina-LC-4-Le-Corbusier-Zwart-LeerNM209106.jpg","datePublished":"2025-05-07T19:34:07+00:00","dateModified":"2026-03-28T23:10:05+00:00","breadcrumb":{"@id":"https:\/\/www.zillions.nl\/product\/cassina-lc-4-zwart-leren-dek\/#breadcrumb"},"inLanguage":"de-DE","potentialAction":[{"@type":"ReadAction","target":["https:\/\/www.zillions.nl\/product\/cassina-lc-4-zwart-leren-dek\/"]}]},{"@type":"ImageObject","inLanguage":"de-DE","@id":"https:\/\/www.zillions.nl\/product\/cassina-lc-4-zwart-leren-dek\/#primaryimage","url":"https:\/\/www.zillions.nl\/wp-content\/uploads\/2025\/05\/Cassina-LC-4-Le-Corbusier-Zwart-LeerNM209106.jpg","contentUrl":"https:\/\/www.zillions.nl\/wp-content\/uploads\/2025\/05\/Cassina-LC-4-Le-Corbusier-Zwart-LeerNM209106.jpg","width":1080,"height":1080},{"@type":"BreadcrumbList","@id":"https:\/\/www.zillions.nl\/product\/cassina-lc-4-zwart-leren-dek\/#breadcrumb","itemListElement":[{"@type":"ListItem","position":1,"name":"Home","item":"https:\/\/www.zillions.nl\/"},{"@type":"ListItem","position":2,"name":"Shop","item":"https:\/\/www.zillions.nl\/shop\/"},{"@type":"ListItem","position":3,"name":"Cassina Le Corbusier Lc4 Dek Zwart &#8211; Leer"}]},{"@type":"WebSite","@id":"https:\/\/www.zillions.nl\/de\/#website","url":"https:\/\/www.zillions.nl\/de\/","name":"Zillionen: neue und gebrauchte Designerm\u00f6bel und St\u00fchle","description":"Willkommen bei Zillions: Zillions ist auf neue und gebrauchte Designm\u00f6bel und St\u00fchle spezialisiert.","publisher":{"@id":"https:\/\/www.zillions.nl\/de\/#organization"},"potentialAction":[{"@type":"SearchAction","target":{"@type":"EntryPoint","urlTemplate":"https:\/\/www.zillions.nl\/de\/?s={search_term_string}"},"query-input":{"@type":"PropertyValueSpecification","valueRequired":true,"valueName":"search_term_string"}}],"inLanguage":"de-DE"},{"@type":"Organization","@id":"https:\/\/www.zillions.nl\/de\/#organization","name":"Zillionen: neue und gebrauchte Designerm\u00f6bel und St\u00fchle","url":"https:\/\/www.zillions.nl\/de\/","logo":{"@type":"ImageObject","inLanguage":"de-DE","@id":"https:\/\/www.zillions.nl\/de\/#\/schema\/logo\/image\/","url":"https:\/\/www.zillions.nl\/wp-content\/uploads\/2022\/11\/zillions.svg","contentUrl":"https:\/\/www.zillions.nl\/wp-content\/uploads\/2022\/11\/zillions.svg","width":208,"height":53,"caption":"Zillions: nieuw en gebruikt design meubilair en stoelen"},"image":{"@id":"https:\/\/www.zillions.nl\/de\/#\/schema\/logo\/image\/"}}]}},"_links":{"self":[{"href":"https:\/\/www.zillions.nl\/de\/wp-json\/wp\/v2\/product\/15671","targetHints":{"allow":["GET"]}}],"collection":[{"href":"https:\/\/www.zillions.nl\/de\/wp-json\/wp\/v2\/product"}],"about":[{"href":"https:\/\/www.zillions.nl\/de\/wp-json\/wp\/v2\/types\/product"}],"wp:featuredmedia":[{"embeddable":true,"href":"https:\/\/www.zillions.nl\/de\/wp-json\/wp\/v2\/media\/15672"}],"wp:attachment":[{"href":"https:\/\/www.zillions.nl\/de\/wp-json\/wp\/v2\/media?parent=15671"}],"wp:term":[{"taxonomy":"product_brand","embeddable":true,"href":"https:\/\/www.zillions.nl\/de\/wp-json\/wp\/v2\/product_brand?post=15671"},{"taxonomy":"product_cat","embeddable":true,"href":"https:\/\/www.zillions.nl\/de\/wp-json\/wp\/v2\/product_cat?post=15671"},{"taxonomy":"product_tag","embeddable":true,"href":"https:\/\/www.zillions.nl\/de\/wp-json\/wp\/v2\/product_tag?post=15671"}],"curies":[{"name":"wp","href":"https:\/\/api.w.org\/{rel}","templated":true}]}}