{"id":15461,"date":"2025-04-19T21:15:24","date_gmt":"2025-04-19T19:15:24","guid":{"rendered":"https:\/\/www.zillions.nl\/?post_type=product&#038;p=15461"},"modified":"2025-06-24T21:04:14","modified_gmt":"2025-06-24T19:04:14","slug":"leolux-elixir-fauteuil-lichtgrijs-leer-gepolijst","status":"publish","type":"product","link":"https:\/\/www.zillions.nl\/de\/product\/leolux-elixir-fauteuil-lichtgrijs-leer-gepolijst\/","title":{"rendered":"Leolux Elixir Sessel Hellgraues Leder \u2013 Poliert"},"content":{"rendered":"<p style=\"font-weight: 400;\">Leolux Elixir Sessel in hellgrauem Leder \u2013 Basis aus poliertem Aluminium<\/p>\n<p style=\"font-weight: 400;\">Dieser verstellbare Leolux Elixir-Sessel, entworfen von Hugo de Ruiter, besteht aus grauem Leder mit einem Untergestell aus poliertem Aluminium. Der Sessel verf\u00fcgt \u00fcber ein loses Kopfkissen in einem dunkleren Grauton, das f\u00fcr einen dezenten Kontrast sorgt. Die R\u00fcckenlehne l\u00e4sst sich bequem \u00fcber einen Hebel stufenlos verstellen und der obere Teil auf Wunsch nach vorne neigen. Diese cleveren Features, kombiniert mit der Verwendung hochwertiger Materialien, sorgen f\u00fcr angenehmen Sitzkomfort und machen den Sessel zu einer eleganten und funktionalen Wahl f\u00fcr jedes Interieur. Der Sessel ist 100% Original und verf\u00fcgt \u00fcber alle Echtheitsmerkmale.<\/p>\n<p style=\"font-weight: 400;\"><strong>Zustand:<\/strong> Zustand im Ausstellungsraum; im Neuzustand<\/p>\n<p style=\"font-weight: 400;\"><strong>Lieferung ab Lager<\/strong><\/p>\n<p style=\"font-weight: 400;\"><strong>Hinweis: <\/strong>Die angezeigten Preise sind <u>pro St\u00fcck<\/u>!<\/p>\n<p style=\"font-weight: 400;\">Spezifikationen:<br \/>\n<strong>Sitz:<\/strong> Leder, hellgrau<br \/>\n<strong>Base:<\/strong> Aluminium, poliert<br \/>\n<strong>Sitzh\u00f6he:<\/strong>\u00a041 cm<br \/>\n<strong>Sitztiefe:<\/strong>\u00a052 cm<br \/>\n<strong>Volle H\u00f6he:<\/strong>\u00a0102 cm<br \/>\n<strong>Volle Breite:<\/strong>\u00a077 cm<br \/>\n<strong>Volle Tiefe:<\/strong>\u00a080 cm<\/p>\n<p style=\"font-weight: 400;\">Wenn Sie Fragen haben oder einen unverbindlichen Besichtigungstermin vereinbaren m\u00f6chten, k\u00f6nnen Sie sich gerne an uns wenden. Lieferung durch unseren eigenen Lieferservice m\u00f6glich! Besuchen Sie unsere Website f\u00fcr viele weitere Designartikel!<\/p>\n<p style=\"font-weight: 400;\"><strong>Kontaktdaten (Besuch nach Vereinbarung):<\/strong><br \/>\nIndustrieweg 21<br \/>\n4131NK Vianen<br \/>\ninfo@zillions.nl<br \/>\n030 20 72 146<\/p>","protected":false},"excerpt":{"rendered":"<p>Leolux Elixir fauteuil in lichtgrijs leder &#8211; gepolijst aluminium onderstel Deze verstelbare Leolux Elixir fauteuil, ontworpen door Hugo de Ruiter, is uitgevoerd in grijs leder met een gepolijst aluminium onderstel. De fauteuil is voorzien van een los hoofdkussen in een donkerdere grijstint, wat zorgt voor een subtiel contrast. De rugleuning is traploos verstelbaar met een [&hellip;]<\/p>\n","protected":false},"featured_media":16516,"template":"","meta":{"_acf_changed":false},"product_brand":[225],"product_cat":[16,188],"product_tag":[325],"class_list":{"0":"post-15461","1":"product","2":"type-product","3":"status-publish","4":"has-post-thumbnail","6":"product_brand-leolux","7":"product_cat-alle-producten","8":"product_cat-fauteuils","9":"product_tag-leolux","10":"pa_brands-leolux","12":"first","13":"instock","14":"purchasable","15":"product-type-simple"},"acf":[],"yoast_head":"<!-- This site is optimized with the Yoast SEO plugin v27.5 - https:\/\/yoast.com\/product\/yoast-seo-wordpress\/ -->\n<title>Leolux Elixir Fauteuil Lichtgrijs Leer - Gepolijst<\/title>\n<meta name=\"description\" content=\"Leolux Elixir fauteuil in lichtgrijs leder - gepolijst | Eenvoudig te bestellen via onze webshop. Ontdek dit model en vele anderen in ons ruime assortiment!\" \/>\n<meta name=\"robots\" content=\"index, follow, max-snippet:-1, max-image-preview:large, max-video-preview:-1\" \/>\n<link rel=\"canonical\" href=\"https:\/\/www.zillions.nl\/de\/product\/leolux-elixir-fauteuil-lichtgrijs-leer-gepolijst\/\" \/>\n<meta property=\"og:locale\" content=\"de_DE\" \/>\n<meta property=\"og:type\" content=\"article\" \/>\n<meta property=\"og:title\" content=\"Leolux Elixir Fauteuil Lichtgrijs Leer - Gepolijst\" \/>\n<meta property=\"og:description\" content=\"Leolux Elixir fauteuil in lichtgrijs leder - gepolijst | Eenvoudig te bestellen via onze webshop. Ontdek dit model en vele anderen in ons ruime assortiment!\" \/>\n<meta property=\"og:url\" content=\"https:\/\/www.zillions.nl\/de\/product\/leolux-elixir-fauteuil-lichtgrijs-leer-gepolijst\/\" \/>\n<meta property=\"og:site_name\" content=\"Zillions: nieuw en gebruikt design meubilair en stoelen\" \/>\n<meta property=\"article:modified_time\" content=\"2025-06-24T19:04:14+00:00\" \/>\n<meta property=\"og:image\" content=\"https:\/\/www.zillions.nl\/wp-content\/uploads\/2025\/04\/Leolux-Elixir-lichtgrijs-Joey-13-4-2025-328.jpg\" \/>\n\t<meta property=\"og:image:width\" content=\"1080\" \/>\n\t<meta property=\"og:image:height\" content=\"1080\" \/>\n\t<meta property=\"og:image:type\" content=\"image\/jpeg\" \/>\n<meta name=\"twitter:card\" content=\"summary_large_image\" \/>\n<meta name=\"twitter:label1\" content=\"Est. reading time\" \/>\n\t<meta name=\"twitter:data1\" content=\"2 minutes\" \/>\n<script type=\"application\/ld+json\" class=\"yoast-schema-graph\">{\"@context\":\"https:\\\/\\\/schema.org\",\"@graph\":[{\"@type\":\"WebPage\",\"@id\":\"https:\\\/\\\/www.zillions.nl\\\/product\\\/leolux-elixir-fauteuil-lichtgrijs-leer-gepolijst\\\/\",\"url\":\"https:\\\/\\\/www.zillions.nl\\\/product\\\/leolux-elixir-fauteuil-lichtgrijs-leer-gepolijst\\\/\",\"name\":\"Leolux Elixir Fauteuil Lichtgrijs Leer - Gepolijst\",\"isPartOf\":{\"@id\":\"https:\\\/\\\/www.zillions.nl\\\/de\\\/#website\"},\"primaryImageOfPage\":{\"@id\":\"https:\\\/\\\/www.zillions.nl\\\/product\\\/leolux-elixir-fauteuil-lichtgrijs-leer-gepolijst\\\/#primaryimage\"},\"image\":{\"@id\":\"https:\\\/\\\/www.zillions.nl\\\/product\\\/leolux-elixir-fauteuil-lichtgrijs-leer-gepolijst\\\/#primaryimage\"},\"thumbnailUrl\":\"https:\\\/\\\/www.zillions.nl\\\/wp-content\\\/uploads\\\/2025\\\/04\\\/Leolux-Elixir-lichtgrijs-Joey-13-4-2025-328.jpg\",\"datePublished\":\"2025-04-19T19:15:24+00:00\",\"dateModified\":\"2025-06-24T19:04:14+00:00\",\"description\":\"Leolux Elixir fauteuil in lichtgrijs leder - gepolijst | Eenvoudig te bestellen via onze webshop. Ontdek dit model en vele anderen in ons ruime assortiment!\",\"breadcrumb\":{\"@id\":\"https:\\\/\\\/www.zillions.nl\\\/product\\\/leolux-elixir-fauteuil-lichtgrijs-leer-gepolijst\\\/#breadcrumb\"},\"inLanguage\":\"de-DE\",\"potentialAction\":[{\"@type\":\"ReadAction\",\"target\":[\"https:\\\/\\\/www.zillions.nl\\\/product\\\/leolux-elixir-fauteuil-lichtgrijs-leer-gepolijst\\\/\"]}]},{\"@type\":\"ImageObject\",\"inLanguage\":\"de-DE\",\"@id\":\"https:\\\/\\\/www.zillions.nl\\\/product\\\/leolux-elixir-fauteuil-lichtgrijs-leer-gepolijst\\\/#primaryimage\",\"url\":\"https:\\\/\\\/www.zillions.nl\\\/wp-content\\\/uploads\\\/2025\\\/04\\\/Leolux-Elixir-lichtgrijs-Joey-13-4-2025-328.jpg\",\"contentUrl\":\"https:\\\/\\\/www.zillions.nl\\\/wp-content\\\/uploads\\\/2025\\\/04\\\/Leolux-Elixir-lichtgrijs-Joey-13-4-2025-328.jpg\",\"width\":1080,\"height\":1080},{\"@type\":\"BreadcrumbList\",\"@id\":\"https:\\\/\\\/www.zillions.nl\\\/product\\\/leolux-elixir-fauteuil-lichtgrijs-leer-gepolijst\\\/#breadcrumb\",\"itemListElement\":[{\"@type\":\"ListItem\",\"position\":1,\"name\":\"Home\",\"item\":\"https:\\\/\\\/www.zillions.nl\\\/\"},{\"@type\":\"ListItem\",\"position\":2,\"name\":\"Shop\",\"item\":\"https:\\\/\\\/www.zillions.nl\\\/shop\\\/\"},{\"@type\":\"ListItem\",\"position\":3,\"name\":\"Leolux Elixir Fauteuil Lichtgrijs Leer &#8211; Gepolijst\"}]},{\"@type\":\"WebSite\",\"@id\":\"https:\\\/\\\/www.zillions.nl\\\/de\\\/#website\",\"url\":\"https:\\\/\\\/www.zillions.nl\\\/de\\\/\",\"name\":\"Zillions: nieuw en gebruikt design meubilair en stoelen\",\"description\":\"Welkom bij Zillions: Zillions is gespecialiseerd in nieuw en gebruikt design meubilair en stoelen.\",\"publisher\":{\"@id\":\"https:\\\/\\\/www.zillions.nl\\\/de\\\/#organization\"},\"potentialAction\":[{\"@type\":\"SearchAction\",\"target\":{\"@type\":\"EntryPoint\",\"urlTemplate\":\"https:\\\/\\\/www.zillions.nl\\\/de\\\/?s={search_term_string}\"},\"query-input\":{\"@type\":\"PropertyValueSpecification\",\"valueRequired\":true,\"valueName\":\"search_term_string\"}}],\"inLanguage\":\"de-DE\"},{\"@type\":\"Organization\",\"@id\":\"https:\\\/\\\/www.zillions.nl\\\/de\\\/#organization\",\"name\":\"Zillions: nieuw en gebruikt design meubilair en stoelen\",\"url\":\"https:\\\/\\\/www.zillions.nl\\\/de\\\/\",\"logo\":{\"@type\":\"ImageObject\",\"inLanguage\":\"de-DE\",\"@id\":\"https:\\\/\\\/www.zillions.nl\\\/de\\\/#\\\/schema\\\/logo\\\/image\\\/\",\"url\":\"https:\\\/\\\/www.zillions.nl\\\/wp-content\\\/uploads\\\/2022\\\/11\\\/zillions.svg\",\"contentUrl\":\"https:\\\/\\\/www.zillions.nl\\\/wp-content\\\/uploads\\\/2022\\\/11\\\/zillions.svg\",\"width\":208,\"height\":53,\"caption\":\"Zillions: nieuw en gebruikt design meubilair en stoelen\"},\"image\":{\"@id\":\"https:\\\/\\\/www.zillions.nl\\\/de\\\/#\\\/schema\\\/logo\\\/image\\\/\"}}]}<\/script>\n<!-- \/ Yoast SEO plugin. -->","yoast_head_json":{"title":"Leolux Elixir Sessel Hellgraues Leder - Poliert","description":"Leolux Elixir Sessel in hellgrauem Leder \u2013 poliert | Bestellen Sie bequem in unserem Webshop. Entdecken Sie dieses und viele weitere Modelle aus unserem umfangreichen Sortiment!","robots":{"index":"index","follow":"follow","max-snippet":"max-snippet:-1","max-image-preview":"max-image-preview:large","max-video-preview":"max-video-preview:-1"},"canonical":"https:\/\/www.zillions.nl\/de\/product\/leolux-elixir-fauteuil-lichtgrijs-leer-gepolijst\/","og_locale":"de_DE","og_type":"article","og_title":"Leolux Elixir Fauteuil Lichtgrijs Leer - Gepolijst","og_description":"Leolux Elixir fauteuil in lichtgrijs leder - gepolijst | Eenvoudig te bestellen via onze webshop. Ontdek dit model en vele anderen in ons ruime assortiment!","og_url":"https:\/\/www.zillions.nl\/de\/product\/leolux-elixir-fauteuil-lichtgrijs-leer-gepolijst\/","og_site_name":"Zillions: nieuw en gebruikt design meubilair en stoelen","article_modified_time":"2025-06-24T19:04:14+00:00","og_image":[{"width":1080,"height":1080,"url":"https:\/\/www.zillions.nl\/wp-content\/uploads\/2025\/04\/Leolux-Elixir-lichtgrijs-Joey-13-4-2025-328.jpg","type":"image\/jpeg"}],"twitter_card":"summary_large_image","twitter_misc":{"Est. reading time":"2 minutes"},"schema":{"@context":"https:\/\/schema.org","@graph":[{"@type":"WebPage","@id":"https:\/\/www.zillions.nl\/product\/leolux-elixir-fauteuil-lichtgrijs-leer-gepolijst\/","url":"https:\/\/www.zillions.nl\/product\/leolux-elixir-fauteuil-lichtgrijs-leer-gepolijst\/","name":"Leolux Elixir Sessel Hellgraues Leder - Poliert","isPartOf":{"@id":"https:\/\/www.zillions.nl\/de\/#website"},"primaryImageOfPage":{"@id":"https:\/\/www.zillions.nl\/product\/leolux-elixir-fauteuil-lichtgrijs-leer-gepolijst\/#primaryimage"},"image":{"@id":"https:\/\/www.zillions.nl\/product\/leolux-elixir-fauteuil-lichtgrijs-leer-gepolijst\/#primaryimage"},"thumbnailUrl":"https:\/\/www.zillions.nl\/wp-content\/uploads\/2025\/04\/Leolux-Elixir-lichtgrijs-Joey-13-4-2025-328.jpg","datePublished":"2025-04-19T19:15:24+00:00","dateModified":"2025-06-24T19:04:14+00:00","description":"Leolux Elixir Sessel in hellgrauem Leder \u2013 poliert | Bestellen Sie bequem in unserem Webshop. Entdecken Sie dieses und viele weitere Modelle aus unserem umfangreichen Sortiment!","breadcrumb":{"@id":"https:\/\/www.zillions.nl\/product\/leolux-elixir-fauteuil-lichtgrijs-leer-gepolijst\/#breadcrumb"},"inLanguage":"de-DE","potentialAction":[{"@type":"ReadAction","target":["https:\/\/www.zillions.nl\/product\/leolux-elixir-fauteuil-lichtgrijs-leer-gepolijst\/"]}]},{"@type":"ImageObject","inLanguage":"de-DE","@id":"https:\/\/www.zillions.nl\/product\/leolux-elixir-fauteuil-lichtgrijs-leer-gepolijst\/#primaryimage","url":"https:\/\/www.zillions.nl\/wp-content\/uploads\/2025\/04\/Leolux-Elixir-lichtgrijs-Joey-13-4-2025-328.jpg","contentUrl":"https:\/\/www.zillions.nl\/wp-content\/uploads\/2025\/04\/Leolux-Elixir-lichtgrijs-Joey-13-4-2025-328.jpg","width":1080,"height":1080},{"@type":"BreadcrumbList","@id":"https:\/\/www.zillions.nl\/product\/leolux-elixir-fauteuil-lichtgrijs-leer-gepolijst\/#breadcrumb","itemListElement":[{"@type":"ListItem","position":1,"name":"Home","item":"https:\/\/www.zillions.nl\/"},{"@type":"ListItem","position":2,"name":"Shop","item":"https:\/\/www.zillions.nl\/shop\/"},{"@type":"ListItem","position":3,"name":"Leolux Elixir Fauteuil Lichtgrijs Leer &#8211; Gepolijst"}]},{"@type":"WebSite","@id":"https:\/\/www.zillions.nl\/de\/#website","url":"https:\/\/www.zillions.nl\/de\/","name":"Zillionen: neue und gebrauchte Designerm\u00f6bel und St\u00fchle","description":"Willkommen bei Zillions: Zillions ist auf neue und gebrauchte Designm\u00f6bel und St\u00fchle spezialisiert.","publisher":{"@id":"https:\/\/www.zillions.nl\/de\/#organization"},"potentialAction":[{"@type":"SearchAction","target":{"@type":"EntryPoint","urlTemplate":"https:\/\/www.zillions.nl\/de\/?s={search_term_string}"},"query-input":{"@type":"PropertyValueSpecification","valueRequired":true,"valueName":"search_term_string"}}],"inLanguage":"de-DE"},{"@type":"Organization","@id":"https:\/\/www.zillions.nl\/de\/#organization","name":"Zillionen: neue und gebrauchte Designerm\u00f6bel und St\u00fchle","url":"https:\/\/www.zillions.nl\/de\/","logo":{"@type":"ImageObject","inLanguage":"de-DE","@id":"https:\/\/www.zillions.nl\/de\/#\/schema\/logo\/image\/","url":"https:\/\/www.zillions.nl\/wp-content\/uploads\/2022\/11\/zillions.svg","contentUrl":"https:\/\/www.zillions.nl\/wp-content\/uploads\/2022\/11\/zillions.svg","width":208,"height":53,"caption":"Zillions: nieuw en gebruikt design meubilair en stoelen"},"image":{"@id":"https:\/\/www.zillions.nl\/de\/#\/schema\/logo\/image\/"}}]}},"_links":{"self":[{"href":"https:\/\/www.zillions.nl\/de\/wp-json\/wp\/v2\/product\/15461","targetHints":{"allow":["GET"]}}],"collection":[{"href":"https:\/\/www.zillions.nl\/de\/wp-json\/wp\/v2\/product"}],"about":[{"href":"https:\/\/www.zillions.nl\/de\/wp-json\/wp\/v2\/types\/product"}],"wp:featuredmedia":[{"embeddable":true,"href":"https:\/\/www.zillions.nl\/de\/wp-json\/wp\/v2\/media\/16516"}],"wp:attachment":[{"href":"https:\/\/www.zillions.nl\/de\/wp-json\/wp\/v2\/media?parent=15461"}],"wp:term":[{"taxonomy":"product_brand","embeddable":true,"href":"https:\/\/www.zillions.nl\/de\/wp-json\/wp\/v2\/product_brand?post=15461"},{"taxonomy":"product_cat","embeddable":true,"href":"https:\/\/www.zillions.nl\/de\/wp-json\/wp\/v2\/product_cat?post=15461"},{"taxonomy":"product_tag","embeddable":true,"href":"https:\/\/www.zillions.nl\/de\/wp-json\/wp\/v2\/product_tag?post=15461"}],"curies":[{"name":"wp","href":"https:\/\/api.w.org\/{rel}","templated":true}]}}