{"id":15165,"date":"2025-03-26T22:43:41","date_gmt":"2025-03-26T21:43:41","guid":{"rendered":"https:\/\/www.zillions.nl\/?post_type=product&#038;p=15165"},"modified":"2025-12-29T19:13:44","modified_gmt":"2025-12-29T18:13:44","slug":"vitra-hella-jongerius-poldersofa-ottoman-sea-greens","status":"publish","type":"product","link":"https:\/\/www.zillions.nl\/de\/product\/vitra-hella-jongerius-poldersofa-ottoman-sea-greens\/","title":{"rendered":"Vitra Hella Jongerius Polder Sofa &amp; Ottoman \u2013 Meeresgr\u00fcn"},"content":{"rendered":"<p style=\"font-weight: 400;\">Vitra Hella Jongerius Polder Sofa und Ottomane in Meeresgr\u00fcn<\/p>\n<p style=\"font-weight: 400;\">Dieses Polder Sofa von Vitra, entworfen von Hella Jongerius, ist im Farbschema \u201eThe Sea Greens\u201c erh\u00e4ltlich, mit Kissen in sorgf\u00e4ltig aufeinander abgestimmten Gr\u00fcnt\u00f6nen. Der helle Knopfsatz sorgt f\u00fcr einen subtilen Kontrast, der zusammen mit der asymmetrischen Form zu einem einzigartigen und dynamischen Look beitr\u00e4gt. Durch die Kombination aus Komfort und markantem Design eignet sich das Sofa hervorragend f\u00fcr eine Inneneinrichtung, in der Funktionalit\u00e4t und Stil zusammenkommen. Das Polder Sofa und der Ottoman sind 100%-Originale und mit allen Authentizit\u00e4tsmerkmalen ausgestattet.<\/p>\n<p>Aus \u00dcberbestand gekauft, einmaliges Angebot, WEG=WEG!<\/p>\n<p><strong>Zustand:<\/strong>\u00a0neu; 100% neu, unbenutzt.<\/p>\n<p><strong>Lieferung ab Lager<\/strong><\/p>\n<p><strong>Hinweis:\u00a0<\/strong>Die angezeigten Preise sind\u00a0<u>pro St\u00fcck<\/u>!<\/p>\n<p style=\"font-weight: 400;\">Spezifikationen:<br \/>\n<u>Polder Sofa<\/u><br \/>\n<strong>Sitz:<\/strong>\u00a0Stoffmix, The Sea Greens<br \/>\n<strong>Rahmen:<\/strong>\u00a0Holz<br \/>\n<strong>Armlehne:<\/strong>\u00a015 cm hoch; Rechts<br \/>\n<strong>R\u00fcckenlehne:<\/strong>\u00a047 cm hoch<br \/>\n<strong>Sitzh\u00f6he:<\/strong>\u00a035 cm<br \/>\n<strong>Sitzbreite:<\/strong>\u00a0196 cm<br \/>\n<strong>Volle H\u00f6he:<\/strong>\u00a082 cm<br \/>\n<strong>Volle Breite:<\/strong>\u00a0260 cm<br \/>\n<strong>Volle Tiefe:\u00a0<\/strong>97 cm<\/p>\n<p style=\"font-weight: 400;\"><u>Ottomane:<\/u><br \/>\n<strong>H\u00f6he: <\/strong>35 cm<br \/>\n<strong>Breite:\u00a0<\/strong>83 cm<br \/>\n<strong>Tiefe:\u00a0<\/strong>64 cm<\/p>\n<p style=\"font-weight: 400;\">Wenn Sie Fragen haben oder einen unverbindlichen Besichtigungstermin vereinbaren m\u00f6chten, k\u00f6nnen Sie sich gerne an uns wenden. Lieferung durch unseren eigenen Lieferservice m\u00f6glich! Besuchen Sie unsere Website f\u00fcr viele weitere Designartikel!<\/p>\n<p style=\"font-weight: 400;\"><strong>Kontaktdaten (Besuch nach Vereinbarung):<\/strong><br \/>\nIndustrieweg 21<br \/>\n4131NK Vianen<br \/>\ninfo@zillions.nl<br \/>\n030 20 72 146<\/p>","protected":false},"excerpt":{"rendered":"<p>Vitra Hella Jongerius Polder Sofa &amp; Ottoman in Sea Greens Deze Polder Sofa van Vitra, ontworpen door Hella Jongerius, is uitgevoerd in de kleurstelling The Sea Greens, met kussens in zorgvuldig op elkaar afgestemde groentinten. De lichte knopen set zorgt voor een subtiel contrast, dat samen met de asymmetrische vorm bijdraagt aan een unieke en [&hellip;]<\/p>\n","protected":false},"featured_media":15167,"template":"","meta":{"_acf_changed":false},"product_brand":[202],"product_cat":[16,189],"product_tag":[322],"class_list":{"0":"post-15165","1":"product","2":"type-product","3":"status-publish","4":"has-post-thumbnail","6":"product_brand-vitra","7":"product_cat-alle-producten","8":"product_cat-banken","9":"product_tag-vitra","10":"pa_brands-vitra","12":"first","13":"outofstock","14":"sale","15":"purchasable","16":"product-type-simple"},"acf":[],"yoast_head":"<!-- This site is optimized with the Yoast SEO plugin v27.5 - https:\/\/yoast.com\/product\/yoast-seo-wordpress\/ -->\n<title>Vitra Hella Jongerius Poldersofa &amp; Ottoman - Sea Greens<\/title>\n<meta name=\"description\" content=\"Vitra Hella Jongerius Polder Sofa &amp; Ottoman nieuw! | Eenvoudig te bestellen via onze webshop. Ontdek dit model en vele anderen in ons ruime assortiment!\" \/>\n<meta name=\"robots\" content=\"index, follow, max-snippet:-1, max-image-preview:large, max-video-preview:-1\" \/>\n<link rel=\"canonical\" href=\"https:\/\/www.zillions.nl\/de\/product\/vitra-hella-jongerius-poldersofa-ottoman-sea-greens\/\" \/>\n<meta property=\"og:locale\" content=\"de_DE\" \/>\n<meta property=\"og:type\" content=\"article\" \/>\n<meta property=\"og:title\" content=\"Vitra Hella Jongerius Poldersofa &amp; Ottoman - Sea Greens\" \/>\n<meta property=\"og:description\" content=\"Vitra Hella Jongerius Polder Sofa &amp; Ottoman nieuw! | Eenvoudig te bestellen via onze webshop. Ontdek dit model en vele anderen in ons ruime assortiment!\" \/>\n<meta property=\"og:url\" content=\"https:\/\/www.zillions.nl\/de\/product\/vitra-hella-jongerius-poldersofa-ottoman-sea-greens\/\" \/>\n<meta property=\"og:site_name\" content=\"Zillions: nieuw en gebruikt design meubilair en stoelen\" \/>\n<meta property=\"article:modified_time\" content=\"2025-12-29T18:13:44+00:00\" \/>\n<meta property=\"og:image\" content=\"https:\/\/www.zillions.nl\/wp-content\/uploads\/2025\/03\/Scherm\u00adafbeelding-2025-03-26-om-19.47.05.png\" \/>\n\t<meta property=\"og:image:width\" content=\"1680\" \/>\n\t<meta property=\"og:image:height\" content=\"1052\" \/>\n\t<meta property=\"og:image:type\" content=\"image\/png\" \/>\n<meta name=\"twitter:card\" content=\"summary_large_image\" \/>\n<meta name=\"twitter:label1\" content=\"Est. reading time\" \/>\n\t<meta name=\"twitter:data1\" content=\"2 minutes\" \/>\n<script type=\"application\/ld+json\" class=\"yoast-schema-graph\">{\"@context\":\"https:\\\/\\\/schema.org\",\"@graph\":[{\"@type\":\"WebPage\",\"@id\":\"https:\\\/\\\/www.zillions.nl\\\/product\\\/vitra-hella-jongerius-poldersofa-ottoman-sea-greens\\\/\",\"url\":\"https:\\\/\\\/www.zillions.nl\\\/product\\\/vitra-hella-jongerius-poldersofa-ottoman-sea-greens\\\/\",\"name\":\"Vitra Hella Jongerius Poldersofa &amp; Ottoman - Sea Greens\",\"isPartOf\":{\"@id\":\"https:\\\/\\\/www.zillions.nl\\\/de\\\/#website\"},\"primaryImageOfPage\":{\"@id\":\"https:\\\/\\\/www.zillions.nl\\\/product\\\/vitra-hella-jongerius-poldersofa-ottoman-sea-greens\\\/#primaryimage\"},\"image\":{\"@id\":\"https:\\\/\\\/www.zillions.nl\\\/product\\\/vitra-hella-jongerius-poldersofa-ottoman-sea-greens\\\/#primaryimage\"},\"thumbnailUrl\":\"https:\\\/\\\/www.zillions.nl\\\/wp-content\\\/uploads\\\/2025\\\/03\\\/Scherm\u00adafbeelding-2025-03-26-om-19.47.05.png\",\"datePublished\":\"2025-03-26T21:43:41+00:00\",\"dateModified\":\"2025-12-29T18:13:44+00:00\",\"description\":\"Vitra Hella Jongerius Polder Sofa & Ottoman nieuw! | Eenvoudig te bestellen via onze webshop. Ontdek dit model en vele anderen in ons ruime assortiment!\",\"breadcrumb\":{\"@id\":\"https:\\\/\\\/www.zillions.nl\\\/product\\\/vitra-hella-jongerius-poldersofa-ottoman-sea-greens\\\/#breadcrumb\"},\"inLanguage\":\"de-DE\",\"potentialAction\":[{\"@type\":\"ReadAction\",\"target\":[\"https:\\\/\\\/www.zillions.nl\\\/product\\\/vitra-hella-jongerius-poldersofa-ottoman-sea-greens\\\/\"]}]},{\"@type\":\"ImageObject\",\"inLanguage\":\"de-DE\",\"@id\":\"https:\\\/\\\/www.zillions.nl\\\/product\\\/vitra-hella-jongerius-poldersofa-ottoman-sea-greens\\\/#primaryimage\",\"url\":\"https:\\\/\\\/www.zillions.nl\\\/wp-content\\\/uploads\\\/2025\\\/03\\\/Scherm\u00adafbeelding-2025-03-26-om-19.47.05.png\",\"contentUrl\":\"https:\\\/\\\/www.zillions.nl\\\/wp-content\\\/uploads\\\/2025\\\/03\\\/Scherm\u00adafbeelding-2025-03-26-om-19.47.05.png\",\"width\":1680,\"height\":1052},{\"@type\":\"BreadcrumbList\",\"@id\":\"https:\\\/\\\/www.zillions.nl\\\/product\\\/vitra-hella-jongerius-poldersofa-ottoman-sea-greens\\\/#breadcrumb\",\"itemListElement\":[{\"@type\":\"ListItem\",\"position\":1,\"name\":\"Home\",\"item\":\"https:\\\/\\\/www.zillions.nl\\\/\"},{\"@type\":\"ListItem\",\"position\":2,\"name\":\"Shop\",\"item\":\"https:\\\/\\\/www.zillions.nl\\\/shop\\\/\"},{\"@type\":\"ListItem\",\"position\":3,\"name\":\"Vitra Hella Jongerius Poldersofa &amp; Ottoman &#8211; Sea Greens\"}]},{\"@type\":\"WebSite\",\"@id\":\"https:\\\/\\\/www.zillions.nl\\\/de\\\/#website\",\"url\":\"https:\\\/\\\/www.zillions.nl\\\/de\\\/\",\"name\":\"Zillions: nieuw en gebruikt design meubilair en stoelen\",\"description\":\"Welkom bij Zillions: Zillions is gespecialiseerd in nieuw en gebruikt design meubilair en stoelen.\",\"publisher\":{\"@id\":\"https:\\\/\\\/www.zillions.nl\\\/de\\\/#organization\"},\"potentialAction\":[{\"@type\":\"SearchAction\",\"target\":{\"@type\":\"EntryPoint\",\"urlTemplate\":\"https:\\\/\\\/www.zillions.nl\\\/de\\\/?s={search_term_string}\"},\"query-input\":{\"@type\":\"PropertyValueSpecification\",\"valueRequired\":true,\"valueName\":\"search_term_string\"}}],\"inLanguage\":\"de-DE\"},{\"@type\":\"Organization\",\"@id\":\"https:\\\/\\\/www.zillions.nl\\\/de\\\/#organization\",\"name\":\"Zillions: nieuw en gebruikt design meubilair en stoelen\",\"url\":\"https:\\\/\\\/www.zillions.nl\\\/de\\\/\",\"logo\":{\"@type\":\"ImageObject\",\"inLanguage\":\"de-DE\",\"@id\":\"https:\\\/\\\/www.zillions.nl\\\/de\\\/#\\\/schema\\\/logo\\\/image\\\/\",\"url\":\"https:\\\/\\\/www.zillions.nl\\\/wp-content\\\/uploads\\\/2022\\\/11\\\/zillions.svg\",\"contentUrl\":\"https:\\\/\\\/www.zillions.nl\\\/wp-content\\\/uploads\\\/2022\\\/11\\\/zillions.svg\",\"width\":208,\"height\":53,\"caption\":\"Zillions: nieuw en gebruikt design meubilair en stoelen\"},\"image\":{\"@id\":\"https:\\\/\\\/www.zillions.nl\\\/de\\\/#\\\/schema\\\/logo\\\/image\\\/\"}}]}<\/script>\n<!-- \/ Yoast SEO plugin. -->","yoast_head_json":{"title":"Vitra Hella Jongerius Polder Sofa &amp; Ottomane \u2013 Meeresgr\u00fcn","description":"Neu: Vitra Hella Jongerius Polder Sofa &amp; Hocker! | Bestellen Sie bequem in unserem Webshop. Entdecken Sie dieses und viele weitere Modelle aus unserem umfangreichen Sortiment!","robots":{"index":"index","follow":"follow","max-snippet":"max-snippet:-1","max-image-preview":"max-image-preview:large","max-video-preview":"max-video-preview:-1"},"canonical":"https:\/\/www.zillions.nl\/de\/product\/vitra-hella-jongerius-poldersofa-ottoman-sea-greens\/","og_locale":"de_DE","og_type":"article","og_title":"Vitra Hella Jongerius Poldersofa &amp; Ottoman - Sea Greens","og_description":"Vitra Hella Jongerius Polder Sofa & Ottoman nieuw! | Eenvoudig te bestellen via onze webshop. Ontdek dit model en vele anderen in ons ruime assortiment!","og_url":"https:\/\/www.zillions.nl\/de\/product\/vitra-hella-jongerius-poldersofa-ottoman-sea-greens\/","og_site_name":"Zillions: nieuw en gebruikt design meubilair en stoelen","article_modified_time":"2025-12-29T18:13:44+00:00","og_image":[{"width":1680,"height":1052,"url":"https:\/\/www.zillions.nl\/wp-content\/uploads\/2025\/03\/Scherm\u00adafbeelding-2025-03-26-om-19.47.05.png","type":"image\/png"}],"twitter_card":"summary_large_image","twitter_misc":{"Est. reading time":"2 minutes"},"schema":{"@context":"https:\/\/schema.org","@graph":[{"@type":"WebPage","@id":"https:\/\/www.zillions.nl\/product\/vitra-hella-jongerius-poldersofa-ottoman-sea-greens\/","url":"https:\/\/www.zillions.nl\/product\/vitra-hella-jongerius-poldersofa-ottoman-sea-greens\/","name":"Vitra Hella Jongerius Polder Sofa &amp; Ottomane \u2013 Meeresgr\u00fcn","isPartOf":{"@id":"https:\/\/www.zillions.nl\/de\/#website"},"primaryImageOfPage":{"@id":"https:\/\/www.zillions.nl\/product\/vitra-hella-jongerius-poldersofa-ottoman-sea-greens\/#primaryimage"},"image":{"@id":"https:\/\/www.zillions.nl\/product\/vitra-hella-jongerius-poldersofa-ottoman-sea-greens\/#primaryimage"},"thumbnailUrl":"https:\/\/www.zillions.nl\/wp-content\/uploads\/2025\/03\/Scherm\u00adafbeelding-2025-03-26-om-19.47.05.png","datePublished":"2025-03-26T21:43:41+00:00","dateModified":"2025-12-29T18:13:44+00:00","description":"Neu: Vitra Hella Jongerius Polder Sofa &amp; Hocker! | Bestellen Sie bequem in unserem Webshop. Entdecken Sie dieses und viele weitere Modelle aus unserem umfangreichen Sortiment!","breadcrumb":{"@id":"https:\/\/www.zillions.nl\/product\/vitra-hella-jongerius-poldersofa-ottoman-sea-greens\/#breadcrumb"},"inLanguage":"de-DE","potentialAction":[{"@type":"ReadAction","target":["https:\/\/www.zillions.nl\/product\/vitra-hella-jongerius-poldersofa-ottoman-sea-greens\/"]}]},{"@type":"ImageObject","inLanguage":"de-DE","@id":"https:\/\/www.zillions.nl\/product\/vitra-hella-jongerius-poldersofa-ottoman-sea-greens\/#primaryimage","url":"https:\/\/www.zillions.nl\/wp-content\/uploads\/2025\/03\/Scherm\u00adafbeelding-2025-03-26-om-19.47.05.png","contentUrl":"https:\/\/www.zillions.nl\/wp-content\/uploads\/2025\/03\/Scherm\u00adafbeelding-2025-03-26-om-19.47.05.png","width":1680,"height":1052},{"@type":"BreadcrumbList","@id":"https:\/\/www.zillions.nl\/product\/vitra-hella-jongerius-poldersofa-ottoman-sea-greens\/#breadcrumb","itemListElement":[{"@type":"ListItem","position":1,"name":"Home","item":"https:\/\/www.zillions.nl\/"},{"@type":"ListItem","position":2,"name":"Shop","item":"https:\/\/www.zillions.nl\/shop\/"},{"@type":"ListItem","position":3,"name":"Vitra Hella Jongerius Poldersofa &amp; Ottoman &#8211; Sea Greens"}]},{"@type":"WebSite","@id":"https:\/\/www.zillions.nl\/de\/#website","url":"https:\/\/www.zillions.nl\/de\/","name":"Zillionen: neue und gebrauchte Designerm\u00f6bel und St\u00fchle","description":"Willkommen bei Zillions: Zillions ist auf neue und gebrauchte Designm\u00f6bel und St\u00fchle spezialisiert.","publisher":{"@id":"https:\/\/www.zillions.nl\/de\/#organization"},"potentialAction":[{"@type":"SearchAction","target":{"@type":"EntryPoint","urlTemplate":"https:\/\/www.zillions.nl\/de\/?s={search_term_string}"},"query-input":{"@type":"PropertyValueSpecification","valueRequired":true,"valueName":"search_term_string"}}],"inLanguage":"de-DE"},{"@type":"Organization","@id":"https:\/\/www.zillions.nl\/de\/#organization","name":"Zillionen: neue und gebrauchte Designerm\u00f6bel und St\u00fchle","url":"https:\/\/www.zillions.nl\/de\/","logo":{"@type":"ImageObject","inLanguage":"de-DE","@id":"https:\/\/www.zillions.nl\/de\/#\/schema\/logo\/image\/","url":"https:\/\/www.zillions.nl\/wp-content\/uploads\/2022\/11\/zillions.svg","contentUrl":"https:\/\/www.zillions.nl\/wp-content\/uploads\/2022\/11\/zillions.svg","width":208,"height":53,"caption":"Zillions: nieuw en gebruikt design meubilair en stoelen"},"image":{"@id":"https:\/\/www.zillions.nl\/de\/#\/schema\/logo\/image\/"}}]}},"_links":{"self":[{"href":"https:\/\/www.zillions.nl\/de\/wp-json\/wp\/v2\/product\/15165","targetHints":{"allow":["GET"]}}],"collection":[{"href":"https:\/\/www.zillions.nl\/de\/wp-json\/wp\/v2\/product"}],"about":[{"href":"https:\/\/www.zillions.nl\/de\/wp-json\/wp\/v2\/types\/product"}],"wp:featuredmedia":[{"embeddable":true,"href":"https:\/\/www.zillions.nl\/de\/wp-json\/wp\/v2\/media\/15167"}],"wp:attachment":[{"href":"https:\/\/www.zillions.nl\/de\/wp-json\/wp\/v2\/media?parent=15165"}],"wp:term":[{"taxonomy":"product_brand","embeddable":true,"href":"https:\/\/www.zillions.nl\/de\/wp-json\/wp\/v2\/product_brand?post=15165"},{"taxonomy":"product_cat","embeddable":true,"href":"https:\/\/www.zillions.nl\/de\/wp-json\/wp\/v2\/product_cat?post=15165"},{"taxonomy":"product_tag","embeddable":true,"href":"https:\/\/www.zillions.nl\/de\/wp-json\/wp\/v2\/product_tag?post=15165"}],"curies":[{"name":"wp","href":"https:\/\/api.w.org\/{rel}","templated":true}]}}