{"id":15079,"date":"2025-03-21T13:27:07","date_gmt":"2025-03-21T12:27:07","guid":{"rendered":"https:\/\/www.zillions.nl\/?post_type=product&#038;p=15079"},"modified":"2026-01-12T11:21:15","modified_gmt":"2026-01-12T10:21:15","slug":"leolux-bora-balanza-bank-3-zits-208cm-groen-stof-aluminium","status":"publish","type":"product","link":"https:\/\/www.zillions.nl\/de\/product\/leolux-bora-balanza-bank-3-zits-208cm-groen-stof-aluminium\/","title":{"rendered":"Leolux Bora Balanza Sofa 3-Sitzer\/208cm Gr\u00fcner Stoff \u2013 Aluminium"},"content":{"rendered":"<p style=\"font-weight: 400\">Leolux Bora Balanza 3-Sitzer-Sofa in gr\u00fcnem Stoff \u2013 Aluminiumbeine<\/p>\n<p style=\"font-weight: 400\">Dieses stilvolle 3-Sitzer-Sofa Leolux Bora Balanza, entworfen von Axel Enthoven, ist aus gr\u00fcnem Stoff gefertigt und hat Beine aus poliertem Aluminium. Das edle Design verbindet dezente Eleganz mit optimalem Sitzkomfort. Die perfekte Balance zwischen Unterst\u00fctzung und Entspannung sorgt f\u00fcr eine bequeme Sitzposition. Mit der charakteristischen Ziernaht auf der R\u00fcckseite und der hochwertigen Verarbeitung ist der Bora Balanza eine zeitlose und stilvolle Erg\u00e4nzung f\u00fcr jedes Interieur. Die Bank ist 100% Original und verf\u00fcgt \u00fcber alle Echtheitsmerkmale.<\/p>\n<p style=\"font-weight: 400\"><strong>Zustand:\u00a0<\/strong>Zustand im Ausstellungsraum; im Neuzustand<\/p>\n<p style=\"font-weight: 400\"><strong>Lieferung ab Lager<\/strong><\/p>\n<p style=\"font-weight: 400\"><strong>Hinweis:\u00a0<\/strong>Die angezeigten Preise sind\u00a0<u>pro St\u00fcck<\/u>!<\/p>\n<p style=\"font-weight: 400\">Spezifikationen:<br \/>\n<strong>Sitz:<\/strong> Stoff, gr\u00fcn<br \/>\n<strong>Freunde:<\/strong> Aluminium, poliert<br \/>\n<strong>Armlehne: <\/strong>19 cm<br \/>\n<strong>R\u00fcckenlehne:<\/strong> 55 cm<br \/>\n<strong>Sitzh\u00f6he:<\/strong>\u00a044 cm<br \/>\n<strong>Sitzbreite:<\/strong>\u00a0150 cm<br \/>\n<strong>Sitztiefe:<\/strong>\u00a055 cm<br \/>\n<strong>Volle H\u00f6he:<\/strong>\u00a090 cm<br \/>\n<strong>Volle Breite:<\/strong>\u00a0208 cm<br \/>\n<strong>Volle Tiefe:<\/strong>\u00a090 cm<\/p>\n<p style=\"font-weight: 400\">Wenn Sie Fragen haben oder einen unverbindlichen Besichtigungstermin vereinbaren m\u00f6chten, k\u00f6nnen Sie sich gerne an uns wenden. Lieferung durch unseren eigenen Lieferservice m\u00f6glich! Besuchen Sie unsere Website f\u00fcr viele weitere Designartikel!<\/p>\n<p style=\"font-weight: 400\"><strong>Kontaktdaten (Besuch nach Vereinbarung):<\/strong><br \/>\nIndustrieweg 21<br \/>\n4131NK Vianen<br \/>\ninfo@zillions.nl<br \/>\n030 20 72 146<\/p>","protected":false},"excerpt":{"rendered":"<p>Leolux Bora Balanza 3-zits bank in groene stof &#8211; aluminium poten Deze stijlvolle Leolux Bora Balanza 3-zits bank, ontworpen door Axel Enthoven, is uitgevoerd in groene stof en voorzien van gepolijste aluminium poten. Het verfijnde design combineert subtiele elegantie met optimaal zitcomfort. De perfecte balans tussen ondersteuning en ontspanning zorgt voor een aangename zithouding. Met [&hellip;]<\/p>\n","protected":false},"featured_media":15088,"template":"","meta":{"_acf_changed":false},"product_brand":[225],"product_cat":[16,189],"product_tag":[325],"class_list":{"0":"post-15079","1":"product","2":"type-product","3":"status-publish","4":"has-post-thumbnail","6":"product_brand-leolux","7":"product_cat-alle-producten","8":"product_cat-banken","9":"product_tag-leolux","10":"pa_brands-leolux","12":"first","13":"outofstock","14":"purchasable","15":"product-type-simple"},"acf":[],"yoast_head":"<!-- This site is optimized with the Yoast SEO plugin v27.5 - https:\/\/yoast.com\/product\/yoast-seo-wordpress\/ -->\n<title>Leolux Bora Balanza Bank 3-zits\/208cm Groen Stof - Aluminium<\/title>\n<meta name=\"description\" content=\"Leolux Bora Balanza 3-zits bank in groene stof | Eenvoudig te bestellen via onze webshop. Ontdek dit model en vele anderen in ons ruime assortiment!\" \/>\n<meta name=\"robots\" content=\"index, follow, max-snippet:-1, max-image-preview:large, max-video-preview:-1\" \/>\n<link rel=\"canonical\" href=\"https:\/\/www.zillions.nl\/de\/product\/leolux-bora-balanza-bank-3-zits-208cm-groen-stof-aluminium\/\" \/>\n<meta property=\"og:locale\" content=\"de_DE\" \/>\n<meta property=\"og:type\" content=\"article\" \/>\n<meta property=\"og:title\" content=\"Leolux Bora Balanza Bank 3-zits\/208cm Groen Stof - Aluminium\" \/>\n<meta property=\"og:description\" content=\"Leolux Bora Balanza 3-zits bank in groene stof | Eenvoudig te bestellen via onze webshop. Ontdek dit model en vele anderen in ons ruime assortiment!\" \/>\n<meta property=\"og:url\" content=\"https:\/\/www.zillions.nl\/de\/product\/leolux-bora-balanza-bank-3-zits-208cm-groen-stof-aluminium\/\" \/>\n<meta property=\"og:site_name\" content=\"Zillions: nieuw en gebruikt design meubilair en stoelen\" \/>\n<meta property=\"article:modified_time\" content=\"2026-01-12T10:21:15+00:00\" \/>\n<meta property=\"og:image\" content=\"https:\/\/www.zillions.nl\/wp-content\/uploads\/2025\/03\/Leolux-Bora-Balanza-Groene-stof-CAM02744.jpg\" \/>\n\t<meta property=\"og:image:width\" content=\"1080\" \/>\n\t<meta property=\"og:image:height\" content=\"1080\" \/>\n\t<meta property=\"og:image:type\" content=\"image\/jpeg\" \/>\n<meta name=\"twitter:card\" content=\"summary_large_image\" \/>\n<meta name=\"twitter:label1\" content=\"Est. reading time\" \/>\n\t<meta name=\"twitter:data1\" content=\"2 minutes\" \/>\n<script type=\"application\/ld+json\" class=\"yoast-schema-graph\">{\"@context\":\"https:\\\/\\\/schema.org\",\"@graph\":[{\"@type\":\"WebPage\",\"@id\":\"https:\\\/\\\/www.zillions.nl\\\/product\\\/leolux-bora-balanza-bank-3-zits-208cm-groen-stof-aluminium\\\/\",\"url\":\"https:\\\/\\\/www.zillions.nl\\\/product\\\/leolux-bora-balanza-bank-3-zits-208cm-groen-stof-aluminium\\\/\",\"name\":\"Leolux Bora Balanza Bank 3-zits\\\/208cm Groen Stof - Aluminium\",\"isPartOf\":{\"@id\":\"https:\\\/\\\/www.zillions.nl\\\/de\\\/#website\"},\"primaryImageOfPage\":{\"@id\":\"https:\\\/\\\/www.zillions.nl\\\/product\\\/leolux-bora-balanza-bank-3-zits-208cm-groen-stof-aluminium\\\/#primaryimage\"},\"image\":{\"@id\":\"https:\\\/\\\/www.zillions.nl\\\/product\\\/leolux-bora-balanza-bank-3-zits-208cm-groen-stof-aluminium\\\/#primaryimage\"},\"thumbnailUrl\":\"https:\\\/\\\/www.zillions.nl\\\/wp-content\\\/uploads\\\/2025\\\/03\\\/Leolux-Bora-Balanza-Groene-stof-CAM02744.jpg\",\"datePublished\":\"2025-03-21T12:27:07+00:00\",\"dateModified\":\"2026-01-12T10:21:15+00:00\",\"description\":\"Leolux Bora Balanza 3-zits bank in groene stof | Eenvoudig te bestellen via onze webshop. Ontdek dit model en vele anderen in ons ruime assortiment!\",\"breadcrumb\":{\"@id\":\"https:\\\/\\\/www.zillions.nl\\\/product\\\/leolux-bora-balanza-bank-3-zits-208cm-groen-stof-aluminium\\\/#breadcrumb\"},\"inLanguage\":\"de-DE\",\"potentialAction\":[{\"@type\":\"ReadAction\",\"target\":[\"https:\\\/\\\/www.zillions.nl\\\/product\\\/leolux-bora-balanza-bank-3-zits-208cm-groen-stof-aluminium\\\/\"]}]},{\"@type\":\"ImageObject\",\"inLanguage\":\"de-DE\",\"@id\":\"https:\\\/\\\/www.zillions.nl\\\/product\\\/leolux-bora-balanza-bank-3-zits-208cm-groen-stof-aluminium\\\/#primaryimage\",\"url\":\"https:\\\/\\\/www.zillions.nl\\\/wp-content\\\/uploads\\\/2025\\\/03\\\/Leolux-Bora-Balanza-Groene-stof-CAM02744.jpg\",\"contentUrl\":\"https:\\\/\\\/www.zillions.nl\\\/wp-content\\\/uploads\\\/2025\\\/03\\\/Leolux-Bora-Balanza-Groene-stof-CAM02744.jpg\",\"width\":1080,\"height\":1080},{\"@type\":\"BreadcrumbList\",\"@id\":\"https:\\\/\\\/www.zillions.nl\\\/product\\\/leolux-bora-balanza-bank-3-zits-208cm-groen-stof-aluminium\\\/#breadcrumb\",\"itemListElement\":[{\"@type\":\"ListItem\",\"position\":1,\"name\":\"Home\",\"item\":\"https:\\\/\\\/www.zillions.nl\\\/\"},{\"@type\":\"ListItem\",\"position\":2,\"name\":\"Shop\",\"item\":\"https:\\\/\\\/www.zillions.nl\\\/shop\\\/\"},{\"@type\":\"ListItem\",\"position\":3,\"name\":\"Leolux Bora Balanza Bank 3-zits\\\/208cm Groen Stof &#8211; Aluminium\"}]},{\"@type\":\"WebSite\",\"@id\":\"https:\\\/\\\/www.zillions.nl\\\/de\\\/#website\",\"url\":\"https:\\\/\\\/www.zillions.nl\\\/de\\\/\",\"name\":\"Zillions: nieuw en gebruikt design meubilair en stoelen\",\"description\":\"Welkom bij Zillions: Zillions is gespecialiseerd in nieuw en gebruikt design meubilair en stoelen.\",\"publisher\":{\"@id\":\"https:\\\/\\\/www.zillions.nl\\\/de\\\/#organization\"},\"potentialAction\":[{\"@type\":\"SearchAction\",\"target\":{\"@type\":\"EntryPoint\",\"urlTemplate\":\"https:\\\/\\\/www.zillions.nl\\\/de\\\/?s={search_term_string}\"},\"query-input\":{\"@type\":\"PropertyValueSpecification\",\"valueRequired\":true,\"valueName\":\"search_term_string\"}}],\"inLanguage\":\"de-DE\"},{\"@type\":\"Organization\",\"@id\":\"https:\\\/\\\/www.zillions.nl\\\/de\\\/#organization\",\"name\":\"Zillions: nieuw en gebruikt design meubilair en stoelen\",\"url\":\"https:\\\/\\\/www.zillions.nl\\\/de\\\/\",\"logo\":{\"@type\":\"ImageObject\",\"inLanguage\":\"de-DE\",\"@id\":\"https:\\\/\\\/www.zillions.nl\\\/de\\\/#\\\/schema\\\/logo\\\/image\\\/\",\"url\":\"https:\\\/\\\/www.zillions.nl\\\/wp-content\\\/uploads\\\/2022\\\/11\\\/zillions.svg\",\"contentUrl\":\"https:\\\/\\\/www.zillions.nl\\\/wp-content\\\/uploads\\\/2022\\\/11\\\/zillions.svg\",\"width\":208,\"height\":53,\"caption\":\"Zillions: nieuw en gebruikt design meubilair en stoelen\"},\"image\":{\"@id\":\"https:\\\/\\\/www.zillions.nl\\\/de\\\/#\\\/schema\\\/logo\\\/image\\\/\"}}]}<\/script>\n<!-- \/ Yoast SEO plugin. -->","yoast_head_json":{"title":"Leolux Bora Balanza Sofa, 3-Sitzer\/208 cm, gr\u00fcner Stoff, Aluminium","description":"Leolux Bora Balanza 3-Sitzer-Sofa in gr\u00fcnem Stoff | Bestellen Sie bequem in unserem Webshop. Entdecken Sie dieses und viele weitere Modelle aus unserem umfangreichen Sortiment!","robots":{"index":"index","follow":"follow","max-snippet":"max-snippet:-1","max-image-preview":"max-image-preview:large","max-video-preview":"max-video-preview:-1"},"canonical":"https:\/\/www.zillions.nl\/de\/product\/leolux-bora-balanza-bank-3-zits-208cm-groen-stof-aluminium\/","og_locale":"de_DE","og_type":"article","og_title":"Leolux Bora Balanza Bank 3-zits\/208cm Groen Stof - Aluminium","og_description":"Leolux Bora Balanza 3-zits bank in groene stof | Eenvoudig te bestellen via onze webshop. Ontdek dit model en vele anderen in ons ruime assortiment!","og_url":"https:\/\/www.zillions.nl\/de\/product\/leolux-bora-balanza-bank-3-zits-208cm-groen-stof-aluminium\/","og_site_name":"Zillions: nieuw en gebruikt design meubilair en stoelen","article_modified_time":"2026-01-12T10:21:15+00:00","og_image":[{"width":1080,"height":1080,"url":"https:\/\/www.zillions.nl\/wp-content\/uploads\/2025\/03\/Leolux-Bora-Balanza-Groene-stof-CAM02744.jpg","type":"image\/jpeg"}],"twitter_card":"summary_large_image","twitter_misc":{"Est. reading time":"2 minutes"},"schema":{"@context":"https:\/\/schema.org","@graph":[{"@type":"WebPage","@id":"https:\/\/www.zillions.nl\/product\/leolux-bora-balanza-bank-3-zits-208cm-groen-stof-aluminium\/","url":"https:\/\/www.zillions.nl\/product\/leolux-bora-balanza-bank-3-zits-208cm-groen-stof-aluminium\/","name":"Leolux Bora Balanza Sofa, 3-Sitzer\/208 cm, gr\u00fcner Stoff, Aluminium","isPartOf":{"@id":"https:\/\/www.zillions.nl\/de\/#website"},"primaryImageOfPage":{"@id":"https:\/\/www.zillions.nl\/product\/leolux-bora-balanza-bank-3-zits-208cm-groen-stof-aluminium\/#primaryimage"},"image":{"@id":"https:\/\/www.zillions.nl\/product\/leolux-bora-balanza-bank-3-zits-208cm-groen-stof-aluminium\/#primaryimage"},"thumbnailUrl":"https:\/\/www.zillions.nl\/wp-content\/uploads\/2025\/03\/Leolux-Bora-Balanza-Groene-stof-CAM02744.jpg","datePublished":"2025-03-21T12:27:07+00:00","dateModified":"2026-01-12T10:21:15+00:00","description":"Leolux Bora Balanza 3-Sitzer-Sofa in gr\u00fcnem Stoff | Bestellen Sie bequem in unserem Webshop. Entdecken Sie dieses und viele weitere Modelle aus unserem umfangreichen Sortiment!","breadcrumb":{"@id":"https:\/\/www.zillions.nl\/product\/leolux-bora-balanza-bank-3-zits-208cm-groen-stof-aluminium\/#breadcrumb"},"inLanguage":"de-DE","potentialAction":[{"@type":"ReadAction","target":["https:\/\/www.zillions.nl\/product\/leolux-bora-balanza-bank-3-zits-208cm-groen-stof-aluminium\/"]}]},{"@type":"ImageObject","inLanguage":"de-DE","@id":"https:\/\/www.zillions.nl\/product\/leolux-bora-balanza-bank-3-zits-208cm-groen-stof-aluminium\/#primaryimage","url":"https:\/\/www.zillions.nl\/wp-content\/uploads\/2025\/03\/Leolux-Bora-Balanza-Groene-stof-CAM02744.jpg","contentUrl":"https:\/\/www.zillions.nl\/wp-content\/uploads\/2025\/03\/Leolux-Bora-Balanza-Groene-stof-CAM02744.jpg","width":1080,"height":1080},{"@type":"BreadcrumbList","@id":"https:\/\/www.zillions.nl\/product\/leolux-bora-balanza-bank-3-zits-208cm-groen-stof-aluminium\/#breadcrumb","itemListElement":[{"@type":"ListItem","position":1,"name":"Home","item":"https:\/\/www.zillions.nl\/"},{"@type":"ListItem","position":2,"name":"Shop","item":"https:\/\/www.zillions.nl\/shop\/"},{"@type":"ListItem","position":3,"name":"Leolux Bora Balanza Bank 3-zits\/208cm Groen Stof &#8211; Aluminium"}]},{"@type":"WebSite","@id":"https:\/\/www.zillions.nl\/de\/#website","url":"https:\/\/www.zillions.nl\/de\/","name":"Zillionen: neue und gebrauchte Designerm\u00f6bel und St\u00fchle","description":"Willkommen bei Zillions: Zillions ist auf neue und gebrauchte Designm\u00f6bel und St\u00fchle spezialisiert.","publisher":{"@id":"https:\/\/www.zillions.nl\/de\/#organization"},"potentialAction":[{"@type":"SearchAction","target":{"@type":"EntryPoint","urlTemplate":"https:\/\/www.zillions.nl\/de\/?s={search_term_string}"},"query-input":{"@type":"PropertyValueSpecification","valueRequired":true,"valueName":"search_term_string"}}],"inLanguage":"de-DE"},{"@type":"Organization","@id":"https:\/\/www.zillions.nl\/de\/#organization","name":"Zillionen: neue und gebrauchte Designerm\u00f6bel und St\u00fchle","url":"https:\/\/www.zillions.nl\/de\/","logo":{"@type":"ImageObject","inLanguage":"de-DE","@id":"https:\/\/www.zillions.nl\/de\/#\/schema\/logo\/image\/","url":"https:\/\/www.zillions.nl\/wp-content\/uploads\/2022\/11\/zillions.svg","contentUrl":"https:\/\/www.zillions.nl\/wp-content\/uploads\/2022\/11\/zillions.svg","width":208,"height":53,"caption":"Zillions: nieuw en gebruikt design meubilair en stoelen"},"image":{"@id":"https:\/\/www.zillions.nl\/de\/#\/schema\/logo\/image\/"}}]}},"_links":{"self":[{"href":"https:\/\/www.zillions.nl\/de\/wp-json\/wp\/v2\/product\/15079","targetHints":{"allow":["GET"]}}],"collection":[{"href":"https:\/\/www.zillions.nl\/de\/wp-json\/wp\/v2\/product"}],"about":[{"href":"https:\/\/www.zillions.nl\/de\/wp-json\/wp\/v2\/types\/product"}],"wp:featuredmedia":[{"embeddable":true,"href":"https:\/\/www.zillions.nl\/de\/wp-json\/wp\/v2\/media\/15088"}],"wp:attachment":[{"href":"https:\/\/www.zillions.nl\/de\/wp-json\/wp\/v2\/media?parent=15079"}],"wp:term":[{"taxonomy":"product_brand","embeddable":true,"href":"https:\/\/www.zillions.nl\/de\/wp-json\/wp\/v2\/product_brand?post=15079"},{"taxonomy":"product_cat","embeddable":true,"href":"https:\/\/www.zillions.nl\/de\/wp-json\/wp\/v2\/product_cat?post=15079"},{"taxonomy":"product_tag","embeddable":true,"href":"https:\/\/www.zillions.nl\/de\/wp-json\/wp\/v2\/product_tag?post=15079"}],"curies":[{"name":"wp","href":"https:\/\/api.w.org\/{rel}","templated":true}]}}