{"id":15072,"date":"2025-03-21T12:45:37","date_gmt":"2025-03-21T11:45:37","guid":{"rendered":"https:\/\/www.zillions.nl\/?post_type=product&#038;p=15072"},"modified":"2025-08-05T21:41:53","modified_gmt":"2025-08-05T19:41:53","slug":"leolux-mayon-bank-25-zits-173cm-zwart-leer-staal","status":"publish","type":"product","link":"https:\/\/www.zillions.nl\/de\/product\/leolux-mayon-bank-25-zits-173cm-zwart-leer-staal\/","title":{"rendered":"Leolux Mayon Sofa 2,5-Sitzer\/173cm Schwarzes Leder \u2013 Stahl"},"content":{"rendered":"<p style=\"font-weight: 400;\">Leolux Mayon 2,5-Sitzer-Sofa in schwarzem Leder \u2013 Stahl<\/p>\n<p style=\"font-weight: 400;\">Das stilvolle Leolux Mayon Sofa, entworfen von Christian Werner, ist mit schwarzem Leder bezogen und hat polierte Stahlbeine. Die flie\u00dfenden Linien der R\u00fccken- und Armlehnen verleihen ihm eine subtile Eleganz und bieten \u00fcberraschend aktiven Komfort. Die leicht federnden Armlehnen verleihen dem Sitzkomfort eine zus\u00e4tzliche Dimension. Mit seinem zeitlosen Design und der edlen Verarbeitung ist das Mayon eine stilvolle und bequeme Erg\u00e4nzung f\u00fcr jedes Interieur.<\/p>\n<p style=\"font-weight: 400;\"><strong>Zustand:\u00a0<\/strong>Zustand im Ausstellungsraum; im Neuzustand<\/p>\n<p style=\"font-weight: 400;\"><strong>Lieferung ab Lager<\/strong><\/p>\n<p style=\"font-weight: 400;\"><strong>Hinweis:\u00a0<\/strong>Die angezeigten Preise sind\u00a0<u>pro St\u00fcck<\/u>!<\/p>\n<p style=\"font-weight: 400;\">Neben dem Sofa gibt es auch das passende <span style=\"text-decoration: underline;\">Mayuro Sessel<\/span> verf\u00fcgbar. Schauen Sie sich unsere anderen Anzeigen f\u00fcr das Angebot an!<\/p>\n<p style=\"font-weight: 400;\">Spezifikationen:<br \/>\n<strong>Sitz:<\/strong> Leder, schwarz<br \/>\n<strong>Freunde:<\/strong> Stahl, poliert<br \/>\n<strong>Armlehne: <\/strong>23 cm<br \/>\n<strong>R\u00fcckenlehne:<\/strong> 52 cm<br \/>\n<strong>Sitzh\u00f6he:<\/strong>\u00a044 cm<br \/>\n<strong>Sitzbreite:<\/strong>\u00a0143 cm<br \/>\n<strong>Sitztiefe:<\/strong>\u00a056 cm<br \/>\n<strong>Volle H\u00f6he:<\/strong>\u00a084 cm<br \/>\n<strong>Volle Breite:<\/strong>\u00a0173 cm<br \/>\n<strong>Volle Tiefe:<\/strong>\u00a085 cm<\/p>\n<p style=\"font-weight: 400;\">Wenn Sie Fragen haben oder einen unverbindlichen Besichtigungstermin vereinbaren m\u00f6chten, k\u00f6nnen Sie sich gerne an uns wenden. Lieferung durch unseren eigenen Lieferservice m\u00f6glich! Besuchen Sie unsere Website f\u00fcr viele weitere Designartikel!<\/p>\n<p style=\"font-weight: 400;\"><strong>Kontaktdaten (Besuch nach Vereinbarung):<\/strong><br \/>\nIndustrieweg 21<br \/>\n4131NK Vianen<br \/>\ninfo@zillions.nl<br \/>\n030 20 72 146<\/p>","protected":false},"excerpt":{"rendered":"<p>Leolux Mayon 2,5-zits bank in zwart leer &#8211; staal Deze stijlvolle Leolux Mayon bank, ontworpen door Christian Werner, is uitgevoerd in zwart leder en voorzien van gepolijste stalen poten. De vloeiende lijnen van de rug- en armleuningen cre\u00ebren een subtiele elegantie en bieden verrassend actief comfort. De licht verende armen voegen een extra dimensie toe [&hellip;]<\/p>\n","protected":false},"featured_media":17725,"template":"","meta":{"_acf_changed":false},"product_brand":[225],"product_cat":[16,189],"product_tag":[325],"class_list":{"0":"post-15072","1":"product","2":"type-product","3":"status-publish","4":"has-post-thumbnail","6":"product_brand-leolux","7":"product_cat-alle-producten","8":"product_cat-banken","9":"product_tag-leolux","10":"pa_brands-leolux","12":"first","13":"instock","14":"purchasable","15":"product-type-simple"},"acf":[],"yoast_head":"<!-- This site is optimized with the Yoast SEO plugin v27.5 - https:\/\/yoast.com\/product\/yoast-seo-wordpress\/ -->\n<title>Leolux Mayon Bank 2,5-zits\/173cm Zwart Leer - Staal<\/title>\n<meta name=\"description\" content=\"Leolux Mayon 2,5-zits bank in zwart leer - staal | Eenvoudig te bestellen via onze webshop. Ontdek dit model en vele anderen in ons ruime assortiment!\" \/>\n<meta name=\"robots\" content=\"index, follow, max-snippet:-1, max-image-preview:large, max-video-preview:-1\" \/>\n<link rel=\"canonical\" href=\"https:\/\/www.zillions.nl\/de\/product\/leolux-mayon-bank-25-zits-173cm-zwart-leer-staal\/\" \/>\n<meta property=\"og:locale\" content=\"de_DE\" \/>\n<meta property=\"og:type\" content=\"article\" \/>\n<meta property=\"og:title\" content=\"Leolux Mayon Bank 2,5-zits\/173cm Zwart Leer - Staal\" \/>\n<meta property=\"og:description\" content=\"Leolux Mayon 2,5-zits bank in zwart leer - staal | Eenvoudig te bestellen via onze webshop. Ontdek dit model en vele anderen in ons ruime assortiment!\" \/>\n<meta property=\"og:url\" content=\"https:\/\/www.zillions.nl\/de\/product\/leolux-mayon-bank-25-zits-173cm-zwart-leer-staal\/\" \/>\n<meta property=\"og:site_name\" content=\"Zillions: nieuw en gebruikt design meubilair en stoelen\" \/>\n<meta property=\"article:modified_time\" content=\"2025-08-05T19:41:53+00:00\" \/>\n<meta property=\"og:image\" content=\"https:\/\/www.zillions.nl\/wp-content\/uploads\/2025\/03\/Leolux-Mayon-25-zits-Bank-Zwart-Leer-CAM02832.jpg\" \/>\n\t<meta property=\"og:image:width\" content=\"1080\" \/>\n\t<meta property=\"og:image:height\" content=\"1080\" \/>\n\t<meta property=\"og:image:type\" content=\"image\/jpeg\" \/>\n<meta name=\"twitter:card\" content=\"summary_large_image\" \/>\n<meta name=\"twitter:label1\" content=\"Est. reading time\" \/>\n\t<meta name=\"twitter:data1\" content=\"2 minutes\" \/>\n<script type=\"application\/ld+json\" class=\"yoast-schema-graph\">{\"@context\":\"https:\\\/\\\/schema.org\",\"@graph\":[{\"@type\":\"WebPage\",\"@id\":\"https:\\\/\\\/www.zillions.nl\\\/product\\\/leolux-mayon-bank-25-zits-173cm-zwart-leer-staal\\\/\",\"url\":\"https:\\\/\\\/www.zillions.nl\\\/product\\\/leolux-mayon-bank-25-zits-173cm-zwart-leer-staal\\\/\",\"name\":\"Leolux Mayon Bank 2,5-zits\\\/173cm Zwart Leer - Staal\",\"isPartOf\":{\"@id\":\"https:\\\/\\\/www.zillions.nl\\\/de\\\/#website\"},\"primaryImageOfPage\":{\"@id\":\"https:\\\/\\\/www.zillions.nl\\\/product\\\/leolux-mayon-bank-25-zits-173cm-zwart-leer-staal\\\/#primaryimage\"},\"image\":{\"@id\":\"https:\\\/\\\/www.zillions.nl\\\/product\\\/leolux-mayon-bank-25-zits-173cm-zwart-leer-staal\\\/#primaryimage\"},\"thumbnailUrl\":\"https:\\\/\\\/www.zillions.nl\\\/wp-content\\\/uploads\\\/2025\\\/03\\\/Leolux-Mayon-25-zits-Bank-Zwart-Leer-CAM02832.jpg\",\"datePublished\":\"2025-03-21T11:45:37+00:00\",\"dateModified\":\"2025-08-05T19:41:53+00:00\",\"description\":\"Leolux Mayon 2,5-zits bank in zwart leer - staal | Eenvoudig te bestellen via onze webshop. Ontdek dit model en vele anderen in ons ruime assortiment!\",\"breadcrumb\":{\"@id\":\"https:\\\/\\\/www.zillions.nl\\\/product\\\/leolux-mayon-bank-25-zits-173cm-zwart-leer-staal\\\/#breadcrumb\"},\"inLanguage\":\"de-DE\",\"potentialAction\":[{\"@type\":\"ReadAction\",\"target\":[\"https:\\\/\\\/www.zillions.nl\\\/product\\\/leolux-mayon-bank-25-zits-173cm-zwart-leer-staal\\\/\"]}]},{\"@type\":\"ImageObject\",\"inLanguage\":\"de-DE\",\"@id\":\"https:\\\/\\\/www.zillions.nl\\\/product\\\/leolux-mayon-bank-25-zits-173cm-zwart-leer-staal\\\/#primaryimage\",\"url\":\"https:\\\/\\\/www.zillions.nl\\\/wp-content\\\/uploads\\\/2025\\\/03\\\/Leolux-Mayon-25-zits-Bank-Zwart-Leer-CAM02832.jpg\",\"contentUrl\":\"https:\\\/\\\/www.zillions.nl\\\/wp-content\\\/uploads\\\/2025\\\/03\\\/Leolux-Mayon-25-zits-Bank-Zwart-Leer-CAM02832.jpg\",\"width\":1080,\"height\":1080},{\"@type\":\"BreadcrumbList\",\"@id\":\"https:\\\/\\\/www.zillions.nl\\\/product\\\/leolux-mayon-bank-25-zits-173cm-zwart-leer-staal\\\/#breadcrumb\",\"itemListElement\":[{\"@type\":\"ListItem\",\"position\":1,\"name\":\"Home\",\"item\":\"https:\\\/\\\/www.zillions.nl\\\/\"},{\"@type\":\"ListItem\",\"position\":2,\"name\":\"Shop\",\"item\":\"https:\\\/\\\/www.zillions.nl\\\/shop\\\/\"},{\"@type\":\"ListItem\",\"position\":3,\"name\":\"Leolux Mayon Bank 2,5-zits\\\/173cm Zwart Leer &#8211; Staal\"}]},{\"@type\":\"WebSite\",\"@id\":\"https:\\\/\\\/www.zillions.nl\\\/de\\\/#website\",\"url\":\"https:\\\/\\\/www.zillions.nl\\\/de\\\/\",\"name\":\"Zillions: nieuw en gebruikt design meubilair en stoelen\",\"description\":\"Welkom bij Zillions: Zillions is gespecialiseerd in nieuw en gebruikt design meubilair en stoelen.\",\"publisher\":{\"@id\":\"https:\\\/\\\/www.zillions.nl\\\/de\\\/#organization\"},\"potentialAction\":[{\"@type\":\"SearchAction\",\"target\":{\"@type\":\"EntryPoint\",\"urlTemplate\":\"https:\\\/\\\/www.zillions.nl\\\/de\\\/?s={search_term_string}\"},\"query-input\":{\"@type\":\"PropertyValueSpecification\",\"valueRequired\":true,\"valueName\":\"search_term_string\"}}],\"inLanguage\":\"de-DE\"},{\"@type\":\"Organization\",\"@id\":\"https:\\\/\\\/www.zillions.nl\\\/de\\\/#organization\",\"name\":\"Zillions: nieuw en gebruikt design meubilair en stoelen\",\"url\":\"https:\\\/\\\/www.zillions.nl\\\/de\\\/\",\"logo\":{\"@type\":\"ImageObject\",\"inLanguage\":\"de-DE\",\"@id\":\"https:\\\/\\\/www.zillions.nl\\\/de\\\/#\\\/schema\\\/logo\\\/image\\\/\",\"url\":\"https:\\\/\\\/www.zillions.nl\\\/wp-content\\\/uploads\\\/2022\\\/11\\\/zillions.svg\",\"contentUrl\":\"https:\\\/\\\/www.zillions.nl\\\/wp-content\\\/uploads\\\/2022\\\/11\\\/zillions.svg\",\"width\":208,\"height\":53,\"caption\":\"Zillions: nieuw en gebruikt design meubilair en stoelen\"},\"image\":{\"@id\":\"https:\\\/\\\/www.zillions.nl\\\/de\\\/#\\\/schema\\\/logo\\\/image\\\/\"}}]}<\/script>\n<!-- \/ Yoast SEO plugin. -->","yoast_head_json":{"title":"Leolux Mayon Sofa 2,5-Sitzer\/173 cm Schwarzes Leder - Stahl","description":"Leolux Mayon 2,5-Sitzer-Sofa in schwarzem Leder \u2013 Stahl | Bestellen Sie bequem in unserem Webshop. Entdecken Sie dieses und viele weitere Modelle aus unserem umfangreichen Sortiment!","robots":{"index":"index","follow":"follow","max-snippet":"max-snippet:-1","max-image-preview":"max-image-preview:large","max-video-preview":"max-video-preview:-1"},"canonical":"https:\/\/www.zillions.nl\/de\/product\/leolux-mayon-bank-25-zits-173cm-zwart-leer-staal\/","og_locale":"de_DE","og_type":"article","og_title":"Leolux Mayon Bank 2,5-zits\/173cm Zwart Leer - Staal","og_description":"Leolux Mayon 2,5-zits bank in zwart leer - staal | Eenvoudig te bestellen via onze webshop. Ontdek dit model en vele anderen in ons ruime assortiment!","og_url":"https:\/\/www.zillions.nl\/de\/product\/leolux-mayon-bank-25-zits-173cm-zwart-leer-staal\/","og_site_name":"Zillions: nieuw en gebruikt design meubilair en stoelen","article_modified_time":"2025-08-05T19:41:53+00:00","og_image":[{"width":1080,"height":1080,"url":"https:\/\/www.zillions.nl\/wp-content\/uploads\/2025\/03\/Leolux-Mayon-25-zits-Bank-Zwart-Leer-CAM02832.jpg","type":"image\/jpeg"}],"twitter_card":"summary_large_image","twitter_misc":{"Est. reading time":"2 minutes"},"schema":{"@context":"https:\/\/schema.org","@graph":[{"@type":"WebPage","@id":"https:\/\/www.zillions.nl\/product\/leolux-mayon-bank-25-zits-173cm-zwart-leer-staal\/","url":"https:\/\/www.zillions.nl\/product\/leolux-mayon-bank-25-zits-173cm-zwart-leer-staal\/","name":"Leolux Mayon Sofa 2,5-Sitzer\/173 cm Schwarzes Leder - Stahl","isPartOf":{"@id":"https:\/\/www.zillions.nl\/de\/#website"},"primaryImageOfPage":{"@id":"https:\/\/www.zillions.nl\/product\/leolux-mayon-bank-25-zits-173cm-zwart-leer-staal\/#primaryimage"},"image":{"@id":"https:\/\/www.zillions.nl\/product\/leolux-mayon-bank-25-zits-173cm-zwart-leer-staal\/#primaryimage"},"thumbnailUrl":"https:\/\/www.zillions.nl\/wp-content\/uploads\/2025\/03\/Leolux-Mayon-25-zits-Bank-Zwart-Leer-CAM02832.jpg","datePublished":"2025-03-21T11:45:37+00:00","dateModified":"2025-08-05T19:41:53+00:00","description":"Leolux Mayon 2,5-Sitzer-Sofa in schwarzem Leder \u2013 Stahl | Bestellen Sie bequem in unserem Webshop. Entdecken Sie dieses und viele weitere Modelle aus unserem umfangreichen Sortiment!","breadcrumb":{"@id":"https:\/\/www.zillions.nl\/product\/leolux-mayon-bank-25-zits-173cm-zwart-leer-staal\/#breadcrumb"},"inLanguage":"de-DE","potentialAction":[{"@type":"ReadAction","target":["https:\/\/www.zillions.nl\/product\/leolux-mayon-bank-25-zits-173cm-zwart-leer-staal\/"]}]},{"@type":"ImageObject","inLanguage":"de-DE","@id":"https:\/\/www.zillions.nl\/product\/leolux-mayon-bank-25-zits-173cm-zwart-leer-staal\/#primaryimage","url":"https:\/\/www.zillions.nl\/wp-content\/uploads\/2025\/03\/Leolux-Mayon-25-zits-Bank-Zwart-Leer-CAM02832.jpg","contentUrl":"https:\/\/www.zillions.nl\/wp-content\/uploads\/2025\/03\/Leolux-Mayon-25-zits-Bank-Zwart-Leer-CAM02832.jpg","width":1080,"height":1080},{"@type":"BreadcrumbList","@id":"https:\/\/www.zillions.nl\/product\/leolux-mayon-bank-25-zits-173cm-zwart-leer-staal\/#breadcrumb","itemListElement":[{"@type":"ListItem","position":1,"name":"Home","item":"https:\/\/www.zillions.nl\/"},{"@type":"ListItem","position":2,"name":"Shop","item":"https:\/\/www.zillions.nl\/shop\/"},{"@type":"ListItem","position":3,"name":"Leolux Mayon Bank 2,5-zits\/173cm Zwart Leer &#8211; Staal"}]},{"@type":"WebSite","@id":"https:\/\/www.zillions.nl\/de\/#website","url":"https:\/\/www.zillions.nl\/de\/","name":"Zillionen: neue und gebrauchte Designerm\u00f6bel und St\u00fchle","description":"Willkommen bei Zillions: Zillions ist auf neue und gebrauchte Designm\u00f6bel und St\u00fchle spezialisiert.","publisher":{"@id":"https:\/\/www.zillions.nl\/de\/#organization"},"potentialAction":[{"@type":"SearchAction","target":{"@type":"EntryPoint","urlTemplate":"https:\/\/www.zillions.nl\/de\/?s={search_term_string}"},"query-input":{"@type":"PropertyValueSpecification","valueRequired":true,"valueName":"search_term_string"}}],"inLanguage":"de-DE"},{"@type":"Organization","@id":"https:\/\/www.zillions.nl\/de\/#organization","name":"Zillionen: neue und gebrauchte Designerm\u00f6bel und St\u00fchle","url":"https:\/\/www.zillions.nl\/de\/","logo":{"@type":"ImageObject","inLanguage":"de-DE","@id":"https:\/\/www.zillions.nl\/de\/#\/schema\/logo\/image\/","url":"https:\/\/www.zillions.nl\/wp-content\/uploads\/2022\/11\/zillions.svg","contentUrl":"https:\/\/www.zillions.nl\/wp-content\/uploads\/2022\/11\/zillions.svg","width":208,"height":53,"caption":"Zillions: nieuw en gebruikt design meubilair en stoelen"},"image":{"@id":"https:\/\/www.zillions.nl\/de\/#\/schema\/logo\/image\/"}}]}},"_links":{"self":[{"href":"https:\/\/www.zillions.nl\/de\/wp-json\/wp\/v2\/product\/15072","targetHints":{"allow":["GET"]}}],"collection":[{"href":"https:\/\/www.zillions.nl\/de\/wp-json\/wp\/v2\/product"}],"about":[{"href":"https:\/\/www.zillions.nl\/de\/wp-json\/wp\/v2\/types\/product"}],"wp:featuredmedia":[{"embeddable":true,"href":"https:\/\/www.zillions.nl\/de\/wp-json\/wp\/v2\/media\/17725"}],"wp:attachment":[{"href":"https:\/\/www.zillions.nl\/de\/wp-json\/wp\/v2\/media?parent=15072"}],"wp:term":[{"taxonomy":"product_brand","embeddable":true,"href":"https:\/\/www.zillions.nl\/de\/wp-json\/wp\/v2\/product_brand?post=15072"},{"taxonomy":"product_cat","embeddable":true,"href":"https:\/\/www.zillions.nl\/de\/wp-json\/wp\/v2\/product_cat?post=15072"},{"taxonomy":"product_tag","embeddable":true,"href":"https:\/\/www.zillions.nl\/de\/wp-json\/wp\/v2\/product_tag?post=15072"}],"curies":[{"name":"wp","href":"https:\/\/api.w.org\/{rel}","templated":true}]}}