{"id":14815,"date":"2025-03-12T17:19:08","date_gmt":"2025-03-12T16:19:08","guid":{"rendered":"https:\/\/www.zillions.nl\/?post_type=product&#038;p=14815"},"modified":"2025-08-12T22:04:16","modified_gmt":"2025-08-12T20:04:16","slug":"leolux-howlo-3-zits-220cm-bank-maisgeel-zwart-leer","status":"publish","type":"product","link":"https:\/\/www.zillions.nl\/de\/product\/leolux-howlo-3-zits-220cm-bank-maisgeel-zwart-leer\/","title":{"rendered":"Leolux Howlo 3-Sitzer\/220 cm Sofa Maisgelb\/Schwarz \u2013 Leder"},"content":{"rendered":"<p style=\"font-weight: 400;\">Leolux Howlo 3-Sitzer-Sofa in maisgelbem und schwarzem Leder<\/p>\n<p style=\"font-weight: 400;\">Das Leolux Howlo Sofa, entworfen von Cuno Frommherz, ist mit maisgelbem Leder bezogen, hat schwarze Kopfst\u00fctzen und ein Gestell aus poliertem Aluminium. Dank der verstellbaren Kopfst\u00fctzen l\u00e4sst sich das Sofa individuell an Ihre Bed\u00fcrfnisse anpassen und bietet so sowohl Sitzkomfort als auch Halt. Das schlichte Design und die subtilen Kontraste sorgen f\u00fcr einen modernen Look. Die dynamische Farbgebung in Kombination mit dem hohen Komfort macht dieses Sofa zu einer stilvollen und funktionalen Erg\u00e4nzung f\u00fcr jedes Interieur.<\/p>\n<p style=\"font-weight: 400;\"><strong>Zustand:\u00a0<\/strong>Zustand im Ausstellungsraum; im Neuzustand<\/p>\n<p style=\"font-weight: 400;\"><strong>Lieferung ab Lager<\/strong><\/p>\n<p style=\"font-weight: 400;\"><strong>Hinweis:\u00a0<\/strong>Die angezeigten Preise sind\u00a0<u>pro St\u00fcck<\/u>!<\/p>\n<p style=\"font-weight: 400;\">Spezifikationen:<br \/>\n<strong>Sitz:<\/strong> Leder, maisgelb\/schwarz<br \/>\n<strong>Rahmen:<\/strong> Aluminium, poliert<br \/>\n<strong>Armlehne: <\/strong>24 cm<br \/>\n<strong>R\u00fcckenlehne:<\/strong> 45 cm<br \/>\n<strong>Sitzh\u00f6he:<\/strong>\u00a045 cm<br \/>\n<strong>Sitzbreite:<\/strong>\u00a0160 cm<br \/>\n<strong>Sitztiefe:<\/strong>\u00a054 cm<br \/>\n<strong>Volle H\u00f6he:<\/strong>\u00a084 cm<br \/>\n<strong>Volle Breite:<\/strong>\u00a0220 cm<br \/>\n<strong>Volle Tiefe: <\/strong>92 cm<br \/>\n<strong>Andere:<\/strong> verstellbare Kopfst\u00fctzen<\/p>\n<p style=\"font-weight: 400;\">Wenn Sie Fragen haben oder einen unverbindlichen Besichtigungstermin vereinbaren m\u00f6chten, k\u00f6nnen Sie sich gerne an uns wenden. Lieferung durch unseren eigenen Lieferservice m\u00f6glich! Besuchen Sie unsere Website f\u00fcr viele weitere Designartikel!<\/p>\n<p style=\"font-weight: 400;\"><strong>Kontaktdaten (Besuch nach Vereinbarung):<\/strong><br \/>\nIndustrieweg 21<br \/>\n4131NK Vianen<br \/>\ninfo@zillions.nl<br \/>\n030 20 72 146<\/p>","protected":false},"excerpt":{"rendered":"<p>Leolux Howlo 3-zits bank in ma\u00efsgeel en zwart leer De Leolux Howlo bank, ontworpen door Cuno Frommherz, is uitgevoerd in ma\u00efsgeel leder met zwarte hoofdsteunen en een gepolijst aluminium onderstel. Dankzij de verstelbare hoofdsteunen kan de bank naar wens worden aangepast, wat bijdraagt aan zowel zitcomfort als ondersteuning. Het strakke ontwerp en de subtiele contrasten [&hellip;]<\/p>\n","protected":false},"featured_media":14824,"template":"","meta":{"_acf_changed":false},"product_brand":[225],"product_cat":[16,189],"product_tag":[325],"class_list":{"0":"post-14815","1":"product","2":"type-product","3":"status-publish","4":"has-post-thumbnail","6":"product_brand-leolux","7":"product_cat-alle-producten","8":"product_cat-banken","9":"product_tag-leolux","10":"pa_brands-leolux","12":"first","13":"instock","14":"sale","15":"purchasable","16":"product-type-simple"},"acf":[],"yoast_head":"<!-- This site is optimized with the Yoast SEO plugin v27.5 - https:\/\/yoast.com\/product\/yoast-seo-wordpress\/ -->\n<title>Leolux Howlo 3-zits\/220cm Bank Ma\u00efsgeel\/Zwart - Leer<\/title>\n<meta name=\"description\" content=\"Leolux Howlo 3-zits bank in ma\u00efsgeel en zwart leder | Eenvoudig te bestellen via onze webshop. Ontdek dit model en vele anderen in ons ruime assortiment!\" \/>\n<meta name=\"robots\" content=\"index, follow, max-snippet:-1, max-image-preview:large, max-video-preview:-1\" \/>\n<link rel=\"canonical\" href=\"https:\/\/www.zillions.nl\/de\/product\/leolux-howlo-3-zits-220cm-bank-maisgeel-zwart-leer\/\" \/>\n<meta property=\"og:locale\" content=\"de_DE\" \/>\n<meta property=\"og:type\" content=\"article\" \/>\n<meta property=\"og:title\" content=\"Leolux Howlo 3-zits\/220cm Bank Ma\u00efsgeel\/Zwart - Leer\" \/>\n<meta property=\"og:description\" content=\"Leolux Howlo 3-zits bank in ma\u00efsgeel en zwart leder | Eenvoudig te bestellen via onze webshop. Ontdek dit model en vele anderen in ons ruime assortiment!\" \/>\n<meta property=\"og:url\" content=\"https:\/\/www.zillions.nl\/de\/product\/leolux-howlo-3-zits-220cm-bank-maisgeel-zwart-leer\/\" \/>\n<meta property=\"og:site_name\" content=\"Zillions: nieuw en gebruikt design meubilair en stoelen\" \/>\n<meta property=\"article:modified_time\" content=\"2025-08-12T20:04:16+00:00\" \/>\n<meta property=\"og:image\" content=\"https:\/\/www.zillions.nl\/wp-content\/uploads\/2025\/03\/Leolux-Howlo-Maisgele-zitting-zwarte-rug-CAM02776.jpg\" \/>\n\t<meta property=\"og:image:width\" content=\"1080\" \/>\n\t<meta property=\"og:image:height\" content=\"1080\" \/>\n\t<meta property=\"og:image:type\" content=\"image\/jpeg\" \/>\n<meta name=\"twitter:card\" content=\"summary_large_image\" \/>\n<meta name=\"twitter:label1\" content=\"Est. reading time\" \/>\n\t<meta name=\"twitter:data1\" content=\"2 minutes\" \/>\n<script type=\"application\/ld+json\" class=\"yoast-schema-graph\">{\"@context\":\"https:\\\/\\\/schema.org\",\"@graph\":[{\"@type\":\"WebPage\",\"@id\":\"https:\\\/\\\/www.zillions.nl\\\/product\\\/leolux-howlo-3-zits-220cm-bank-maisgeel-zwart-leer\\\/\",\"url\":\"https:\\\/\\\/www.zillions.nl\\\/product\\\/leolux-howlo-3-zits-220cm-bank-maisgeel-zwart-leer\\\/\",\"name\":\"Leolux Howlo 3-zits\\\/220cm Bank Ma\u00efsgeel\\\/Zwart - Leer\",\"isPartOf\":{\"@id\":\"https:\\\/\\\/www.zillions.nl\\\/de\\\/#website\"},\"primaryImageOfPage\":{\"@id\":\"https:\\\/\\\/www.zillions.nl\\\/product\\\/leolux-howlo-3-zits-220cm-bank-maisgeel-zwart-leer\\\/#primaryimage\"},\"image\":{\"@id\":\"https:\\\/\\\/www.zillions.nl\\\/product\\\/leolux-howlo-3-zits-220cm-bank-maisgeel-zwart-leer\\\/#primaryimage\"},\"thumbnailUrl\":\"https:\\\/\\\/www.zillions.nl\\\/wp-content\\\/uploads\\\/2025\\\/03\\\/Leolux-Howlo-Maisgele-zitting-zwarte-rug-CAM02776.jpg\",\"datePublished\":\"2025-03-12T16:19:08+00:00\",\"dateModified\":\"2025-08-12T20:04:16+00:00\",\"description\":\"Leolux Howlo 3-zits bank in ma\u00efsgeel en zwart leder | Eenvoudig te bestellen via onze webshop. Ontdek dit model en vele anderen in ons ruime assortiment!\",\"breadcrumb\":{\"@id\":\"https:\\\/\\\/www.zillions.nl\\\/product\\\/leolux-howlo-3-zits-220cm-bank-maisgeel-zwart-leer\\\/#breadcrumb\"},\"inLanguage\":\"de-DE\",\"potentialAction\":[{\"@type\":\"ReadAction\",\"target\":[\"https:\\\/\\\/www.zillions.nl\\\/product\\\/leolux-howlo-3-zits-220cm-bank-maisgeel-zwart-leer\\\/\"]}]},{\"@type\":\"ImageObject\",\"inLanguage\":\"de-DE\",\"@id\":\"https:\\\/\\\/www.zillions.nl\\\/product\\\/leolux-howlo-3-zits-220cm-bank-maisgeel-zwart-leer\\\/#primaryimage\",\"url\":\"https:\\\/\\\/www.zillions.nl\\\/wp-content\\\/uploads\\\/2025\\\/03\\\/Leolux-Howlo-Maisgele-zitting-zwarte-rug-CAM02776.jpg\",\"contentUrl\":\"https:\\\/\\\/www.zillions.nl\\\/wp-content\\\/uploads\\\/2025\\\/03\\\/Leolux-Howlo-Maisgele-zitting-zwarte-rug-CAM02776.jpg\",\"width\":1080,\"height\":1080},{\"@type\":\"BreadcrumbList\",\"@id\":\"https:\\\/\\\/www.zillions.nl\\\/product\\\/leolux-howlo-3-zits-220cm-bank-maisgeel-zwart-leer\\\/#breadcrumb\",\"itemListElement\":[{\"@type\":\"ListItem\",\"position\":1,\"name\":\"Home\",\"item\":\"https:\\\/\\\/www.zillions.nl\\\/\"},{\"@type\":\"ListItem\",\"position\":2,\"name\":\"Shop\",\"item\":\"https:\\\/\\\/www.zillions.nl\\\/shop\\\/\"},{\"@type\":\"ListItem\",\"position\":3,\"name\":\"Leolux Howlo 3-zits\\\/220cm Bank Ma\u00efsgeel\\\/Zwart &#8211; Leer\"}]},{\"@type\":\"WebSite\",\"@id\":\"https:\\\/\\\/www.zillions.nl\\\/de\\\/#website\",\"url\":\"https:\\\/\\\/www.zillions.nl\\\/de\\\/\",\"name\":\"Zillions: nieuw en gebruikt design meubilair en stoelen\",\"description\":\"Welkom bij Zillions: Zillions is gespecialiseerd in nieuw en gebruikt design meubilair en stoelen.\",\"publisher\":{\"@id\":\"https:\\\/\\\/www.zillions.nl\\\/de\\\/#organization\"},\"potentialAction\":[{\"@type\":\"SearchAction\",\"target\":{\"@type\":\"EntryPoint\",\"urlTemplate\":\"https:\\\/\\\/www.zillions.nl\\\/de\\\/?s={search_term_string}\"},\"query-input\":{\"@type\":\"PropertyValueSpecification\",\"valueRequired\":true,\"valueName\":\"search_term_string\"}}],\"inLanguage\":\"de-DE\"},{\"@type\":\"Organization\",\"@id\":\"https:\\\/\\\/www.zillions.nl\\\/de\\\/#organization\",\"name\":\"Zillions: nieuw en gebruikt design meubilair en stoelen\",\"url\":\"https:\\\/\\\/www.zillions.nl\\\/de\\\/\",\"logo\":{\"@type\":\"ImageObject\",\"inLanguage\":\"de-DE\",\"@id\":\"https:\\\/\\\/www.zillions.nl\\\/de\\\/#\\\/schema\\\/logo\\\/image\\\/\",\"url\":\"https:\\\/\\\/www.zillions.nl\\\/wp-content\\\/uploads\\\/2022\\\/11\\\/zillions.svg\",\"contentUrl\":\"https:\\\/\\\/www.zillions.nl\\\/wp-content\\\/uploads\\\/2022\\\/11\\\/zillions.svg\",\"width\":208,\"height\":53,\"caption\":\"Zillions: nieuw en gebruikt design meubilair en stoelen\"},\"image\":{\"@id\":\"https:\\\/\\\/www.zillions.nl\\\/de\\\/#\\\/schema\\\/logo\\\/image\\\/\"}}]}<\/script>\n<!-- \/ Yoast SEO plugin. -->","yoast_head_json":{"title":"Leolux Howlo 3-Sitzer\/220 cm Sofa Maisgelb\/Schwarz - Leder","description":"Leolux Howlo 3-Sitzer-Sofa in maisgelbem und schwarzem Leder | Bestellen Sie bequem in unserem Webshop. Entdecken Sie dieses und viele weitere Modelle aus unserem umfangreichen Sortiment!","robots":{"index":"index","follow":"follow","max-snippet":"max-snippet:-1","max-image-preview":"max-image-preview:large","max-video-preview":"max-video-preview:-1"},"canonical":"https:\/\/www.zillions.nl\/de\/product\/leolux-howlo-3-zits-220cm-bank-maisgeel-zwart-leer\/","og_locale":"de_DE","og_type":"article","og_title":"Leolux Howlo 3-zits\/220cm Bank Ma\u00efsgeel\/Zwart - Leer","og_description":"Leolux Howlo 3-zits bank in ma\u00efsgeel en zwart leder | Eenvoudig te bestellen via onze webshop. Ontdek dit model en vele anderen in ons ruime assortiment!","og_url":"https:\/\/www.zillions.nl\/de\/product\/leolux-howlo-3-zits-220cm-bank-maisgeel-zwart-leer\/","og_site_name":"Zillions: nieuw en gebruikt design meubilair en stoelen","article_modified_time":"2025-08-12T20:04:16+00:00","og_image":[{"width":1080,"height":1080,"url":"https:\/\/www.zillions.nl\/wp-content\/uploads\/2025\/03\/Leolux-Howlo-Maisgele-zitting-zwarte-rug-CAM02776.jpg","type":"image\/jpeg"}],"twitter_card":"summary_large_image","twitter_misc":{"Est. reading time":"2 minutes"},"schema":{"@context":"https:\/\/schema.org","@graph":[{"@type":"WebPage","@id":"https:\/\/www.zillions.nl\/product\/leolux-howlo-3-zits-220cm-bank-maisgeel-zwart-leer\/","url":"https:\/\/www.zillions.nl\/product\/leolux-howlo-3-zits-220cm-bank-maisgeel-zwart-leer\/","name":"Leolux Howlo 3-Sitzer\/220 cm Sofa Maisgelb\/Schwarz - Leder","isPartOf":{"@id":"https:\/\/www.zillions.nl\/de\/#website"},"primaryImageOfPage":{"@id":"https:\/\/www.zillions.nl\/product\/leolux-howlo-3-zits-220cm-bank-maisgeel-zwart-leer\/#primaryimage"},"image":{"@id":"https:\/\/www.zillions.nl\/product\/leolux-howlo-3-zits-220cm-bank-maisgeel-zwart-leer\/#primaryimage"},"thumbnailUrl":"https:\/\/www.zillions.nl\/wp-content\/uploads\/2025\/03\/Leolux-Howlo-Maisgele-zitting-zwarte-rug-CAM02776.jpg","datePublished":"2025-03-12T16:19:08+00:00","dateModified":"2025-08-12T20:04:16+00:00","description":"Leolux Howlo 3-Sitzer-Sofa in maisgelbem und schwarzem Leder | Bestellen Sie bequem in unserem Webshop. Entdecken Sie dieses und viele weitere Modelle aus unserem umfangreichen Sortiment!","breadcrumb":{"@id":"https:\/\/www.zillions.nl\/product\/leolux-howlo-3-zits-220cm-bank-maisgeel-zwart-leer\/#breadcrumb"},"inLanguage":"de-DE","potentialAction":[{"@type":"ReadAction","target":["https:\/\/www.zillions.nl\/product\/leolux-howlo-3-zits-220cm-bank-maisgeel-zwart-leer\/"]}]},{"@type":"ImageObject","inLanguage":"de-DE","@id":"https:\/\/www.zillions.nl\/product\/leolux-howlo-3-zits-220cm-bank-maisgeel-zwart-leer\/#primaryimage","url":"https:\/\/www.zillions.nl\/wp-content\/uploads\/2025\/03\/Leolux-Howlo-Maisgele-zitting-zwarte-rug-CAM02776.jpg","contentUrl":"https:\/\/www.zillions.nl\/wp-content\/uploads\/2025\/03\/Leolux-Howlo-Maisgele-zitting-zwarte-rug-CAM02776.jpg","width":1080,"height":1080},{"@type":"BreadcrumbList","@id":"https:\/\/www.zillions.nl\/product\/leolux-howlo-3-zits-220cm-bank-maisgeel-zwart-leer\/#breadcrumb","itemListElement":[{"@type":"ListItem","position":1,"name":"Home","item":"https:\/\/www.zillions.nl\/"},{"@type":"ListItem","position":2,"name":"Shop","item":"https:\/\/www.zillions.nl\/shop\/"},{"@type":"ListItem","position":3,"name":"Leolux Howlo 3-zits\/220cm Bank Ma\u00efsgeel\/Zwart &#8211; Leer"}]},{"@type":"WebSite","@id":"https:\/\/www.zillions.nl\/de\/#website","url":"https:\/\/www.zillions.nl\/de\/","name":"Zillionen: neue und gebrauchte Designerm\u00f6bel und St\u00fchle","description":"Willkommen bei Zillions: Zillions ist auf neue und gebrauchte Designm\u00f6bel und St\u00fchle spezialisiert.","publisher":{"@id":"https:\/\/www.zillions.nl\/de\/#organization"},"potentialAction":[{"@type":"SearchAction","target":{"@type":"EntryPoint","urlTemplate":"https:\/\/www.zillions.nl\/de\/?s={search_term_string}"},"query-input":{"@type":"PropertyValueSpecification","valueRequired":true,"valueName":"search_term_string"}}],"inLanguage":"de-DE"},{"@type":"Organization","@id":"https:\/\/www.zillions.nl\/de\/#organization","name":"Zillionen: neue und gebrauchte Designerm\u00f6bel und St\u00fchle","url":"https:\/\/www.zillions.nl\/de\/","logo":{"@type":"ImageObject","inLanguage":"de-DE","@id":"https:\/\/www.zillions.nl\/de\/#\/schema\/logo\/image\/","url":"https:\/\/www.zillions.nl\/wp-content\/uploads\/2022\/11\/zillions.svg","contentUrl":"https:\/\/www.zillions.nl\/wp-content\/uploads\/2022\/11\/zillions.svg","width":208,"height":53,"caption":"Zillions: nieuw en gebruikt design meubilair en stoelen"},"image":{"@id":"https:\/\/www.zillions.nl\/de\/#\/schema\/logo\/image\/"}}]}},"_links":{"self":[{"href":"https:\/\/www.zillions.nl\/de\/wp-json\/wp\/v2\/product\/14815","targetHints":{"allow":["GET"]}}],"collection":[{"href":"https:\/\/www.zillions.nl\/de\/wp-json\/wp\/v2\/product"}],"about":[{"href":"https:\/\/www.zillions.nl\/de\/wp-json\/wp\/v2\/types\/product"}],"wp:featuredmedia":[{"embeddable":true,"href":"https:\/\/www.zillions.nl\/de\/wp-json\/wp\/v2\/media\/14824"}],"wp:attachment":[{"href":"https:\/\/www.zillions.nl\/de\/wp-json\/wp\/v2\/media?parent=14815"}],"wp:term":[{"taxonomy":"product_brand","embeddable":true,"href":"https:\/\/www.zillions.nl\/de\/wp-json\/wp\/v2\/product_brand?post=14815"},{"taxonomy":"product_cat","embeddable":true,"href":"https:\/\/www.zillions.nl\/de\/wp-json\/wp\/v2\/product_cat?post=14815"},{"taxonomy":"product_tag","embeddable":true,"href":"https:\/\/www.zillions.nl\/de\/wp-json\/wp\/v2\/product_tag?post=14815"}],"curies":[{"name":"wp","href":"https:\/\/api.w.org\/{rel}","templated":true}]}}