{"id":14764,"date":"2025-03-12T13:06:56","date_gmt":"2025-03-12T12:06:56","guid":{"rendered":"https:\/\/www.zillions.nl\/?post_type=product&#038;p=14764"},"modified":"2026-03-31T09:17:45","modified_gmt":"2026-03-31T07:17:45","slug":"leolux-scylla-fauteuil-hoog-grijsgroen-stof","status":"publish","type":"product","link":"https:\/\/www.zillions.nl\/de\/product\/leolux-scylla-fauteuil-hoog-grijsgroen-stof\/","title":{"rendered":"Leolux Scylla Sessel, hoch, grau\/gr\u00fcner Stoff"},"content":{"rendered":"<h5>Leolux Scylla Sessel, hoch, grau\/gr\u00fcner Stoff, schwarzes Gestell<\/h5>\n<p><a href=\"\/de\/merken\/leolux\/\">Leolux<\/a> Der von Gerard Vollenbrock entworfene Sessel Scylla mit hoher R\u00fcckenlehne ist mit grau-gr\u00fcnem Stoff bezogen und verf\u00fcgt \u00fcber ein schwarzes Metallgestell. Das Design zeichnet sich durch flie\u00dfende Formen und eine bequeme Sitzfl\u00e4che aus, wobei die hohe R\u00fcckenlehne zus\u00e4tzlichen Halt bietet. Dank seiner ruhigen Ausstrahlung und des zeitlosen Designs eignet sich der Sessel sowohl f\u00fcr Wohnr\u00e4ume als auch als gem\u00fctliche Sitzecke in einer Leseecke. Der Sessel tr\u00e4gt die Originalnummer 100% und ist mit allen Echtheitsmerkmalen versehen.<\/p>\n<p><strong>Zustand:<\/strong> Ausstellungszustand; neuwertiger Zustand<\/p>\n<p><strong>Lieferung ab Lager<\/strong><\/p>\n<p><strong>Hinweis:<\/strong> Die angezeigten Preise sind <u>pro St\u00fcck!<\/u><\/p>\n<p><strong>Spezifikationen:<\/strong><br \/>\n<strong>Sitzh\u00f6he:<\/strong> 43 cm<br \/>\n<strong>Sitzbreite:<\/strong> 55 cm<br \/>\n<strong>Sitztiefe:<\/strong> 55 cm<br \/>\n<strong>Gesamth\u00f6he:<\/strong> 86 cm<br \/>\n<strong>Volle Breite:<\/strong> 74 cm<br \/>\n<strong>Volle Tiefe:<\/strong> 84 cm<br \/>\n<strong>Polster:<\/strong> Staub<br \/>\n<strong>Base:<\/strong> Black Metal<br \/>\n<strong>Einstellbar:<\/strong> NEIN<br \/>\n<strong>Drehbar:<\/strong> NEIN<\/p>\n<p>Bei Fragen oder zur Vereinbarung eines unverbindlichen Besichtigungstermins k\u00f6nnen Sie sich gerne an uns wenden. <a href=\"\/de\/contact\/\">Kontakt<\/a> Kontaktieren Sie uns. Die Lieferung erfolgt \u00fcber unseren eigenen Lieferservice. Dieser Artikel l\u00e4sst sich einfach \u00fcber unseren Webshop bestellen. Hier finden Sie au\u00dferdem unser aktuelles Sortiment mit vielen weiteren Designartikeln.<\/p>\n<p><strong>Kontaktdaten (Besuch nach Vereinbarung):<\/strong><br \/>\nIndustrieweg 21<br \/>\n4131 NK Vianen<br \/>\ninfo@zillions.nl<br \/>\n030 20 72 146<\/p>","protected":false},"excerpt":{"rendered":"<p>Leolux Scylla fauteuil hoog grijs\/groen stof \u2013 zwart onderstel Leolux Scylla fauteuil met hoge rug, ontworpen door Gerard Vollenbrock, uitgevoerd in grijs\/groene stof en voorzien van een zwart metalen frame. Het ontwerp kenmerkt zich door de vloeiende vormen en de comfortabele zit, waarbij de hoge rugleuning zorgt voor extra ondersteuning. Dankzij de rustige uitstraling en [&hellip;]<\/p>\n","protected":false},"featured_media":14765,"template":"","meta":{"_acf_changed":false},"product_brand":[225],"product_cat":[16,188],"product_tag":[325],"class_list":{"0":"post-14764","1":"product","2":"type-product","3":"status-publish","4":"has-post-thumbnail","6":"product_brand-leolux","7":"product_cat-alle-producten","8":"product_cat-fauteuils","9":"product_tag-leolux","10":"pa_brands-leolux","12":"first","13":"instock","14":"sale","15":"purchasable","16":"product-type-simple"},"acf":[],"yoast_head":"<!-- This site is optimized with the Yoast SEO plugin v27.5 - https:\/\/yoast.com\/product\/yoast-seo-wordpress\/ -->\n<title>Leolux Scylla Fauteuil Hoog Grijs\/Groen Stof<\/title>\n<meta name=\"description\" content=\"Leolux Scylla fauteuil met hoge rug in groene stof | Eenvoudig te bestellen via onze webshop. Ontdek dit model en vele anderen in ons ruime assortiment!\" \/>\n<meta name=\"robots\" content=\"index, follow, max-snippet:-1, max-image-preview:large, max-video-preview:-1\" \/>\n<link rel=\"canonical\" href=\"https:\/\/www.zillions.nl\/de\/product\/leolux-scylla-fauteuil-hoog-grijsgroen-stof\/\" \/>\n<meta property=\"og:locale\" content=\"de_DE\" \/>\n<meta property=\"og:type\" content=\"article\" \/>\n<meta property=\"og:title\" content=\"Leolux Scylla Fauteuil Hoog Grijs\/Groen Stof\" \/>\n<meta property=\"og:description\" content=\"Leolux Scylla fauteuil met hoge rug in groene stof | Eenvoudig te bestellen via onze webshop. Ontdek dit model en vele anderen in ons ruime assortiment!\" \/>\n<meta property=\"og:url\" content=\"https:\/\/www.zillions.nl\/de\/product\/leolux-scylla-fauteuil-hoog-grijsgroen-stof\/\" \/>\n<meta property=\"og:site_name\" content=\"Zillions: nieuw en gebruikt design meubilair en stoelen\" \/>\n<meta property=\"article:modified_time\" content=\"2026-03-31T07:17:45+00:00\" \/>\n<meta property=\"og:image\" content=\"https:\/\/www.zillions.nl\/wp-content\/uploads\/2025\/03\/Leolux-Scylla-lichtgroene-blauwig-motiefstof-zwart-frame-CAM02786.jpg\" \/>\n\t<meta property=\"og:image:width\" content=\"1080\" \/>\n\t<meta property=\"og:image:height\" content=\"1080\" \/>\n\t<meta property=\"og:image:type\" content=\"image\/jpeg\" \/>\n<meta name=\"twitter:card\" content=\"summary_large_image\" \/>\n<meta name=\"twitter:label1\" content=\"Est. reading time\" \/>\n\t<meta name=\"twitter:data1\" content=\"2 minutes\" \/>\n<script type=\"application\/ld+json\" class=\"yoast-schema-graph\">{\"@context\":\"https:\\\/\\\/schema.org\",\"@graph\":[{\"@type\":\"WebPage\",\"@id\":\"https:\\\/\\\/www.zillions.nl\\\/product\\\/leolux-scylla-fauteuil-hoog-grijsgroen-stof\\\/\",\"url\":\"https:\\\/\\\/www.zillions.nl\\\/product\\\/leolux-scylla-fauteuil-hoog-grijsgroen-stof\\\/\",\"name\":\"Leolux Scylla Fauteuil Hoog Grijs\\\/Groen Stof\",\"isPartOf\":{\"@id\":\"https:\\\/\\\/www.zillions.nl\\\/de\\\/#website\"},\"primaryImageOfPage\":{\"@id\":\"https:\\\/\\\/www.zillions.nl\\\/product\\\/leolux-scylla-fauteuil-hoog-grijsgroen-stof\\\/#primaryimage\"},\"image\":{\"@id\":\"https:\\\/\\\/www.zillions.nl\\\/product\\\/leolux-scylla-fauteuil-hoog-grijsgroen-stof\\\/#primaryimage\"},\"thumbnailUrl\":\"https:\\\/\\\/www.zillions.nl\\\/wp-content\\\/uploads\\\/2025\\\/03\\\/Leolux-Scylla-lichtgroene-blauwig-motiefstof-zwart-frame-CAM02786.jpg\",\"datePublished\":\"2025-03-12T12:06:56+00:00\",\"dateModified\":\"2026-03-31T07:17:45+00:00\",\"description\":\"Leolux Scylla fauteuil met hoge rug in groene stof | Eenvoudig te bestellen via onze webshop. Ontdek dit model en vele anderen in ons ruime assortiment!\",\"breadcrumb\":{\"@id\":\"https:\\\/\\\/www.zillions.nl\\\/product\\\/leolux-scylla-fauteuil-hoog-grijsgroen-stof\\\/#breadcrumb\"},\"inLanguage\":\"de-DE\",\"potentialAction\":[{\"@type\":\"ReadAction\",\"target\":[\"https:\\\/\\\/www.zillions.nl\\\/product\\\/leolux-scylla-fauteuil-hoog-grijsgroen-stof\\\/\"]}]},{\"@type\":\"ImageObject\",\"inLanguage\":\"de-DE\",\"@id\":\"https:\\\/\\\/www.zillions.nl\\\/product\\\/leolux-scylla-fauteuil-hoog-grijsgroen-stof\\\/#primaryimage\",\"url\":\"https:\\\/\\\/www.zillions.nl\\\/wp-content\\\/uploads\\\/2025\\\/03\\\/Leolux-Scylla-lichtgroene-blauwig-motiefstof-zwart-frame-CAM02786.jpg\",\"contentUrl\":\"https:\\\/\\\/www.zillions.nl\\\/wp-content\\\/uploads\\\/2025\\\/03\\\/Leolux-Scylla-lichtgroene-blauwig-motiefstof-zwart-frame-CAM02786.jpg\",\"width\":1080,\"height\":1080},{\"@type\":\"BreadcrumbList\",\"@id\":\"https:\\\/\\\/www.zillions.nl\\\/product\\\/leolux-scylla-fauteuil-hoog-grijsgroen-stof\\\/#breadcrumb\",\"itemListElement\":[{\"@type\":\"ListItem\",\"position\":1,\"name\":\"Home\",\"item\":\"https:\\\/\\\/www.zillions.nl\\\/\"},{\"@type\":\"ListItem\",\"position\":2,\"name\":\"Shop\",\"item\":\"https:\\\/\\\/www.zillions.nl\\\/shop\\\/\"},{\"@type\":\"ListItem\",\"position\":3,\"name\":\"Leolux Scylla Fauteuil Hoog Grijs\\\/Groen Stof\"}]},{\"@type\":\"WebSite\",\"@id\":\"https:\\\/\\\/www.zillions.nl\\\/de\\\/#website\",\"url\":\"https:\\\/\\\/www.zillions.nl\\\/de\\\/\",\"name\":\"Zillions: nieuw en gebruikt design meubilair en stoelen\",\"description\":\"Welkom bij Zillions: Zillions is gespecialiseerd in nieuw en gebruikt design meubilair en stoelen.\",\"publisher\":{\"@id\":\"https:\\\/\\\/www.zillions.nl\\\/de\\\/#organization\"},\"potentialAction\":[{\"@type\":\"SearchAction\",\"target\":{\"@type\":\"EntryPoint\",\"urlTemplate\":\"https:\\\/\\\/www.zillions.nl\\\/de\\\/?s={search_term_string}\"},\"query-input\":{\"@type\":\"PropertyValueSpecification\",\"valueRequired\":true,\"valueName\":\"search_term_string\"}}],\"inLanguage\":\"de-DE\"},{\"@type\":\"Organization\",\"@id\":\"https:\\\/\\\/www.zillions.nl\\\/de\\\/#organization\",\"name\":\"Zillions: nieuw en gebruikt design meubilair en stoelen\",\"url\":\"https:\\\/\\\/www.zillions.nl\\\/de\\\/\",\"logo\":{\"@type\":\"ImageObject\",\"inLanguage\":\"de-DE\",\"@id\":\"https:\\\/\\\/www.zillions.nl\\\/de\\\/#\\\/schema\\\/logo\\\/image\\\/\",\"url\":\"https:\\\/\\\/www.zillions.nl\\\/wp-content\\\/uploads\\\/2022\\\/11\\\/zillions.svg\",\"contentUrl\":\"https:\\\/\\\/www.zillions.nl\\\/wp-content\\\/uploads\\\/2022\\\/11\\\/zillions.svg\",\"width\":208,\"height\":53,\"caption\":\"Zillions: nieuw en gebruikt design meubilair en stoelen\"},\"image\":{\"@id\":\"https:\\\/\\\/www.zillions.nl\\\/de\\\/#\\\/schema\\\/logo\\\/image\\\/\"}}]}<\/script>\n<!-- \/ Yoast SEO plugin. -->","yoast_head_json":{"title":"Leolux Scylla Sessel, hoch, grau\/gr\u00fcner Stoff","description":"Leolux Scylla Sessel mit hoher R\u00fcckenlehne in gr\u00fcnem Stoff | Bestellen Sie bequem in unserem Webshop. Entdecken Sie dieses und viele weitere Modelle aus unserem umfangreichen Sortiment!","robots":{"index":"index","follow":"follow","max-snippet":"max-snippet:-1","max-image-preview":"max-image-preview:large","max-video-preview":"max-video-preview:-1"},"canonical":"https:\/\/www.zillions.nl\/de\/product\/leolux-scylla-fauteuil-hoog-grijsgroen-stof\/","og_locale":"de_DE","og_type":"article","og_title":"Leolux Scylla Fauteuil Hoog Grijs\/Groen Stof","og_description":"Leolux Scylla fauteuil met hoge rug in groene stof | Eenvoudig te bestellen via onze webshop. Ontdek dit model en vele anderen in ons ruime assortiment!","og_url":"https:\/\/www.zillions.nl\/de\/product\/leolux-scylla-fauteuil-hoog-grijsgroen-stof\/","og_site_name":"Zillions: nieuw en gebruikt design meubilair en stoelen","article_modified_time":"2026-03-31T07:17:45+00:00","og_image":[{"width":1080,"height":1080,"url":"https:\/\/www.zillions.nl\/wp-content\/uploads\/2025\/03\/Leolux-Scylla-lichtgroene-blauwig-motiefstof-zwart-frame-CAM02786.jpg","type":"image\/jpeg"}],"twitter_card":"summary_large_image","twitter_misc":{"Est. reading time":"2 minutes"},"schema":{"@context":"https:\/\/schema.org","@graph":[{"@type":"WebPage","@id":"https:\/\/www.zillions.nl\/product\/leolux-scylla-fauteuil-hoog-grijsgroen-stof\/","url":"https:\/\/www.zillions.nl\/product\/leolux-scylla-fauteuil-hoog-grijsgroen-stof\/","name":"Leolux Scylla Sessel, hoch, grau\/gr\u00fcner Stoff","isPartOf":{"@id":"https:\/\/www.zillions.nl\/de\/#website"},"primaryImageOfPage":{"@id":"https:\/\/www.zillions.nl\/product\/leolux-scylla-fauteuil-hoog-grijsgroen-stof\/#primaryimage"},"image":{"@id":"https:\/\/www.zillions.nl\/product\/leolux-scylla-fauteuil-hoog-grijsgroen-stof\/#primaryimage"},"thumbnailUrl":"https:\/\/www.zillions.nl\/wp-content\/uploads\/2025\/03\/Leolux-Scylla-lichtgroene-blauwig-motiefstof-zwart-frame-CAM02786.jpg","datePublished":"2025-03-12T12:06:56+00:00","dateModified":"2026-03-31T07:17:45+00:00","description":"Leolux Scylla Sessel mit hoher R\u00fcckenlehne in gr\u00fcnem Stoff | Bestellen Sie bequem in unserem Webshop. Entdecken Sie dieses und viele weitere Modelle aus unserem umfangreichen Sortiment!","breadcrumb":{"@id":"https:\/\/www.zillions.nl\/product\/leolux-scylla-fauteuil-hoog-grijsgroen-stof\/#breadcrumb"},"inLanguage":"de-DE","potentialAction":[{"@type":"ReadAction","target":["https:\/\/www.zillions.nl\/product\/leolux-scylla-fauteuil-hoog-grijsgroen-stof\/"]}]},{"@type":"ImageObject","inLanguage":"de-DE","@id":"https:\/\/www.zillions.nl\/product\/leolux-scylla-fauteuil-hoog-grijsgroen-stof\/#primaryimage","url":"https:\/\/www.zillions.nl\/wp-content\/uploads\/2025\/03\/Leolux-Scylla-lichtgroene-blauwig-motiefstof-zwart-frame-CAM02786.jpg","contentUrl":"https:\/\/www.zillions.nl\/wp-content\/uploads\/2025\/03\/Leolux-Scylla-lichtgroene-blauwig-motiefstof-zwart-frame-CAM02786.jpg","width":1080,"height":1080},{"@type":"BreadcrumbList","@id":"https:\/\/www.zillions.nl\/product\/leolux-scylla-fauteuil-hoog-grijsgroen-stof\/#breadcrumb","itemListElement":[{"@type":"ListItem","position":1,"name":"Home","item":"https:\/\/www.zillions.nl\/"},{"@type":"ListItem","position":2,"name":"Shop","item":"https:\/\/www.zillions.nl\/shop\/"},{"@type":"ListItem","position":3,"name":"Leolux Scylla Fauteuil Hoog Grijs\/Groen Stof"}]},{"@type":"WebSite","@id":"https:\/\/www.zillions.nl\/de\/#website","url":"https:\/\/www.zillions.nl\/de\/","name":"Zillionen: neue und gebrauchte Designerm\u00f6bel und St\u00fchle","description":"Willkommen bei Zillions: Zillions ist auf neue und gebrauchte Designm\u00f6bel und St\u00fchle spezialisiert.","publisher":{"@id":"https:\/\/www.zillions.nl\/de\/#organization"},"potentialAction":[{"@type":"SearchAction","target":{"@type":"EntryPoint","urlTemplate":"https:\/\/www.zillions.nl\/de\/?s={search_term_string}"},"query-input":{"@type":"PropertyValueSpecification","valueRequired":true,"valueName":"search_term_string"}}],"inLanguage":"de-DE"},{"@type":"Organization","@id":"https:\/\/www.zillions.nl\/de\/#organization","name":"Zillionen: neue und gebrauchte Designerm\u00f6bel und St\u00fchle","url":"https:\/\/www.zillions.nl\/de\/","logo":{"@type":"ImageObject","inLanguage":"de-DE","@id":"https:\/\/www.zillions.nl\/de\/#\/schema\/logo\/image\/","url":"https:\/\/www.zillions.nl\/wp-content\/uploads\/2022\/11\/zillions.svg","contentUrl":"https:\/\/www.zillions.nl\/wp-content\/uploads\/2022\/11\/zillions.svg","width":208,"height":53,"caption":"Zillions: nieuw en gebruikt design meubilair en stoelen"},"image":{"@id":"https:\/\/www.zillions.nl\/de\/#\/schema\/logo\/image\/"}}]}},"_links":{"self":[{"href":"https:\/\/www.zillions.nl\/de\/wp-json\/wp\/v2\/product\/14764","targetHints":{"allow":["GET"]}}],"collection":[{"href":"https:\/\/www.zillions.nl\/de\/wp-json\/wp\/v2\/product"}],"about":[{"href":"https:\/\/www.zillions.nl\/de\/wp-json\/wp\/v2\/types\/product"}],"wp:featuredmedia":[{"embeddable":true,"href":"https:\/\/www.zillions.nl\/de\/wp-json\/wp\/v2\/media\/14765"}],"wp:attachment":[{"href":"https:\/\/www.zillions.nl\/de\/wp-json\/wp\/v2\/media?parent=14764"}],"wp:term":[{"taxonomy":"product_brand","embeddable":true,"href":"https:\/\/www.zillions.nl\/de\/wp-json\/wp\/v2\/product_brand?post=14764"},{"taxonomy":"product_cat","embeddable":true,"href":"https:\/\/www.zillions.nl\/de\/wp-json\/wp\/v2\/product_cat?post=14764"},{"taxonomy":"product_tag","embeddable":true,"href":"https:\/\/www.zillions.nl\/de\/wp-json\/wp\/v2\/product_tag?post=14764"}],"curies":[{"name":"wp","href":"https:\/\/api.w.org\/{rel}","templated":true}]}}