{"id":14736,"date":"2025-03-11T20:36:01","date_gmt":"2025-03-11T19:36:01","guid":{"rendered":"https:\/\/www.zillions.nl\/?post_type=product&#038;p=14736"},"modified":"2025-03-12T19:50:38","modified_gmt":"2025-03-12T18:50:38","slug":"vitra-eames-lounge-chair-zwart-leer-zwart-essen","status":"publish","type":"product","link":"https:\/\/www.zillions.nl\/de\/product\/vitra-eames-lounge-chair-zwart-leer-zwart-essen\/","title":{"rendered":"Vitra Eames Lounge Chair Schwarzes Leder Schwarze Esche"},"content":{"rendered":"<p>Vitra Eames Lounge Chair, Esche schwarz \u2013 Gestell schwarz (2002)<\/p>\n<p>Dieser klassische Vitra Eames Lounge Chair ist aus Nero Premium F Leder in Schwarz gefertigt. Die Sitzschalen bestehen aus schwarzem Eschenholz, das als langlebige und robuste Holzart bekannt ist. Die Sitzschalen sind auf einem polierten Aluminiumfu\u00df befestigt, der einen stilvollen Kontrast zwischen der tiefschwarzen Oberfl\u00e4che des Holzes und der modernen Optik des Metalls bildet. Der Loungesessel ist original 100% und mit allen Sicherheitsfunktionen ausgestattet.<\/p>\n<p><strong>Zustand:<\/strong>\u00a0Zustand im Ausstellungsraum; im Neuzustand<\/p>\n<p><strong>Lieferung ab Lager<br \/>\n<\/strong><br \/>\n<strong>Hinweis:\u00a0<\/strong>Die angezeigten Preise sind\u00a0<u>pro St\u00fcck<\/u>!<\/p>\n<p>Spezifikationen:<u><strong><br \/>\n<\/strong><\/u><strong>Sitz:<\/strong>\u00a0Premiumleder F, Nero; schwarzes Eschenholz; drehbar<br \/>\n<strong>Rahmen:<\/strong>\u00a0Aluminium, verchromt<br \/>\n<strong>R\u00fcckenlehne:<\/strong>\u00a059,3 cm<br \/>\n<strong>Armlehne:<\/strong>\u00a022 cm hoch<br \/>\n<strong>Sitzh\u00f6he:<\/strong>\u00a038 cm<br \/>\n<strong>Sitzbreite:<\/strong>\u00a054 cm<br \/>\n<strong>Sitztiefe:<\/strong>\u00a056,5 cm<br \/>\n<strong>Volle H\u00f6he:<\/strong>\u00a084 cm<br \/>\n<strong>Volle Breite:\u00a0<\/strong>84 cm<br \/>\n<strong>Volle Tiefe:\u00a0<\/strong>85 \u2013 91 cm<\/p>\n<p>Wenn Sie Fragen haben oder einen unverbindlichen Besichtigungstermin vereinbaren m\u00f6chten, k\u00f6nnen Sie sich gerne an uns wenden. Lieferung durch unseren eigenen Lieferservice m\u00f6glich! Besuchen Sie unsere Website f\u00fcr viele weitere Designartikel!<\/p>\n<p><strong>Kontaktdaten (Besuch nach Vereinbarung):<\/strong><br \/>\nIndustrieweg 21<br \/>\n4131NK Vianen<br \/>\ninfo@zillions.nl<br \/>\n030 20 72 146<\/p>","protected":false},"excerpt":{"rendered":"<p>Vitra Eames Lounge Chair zwart essenhout &#8211; zwart frame (2002) Deze klassieke Vitra Eames lounge chair is uitgevoerd in Nero Premium F leer in de kleur zwart. De zitschalen zijn gemaakt van zwart essenhout, wat bekend staat als een duurzaam en stevig houtsoort. De zitschalen zijn bevestigd aan een gepolijst aluminium onderstel, wat zorgt voor [&hellip;]<\/p>\n","protected":false},"featured_media":14922,"template":"","meta":{"_acf_changed":false},"product_brand":[202],"product_cat":[16,188],"product_tag":[322],"class_list":{"0":"post-14736","1":"product","2":"type-product","3":"status-publish","4":"has-post-thumbnail","6":"product_brand-vitra","7":"product_cat-alle-producten","8":"product_cat-fauteuils","9":"product_tag-vitra","10":"pa_brands-vitra","12":"first","13":"instock","14":"sale","15":"purchasable","16":"product-type-simple"},"acf":[],"yoast_head":"<!-- This site is optimized with the Yoast SEO plugin v27.5 - https:\/\/yoast.com\/product\/yoast-seo-wordpress\/ -->\n<title>Vitra Eames Lounge Chair Zwart Leer Zwart Essen - Zillions: nieuw en gebruikt design meubilair en stoelen<\/title>\n<meta name=\"robots\" content=\"index, follow, max-snippet:-1, max-image-preview:large, max-video-preview:-1\" \/>\n<link rel=\"canonical\" href=\"https:\/\/www.zillions.nl\/de\/product\/vitra-eames-lounge-chair-zwart-leer-zwart-essen\/\" \/>\n<meta property=\"og:locale\" content=\"de_DE\" \/>\n<meta property=\"og:type\" content=\"article\" \/>\n<meta property=\"og:title\" content=\"Vitra Eames Lounge Chair Zwart Leer Zwart Essen - Zillions: nieuw en gebruikt design meubilair en stoelen\" \/>\n<meta property=\"og:description\" content=\"Vitra Eames Lounge Chair zwart essenhout &#8211; zwart frame (2002) Deze klassieke Vitra Eames lounge chair is uitgevoerd in Nero Premium F leer in de kleur zwart. De zitschalen zijn gemaakt van zwart essenhout, wat bekend staat als een duurzaam en stevig houtsoort. De zitschalen zijn bevestigd aan een gepolijst aluminium onderstel, wat zorgt voor [&hellip;]\" \/>\n<meta property=\"og:url\" content=\"https:\/\/www.zillions.nl\/de\/product\/vitra-eames-lounge-chair-zwart-leer-zwart-essen\/\" \/>\n<meta property=\"og:site_name\" content=\"Zillions: nieuw en gebruikt design meubilair en stoelen\" \/>\n<meta property=\"article:modified_time\" content=\"2025-03-12T18:50:38+00:00\" \/>\n<meta property=\"og:image\" content=\"https:\/\/www.zillions.nl\/wp-content\/uploads\/2025\/03\/Vitra-Eames-Lounge-Chair-Zwart-essenhout-CAM02797.jpg\" \/>\n\t<meta property=\"og:image:width\" content=\"1080\" \/>\n\t<meta property=\"og:image:height\" content=\"1080\" \/>\n\t<meta property=\"og:image:type\" content=\"image\/jpeg\" \/>\n<meta name=\"twitter:card\" content=\"summary_large_image\" \/>\n<meta name=\"twitter:label1\" content=\"Est. reading time\" \/>\n\t<meta name=\"twitter:data1\" content=\"2 minutes\" \/>\n<script type=\"application\/ld+json\" class=\"yoast-schema-graph\">{\"@context\":\"https:\\\/\\\/schema.org\",\"@graph\":[{\"@type\":\"WebPage\",\"@id\":\"https:\\\/\\\/www.zillions.nl\\\/product\\\/vitra-eames-lounge-chair-zwart-leer-zwart-essen\\\/\",\"url\":\"https:\\\/\\\/www.zillions.nl\\\/product\\\/vitra-eames-lounge-chair-zwart-leer-zwart-essen\\\/\",\"name\":\"Vitra Eames Lounge Chair Zwart Leer Zwart Essen - Zillions: nieuw en gebruikt design meubilair en stoelen\",\"isPartOf\":{\"@id\":\"https:\\\/\\\/www.zillions.nl\\\/de\\\/#website\"},\"primaryImageOfPage\":{\"@id\":\"https:\\\/\\\/www.zillions.nl\\\/product\\\/vitra-eames-lounge-chair-zwart-leer-zwart-essen\\\/#primaryimage\"},\"image\":{\"@id\":\"https:\\\/\\\/www.zillions.nl\\\/product\\\/vitra-eames-lounge-chair-zwart-leer-zwart-essen\\\/#primaryimage\"},\"thumbnailUrl\":\"https:\\\/\\\/www.zillions.nl\\\/wp-content\\\/uploads\\\/2025\\\/03\\\/Vitra-Eames-Lounge-Chair-Zwart-essenhout-CAM02797.jpg\",\"datePublished\":\"2025-03-11T19:36:01+00:00\",\"dateModified\":\"2025-03-12T18:50:38+00:00\",\"breadcrumb\":{\"@id\":\"https:\\\/\\\/www.zillions.nl\\\/product\\\/vitra-eames-lounge-chair-zwart-leer-zwart-essen\\\/#breadcrumb\"},\"inLanguage\":\"de-DE\",\"potentialAction\":[{\"@type\":\"ReadAction\",\"target\":[\"https:\\\/\\\/www.zillions.nl\\\/product\\\/vitra-eames-lounge-chair-zwart-leer-zwart-essen\\\/\"]}]},{\"@type\":\"ImageObject\",\"inLanguage\":\"de-DE\",\"@id\":\"https:\\\/\\\/www.zillions.nl\\\/product\\\/vitra-eames-lounge-chair-zwart-leer-zwart-essen\\\/#primaryimage\",\"url\":\"https:\\\/\\\/www.zillions.nl\\\/wp-content\\\/uploads\\\/2025\\\/03\\\/Vitra-Eames-Lounge-Chair-Zwart-essenhout-CAM02797.jpg\",\"contentUrl\":\"https:\\\/\\\/www.zillions.nl\\\/wp-content\\\/uploads\\\/2025\\\/03\\\/Vitra-Eames-Lounge-Chair-Zwart-essenhout-CAM02797.jpg\",\"width\":1080,\"height\":1080},{\"@type\":\"BreadcrumbList\",\"@id\":\"https:\\\/\\\/www.zillions.nl\\\/product\\\/vitra-eames-lounge-chair-zwart-leer-zwart-essen\\\/#breadcrumb\",\"itemListElement\":[{\"@type\":\"ListItem\",\"position\":1,\"name\":\"Home\",\"item\":\"https:\\\/\\\/www.zillions.nl\\\/\"},{\"@type\":\"ListItem\",\"position\":2,\"name\":\"Shop\",\"item\":\"https:\\\/\\\/www.zillions.nl\\\/shop\\\/\"},{\"@type\":\"ListItem\",\"position\":3,\"name\":\"Vitra Eames Lounge Chair Zwart Leer Zwart Essen\"}]},{\"@type\":\"WebSite\",\"@id\":\"https:\\\/\\\/www.zillions.nl\\\/de\\\/#website\",\"url\":\"https:\\\/\\\/www.zillions.nl\\\/de\\\/\",\"name\":\"Zillions: nieuw en gebruikt design meubilair en stoelen\",\"description\":\"Welkom bij Zillions: Zillions is gespecialiseerd in nieuw en gebruikt design meubilair en stoelen.\",\"publisher\":{\"@id\":\"https:\\\/\\\/www.zillions.nl\\\/de\\\/#organization\"},\"potentialAction\":[{\"@type\":\"SearchAction\",\"target\":{\"@type\":\"EntryPoint\",\"urlTemplate\":\"https:\\\/\\\/www.zillions.nl\\\/de\\\/?s={search_term_string}\"},\"query-input\":{\"@type\":\"PropertyValueSpecification\",\"valueRequired\":true,\"valueName\":\"search_term_string\"}}],\"inLanguage\":\"de-DE\"},{\"@type\":\"Organization\",\"@id\":\"https:\\\/\\\/www.zillions.nl\\\/de\\\/#organization\",\"name\":\"Zillions: nieuw en gebruikt design meubilair en stoelen\",\"url\":\"https:\\\/\\\/www.zillions.nl\\\/de\\\/\",\"logo\":{\"@type\":\"ImageObject\",\"inLanguage\":\"de-DE\",\"@id\":\"https:\\\/\\\/www.zillions.nl\\\/de\\\/#\\\/schema\\\/logo\\\/image\\\/\",\"url\":\"https:\\\/\\\/www.zillions.nl\\\/wp-content\\\/uploads\\\/2022\\\/11\\\/zillions.svg\",\"contentUrl\":\"https:\\\/\\\/www.zillions.nl\\\/wp-content\\\/uploads\\\/2022\\\/11\\\/zillions.svg\",\"width\":208,\"height\":53,\"caption\":\"Zillions: nieuw en gebruikt design meubilair en stoelen\"},\"image\":{\"@id\":\"https:\\\/\\\/www.zillions.nl\\\/de\\\/#\\\/schema\\\/logo\\\/image\\\/\"}}]}<\/script>\n<!-- \/ Yoast SEO plugin. -->","yoast_head_json":{"title":"Vitra Eames Lounge Chair, schwarzes Leder, schwarze Esche - Zillions: neue und gebrauchte Designm\u00f6bel und St\u00fchle","robots":{"index":"index","follow":"follow","max-snippet":"max-snippet:-1","max-image-preview":"max-image-preview:large","max-video-preview":"max-video-preview:-1"},"canonical":"https:\/\/www.zillions.nl\/de\/product\/vitra-eames-lounge-chair-zwart-leer-zwart-essen\/","og_locale":"de_DE","og_type":"article","og_title":"Vitra Eames Lounge Chair Zwart Leer Zwart Essen - Zillions: nieuw en gebruikt design meubilair en stoelen","og_description":"Vitra Eames Lounge Chair zwart essenhout &#8211; zwart frame (2002) Deze klassieke Vitra Eames lounge chair is uitgevoerd in Nero Premium F leer in de kleur zwart. De zitschalen zijn gemaakt van zwart essenhout, wat bekend staat als een duurzaam en stevig houtsoort. De zitschalen zijn bevestigd aan een gepolijst aluminium onderstel, wat zorgt voor [&hellip;]","og_url":"https:\/\/www.zillions.nl\/de\/product\/vitra-eames-lounge-chair-zwart-leer-zwart-essen\/","og_site_name":"Zillions: nieuw en gebruikt design meubilair en stoelen","article_modified_time":"2025-03-12T18:50:38+00:00","og_image":[{"width":1080,"height":1080,"url":"https:\/\/www.zillions.nl\/wp-content\/uploads\/2025\/03\/Vitra-Eames-Lounge-Chair-Zwart-essenhout-CAM02797.jpg","type":"image\/jpeg"}],"twitter_card":"summary_large_image","twitter_misc":{"Est. reading time":"2 minutes"},"schema":{"@context":"https:\/\/schema.org","@graph":[{"@type":"WebPage","@id":"https:\/\/www.zillions.nl\/product\/vitra-eames-lounge-chair-zwart-leer-zwart-essen\/","url":"https:\/\/www.zillions.nl\/product\/vitra-eames-lounge-chair-zwart-leer-zwart-essen\/","name":"Vitra Eames Lounge Chair, schwarzes Leder, schwarze Esche - Zillions: neue und gebrauchte Designm\u00f6bel und St\u00fchle","isPartOf":{"@id":"https:\/\/www.zillions.nl\/de\/#website"},"primaryImageOfPage":{"@id":"https:\/\/www.zillions.nl\/product\/vitra-eames-lounge-chair-zwart-leer-zwart-essen\/#primaryimage"},"image":{"@id":"https:\/\/www.zillions.nl\/product\/vitra-eames-lounge-chair-zwart-leer-zwart-essen\/#primaryimage"},"thumbnailUrl":"https:\/\/www.zillions.nl\/wp-content\/uploads\/2025\/03\/Vitra-Eames-Lounge-Chair-Zwart-essenhout-CAM02797.jpg","datePublished":"2025-03-11T19:36:01+00:00","dateModified":"2025-03-12T18:50:38+00:00","breadcrumb":{"@id":"https:\/\/www.zillions.nl\/product\/vitra-eames-lounge-chair-zwart-leer-zwart-essen\/#breadcrumb"},"inLanguage":"de-DE","potentialAction":[{"@type":"ReadAction","target":["https:\/\/www.zillions.nl\/product\/vitra-eames-lounge-chair-zwart-leer-zwart-essen\/"]}]},{"@type":"ImageObject","inLanguage":"de-DE","@id":"https:\/\/www.zillions.nl\/product\/vitra-eames-lounge-chair-zwart-leer-zwart-essen\/#primaryimage","url":"https:\/\/www.zillions.nl\/wp-content\/uploads\/2025\/03\/Vitra-Eames-Lounge-Chair-Zwart-essenhout-CAM02797.jpg","contentUrl":"https:\/\/www.zillions.nl\/wp-content\/uploads\/2025\/03\/Vitra-Eames-Lounge-Chair-Zwart-essenhout-CAM02797.jpg","width":1080,"height":1080},{"@type":"BreadcrumbList","@id":"https:\/\/www.zillions.nl\/product\/vitra-eames-lounge-chair-zwart-leer-zwart-essen\/#breadcrumb","itemListElement":[{"@type":"ListItem","position":1,"name":"Home","item":"https:\/\/www.zillions.nl\/"},{"@type":"ListItem","position":2,"name":"Shop","item":"https:\/\/www.zillions.nl\/shop\/"},{"@type":"ListItem","position":3,"name":"Vitra Eames Lounge Chair Zwart Leer Zwart Essen"}]},{"@type":"WebSite","@id":"https:\/\/www.zillions.nl\/de\/#website","url":"https:\/\/www.zillions.nl\/de\/","name":"Zillionen: neue und gebrauchte Designerm\u00f6bel und St\u00fchle","description":"Willkommen bei Zillions: Zillions ist auf neue und gebrauchte Designm\u00f6bel und St\u00fchle spezialisiert.","publisher":{"@id":"https:\/\/www.zillions.nl\/de\/#organization"},"potentialAction":[{"@type":"SearchAction","target":{"@type":"EntryPoint","urlTemplate":"https:\/\/www.zillions.nl\/de\/?s={search_term_string}"},"query-input":{"@type":"PropertyValueSpecification","valueRequired":true,"valueName":"search_term_string"}}],"inLanguage":"de-DE"},{"@type":"Organization","@id":"https:\/\/www.zillions.nl\/de\/#organization","name":"Zillionen: neue und gebrauchte Designerm\u00f6bel und St\u00fchle","url":"https:\/\/www.zillions.nl\/de\/","logo":{"@type":"ImageObject","inLanguage":"de-DE","@id":"https:\/\/www.zillions.nl\/de\/#\/schema\/logo\/image\/","url":"https:\/\/www.zillions.nl\/wp-content\/uploads\/2022\/11\/zillions.svg","contentUrl":"https:\/\/www.zillions.nl\/wp-content\/uploads\/2022\/11\/zillions.svg","width":208,"height":53,"caption":"Zillions: nieuw en gebruikt design meubilair en stoelen"},"image":{"@id":"https:\/\/www.zillions.nl\/de\/#\/schema\/logo\/image\/"}}]}},"_links":{"self":[{"href":"https:\/\/www.zillions.nl\/de\/wp-json\/wp\/v2\/product\/14736","targetHints":{"allow":["GET"]}}],"collection":[{"href":"https:\/\/www.zillions.nl\/de\/wp-json\/wp\/v2\/product"}],"about":[{"href":"https:\/\/www.zillions.nl\/de\/wp-json\/wp\/v2\/types\/product"}],"wp:featuredmedia":[{"embeddable":true,"href":"https:\/\/www.zillions.nl\/de\/wp-json\/wp\/v2\/media\/14922"}],"wp:attachment":[{"href":"https:\/\/www.zillions.nl\/de\/wp-json\/wp\/v2\/media?parent=14736"}],"wp:term":[{"taxonomy":"product_brand","embeddable":true,"href":"https:\/\/www.zillions.nl\/de\/wp-json\/wp\/v2\/product_brand?post=14736"},{"taxonomy":"product_cat","embeddable":true,"href":"https:\/\/www.zillions.nl\/de\/wp-json\/wp\/v2\/product_cat?post=14736"},{"taxonomy":"product_tag","embeddable":true,"href":"https:\/\/www.zillions.nl\/de\/wp-json\/wp\/v2\/product_tag?post=14736"}],"curies":[{"name":"wp","href":"https:\/\/api.w.org\/{rel}","templated":true}]}}