{"id":14672,"date":"2025-03-06T14:11:00","date_gmt":"2025-03-06T13:11:00","guid":{"rendered":"https:\/\/www.zillions.nl\/?post_type=product&#038;p=14672"},"modified":"2026-01-25T20:04:50","modified_gmt":"2026-01-25T19:04:50","slug":"vitra-jean-prouve-tabouret-bois-nieuw","status":"publish","type":"product","link":"https:\/\/www.zillions.nl\/de\/product\/vitra-jean-prouve-tabouret-bois-nieuw\/","title":{"rendered":"Vitra Jean Prouve Hocker Holz Eiche Neu"},"content":{"rendered":"<p>Vitra Jean Prouve Holzhocker Neu!!!<\/p>\n<p>Der\u00a0<strong>Vitra Tabouret Bois Hocker<\/strong>\u00a0ist ein Design von\u00a0<strong>Jean Prouv\u00e9<\/strong>. Jean Prouv\u00e9s Entw\u00fcrfe sind bekannt f\u00fcr die Harmonie zwischen Funktionalit\u00e4t, Materialeinsatz und den komplexen Anforderungen der Serienfertigung. Wie ein echter Ingenieur zeigt er gerne die Struktur und die tragenden Elemente seiner M\u00f6bel.<\/p>\n<p>Das zeitlose Design des Tabouret Bois Hockers zeigt diesen charakteristischen Designstil. Vier stabile Holzbeine bilden die Basis des Hockers. Ein mittig platziertes Metallelement stellt eine stabile Verbindung mit dem Holz her. Die Darstellung dieser Verbindungen und Konstruktionselemente verleiht diesem Hocker sein ganz eigenes, einzigartiges Aussehen.<\/p>\n<p>Mit seiner flachen runden Sitzfl\u00e4che l\u00e4sst sich der Tabouret Bois nat\u00fcrlich auch hervorragend als klassischer Hocker nutzen. Aufgrund der kompakten Bauweise l\u00e4sst sich der Hocker problemlos auf den Tisch stellen. Ben\u00f6tigen Sie keinen zus\u00e4tzlichen Sitzplatz? Dann ist der Tabouret Bois auch ein perfekter Beistelltisch. Pr\u00e4sentieren Sie Ihre sch\u00f6nsten Accessoires und stellen Sie den Hocker neben ein Sofa oder einen Sessel. Das Design macht in den unterschiedlichsten Innenr\u00e4umen eine gute Figur.<\/p>\n<p>Der Hocker Tabouret Bois ist in hellem Eichenholz mit Schutzlack erh\u00e4ltlich<\/p>\n<p>Das metallische Verbindungselement besteht aus schwarz pulverbeschichtetem Stahl.<\/p>\n<p>Die H\u00f6he des Hockers betr\u00e4gt 45 Zentimeter und die Breite 40 Zentimeter. Die runde Sitzfl\u00e4che hat einen Durchmesser von 35 Zentimetern.<\/p>\n<p>Die Lieferung ist mit unserem eigenen Lieferservice m\u00f6glich<\/p>\n<p>Wenn Sie Fragen haben oder einen unverbindlichen Besichtigungstermin vereinbaren m\u00f6chten, k\u00f6nnen Sie sich gerne an uns wenden. Lieferung durch unseren eigenen Lieferservice m\u00f6glich! Besuchen Sie unsere Website f\u00fcr viele weitere Designartikel!<\/p>\n<p><strong>Kontaktdaten (Besuch nach Vereinbarung):<\/strong><br \/>\nIndustrieweg 21<br \/>\n4131NK Vianen<br \/>\ninfo@zillions.nl<br \/>\n030 20 72 146<\/p>","protected":false},"excerpt":{"rendered":"<p>Vitra Jean Prouve Tabouret Bois Nieuw !!! De\u00a0Vitra\u00a0Tabouret Bois Kruk\u00a0is een ontwerp van\u00a0Jean Prouv\u00e9. De ontwerpen van Jean Prouv\u00e9 staan bekend om de harmonie tussen functionaliteit, materiaalgebruik en de complexe eisen van serieproductie. Als een echte engineer laat hij graag de structuur en ondersteunende elementen in zijn meubels zien. Het tijdloze design van de Tabouret [&hellip;]<\/p>\n","protected":false},"featured_media":14673,"template":"","meta":{"_acf_changed":false},"product_brand":[202],"product_cat":[16,192],"product_tag":[322],"class_list":{"0":"post-14672","1":"product","2":"type-product","3":"status-publish","4":"has-post-thumbnail","6":"product_brand-vitra","7":"product_cat-alle-producten","8":"product_cat-krukken","9":"product_tag-vitra","10":"product_shipping_class-product-shipping","11":"pa_brands-vitra","13":"first","14":"instock","15":"purchasable","16":"product-type-simple"},"acf":[],"yoast_head":"<!-- This site is optimized with the Yoast SEO plugin v27.5 - https:\/\/yoast.com\/product\/yoast-seo-wordpress\/ -->\n<title>Vitra Jean Prouve Tabouret Bois Eik Nieuw - Zillions: nieuw en gebruikt design meubilair en stoelen<\/title>\n<meta name=\"robots\" content=\"index, follow, max-snippet:-1, max-image-preview:large, max-video-preview:-1\" \/>\n<link rel=\"canonical\" href=\"https:\/\/www.zillions.nl\/de\/product\/vitra-jean-prouve-tabouret-bois-nieuw\/\" \/>\n<meta property=\"og:locale\" content=\"de_DE\" \/>\n<meta property=\"og:type\" content=\"article\" \/>\n<meta property=\"og:title\" content=\"Vitra Jean Prouve Tabouret Bois Eik Nieuw - Zillions: nieuw en gebruikt design meubilair en stoelen\" \/>\n<meta property=\"og:description\" content=\"Vitra Jean Prouve Tabouret Bois Nieuw !!! De\u00a0Vitra\u00a0Tabouret Bois Kruk\u00a0is een ontwerp van\u00a0Jean Prouv\u00e9. De ontwerpen van Jean Prouv\u00e9 staan bekend om de harmonie tussen functionaliteit, materiaalgebruik en de complexe eisen van serieproductie. Als een echte engineer laat hij graag de structuur en ondersteunende elementen in zijn meubels zien. Het tijdloze design van de Tabouret [&hellip;]\" \/>\n<meta property=\"og:url\" content=\"https:\/\/www.zillions.nl\/de\/product\/vitra-jean-prouve-tabouret-bois-nieuw\/\" \/>\n<meta property=\"og:site_name\" content=\"Zillions: nieuw en gebruikt design meubilair en stoelen\" \/>\n<meta property=\"article:modified_time\" content=\"2026-01-25T19:04:50+00:00\" \/>\n<meta property=\"og:image\" content=\"https:\/\/www.zillions.nl\/wp-content\/uploads\/2025\/03\/Vitra-Prouve-Tabouret-Eiken-26-6-24-27.jpg\" \/>\n\t<meta property=\"og:image:width\" content=\"1080\" \/>\n\t<meta property=\"og:image:height\" content=\"1080\" \/>\n\t<meta property=\"og:image:type\" content=\"image\/jpeg\" \/>\n<meta name=\"twitter:card\" content=\"summary_large_image\" \/>\n<meta name=\"twitter:label1\" content=\"Est. reading time\" \/>\n\t<meta name=\"twitter:data1\" content=\"2 minutes\" \/>\n<script type=\"application\/ld+json\" class=\"yoast-schema-graph\">{\"@context\":\"https:\\\/\\\/schema.org\",\"@graph\":[{\"@type\":\"WebPage\",\"@id\":\"https:\\\/\\\/www.zillions.nl\\\/product\\\/vitra-jean-prouve-tabouret-bois-nieuw\\\/\",\"url\":\"https:\\\/\\\/www.zillions.nl\\\/product\\\/vitra-jean-prouve-tabouret-bois-nieuw\\\/\",\"name\":\"Vitra Jean Prouve Tabouret Bois Eik Nieuw - Zillions: nieuw en gebruikt design meubilair en stoelen\",\"isPartOf\":{\"@id\":\"https:\\\/\\\/www.zillions.nl\\\/de\\\/#website\"},\"primaryImageOfPage\":{\"@id\":\"https:\\\/\\\/www.zillions.nl\\\/product\\\/vitra-jean-prouve-tabouret-bois-nieuw\\\/#primaryimage\"},\"image\":{\"@id\":\"https:\\\/\\\/www.zillions.nl\\\/product\\\/vitra-jean-prouve-tabouret-bois-nieuw\\\/#primaryimage\"},\"thumbnailUrl\":\"https:\\\/\\\/www.zillions.nl\\\/wp-content\\\/uploads\\\/2025\\\/03\\\/Vitra-Prouve-Tabouret-Eiken-26-6-24-27.jpg\",\"datePublished\":\"2025-03-06T13:11:00+00:00\",\"dateModified\":\"2026-01-25T19:04:50+00:00\",\"breadcrumb\":{\"@id\":\"https:\\\/\\\/www.zillions.nl\\\/product\\\/vitra-jean-prouve-tabouret-bois-nieuw\\\/#breadcrumb\"},\"inLanguage\":\"de-DE\",\"potentialAction\":[{\"@type\":\"ReadAction\",\"target\":[\"https:\\\/\\\/www.zillions.nl\\\/product\\\/vitra-jean-prouve-tabouret-bois-nieuw\\\/\"]}]},{\"@type\":\"ImageObject\",\"inLanguage\":\"de-DE\",\"@id\":\"https:\\\/\\\/www.zillions.nl\\\/product\\\/vitra-jean-prouve-tabouret-bois-nieuw\\\/#primaryimage\",\"url\":\"https:\\\/\\\/www.zillions.nl\\\/wp-content\\\/uploads\\\/2025\\\/03\\\/Vitra-Prouve-Tabouret-Eiken-26-6-24-27.jpg\",\"contentUrl\":\"https:\\\/\\\/www.zillions.nl\\\/wp-content\\\/uploads\\\/2025\\\/03\\\/Vitra-Prouve-Tabouret-Eiken-26-6-24-27.jpg\",\"width\":1080,\"height\":1080},{\"@type\":\"BreadcrumbList\",\"@id\":\"https:\\\/\\\/www.zillions.nl\\\/product\\\/vitra-jean-prouve-tabouret-bois-nieuw\\\/#breadcrumb\",\"itemListElement\":[{\"@type\":\"ListItem\",\"position\":1,\"name\":\"Home\",\"item\":\"https:\\\/\\\/www.zillions.nl\\\/\"},{\"@type\":\"ListItem\",\"position\":2,\"name\":\"Shop\",\"item\":\"https:\\\/\\\/www.zillions.nl\\\/shop\\\/\"},{\"@type\":\"ListItem\",\"position\":3,\"name\":\"Vitra Jean Prouve Tabouret Bois Eik Nieuw\"}]},{\"@type\":\"WebSite\",\"@id\":\"https:\\\/\\\/www.zillions.nl\\\/de\\\/#website\",\"url\":\"https:\\\/\\\/www.zillions.nl\\\/de\\\/\",\"name\":\"Zillions: nieuw en gebruikt design meubilair en stoelen\",\"description\":\"Welkom bij Zillions: Zillions is gespecialiseerd in nieuw en gebruikt design meubilair en stoelen.\",\"publisher\":{\"@id\":\"https:\\\/\\\/www.zillions.nl\\\/de\\\/#organization\"},\"potentialAction\":[{\"@type\":\"SearchAction\",\"target\":{\"@type\":\"EntryPoint\",\"urlTemplate\":\"https:\\\/\\\/www.zillions.nl\\\/de\\\/?s={search_term_string}\"},\"query-input\":{\"@type\":\"PropertyValueSpecification\",\"valueRequired\":true,\"valueName\":\"search_term_string\"}}],\"inLanguage\":\"de-DE\"},{\"@type\":\"Organization\",\"@id\":\"https:\\\/\\\/www.zillions.nl\\\/de\\\/#organization\",\"name\":\"Zillions: nieuw en gebruikt design meubilair en stoelen\",\"url\":\"https:\\\/\\\/www.zillions.nl\\\/de\\\/\",\"logo\":{\"@type\":\"ImageObject\",\"inLanguage\":\"de-DE\",\"@id\":\"https:\\\/\\\/www.zillions.nl\\\/de\\\/#\\\/schema\\\/logo\\\/image\\\/\",\"url\":\"https:\\\/\\\/www.zillions.nl\\\/wp-content\\\/uploads\\\/2022\\\/11\\\/zillions.svg\",\"contentUrl\":\"https:\\\/\\\/www.zillions.nl\\\/wp-content\\\/uploads\\\/2022\\\/11\\\/zillions.svg\",\"width\":208,\"height\":53,\"caption\":\"Zillions: nieuw en gebruikt design meubilair en stoelen\"},\"image\":{\"@id\":\"https:\\\/\\\/www.zillions.nl\\\/de\\\/#\\\/schema\\\/logo\\\/image\\\/\"}}]}<\/script>\n<!-- \/ Yoast SEO plugin. -->","yoast_head_json":{"title":"Vitra Jean Prouve Tabouret Bois Eik Neu - Zillions: neue und gebrauchte Designm\u00f6bel und St\u00fchle","robots":{"index":"index","follow":"follow","max-snippet":"max-snippet:-1","max-image-preview":"max-image-preview:large","max-video-preview":"max-video-preview:-1"},"canonical":"https:\/\/www.zillions.nl\/de\/product\/vitra-jean-prouve-tabouret-bois-nieuw\/","og_locale":"de_DE","og_type":"article","og_title":"Vitra Jean Prouve Tabouret Bois Eik Nieuw - Zillions: nieuw en gebruikt design meubilair en stoelen","og_description":"Vitra Jean Prouve Tabouret Bois Nieuw !!! De\u00a0Vitra\u00a0Tabouret Bois Kruk\u00a0is een ontwerp van\u00a0Jean Prouv\u00e9. De ontwerpen van Jean Prouv\u00e9 staan bekend om de harmonie tussen functionaliteit, materiaalgebruik en de complexe eisen van serieproductie. Als een echte engineer laat hij graag de structuur en ondersteunende elementen in zijn meubels zien. Het tijdloze design van de Tabouret [&hellip;]","og_url":"https:\/\/www.zillions.nl\/de\/product\/vitra-jean-prouve-tabouret-bois-nieuw\/","og_site_name":"Zillions: nieuw en gebruikt design meubilair en stoelen","article_modified_time":"2026-01-25T19:04:50+00:00","og_image":[{"width":1080,"height":1080,"url":"https:\/\/www.zillions.nl\/wp-content\/uploads\/2025\/03\/Vitra-Prouve-Tabouret-Eiken-26-6-24-27.jpg","type":"image\/jpeg"}],"twitter_card":"summary_large_image","twitter_misc":{"Est. reading time":"2 minutes"},"schema":{"@context":"https:\/\/schema.org","@graph":[{"@type":"WebPage","@id":"https:\/\/www.zillions.nl\/product\/vitra-jean-prouve-tabouret-bois-nieuw\/","url":"https:\/\/www.zillions.nl\/product\/vitra-jean-prouve-tabouret-bois-nieuw\/","name":"Vitra Jean Prouve Tabouret Bois Eik Neu - Zillions: neue und gebrauchte Designm\u00f6bel und St\u00fchle","isPartOf":{"@id":"https:\/\/www.zillions.nl\/de\/#website"},"primaryImageOfPage":{"@id":"https:\/\/www.zillions.nl\/product\/vitra-jean-prouve-tabouret-bois-nieuw\/#primaryimage"},"image":{"@id":"https:\/\/www.zillions.nl\/product\/vitra-jean-prouve-tabouret-bois-nieuw\/#primaryimage"},"thumbnailUrl":"https:\/\/www.zillions.nl\/wp-content\/uploads\/2025\/03\/Vitra-Prouve-Tabouret-Eiken-26-6-24-27.jpg","datePublished":"2025-03-06T13:11:00+00:00","dateModified":"2026-01-25T19:04:50+00:00","breadcrumb":{"@id":"https:\/\/www.zillions.nl\/product\/vitra-jean-prouve-tabouret-bois-nieuw\/#breadcrumb"},"inLanguage":"de-DE","potentialAction":[{"@type":"ReadAction","target":["https:\/\/www.zillions.nl\/product\/vitra-jean-prouve-tabouret-bois-nieuw\/"]}]},{"@type":"ImageObject","inLanguage":"de-DE","@id":"https:\/\/www.zillions.nl\/product\/vitra-jean-prouve-tabouret-bois-nieuw\/#primaryimage","url":"https:\/\/www.zillions.nl\/wp-content\/uploads\/2025\/03\/Vitra-Prouve-Tabouret-Eiken-26-6-24-27.jpg","contentUrl":"https:\/\/www.zillions.nl\/wp-content\/uploads\/2025\/03\/Vitra-Prouve-Tabouret-Eiken-26-6-24-27.jpg","width":1080,"height":1080},{"@type":"BreadcrumbList","@id":"https:\/\/www.zillions.nl\/product\/vitra-jean-prouve-tabouret-bois-nieuw\/#breadcrumb","itemListElement":[{"@type":"ListItem","position":1,"name":"Home","item":"https:\/\/www.zillions.nl\/"},{"@type":"ListItem","position":2,"name":"Shop","item":"https:\/\/www.zillions.nl\/shop\/"},{"@type":"ListItem","position":3,"name":"Vitra Jean Prouve Tabouret Bois Eik Nieuw"}]},{"@type":"WebSite","@id":"https:\/\/www.zillions.nl\/de\/#website","url":"https:\/\/www.zillions.nl\/de\/","name":"Zillionen: neue und gebrauchte Designerm\u00f6bel und St\u00fchle","description":"Willkommen bei Zillions: Zillions ist auf neue und gebrauchte Designm\u00f6bel und St\u00fchle spezialisiert.","publisher":{"@id":"https:\/\/www.zillions.nl\/de\/#organization"},"potentialAction":[{"@type":"SearchAction","target":{"@type":"EntryPoint","urlTemplate":"https:\/\/www.zillions.nl\/de\/?s={search_term_string}"},"query-input":{"@type":"PropertyValueSpecification","valueRequired":true,"valueName":"search_term_string"}}],"inLanguage":"de-DE"},{"@type":"Organization","@id":"https:\/\/www.zillions.nl\/de\/#organization","name":"Zillionen: neue und gebrauchte Designerm\u00f6bel und St\u00fchle","url":"https:\/\/www.zillions.nl\/de\/","logo":{"@type":"ImageObject","inLanguage":"de-DE","@id":"https:\/\/www.zillions.nl\/de\/#\/schema\/logo\/image\/","url":"https:\/\/www.zillions.nl\/wp-content\/uploads\/2022\/11\/zillions.svg","contentUrl":"https:\/\/www.zillions.nl\/wp-content\/uploads\/2022\/11\/zillions.svg","width":208,"height":53,"caption":"Zillions: nieuw en gebruikt design meubilair en stoelen"},"image":{"@id":"https:\/\/www.zillions.nl\/de\/#\/schema\/logo\/image\/"}}]}},"_links":{"self":[{"href":"https:\/\/www.zillions.nl\/de\/wp-json\/wp\/v2\/product\/14672","targetHints":{"allow":["GET"]}}],"collection":[{"href":"https:\/\/www.zillions.nl\/de\/wp-json\/wp\/v2\/product"}],"about":[{"href":"https:\/\/www.zillions.nl\/de\/wp-json\/wp\/v2\/types\/product"}],"wp:featuredmedia":[{"embeddable":true,"href":"https:\/\/www.zillions.nl\/de\/wp-json\/wp\/v2\/media\/14673"}],"wp:attachment":[{"href":"https:\/\/www.zillions.nl\/de\/wp-json\/wp\/v2\/media?parent=14672"}],"wp:term":[{"taxonomy":"product_brand","embeddable":true,"href":"https:\/\/www.zillions.nl\/de\/wp-json\/wp\/v2\/product_brand?post=14672"},{"taxonomy":"product_cat","embeddable":true,"href":"https:\/\/www.zillions.nl\/de\/wp-json\/wp\/v2\/product_cat?post=14672"},{"taxonomy":"product_tag","embeddable":true,"href":"https:\/\/www.zillions.nl\/de\/wp-json\/wp\/v2\/product_tag?post=14672"}],"curies":[{"name":"wp","href":"https:\/\/api.w.org\/{rel}","templated":true}]}}