{"id":14610,"date":"2025-03-05T13:58:30","date_gmt":"2025-03-05T12:58:30","guid":{"rendered":"https:\/\/www.zillions.nl\/?post_type=product&#038;p=14610"},"modified":"2026-03-09T00:02:42","modified_gmt":"2026-03-08T23:02:42","slug":"leolux-arabella-3-zits-220cm-bank-groen-geel-leer-chroom","status":"publish","type":"product","link":"https:\/\/www.zillions.nl\/de\/product\/leolux-arabella-3-zits-220cm-bank-groen-geel-leer-chroom\/","title":{"rendered":"Leolux Arabella 3-Sitzer\/220 cm Sofa Gr\u00fcn\/Gelb Leder \u2013 Chrom"},"content":{"rendered":"<p style=\"font-weight: 400;\">Leolux Arabella 3-Sitzer-Sofa in gr\u00fcnem und gelbem Leder \u2013 verchromtes Gestell<\/p>\n<p style=\"font-weight: 400;\">Dieses moderne 3-Sitzer-Sofa Leolux Arabella, entworfen von Stefan Heiliger, ist aus gr\u00fcnem und gelbem Leder gefertigt und hat ein verchromtes Metallgestell. Die asymmetrische Polsterung verleiht dem Sofa eine dynamische Optik, w\u00e4hrend die gro\u00dfz\u00fcgige Sitzfl\u00e4che viel Komfort bietet. Dank seines verspielten Charakters fungiert Arabella nicht nur als bequeme Sitzgelegenheit, sondern auch als stylisches Designobjekt. Das durchdachte Design und die luxuri\u00f6se Verarbeitung machen dieses Sofa zu einer einzigartigen Erg\u00e4nzung f\u00fcr jedes Interieur. Die Bank ist 100% Original und verf\u00fcgt \u00fcber s\u00e4mtliche Echtheitsmerkmale.<\/p>\n<p style=\"font-weight: 400;\"><strong>Zustand:<\/strong> Zustand im Ausstellungsraum; im Neuzustand<\/p>\n<p style=\"font-weight: 400;\"><strong>Lieferung ab Lager<\/strong><\/p>\n<p style=\"font-weight: 400;\"><strong>Hinweis: <\/strong>Die angezeigten Preise sind <u>pro St\u00fcck<\/u>!<\/p>\n<p style=\"font-weight: 400;\">Spezifikationen:<br \/>\n<strong>Sitz:<\/strong> Leder, gr\u00fcn und gelb<br \/>\n<strong>Base:<\/strong> Metall, verchromt<br \/>\n<strong>R\u00fcckenlehne:<\/strong> 33 cm<br \/>\n<strong>Sitzh\u00f6he:<\/strong>\u00a042 cm<br \/>\n<strong>Volle H\u00f6he:<\/strong>\u00a075 cm<br \/>\n<strong>Volle Breite:<\/strong>\u00a0220 cm<br \/>\n<strong>Volle Tiefe:<\/strong>\u00a085 cm<\/p>\n<p style=\"font-weight: 400;\">Wenn Sie Fragen haben oder einen unverbindlichen Besichtigungstermin vereinbaren m\u00f6chten, k\u00f6nnen Sie sich gerne an uns wenden. Lieferung durch unseren eigenen Lieferservice m\u00f6glich! Besuchen Sie unsere Website f\u00fcr viele weitere Designartikel!<\/p>\n<p style=\"font-weight: 400;\"><strong>Kontaktdaten (Besuch nach Vereinbarung):<\/strong><br \/>\nIndustrieweg 21<br \/>\n4131NK Vianen<br \/>\ninfo@zillions.nl<br \/>\n030 20 72 146<\/p>","protected":false},"excerpt":{"rendered":"<p>Leolux Arabella 3-zits bank in groen en geel leder &#8211; verchroomd onderstel Deze moderne Leolux Arabella 3-zits bank, ontworpen door Stefan Heiliger, is uitgevoerd in groen en geel leder en voorzien van een verchroomd metalen onderstel. De asymmetrische bekleding geeft de bank een dynamische uitstraling, terwijl de royale zitting zorgt voor veel comfort. Dankzij het [&hellip;]<\/p>\n","protected":false},"featured_media":14622,"template":"","meta":{"_acf_changed":false},"product_brand":[225],"product_cat":[16,189],"product_tag":[325],"class_list":{"0":"post-14610","1":"product","2":"type-product","3":"status-publish","4":"has-post-thumbnail","6":"product_brand-leolux","7":"product_cat-alle-producten","8":"product_cat-banken","9":"product_tag-leolux","10":"pa_brands-leolux","12":"first","13":"outofstock","14":"purchasable","15":"product-type-simple"},"acf":[],"yoast_head":"<!-- This site is optimized with the Yoast SEO plugin v27.5 - https:\/\/yoast.com\/product\/yoast-seo-wordpress\/ -->\n<title>Leolux Arabella 3-zits\/220cm Bank Groen\/Geel Leer - Chroom<\/title>\n<meta name=\"description\" content=\"Leolux Arabella 3-zits bank in groen en geel leder | Eenvoudig te bestellen via onze webshop. Ontdek dit model en vele anderen in ons ruime assortiment!\" \/>\n<meta name=\"robots\" content=\"index, follow, max-snippet:-1, max-image-preview:large, max-video-preview:-1\" \/>\n<link rel=\"canonical\" href=\"https:\/\/www.zillions.nl\/de\/product\/leolux-arabella-3-zits-220cm-bank-groen-geel-leer-chroom\/\" \/>\n<meta property=\"og:locale\" content=\"de_DE\" \/>\n<meta property=\"og:type\" content=\"article\" \/>\n<meta property=\"og:title\" content=\"Leolux Arabella 3-zits\/220cm Bank Groen\/Geel Leer - Chroom\" \/>\n<meta property=\"og:description\" content=\"Leolux Arabella 3-zits bank in groen en geel leder | Eenvoudig te bestellen via onze webshop. Ontdek dit model en vele anderen in ons ruime assortiment!\" \/>\n<meta property=\"og:url\" content=\"https:\/\/www.zillions.nl\/de\/product\/leolux-arabella-3-zits-220cm-bank-groen-geel-leer-chroom\/\" \/>\n<meta property=\"og:site_name\" content=\"Zillions: nieuw en gebruikt design meubilair en stoelen\" \/>\n<meta property=\"article:modified_time\" content=\"2026-03-08T23:02:42+00:00\" \/>\n<meta property=\"og:image\" content=\"https:\/\/www.zillions.nl\/wp-content\/uploads\/2025\/03\/Leolux-Arabella-Groen_Geel-CAM01901.jpg\" \/>\n\t<meta property=\"og:image:width\" content=\"1080\" \/>\n\t<meta property=\"og:image:height\" content=\"1080\" \/>\n\t<meta property=\"og:image:type\" content=\"image\/jpeg\" \/>\n<meta name=\"twitter:card\" content=\"summary_large_image\" \/>\n<meta name=\"twitter:label1\" content=\"Est. reading time\" \/>\n\t<meta name=\"twitter:data1\" content=\"2 minutes\" \/>\n<script type=\"application\/ld+json\" class=\"yoast-schema-graph\">{\"@context\":\"https:\\\/\\\/schema.org\",\"@graph\":[{\"@type\":\"WebPage\",\"@id\":\"https:\\\/\\\/www.zillions.nl\\\/product\\\/leolux-arabella-3-zits-220cm-bank-groen-geel-leer-chroom\\\/\",\"url\":\"https:\\\/\\\/www.zillions.nl\\\/product\\\/leolux-arabella-3-zits-220cm-bank-groen-geel-leer-chroom\\\/\",\"name\":\"Leolux Arabella 3-zits\\\/220cm Bank Groen\\\/Geel Leer - Chroom\",\"isPartOf\":{\"@id\":\"https:\\\/\\\/www.zillions.nl\\\/de\\\/#website\"},\"primaryImageOfPage\":{\"@id\":\"https:\\\/\\\/www.zillions.nl\\\/product\\\/leolux-arabella-3-zits-220cm-bank-groen-geel-leer-chroom\\\/#primaryimage\"},\"image\":{\"@id\":\"https:\\\/\\\/www.zillions.nl\\\/product\\\/leolux-arabella-3-zits-220cm-bank-groen-geel-leer-chroom\\\/#primaryimage\"},\"thumbnailUrl\":\"https:\\\/\\\/www.zillions.nl\\\/wp-content\\\/uploads\\\/2025\\\/03\\\/Leolux-Arabella-Groen_Geel-CAM01901.jpg\",\"datePublished\":\"2025-03-05T12:58:30+00:00\",\"dateModified\":\"2026-03-08T23:02:42+00:00\",\"description\":\"Leolux Arabella 3-zits bank in groen en geel leder | Eenvoudig te bestellen via onze webshop. Ontdek dit model en vele anderen in ons ruime assortiment!\",\"breadcrumb\":{\"@id\":\"https:\\\/\\\/www.zillions.nl\\\/product\\\/leolux-arabella-3-zits-220cm-bank-groen-geel-leer-chroom\\\/#breadcrumb\"},\"inLanguage\":\"de-DE\",\"potentialAction\":[{\"@type\":\"ReadAction\",\"target\":[\"https:\\\/\\\/www.zillions.nl\\\/product\\\/leolux-arabella-3-zits-220cm-bank-groen-geel-leer-chroom\\\/\"]}]},{\"@type\":\"ImageObject\",\"inLanguage\":\"de-DE\",\"@id\":\"https:\\\/\\\/www.zillions.nl\\\/product\\\/leolux-arabella-3-zits-220cm-bank-groen-geel-leer-chroom\\\/#primaryimage\",\"url\":\"https:\\\/\\\/www.zillions.nl\\\/wp-content\\\/uploads\\\/2025\\\/03\\\/Leolux-Arabella-Groen_Geel-CAM01901.jpg\",\"contentUrl\":\"https:\\\/\\\/www.zillions.nl\\\/wp-content\\\/uploads\\\/2025\\\/03\\\/Leolux-Arabella-Groen_Geel-CAM01901.jpg\",\"width\":1080,\"height\":1080},{\"@type\":\"BreadcrumbList\",\"@id\":\"https:\\\/\\\/www.zillions.nl\\\/product\\\/leolux-arabella-3-zits-220cm-bank-groen-geel-leer-chroom\\\/#breadcrumb\",\"itemListElement\":[{\"@type\":\"ListItem\",\"position\":1,\"name\":\"Home\",\"item\":\"https:\\\/\\\/www.zillions.nl\\\/\"},{\"@type\":\"ListItem\",\"position\":2,\"name\":\"Shop\",\"item\":\"https:\\\/\\\/www.zillions.nl\\\/shop\\\/\"},{\"@type\":\"ListItem\",\"position\":3,\"name\":\"Leolux Arabella 3-zits\\\/220cm Bank Groen\\\/Geel Leer &#8211; Chroom\"}]},{\"@type\":\"WebSite\",\"@id\":\"https:\\\/\\\/www.zillions.nl\\\/de\\\/#website\",\"url\":\"https:\\\/\\\/www.zillions.nl\\\/de\\\/\",\"name\":\"Zillions: nieuw en gebruikt design meubilair en stoelen\",\"description\":\"Welkom bij Zillions: Zillions is gespecialiseerd in nieuw en gebruikt design meubilair en stoelen.\",\"publisher\":{\"@id\":\"https:\\\/\\\/www.zillions.nl\\\/de\\\/#organization\"},\"potentialAction\":[{\"@type\":\"SearchAction\",\"target\":{\"@type\":\"EntryPoint\",\"urlTemplate\":\"https:\\\/\\\/www.zillions.nl\\\/de\\\/?s={search_term_string}\"},\"query-input\":{\"@type\":\"PropertyValueSpecification\",\"valueRequired\":true,\"valueName\":\"search_term_string\"}}],\"inLanguage\":\"de-DE\"},{\"@type\":\"Organization\",\"@id\":\"https:\\\/\\\/www.zillions.nl\\\/de\\\/#organization\",\"name\":\"Zillions: nieuw en gebruikt design meubilair en stoelen\",\"url\":\"https:\\\/\\\/www.zillions.nl\\\/de\\\/\",\"logo\":{\"@type\":\"ImageObject\",\"inLanguage\":\"de-DE\",\"@id\":\"https:\\\/\\\/www.zillions.nl\\\/de\\\/#\\\/schema\\\/logo\\\/image\\\/\",\"url\":\"https:\\\/\\\/www.zillions.nl\\\/wp-content\\\/uploads\\\/2022\\\/11\\\/zillions.svg\",\"contentUrl\":\"https:\\\/\\\/www.zillions.nl\\\/wp-content\\\/uploads\\\/2022\\\/11\\\/zillions.svg\",\"width\":208,\"height\":53,\"caption\":\"Zillions: nieuw en gebruikt design meubilair en stoelen\"},\"image\":{\"@id\":\"https:\\\/\\\/www.zillions.nl\\\/de\\\/#\\\/schema\\\/logo\\\/image\\\/\"}}]}<\/script>\n<!-- \/ Yoast SEO plugin. -->","yoast_head_json":{"title":"Leolux Arabella 3-Sitzer\/220 cm Sofa Gr\u00fcn\/Gelb Leder - Chrom","description":"Leolux Arabella 3-Sitzer-Sofa in gr\u00fcnem und gelbem Leder | Bestellen Sie bequem in unserem Webshop. Entdecken Sie dieses und viele weitere Modelle aus unserem umfangreichen Sortiment!","robots":{"index":"index","follow":"follow","max-snippet":"max-snippet:-1","max-image-preview":"max-image-preview:large","max-video-preview":"max-video-preview:-1"},"canonical":"https:\/\/www.zillions.nl\/de\/product\/leolux-arabella-3-zits-220cm-bank-groen-geel-leer-chroom\/","og_locale":"de_DE","og_type":"article","og_title":"Leolux Arabella 3-zits\/220cm Bank Groen\/Geel Leer - Chroom","og_description":"Leolux Arabella 3-zits bank in groen en geel leder | Eenvoudig te bestellen via onze webshop. Ontdek dit model en vele anderen in ons ruime assortiment!","og_url":"https:\/\/www.zillions.nl\/de\/product\/leolux-arabella-3-zits-220cm-bank-groen-geel-leer-chroom\/","og_site_name":"Zillions: nieuw en gebruikt design meubilair en stoelen","article_modified_time":"2026-03-08T23:02:42+00:00","og_image":[{"width":1080,"height":1080,"url":"https:\/\/www.zillions.nl\/wp-content\/uploads\/2025\/03\/Leolux-Arabella-Groen_Geel-CAM01901.jpg","type":"image\/jpeg"}],"twitter_card":"summary_large_image","twitter_misc":{"Est. reading time":"2 minutes"},"schema":{"@context":"https:\/\/schema.org","@graph":[{"@type":"WebPage","@id":"https:\/\/www.zillions.nl\/product\/leolux-arabella-3-zits-220cm-bank-groen-geel-leer-chroom\/","url":"https:\/\/www.zillions.nl\/product\/leolux-arabella-3-zits-220cm-bank-groen-geel-leer-chroom\/","name":"Leolux Arabella 3-Sitzer\/220 cm Sofa Gr\u00fcn\/Gelb Leder - Chrom","isPartOf":{"@id":"https:\/\/www.zillions.nl\/de\/#website"},"primaryImageOfPage":{"@id":"https:\/\/www.zillions.nl\/product\/leolux-arabella-3-zits-220cm-bank-groen-geel-leer-chroom\/#primaryimage"},"image":{"@id":"https:\/\/www.zillions.nl\/product\/leolux-arabella-3-zits-220cm-bank-groen-geel-leer-chroom\/#primaryimage"},"thumbnailUrl":"https:\/\/www.zillions.nl\/wp-content\/uploads\/2025\/03\/Leolux-Arabella-Groen_Geel-CAM01901.jpg","datePublished":"2025-03-05T12:58:30+00:00","dateModified":"2026-03-08T23:02:42+00:00","description":"Leolux Arabella 3-Sitzer-Sofa in gr\u00fcnem und gelbem Leder | Bestellen Sie bequem in unserem Webshop. Entdecken Sie dieses und viele weitere Modelle aus unserem umfangreichen Sortiment!","breadcrumb":{"@id":"https:\/\/www.zillions.nl\/product\/leolux-arabella-3-zits-220cm-bank-groen-geel-leer-chroom\/#breadcrumb"},"inLanguage":"de-DE","potentialAction":[{"@type":"ReadAction","target":["https:\/\/www.zillions.nl\/product\/leolux-arabella-3-zits-220cm-bank-groen-geel-leer-chroom\/"]}]},{"@type":"ImageObject","inLanguage":"de-DE","@id":"https:\/\/www.zillions.nl\/product\/leolux-arabella-3-zits-220cm-bank-groen-geel-leer-chroom\/#primaryimage","url":"https:\/\/www.zillions.nl\/wp-content\/uploads\/2025\/03\/Leolux-Arabella-Groen_Geel-CAM01901.jpg","contentUrl":"https:\/\/www.zillions.nl\/wp-content\/uploads\/2025\/03\/Leolux-Arabella-Groen_Geel-CAM01901.jpg","width":1080,"height":1080},{"@type":"BreadcrumbList","@id":"https:\/\/www.zillions.nl\/product\/leolux-arabella-3-zits-220cm-bank-groen-geel-leer-chroom\/#breadcrumb","itemListElement":[{"@type":"ListItem","position":1,"name":"Home","item":"https:\/\/www.zillions.nl\/"},{"@type":"ListItem","position":2,"name":"Shop","item":"https:\/\/www.zillions.nl\/shop\/"},{"@type":"ListItem","position":3,"name":"Leolux Arabella 3-zits\/220cm Bank Groen\/Geel Leer &#8211; Chroom"}]},{"@type":"WebSite","@id":"https:\/\/www.zillions.nl\/de\/#website","url":"https:\/\/www.zillions.nl\/de\/","name":"Zillionen: neue und gebrauchte Designerm\u00f6bel und St\u00fchle","description":"Willkommen bei Zillions: Zillions ist auf neue und gebrauchte Designm\u00f6bel und St\u00fchle spezialisiert.","publisher":{"@id":"https:\/\/www.zillions.nl\/de\/#organization"},"potentialAction":[{"@type":"SearchAction","target":{"@type":"EntryPoint","urlTemplate":"https:\/\/www.zillions.nl\/de\/?s={search_term_string}"},"query-input":{"@type":"PropertyValueSpecification","valueRequired":true,"valueName":"search_term_string"}}],"inLanguage":"de-DE"},{"@type":"Organization","@id":"https:\/\/www.zillions.nl\/de\/#organization","name":"Zillionen: neue und gebrauchte Designerm\u00f6bel und St\u00fchle","url":"https:\/\/www.zillions.nl\/de\/","logo":{"@type":"ImageObject","inLanguage":"de-DE","@id":"https:\/\/www.zillions.nl\/de\/#\/schema\/logo\/image\/","url":"https:\/\/www.zillions.nl\/wp-content\/uploads\/2022\/11\/zillions.svg","contentUrl":"https:\/\/www.zillions.nl\/wp-content\/uploads\/2022\/11\/zillions.svg","width":208,"height":53,"caption":"Zillions: nieuw en gebruikt design meubilair en stoelen"},"image":{"@id":"https:\/\/www.zillions.nl\/de\/#\/schema\/logo\/image\/"}}]}},"_links":{"self":[{"href":"https:\/\/www.zillions.nl\/de\/wp-json\/wp\/v2\/product\/14610","targetHints":{"allow":["GET"]}}],"collection":[{"href":"https:\/\/www.zillions.nl\/de\/wp-json\/wp\/v2\/product"}],"about":[{"href":"https:\/\/www.zillions.nl\/de\/wp-json\/wp\/v2\/types\/product"}],"wp:featuredmedia":[{"embeddable":true,"href":"https:\/\/www.zillions.nl\/de\/wp-json\/wp\/v2\/media\/14622"}],"wp:attachment":[{"href":"https:\/\/www.zillions.nl\/de\/wp-json\/wp\/v2\/media?parent=14610"}],"wp:term":[{"taxonomy":"product_brand","embeddable":true,"href":"https:\/\/www.zillions.nl\/de\/wp-json\/wp\/v2\/product_brand?post=14610"},{"taxonomy":"product_cat","embeddable":true,"href":"https:\/\/www.zillions.nl\/de\/wp-json\/wp\/v2\/product_cat?post=14610"},{"taxonomy":"product_tag","embeddable":true,"href":"https:\/\/www.zillions.nl\/de\/wp-json\/wp\/v2\/product_tag?post=14610"}],"curies":[{"name":"wp","href":"https:\/\/api.w.org\/{rel}","templated":true}]}}