{"id":14469,"date":"2025-02-26T17:19:44","date_gmt":"2025-02-26T16:19:44","guid":{"rendered":"https:\/\/www.zillions.nl\/?post_type=product&#038;p=14469"},"modified":"2026-01-29T20:08:18","modified_gmt":"2026-01-29T19:08:18","slug":"leolux-kikko-chaise-longue-creme-kastanje-chroom","status":"publish","type":"product","link":"https:\/\/www.zillions.nl\/de\/product\/leolux-kikko-chaise-longue-creme-kastanje-chroom\/","title":{"rendered":"Leolux Kikko Chaiselongue Creme\/Kastanie \u2013 Chrom"},"content":{"rendered":"<p>Leolux Kikko Chaiselongue rechts in Creme- und Kastanienleder \u2013 Chrom<\/p>\n<p>Diese vielseitige Chaiselongue Kikko von Leolux, entworfen von Hugo de Ruiter, hat einen cremefarbenen Sitz mit einer kastanienbraunen R\u00fcckenlehne und einem verchromten Stahlgestell. Dank der raffiniert gestalteten drehbaren R\u00fcckenlehne verwandelt sich Kikko m\u00fchelos von einer eleganten Chaiselongue in einen bequemen Sitz mit zus\u00e4tzlicher Sitzfl\u00e4che. Der schlanke Rahmen sorgt nicht nur f\u00fcr Stabilit\u00e4t, sondern setzt auch einen stylischen Akzent. Das innovative Design und die hochwertige Verarbeitung machen Kikko zu einer auff\u00e4lligen und funktionalen Erg\u00e4nzung f\u00fcr jedes Interieur. Die Chaiselongue ist 100% Original und verf\u00fcgt \u00fcber alle Echtheitsmerkmale.<\/p>\n<p><strong>Zustand:\u00a0<\/strong>Zustand im Ausstellungsraum; im Neuzustand<\/p>\n<p><strong>Lieferung ab Lager<\/strong><\/p>\n<p><strong>Hinweis:\u00a0<\/strong>Die angezeigten Preise sind\u00a0<u>pro St\u00fcck<\/u>!<\/p>\n<p>Spezifikationen:<br \/>\n<strong>Sitz:<\/strong> Leder, creme<br \/>\n<strong>Rahmen:<\/strong> Metall, verchromt<br \/>\n<strong>R\u00fcckenlehne:<\/strong> 52 cm; kastanienbraun, drehbar<br \/>\n<strong>Sitzh\u00f6he:<\/strong>\u00a041 cm<br \/>\n<strong>Sitztiefe:\u00a0<\/strong>62 cm<br \/>\n<strong>Volle H\u00f6he:<\/strong>\u00a085 cm<br \/>\n<strong>Volle Breite:<\/strong>\u00a087 cm<br \/>\n<strong>Volle Tiefe:\u00a0<\/strong>154 cm<\/p>\n<p>Wenn Sie Fragen haben oder einen unverbindlichen Besichtigungstermin vereinbaren m\u00f6chten, k\u00f6nnen Sie sich gerne an uns wenden. Lieferung durch unseren eigenen Lieferservice m\u00f6glich! Besuchen Sie unsere Website f\u00fcr viele weitere Designartikel!<\/p>\n<p><strong>Kontaktdaten (Besuch nach Vereinbarung):<\/strong><br \/>\nIndustrieweg 21<br \/>\n4131NK Vianen<br \/>\ninfo@zillions.nl<br \/>\n030 20 72 146<\/p>","protected":false},"excerpt":{"rendered":"<p>Leolux Kikko chaise longue rechts in cr\u00e8me- en kastanjekleurig leder &#8211; chroom Deze veelzijdige Leolux Kikko chaise longue, ontworpen door Hugo de Ruiter, is uitgevoerd in een cr\u00e8mekleurige zitting met een kastanjebruine rugleuning en een verchroomd stalen onderstel. Dankzij de doordachte draaibare rugleuning verandert de Kikko moeiteloos van een elegante chaise longue naar een comfortabele [&hellip;]<\/p>\n","protected":false},"featured_media":14473,"template":"","meta":{"_acf_changed":false},"product_brand":[225],"product_cat":[16,189,188],"product_tag":[325],"class_list":{"0":"post-14469","1":"product","2":"type-product","3":"status-publish","4":"has-post-thumbnail","6":"product_brand-leolux","7":"product_cat-alle-producten","8":"product_cat-banken","9":"product_cat-fauteuils","10":"product_tag-leolux","11":"pa_brands-leolux","13":"first","14":"outofstock","15":"purchasable","16":"product-type-simple"},"acf":[],"yoast_head":"<!-- This site is optimized with the Yoast SEO plugin v27.5 - https:\/\/yoast.com\/product\/yoast-seo-wordpress\/ -->\n<title>Leolux Kikko Chaise Longue Cr\u00e8me\/Kastanje - Chroom<\/title>\n<meta name=\"description\" content=\"Leolux Kikko in cr\u00e8me- en kastanjekleurig leder | Eenvoudig te bestellen via onze webshop. Ontdek dit model en vele anderen in ons ruime assortiment!\" \/>\n<meta name=\"robots\" content=\"index, follow, max-snippet:-1, max-image-preview:large, max-video-preview:-1\" \/>\n<link rel=\"canonical\" href=\"https:\/\/www.zillions.nl\/de\/product\/leolux-kikko-chaise-longue-creme-kastanje-chroom\/\" \/>\n<meta property=\"og:locale\" content=\"de_DE\" \/>\n<meta property=\"og:type\" content=\"article\" \/>\n<meta property=\"og:title\" content=\"Leolux Kikko Chaise Longue Cr\u00e8me\/Kastanje - Chroom\" \/>\n<meta property=\"og:description\" content=\"Leolux Kikko in cr\u00e8me- en kastanjekleurig leder | Eenvoudig te bestellen via onze webshop. Ontdek dit model en vele anderen in ons ruime assortiment!\" \/>\n<meta property=\"og:url\" content=\"https:\/\/www.zillions.nl\/de\/product\/leolux-kikko-chaise-longue-creme-kastanje-chroom\/\" \/>\n<meta property=\"og:site_name\" content=\"Zillions: nieuw en gebruikt design meubilair en stoelen\" \/>\n<meta property=\"article:modified_time\" content=\"2026-01-29T19:08:18+00:00\" \/>\n<meta property=\"og:image\" content=\"https:\/\/www.zillions.nl\/wp-content\/uploads\/2025\/02\/Leolux-Kikko-creme_kastanje-CAM01768.jpg\" \/>\n\t<meta property=\"og:image:width\" content=\"1080\" \/>\n\t<meta property=\"og:image:height\" content=\"1080\" \/>\n\t<meta property=\"og:image:type\" content=\"image\/jpeg\" \/>\n<meta name=\"twitter:card\" content=\"summary_large_image\" \/>\n<meta name=\"twitter:label1\" content=\"Est. reading time\" \/>\n\t<meta name=\"twitter:data1\" content=\"2 minutes\" \/>\n<script type=\"application\/ld+json\" class=\"yoast-schema-graph\">{\"@context\":\"https:\\\/\\\/schema.org\",\"@graph\":[{\"@type\":\"WebPage\",\"@id\":\"https:\\\/\\\/www.zillions.nl\\\/product\\\/leolux-kikko-chaise-longue-creme-kastanje-chroom\\\/\",\"url\":\"https:\\\/\\\/www.zillions.nl\\\/product\\\/leolux-kikko-chaise-longue-creme-kastanje-chroom\\\/\",\"name\":\"Leolux Kikko Chaise Longue Cr\u00e8me\\\/Kastanje - Chroom\",\"isPartOf\":{\"@id\":\"https:\\\/\\\/www.zillions.nl\\\/de\\\/#website\"},\"primaryImageOfPage\":{\"@id\":\"https:\\\/\\\/www.zillions.nl\\\/product\\\/leolux-kikko-chaise-longue-creme-kastanje-chroom\\\/#primaryimage\"},\"image\":{\"@id\":\"https:\\\/\\\/www.zillions.nl\\\/product\\\/leolux-kikko-chaise-longue-creme-kastanje-chroom\\\/#primaryimage\"},\"thumbnailUrl\":\"https:\\\/\\\/www.zillions.nl\\\/wp-content\\\/uploads\\\/2025\\\/02\\\/Leolux-Kikko-creme_kastanje-CAM01768.jpg\",\"datePublished\":\"2025-02-26T16:19:44+00:00\",\"dateModified\":\"2026-01-29T19:08:18+00:00\",\"description\":\"Leolux Kikko in cr\u00e8me- en kastanjekleurig leder | Eenvoudig te bestellen via onze webshop. Ontdek dit model en vele anderen in ons ruime assortiment!\",\"breadcrumb\":{\"@id\":\"https:\\\/\\\/www.zillions.nl\\\/product\\\/leolux-kikko-chaise-longue-creme-kastanje-chroom\\\/#breadcrumb\"},\"inLanguage\":\"de-DE\",\"potentialAction\":[{\"@type\":\"ReadAction\",\"target\":[\"https:\\\/\\\/www.zillions.nl\\\/product\\\/leolux-kikko-chaise-longue-creme-kastanje-chroom\\\/\"]}]},{\"@type\":\"ImageObject\",\"inLanguage\":\"de-DE\",\"@id\":\"https:\\\/\\\/www.zillions.nl\\\/product\\\/leolux-kikko-chaise-longue-creme-kastanje-chroom\\\/#primaryimage\",\"url\":\"https:\\\/\\\/www.zillions.nl\\\/wp-content\\\/uploads\\\/2025\\\/02\\\/Leolux-Kikko-creme_kastanje-CAM01768.jpg\",\"contentUrl\":\"https:\\\/\\\/www.zillions.nl\\\/wp-content\\\/uploads\\\/2025\\\/02\\\/Leolux-Kikko-creme_kastanje-CAM01768.jpg\",\"width\":1080,\"height\":1080},{\"@type\":\"BreadcrumbList\",\"@id\":\"https:\\\/\\\/www.zillions.nl\\\/product\\\/leolux-kikko-chaise-longue-creme-kastanje-chroom\\\/#breadcrumb\",\"itemListElement\":[{\"@type\":\"ListItem\",\"position\":1,\"name\":\"Home\",\"item\":\"https:\\\/\\\/www.zillions.nl\\\/\"},{\"@type\":\"ListItem\",\"position\":2,\"name\":\"Shop\",\"item\":\"https:\\\/\\\/www.zillions.nl\\\/shop\\\/\"},{\"@type\":\"ListItem\",\"position\":3,\"name\":\"Leolux Kikko Chaise Longue Cr\u00e8me\\\/Kastanje &#8211; Chroom\"}]},{\"@type\":\"WebSite\",\"@id\":\"https:\\\/\\\/www.zillions.nl\\\/de\\\/#website\",\"url\":\"https:\\\/\\\/www.zillions.nl\\\/de\\\/\",\"name\":\"Zillions: nieuw en gebruikt design meubilair en stoelen\",\"description\":\"Welkom bij Zillions: Zillions is gespecialiseerd in nieuw en gebruikt design meubilair en stoelen.\",\"publisher\":{\"@id\":\"https:\\\/\\\/www.zillions.nl\\\/de\\\/#organization\"},\"potentialAction\":[{\"@type\":\"SearchAction\",\"target\":{\"@type\":\"EntryPoint\",\"urlTemplate\":\"https:\\\/\\\/www.zillions.nl\\\/de\\\/?s={search_term_string}\"},\"query-input\":{\"@type\":\"PropertyValueSpecification\",\"valueRequired\":true,\"valueName\":\"search_term_string\"}}],\"inLanguage\":\"de-DE\"},{\"@type\":\"Organization\",\"@id\":\"https:\\\/\\\/www.zillions.nl\\\/de\\\/#organization\",\"name\":\"Zillions: nieuw en gebruikt design meubilair en stoelen\",\"url\":\"https:\\\/\\\/www.zillions.nl\\\/de\\\/\",\"logo\":{\"@type\":\"ImageObject\",\"inLanguage\":\"de-DE\",\"@id\":\"https:\\\/\\\/www.zillions.nl\\\/de\\\/#\\\/schema\\\/logo\\\/image\\\/\",\"url\":\"https:\\\/\\\/www.zillions.nl\\\/wp-content\\\/uploads\\\/2022\\\/11\\\/zillions.svg\",\"contentUrl\":\"https:\\\/\\\/www.zillions.nl\\\/wp-content\\\/uploads\\\/2022\\\/11\\\/zillions.svg\",\"width\":208,\"height\":53,\"caption\":\"Zillions: nieuw en gebruikt design meubilair en stoelen\"},\"image\":{\"@id\":\"https:\\\/\\\/www.zillions.nl\\\/de\\\/#\\\/schema\\\/logo\\\/image\\\/\"}}]}<\/script>\n<!-- \/ Yoast SEO plugin. -->","yoast_head_json":{"title":"Leolux Kikko Chaiselongue Creme\/Kastanie - Chrom","description":"Leolux Kikko in Creme und Kastanienleder | Bestellen Sie bequem in unserem Webshop. Entdecken Sie dieses und viele weitere Modelle in unserem umfangreichen Sortiment!","robots":{"index":"index","follow":"follow","max-snippet":"max-snippet:-1","max-image-preview":"max-image-preview:large","max-video-preview":"max-video-preview:-1"},"canonical":"https:\/\/www.zillions.nl\/de\/product\/leolux-kikko-chaise-longue-creme-kastanje-chroom\/","og_locale":"de_DE","og_type":"article","og_title":"Leolux Kikko Chaise Longue Cr\u00e8me\/Kastanje - Chroom","og_description":"Leolux Kikko in cr\u00e8me- en kastanjekleurig leder | Eenvoudig te bestellen via onze webshop. Ontdek dit model en vele anderen in ons ruime assortiment!","og_url":"https:\/\/www.zillions.nl\/de\/product\/leolux-kikko-chaise-longue-creme-kastanje-chroom\/","og_site_name":"Zillions: nieuw en gebruikt design meubilair en stoelen","article_modified_time":"2026-01-29T19:08:18+00:00","og_image":[{"width":1080,"height":1080,"url":"https:\/\/www.zillions.nl\/wp-content\/uploads\/2025\/02\/Leolux-Kikko-creme_kastanje-CAM01768.jpg","type":"image\/jpeg"}],"twitter_card":"summary_large_image","twitter_misc":{"Est. reading time":"2 minutes"},"schema":{"@context":"https:\/\/schema.org","@graph":[{"@type":"WebPage","@id":"https:\/\/www.zillions.nl\/product\/leolux-kikko-chaise-longue-creme-kastanje-chroom\/","url":"https:\/\/www.zillions.nl\/product\/leolux-kikko-chaise-longue-creme-kastanje-chroom\/","name":"Leolux Kikko Chaiselongue Creme\/Kastanie - Chrom","isPartOf":{"@id":"https:\/\/www.zillions.nl\/de\/#website"},"primaryImageOfPage":{"@id":"https:\/\/www.zillions.nl\/product\/leolux-kikko-chaise-longue-creme-kastanje-chroom\/#primaryimage"},"image":{"@id":"https:\/\/www.zillions.nl\/product\/leolux-kikko-chaise-longue-creme-kastanje-chroom\/#primaryimage"},"thumbnailUrl":"https:\/\/www.zillions.nl\/wp-content\/uploads\/2025\/02\/Leolux-Kikko-creme_kastanje-CAM01768.jpg","datePublished":"2025-02-26T16:19:44+00:00","dateModified":"2026-01-29T19:08:18+00:00","description":"Leolux Kikko in Creme und Kastanienleder | Bestellen Sie bequem in unserem Webshop. Entdecken Sie dieses und viele weitere Modelle in unserem umfangreichen Sortiment!","breadcrumb":{"@id":"https:\/\/www.zillions.nl\/product\/leolux-kikko-chaise-longue-creme-kastanje-chroom\/#breadcrumb"},"inLanguage":"de-DE","potentialAction":[{"@type":"ReadAction","target":["https:\/\/www.zillions.nl\/product\/leolux-kikko-chaise-longue-creme-kastanje-chroom\/"]}]},{"@type":"ImageObject","inLanguage":"de-DE","@id":"https:\/\/www.zillions.nl\/product\/leolux-kikko-chaise-longue-creme-kastanje-chroom\/#primaryimage","url":"https:\/\/www.zillions.nl\/wp-content\/uploads\/2025\/02\/Leolux-Kikko-creme_kastanje-CAM01768.jpg","contentUrl":"https:\/\/www.zillions.nl\/wp-content\/uploads\/2025\/02\/Leolux-Kikko-creme_kastanje-CAM01768.jpg","width":1080,"height":1080},{"@type":"BreadcrumbList","@id":"https:\/\/www.zillions.nl\/product\/leolux-kikko-chaise-longue-creme-kastanje-chroom\/#breadcrumb","itemListElement":[{"@type":"ListItem","position":1,"name":"Home","item":"https:\/\/www.zillions.nl\/"},{"@type":"ListItem","position":2,"name":"Shop","item":"https:\/\/www.zillions.nl\/shop\/"},{"@type":"ListItem","position":3,"name":"Leolux Kikko Chaise Longue Cr\u00e8me\/Kastanje &#8211; Chroom"}]},{"@type":"WebSite","@id":"https:\/\/www.zillions.nl\/de\/#website","url":"https:\/\/www.zillions.nl\/de\/","name":"Zillionen: neue und gebrauchte Designerm\u00f6bel und St\u00fchle","description":"Willkommen bei Zillions: Zillions ist auf neue und gebrauchte Designm\u00f6bel und St\u00fchle spezialisiert.","publisher":{"@id":"https:\/\/www.zillions.nl\/de\/#organization"},"potentialAction":[{"@type":"SearchAction","target":{"@type":"EntryPoint","urlTemplate":"https:\/\/www.zillions.nl\/de\/?s={search_term_string}"},"query-input":{"@type":"PropertyValueSpecification","valueRequired":true,"valueName":"search_term_string"}}],"inLanguage":"de-DE"},{"@type":"Organization","@id":"https:\/\/www.zillions.nl\/de\/#organization","name":"Zillionen: neue und gebrauchte Designerm\u00f6bel und St\u00fchle","url":"https:\/\/www.zillions.nl\/de\/","logo":{"@type":"ImageObject","inLanguage":"de-DE","@id":"https:\/\/www.zillions.nl\/de\/#\/schema\/logo\/image\/","url":"https:\/\/www.zillions.nl\/wp-content\/uploads\/2022\/11\/zillions.svg","contentUrl":"https:\/\/www.zillions.nl\/wp-content\/uploads\/2022\/11\/zillions.svg","width":208,"height":53,"caption":"Zillions: nieuw en gebruikt design meubilair en stoelen"},"image":{"@id":"https:\/\/www.zillions.nl\/de\/#\/schema\/logo\/image\/"}}]}},"_links":{"self":[{"href":"https:\/\/www.zillions.nl\/de\/wp-json\/wp\/v2\/product\/14469","targetHints":{"allow":["GET"]}}],"collection":[{"href":"https:\/\/www.zillions.nl\/de\/wp-json\/wp\/v2\/product"}],"about":[{"href":"https:\/\/www.zillions.nl\/de\/wp-json\/wp\/v2\/types\/product"}],"wp:featuredmedia":[{"embeddable":true,"href":"https:\/\/www.zillions.nl\/de\/wp-json\/wp\/v2\/media\/14473"}],"wp:attachment":[{"href":"https:\/\/www.zillions.nl\/de\/wp-json\/wp\/v2\/media?parent=14469"}],"wp:term":[{"taxonomy":"product_brand","embeddable":true,"href":"https:\/\/www.zillions.nl\/de\/wp-json\/wp\/v2\/product_brand?post=14469"},{"taxonomy":"product_cat","embeddable":true,"href":"https:\/\/www.zillions.nl\/de\/wp-json\/wp\/v2\/product_cat?post=14469"},{"taxonomy":"product_tag","embeddable":true,"href":"https:\/\/www.zillions.nl\/de\/wp-json\/wp\/v2\/product_tag?post=14469"}],"curies":[{"name":"wp","href":"https:\/\/api.w.org\/{rel}","templated":true}]}}