{"id":14443,"date":"2025-02-26T14:14:55","date_gmt":"2025-02-26T13:14:55","guid":{"rendered":"https:\/\/www.zillions.nl\/?post_type=product&#038;p=14443"},"modified":"2026-03-24T13:26:30","modified_gmt":"2026-03-24T12:26:30","slug":"leolux-dolcinea-fauteuil-beige-stof-gemeleerd-zwart","status":"publish","type":"product","link":"https:\/\/www.zillions.nl\/de\/product\/leolux-dolcinea-fauteuil-beige-stof-gemeleerd-zwart\/","title":{"rendered":"Leolux Dolcinea Sessel Beige Stoff Meliert \u2013 Schwarz"},"content":{"rendered":"<p>Leolux Dolcinea Sessel in beige meliertem Stoff \u2013 schwarz<\/p>\n<p>Dieser stilvolle Leolux Dolcinea-Sessel, entworfen von Jan Armgardt, besteht aus beige meliertem Stoff und schwarzen Beinen. Das zeitlose Design verbindet Eleganz mit h\u00f6chstem Sitzkomfort dank der R\u00fcckenlehne, die sich dezent an die Sitzposition anpasst. Die dezent gew\u00f6lbte Unterseite erleichtert nicht nur das Aufstehen, sondern verhindert auch eine Besch\u00e4digung des Polsters. Eine raffinierte Wahl, die sowohl in moderne als auch in klassische Innenr\u00e4ume perfekt passt. Der Sessel ist 100% Original und verf\u00fcgt \u00fcber s\u00e4mtliche Echtheitsmerkmale.<\/p>\n<p><strong>Zustand:\u00a0<\/strong>Zustand im Ausstellungsraum; im Neuzustand<\/p>\n<p><strong>Lieferung ab Lager<\/strong><\/p>\n<p><strong>Hinweis:\u00a0<\/strong>Die angezeigten Preise sind\u00a0<u>pro St\u00fcck<\/u>!<\/p>\n<p>Spezifikationen:<br \/>\n<strong>Sitz:<\/strong> Stoff, beige; gemischt<br \/>\n<strong>Rahmen:<\/strong> Holz, schwarz<br \/>\n<strong>Armlehne:<\/strong> 19 cm<br \/>\n<strong>R\u00fcckenlehne:<\/strong> 50 cm<br \/>\n<strong>Sitzh\u00f6he:<\/strong>\u00a050 cm<br \/>\n<strong>Sitzbreite:<\/strong> 50 cm<br \/>\n<strong>Sitztiefe:<\/strong>\u00a050 cm<br \/>\n<strong>Volle H\u00f6he:<\/strong>\u00a086 cm<br \/>\n<strong>Volle Breite:<\/strong>\u00a065 cm<br \/>\n<strong>Volle Tiefe:<\/strong>\u00a070 cm<\/p>\n<p>Wenn Sie Fragen haben oder einen unverbindlichen Besichtigungstermin vereinbaren m\u00f6chten, k\u00f6nnen Sie sich gerne an uns wenden. Lieferung durch unseren eigenen Lieferservice m\u00f6glich! Besuchen Sie unsere Website f\u00fcr viele weitere Designartikel!<\/p>\n<p><strong>Kontaktdaten (Besuch nach Vereinbarung):<\/strong><br \/>\nIndustrieweg 21<br \/>\n4131NK Vianen<br \/>\ninfo@zillions.nl<br \/>\n030 20 72 146<\/p>","protected":false},"excerpt":{"rendered":"<p>Leolux Dolcinea fauteuil in beige gem\u00ealeerde stof &#8211; zwart Deze stijlvolle Leolux Dolcinea fauteuil, ontworpen door Jan Armgardt, is uitgevoerd in beige gem\u00ealeerde stof en zwarte poten. Het tijdloze ontwerp combineert elegantie met ultiem zitcomfort, dankzij de rugleuning die zich subtiel aanpast aan de zithouding. De subtiel gebogen onderzijde biedt niet alleen extra gemak bij [&hellip;]<\/p>\n","protected":false},"featured_media":14446,"template":"","meta":{"_acf_changed":false},"product_brand":[225],"product_cat":[16,188],"product_tag":[325],"class_list":{"0":"post-14443","1":"product","2":"type-product","3":"status-publish","4":"has-post-thumbnail","6":"product_brand-leolux","7":"product_cat-alle-producten","8":"product_cat-fauteuils","9":"product_tag-leolux","10":"pa_brands-leolux","12":"first","13":"instock","14":"purchasable","15":"product-type-simple"},"acf":[],"yoast_head":"<!-- This site is optimized with the Yoast SEO plugin v27.5 - https:\/\/yoast.com\/product\/yoast-seo-wordpress\/ -->\n<title>Leolux Dolcinea Fauteuil Beige Stof Gem\u00ealeerd - Zwart<\/title>\n<meta name=\"description\" content=\"Leolux Dolcinea fauteuil in beige gem\u00ealeerde stof | Eenvoudig te bestellen via onze webshop. Ontdek dit model en vele anderen in ons ruime assortiment!\" \/>\n<meta name=\"robots\" content=\"index, follow, max-snippet:-1, max-image-preview:large, max-video-preview:-1\" \/>\n<link rel=\"canonical\" href=\"https:\/\/www.zillions.nl\/de\/product\/leolux-dolcinea-fauteuil-beige-stof-gemeleerd-zwart\/\" \/>\n<meta property=\"og:locale\" content=\"de_DE\" \/>\n<meta property=\"og:type\" content=\"article\" \/>\n<meta property=\"og:title\" content=\"Leolux Dolcinea Fauteuil Beige Stof Gem\u00ealeerd - Zwart\" \/>\n<meta property=\"og:description\" content=\"Leolux Dolcinea fauteuil in beige gem\u00ealeerde stof | Eenvoudig te bestellen via onze webshop. Ontdek dit model en vele anderen in ons ruime assortiment!\" \/>\n<meta property=\"og:url\" content=\"https:\/\/www.zillions.nl\/de\/product\/leolux-dolcinea-fauteuil-beige-stof-gemeleerd-zwart\/\" \/>\n<meta property=\"og:site_name\" content=\"Zillions: nieuw en gebruikt design meubilair en stoelen\" \/>\n<meta property=\"article:modified_time\" content=\"2026-03-24T12:26:30+00:00\" \/>\n<meta property=\"og:image\" content=\"https:\/\/www.zillions.nl\/wp-content\/uploads\/2025\/02\/Leolux-Dolcinea-Beige-Gemeleerde-stof-CAM01797.jpg\" \/>\n\t<meta property=\"og:image:width\" content=\"1080\" \/>\n\t<meta property=\"og:image:height\" content=\"1080\" \/>\n\t<meta property=\"og:image:type\" content=\"image\/jpeg\" \/>\n<meta name=\"twitter:card\" content=\"summary_large_image\" \/>\n<meta name=\"twitter:label1\" content=\"Est. reading time\" \/>\n\t<meta name=\"twitter:data1\" content=\"2 minutes\" \/>\n<script type=\"application\/ld+json\" class=\"yoast-schema-graph\">{\"@context\":\"https:\\\/\\\/schema.org\",\"@graph\":[{\"@type\":\"WebPage\",\"@id\":\"https:\\\/\\\/www.zillions.nl\\\/product\\\/leolux-dolcinea-fauteuil-beige-stof-gemeleerd-zwart\\\/\",\"url\":\"https:\\\/\\\/www.zillions.nl\\\/product\\\/leolux-dolcinea-fauteuil-beige-stof-gemeleerd-zwart\\\/\",\"name\":\"Leolux Dolcinea Fauteuil Beige Stof Gem\u00ealeerd - Zwart\",\"isPartOf\":{\"@id\":\"https:\\\/\\\/www.zillions.nl\\\/de\\\/#website\"},\"primaryImageOfPage\":{\"@id\":\"https:\\\/\\\/www.zillions.nl\\\/product\\\/leolux-dolcinea-fauteuil-beige-stof-gemeleerd-zwart\\\/#primaryimage\"},\"image\":{\"@id\":\"https:\\\/\\\/www.zillions.nl\\\/product\\\/leolux-dolcinea-fauteuil-beige-stof-gemeleerd-zwart\\\/#primaryimage\"},\"thumbnailUrl\":\"https:\\\/\\\/www.zillions.nl\\\/wp-content\\\/uploads\\\/2025\\\/02\\\/Leolux-Dolcinea-Beige-Gemeleerde-stof-CAM01797.jpg\",\"datePublished\":\"2025-02-26T13:14:55+00:00\",\"dateModified\":\"2026-03-24T12:26:30+00:00\",\"description\":\"Leolux Dolcinea fauteuil in beige gem\u00ealeerde stof | Eenvoudig te bestellen via onze webshop. Ontdek dit model en vele anderen in ons ruime assortiment!\",\"breadcrumb\":{\"@id\":\"https:\\\/\\\/www.zillions.nl\\\/product\\\/leolux-dolcinea-fauteuil-beige-stof-gemeleerd-zwart\\\/#breadcrumb\"},\"inLanguage\":\"de-DE\",\"potentialAction\":[{\"@type\":\"ReadAction\",\"target\":[\"https:\\\/\\\/www.zillions.nl\\\/product\\\/leolux-dolcinea-fauteuil-beige-stof-gemeleerd-zwart\\\/\"]}]},{\"@type\":\"ImageObject\",\"inLanguage\":\"de-DE\",\"@id\":\"https:\\\/\\\/www.zillions.nl\\\/product\\\/leolux-dolcinea-fauteuil-beige-stof-gemeleerd-zwart\\\/#primaryimage\",\"url\":\"https:\\\/\\\/www.zillions.nl\\\/wp-content\\\/uploads\\\/2025\\\/02\\\/Leolux-Dolcinea-Beige-Gemeleerde-stof-CAM01797.jpg\",\"contentUrl\":\"https:\\\/\\\/www.zillions.nl\\\/wp-content\\\/uploads\\\/2025\\\/02\\\/Leolux-Dolcinea-Beige-Gemeleerde-stof-CAM01797.jpg\",\"width\":1080,\"height\":1080},{\"@type\":\"BreadcrumbList\",\"@id\":\"https:\\\/\\\/www.zillions.nl\\\/product\\\/leolux-dolcinea-fauteuil-beige-stof-gemeleerd-zwart\\\/#breadcrumb\",\"itemListElement\":[{\"@type\":\"ListItem\",\"position\":1,\"name\":\"Home\",\"item\":\"https:\\\/\\\/www.zillions.nl\\\/\"},{\"@type\":\"ListItem\",\"position\":2,\"name\":\"Shop\",\"item\":\"https:\\\/\\\/www.zillions.nl\\\/shop\\\/\"},{\"@type\":\"ListItem\",\"position\":3,\"name\":\"Leolux Dolcinea Fauteuil Beige Stof Gem\u00ealeerd &#8211; Zwart\"}]},{\"@type\":\"WebSite\",\"@id\":\"https:\\\/\\\/www.zillions.nl\\\/de\\\/#website\",\"url\":\"https:\\\/\\\/www.zillions.nl\\\/de\\\/\",\"name\":\"Zillions: nieuw en gebruikt design meubilair en stoelen\",\"description\":\"Welkom bij Zillions: Zillions is gespecialiseerd in nieuw en gebruikt design meubilair en stoelen.\",\"publisher\":{\"@id\":\"https:\\\/\\\/www.zillions.nl\\\/de\\\/#organization\"},\"potentialAction\":[{\"@type\":\"SearchAction\",\"target\":{\"@type\":\"EntryPoint\",\"urlTemplate\":\"https:\\\/\\\/www.zillions.nl\\\/de\\\/?s={search_term_string}\"},\"query-input\":{\"@type\":\"PropertyValueSpecification\",\"valueRequired\":true,\"valueName\":\"search_term_string\"}}],\"inLanguage\":\"de-DE\"},{\"@type\":\"Organization\",\"@id\":\"https:\\\/\\\/www.zillions.nl\\\/de\\\/#organization\",\"name\":\"Zillions: nieuw en gebruikt design meubilair en stoelen\",\"url\":\"https:\\\/\\\/www.zillions.nl\\\/de\\\/\",\"logo\":{\"@type\":\"ImageObject\",\"inLanguage\":\"de-DE\",\"@id\":\"https:\\\/\\\/www.zillions.nl\\\/de\\\/#\\\/schema\\\/logo\\\/image\\\/\",\"url\":\"https:\\\/\\\/www.zillions.nl\\\/wp-content\\\/uploads\\\/2022\\\/11\\\/zillions.svg\",\"contentUrl\":\"https:\\\/\\\/www.zillions.nl\\\/wp-content\\\/uploads\\\/2022\\\/11\\\/zillions.svg\",\"width\":208,\"height\":53,\"caption\":\"Zillions: nieuw en gebruikt design meubilair en stoelen\"},\"image\":{\"@id\":\"https:\\\/\\\/www.zillions.nl\\\/de\\\/#\\\/schema\\\/logo\\\/image\\\/\"}}]}<\/script>\n<!-- \/ Yoast SEO plugin. -->","yoast_head_json":{"title":"Leolux Dolcinea Sessel, beigefarbener Stoff, meliert - Schwarz","description":"Leolux Dolcinea Sessel in beigefarbenem, meliertem Stoff | Bestellen Sie bequem in unserem Webshop. Entdecken Sie dieses und viele weitere Modelle aus unserem umfangreichen Sortiment!","robots":{"index":"index","follow":"follow","max-snippet":"max-snippet:-1","max-image-preview":"max-image-preview:large","max-video-preview":"max-video-preview:-1"},"canonical":"https:\/\/www.zillions.nl\/de\/product\/leolux-dolcinea-fauteuil-beige-stof-gemeleerd-zwart\/","og_locale":"de_DE","og_type":"article","og_title":"Leolux Dolcinea Fauteuil Beige Stof Gem\u00ealeerd - Zwart","og_description":"Leolux Dolcinea fauteuil in beige gem\u00ealeerde stof | Eenvoudig te bestellen via onze webshop. Ontdek dit model en vele anderen in ons ruime assortiment!","og_url":"https:\/\/www.zillions.nl\/de\/product\/leolux-dolcinea-fauteuil-beige-stof-gemeleerd-zwart\/","og_site_name":"Zillions: nieuw en gebruikt design meubilair en stoelen","article_modified_time":"2026-03-24T12:26:30+00:00","og_image":[{"width":1080,"height":1080,"url":"https:\/\/www.zillions.nl\/wp-content\/uploads\/2025\/02\/Leolux-Dolcinea-Beige-Gemeleerde-stof-CAM01797.jpg","type":"image\/jpeg"}],"twitter_card":"summary_large_image","twitter_misc":{"Est. reading time":"2 minutes"},"schema":{"@context":"https:\/\/schema.org","@graph":[{"@type":"WebPage","@id":"https:\/\/www.zillions.nl\/product\/leolux-dolcinea-fauteuil-beige-stof-gemeleerd-zwart\/","url":"https:\/\/www.zillions.nl\/product\/leolux-dolcinea-fauteuil-beige-stof-gemeleerd-zwart\/","name":"Leolux Dolcinea Sessel, beigefarbener Stoff, meliert - Schwarz","isPartOf":{"@id":"https:\/\/www.zillions.nl\/de\/#website"},"primaryImageOfPage":{"@id":"https:\/\/www.zillions.nl\/product\/leolux-dolcinea-fauteuil-beige-stof-gemeleerd-zwart\/#primaryimage"},"image":{"@id":"https:\/\/www.zillions.nl\/product\/leolux-dolcinea-fauteuil-beige-stof-gemeleerd-zwart\/#primaryimage"},"thumbnailUrl":"https:\/\/www.zillions.nl\/wp-content\/uploads\/2025\/02\/Leolux-Dolcinea-Beige-Gemeleerde-stof-CAM01797.jpg","datePublished":"2025-02-26T13:14:55+00:00","dateModified":"2026-03-24T12:26:30+00:00","description":"Leolux Dolcinea Sessel in beigefarbenem, meliertem Stoff | Bestellen Sie bequem in unserem Webshop. Entdecken Sie dieses und viele weitere Modelle aus unserem umfangreichen Sortiment!","breadcrumb":{"@id":"https:\/\/www.zillions.nl\/product\/leolux-dolcinea-fauteuil-beige-stof-gemeleerd-zwart\/#breadcrumb"},"inLanguage":"de-DE","potentialAction":[{"@type":"ReadAction","target":["https:\/\/www.zillions.nl\/product\/leolux-dolcinea-fauteuil-beige-stof-gemeleerd-zwart\/"]}]},{"@type":"ImageObject","inLanguage":"de-DE","@id":"https:\/\/www.zillions.nl\/product\/leolux-dolcinea-fauteuil-beige-stof-gemeleerd-zwart\/#primaryimage","url":"https:\/\/www.zillions.nl\/wp-content\/uploads\/2025\/02\/Leolux-Dolcinea-Beige-Gemeleerde-stof-CAM01797.jpg","contentUrl":"https:\/\/www.zillions.nl\/wp-content\/uploads\/2025\/02\/Leolux-Dolcinea-Beige-Gemeleerde-stof-CAM01797.jpg","width":1080,"height":1080},{"@type":"BreadcrumbList","@id":"https:\/\/www.zillions.nl\/product\/leolux-dolcinea-fauteuil-beige-stof-gemeleerd-zwart\/#breadcrumb","itemListElement":[{"@type":"ListItem","position":1,"name":"Home","item":"https:\/\/www.zillions.nl\/"},{"@type":"ListItem","position":2,"name":"Shop","item":"https:\/\/www.zillions.nl\/shop\/"},{"@type":"ListItem","position":3,"name":"Leolux Dolcinea Fauteuil Beige Stof Gem\u00ealeerd &#8211; Zwart"}]},{"@type":"WebSite","@id":"https:\/\/www.zillions.nl\/de\/#website","url":"https:\/\/www.zillions.nl\/de\/","name":"Zillionen: neue und gebrauchte Designerm\u00f6bel und St\u00fchle","description":"Willkommen bei Zillions: Zillions ist auf neue und gebrauchte Designm\u00f6bel und St\u00fchle spezialisiert.","publisher":{"@id":"https:\/\/www.zillions.nl\/de\/#organization"},"potentialAction":[{"@type":"SearchAction","target":{"@type":"EntryPoint","urlTemplate":"https:\/\/www.zillions.nl\/de\/?s={search_term_string}"},"query-input":{"@type":"PropertyValueSpecification","valueRequired":true,"valueName":"search_term_string"}}],"inLanguage":"de-DE"},{"@type":"Organization","@id":"https:\/\/www.zillions.nl\/de\/#organization","name":"Zillionen: neue und gebrauchte Designerm\u00f6bel und St\u00fchle","url":"https:\/\/www.zillions.nl\/de\/","logo":{"@type":"ImageObject","inLanguage":"de-DE","@id":"https:\/\/www.zillions.nl\/de\/#\/schema\/logo\/image\/","url":"https:\/\/www.zillions.nl\/wp-content\/uploads\/2022\/11\/zillions.svg","contentUrl":"https:\/\/www.zillions.nl\/wp-content\/uploads\/2022\/11\/zillions.svg","width":208,"height":53,"caption":"Zillions: nieuw en gebruikt design meubilair en stoelen"},"image":{"@id":"https:\/\/www.zillions.nl\/de\/#\/schema\/logo\/image\/"}}]}},"_links":{"self":[{"href":"https:\/\/www.zillions.nl\/de\/wp-json\/wp\/v2\/product\/14443","targetHints":{"allow":["GET"]}}],"collection":[{"href":"https:\/\/www.zillions.nl\/de\/wp-json\/wp\/v2\/product"}],"about":[{"href":"https:\/\/www.zillions.nl\/de\/wp-json\/wp\/v2\/types\/product"}],"wp:featuredmedia":[{"embeddable":true,"href":"https:\/\/www.zillions.nl\/de\/wp-json\/wp\/v2\/media\/14446"}],"wp:attachment":[{"href":"https:\/\/www.zillions.nl\/de\/wp-json\/wp\/v2\/media?parent=14443"}],"wp:term":[{"taxonomy":"product_brand","embeddable":true,"href":"https:\/\/www.zillions.nl\/de\/wp-json\/wp\/v2\/product_brand?post=14443"},{"taxonomy":"product_cat","embeddable":true,"href":"https:\/\/www.zillions.nl\/de\/wp-json\/wp\/v2\/product_cat?post=14443"},{"taxonomy":"product_tag","embeddable":true,"href":"https:\/\/www.zillions.nl\/de\/wp-json\/wp\/v2\/product_tag?post=14443"}],"curies":[{"name":"wp","href":"https:\/\/api.w.org\/{rel}","templated":true}]}}