{"id":13933,"date":"2025-02-14T16:52:17","date_gmt":"2025-02-14T15:52:17","guid":{"rendered":"https:\/\/www.zillions.nl\/?post_type=product&#038;p=13933"},"modified":"2025-02-14T16:52:17","modified_gmt":"2025-02-14T15:52:17","slug":"hay-about-a-chair-aac21-draaibaar-grijs-taupe-stof-wit","status":"publish","type":"product","link":"https:\/\/www.zillions.nl\/de\/product\/hay-about-a-chair-aac21-draaibaar-grijs-taupe-stof-wit\/","title":{"rendered":"Hay About a Chair AAC21 Drehstuhl, Stoff grau\/taupe, wei\u00df"},"content":{"rendered":"<p>Hay About a Chair AAC21 Drehstuhl in Stoff grau\/taupe \u2013 wei\u00df<\/p>\n<p>Dieser moderne Stuhl Hay About a Chair AAC21, entworfen von Hee Welling, ist mit grau-taupefarbenem Hallingdal-Stoff und einem drehbaren Aluminiumfu\u00df mit wei\u00dfer Pulverbeschichtung ausgestattet. Das minimalistische Design vereint Schlichtheit und Komfort und macht den Stuhl f\u00fcr den t\u00e4glichen Gebrauch geeignet. Dank der Drehfunktion eignet sich der Stuhl ideal f\u00fcr dynamische Arbeitsumgebungen, wie B\u00fcros oder Konferenzr\u00e4ume, aber auch perfekt als Esszimmerstuhl. Der Stuhl ist 100% Original und mit allen Authentizit\u00e4tsmerkmalen ausgestattet.<\/p>\n<p><strong>Zustand:<\/strong> Zustand im Ausstellungsraum; im Neuzustand<\/p>\n<p><strong>Lieferung ab Lager<\/strong><\/p>\n<p><strong>Hinweis: <\/strong>Die angezeigten Preise sind <u>pro St\u00fcck<\/u>!<\/p>\n<p>Spezifikationen:<br \/>\n<strong>Sitz:<\/strong> Stoff, grau\/taupe; drehbar<br \/>\n<strong>Rahmen:<\/strong> Aluminium, wei\u00df<br \/>\n<strong>Sitzh\u00f6he:<\/strong> 46 cm<br \/>\n<strong>Volle H\u00f6he:<\/strong> 80 cm<br \/>\n<strong>Volle Breite: <\/strong>59 cm<strong><br \/>\nVolle Tiefe: <\/strong>52 cm<\/p>\n<p>Wenn Sie Fragen haben oder einen unverbindlichen Besichtigungstermin vereinbaren m\u00f6chten, k\u00f6nnen Sie sich gerne an uns wenden. Lieferung durch unseren eigenen Lieferservice m\u00f6glich! Besuchen Sie unsere Website f\u00fcr viele weitere Designartikel!<\/p>\n<p><strong>Kontaktdaten (Besuch nach Vereinbarung):<\/strong><br \/>\nIndustrieweg 21<br \/>\n4131NK Vianen<br \/>\ninfo@zillions.nl<br \/>\n030 20 72 146<\/p>","protected":false},"excerpt":{"rendered":"<p>Hay About a Chair AAC21 draaibare stoel in grijs\/taupe stof &#8211; wit Deze moderne Hay About a Chair AAC21 stoel, ontworpen door Hee Welling, is uitgevoerd in grijs\/taupe Hallingdal stof en een draaibaar aluminium onderstel dat is afgewerkt met een witte poedercoating. Het minimalistische ontwerp combineert eenvoud en comfort, waardoor de stoel geschikt is voor [&hellip;]<\/p>\n","protected":false},"featured_media":13941,"template":"","meta":{"_acf_changed":false},"product_brand":[205],"product_cat":[16,185],"product_tag":[319],"class_list":{"0":"post-13933","1":"product","2":"type-product","3":"status-publish","4":"has-post-thumbnail","6":"product_brand-hay","7":"product_cat-alle-producten","8":"product_cat-stoelen","9":"product_tag-hay","10":"pa_brands-hay","12":"first","13":"instock","14":"purchasable","15":"product-type-simple"},"acf":[],"yoast_head":"<!-- This site is optimized with the Yoast SEO plugin v27.5 - https:\/\/yoast.com\/product\/yoast-seo-wordpress\/ -->\n<title>Hay About a Chair AAC21 Draaibaar Grijs\/Taupe Stof - Wit<\/title>\n<meta name=\"description\" content=\"Hay About a Chair AAC21 draaibaar in grijs\/taupe stof | Eenvoudig te bestellen via onze webshop. Ontdek dit model en vele anderen in ons ruime assortiment!\" \/>\n<meta name=\"robots\" content=\"index, follow, max-snippet:-1, max-image-preview:large, max-video-preview:-1\" \/>\n<link rel=\"canonical\" href=\"https:\/\/www.zillions.nl\/de\/product\/hay-about-a-chair-aac21-draaibaar-grijs-taupe-stof-wit\/\" \/>\n<meta property=\"og:locale\" content=\"de_DE\" \/>\n<meta property=\"og:type\" content=\"article\" \/>\n<meta property=\"og:title\" content=\"Hay About a Chair AAC21 Draaibaar Grijs\/Taupe Stof - Wit\" \/>\n<meta property=\"og:description\" content=\"Hay About a Chair AAC21 draaibaar in grijs\/taupe stof | Eenvoudig te bestellen via onze webshop. Ontdek dit model en vele anderen in ons ruime assortiment!\" \/>\n<meta property=\"og:url\" content=\"https:\/\/www.zillions.nl\/de\/product\/hay-about-a-chair-aac21-draaibaar-grijs-taupe-stof-wit\/\" \/>\n<meta property=\"og:site_name\" content=\"Zillions: nieuw en gebruikt design meubilair en stoelen\" \/>\n<meta property=\"og:image\" content=\"https:\/\/www.zillions.nl\/wp-content\/uploads\/2025\/02\/Hay-about-a-chair-AAC21-grijs-NM200157.jpg\" \/>\n\t<meta property=\"og:image:width\" content=\"1080\" \/>\n\t<meta property=\"og:image:height\" content=\"1080\" \/>\n\t<meta property=\"og:image:type\" content=\"image\/jpeg\" \/>\n<meta name=\"twitter:card\" content=\"summary_large_image\" \/>\n<meta name=\"twitter:label1\" content=\"Est. reading time\" \/>\n\t<meta name=\"twitter:data1\" content=\"2 minutes\" \/>\n<script type=\"application\/ld+json\" class=\"yoast-schema-graph\">{\"@context\":\"https:\\\/\\\/schema.org\",\"@graph\":[{\"@type\":\"WebPage\",\"@id\":\"https:\\\/\\\/www.zillions.nl\\\/product\\\/hay-about-a-chair-aac21-draaibaar-grijs-taupe-stof-wit\\\/\",\"url\":\"https:\\\/\\\/www.zillions.nl\\\/product\\\/hay-about-a-chair-aac21-draaibaar-grijs-taupe-stof-wit\\\/\",\"name\":\"Hay About a Chair AAC21 Draaibaar Grijs\\\/Taupe Stof - Wit\",\"isPartOf\":{\"@id\":\"https:\\\/\\\/www.zillions.nl\\\/de\\\/#website\"},\"primaryImageOfPage\":{\"@id\":\"https:\\\/\\\/www.zillions.nl\\\/product\\\/hay-about-a-chair-aac21-draaibaar-grijs-taupe-stof-wit\\\/#primaryimage\"},\"image\":{\"@id\":\"https:\\\/\\\/www.zillions.nl\\\/product\\\/hay-about-a-chair-aac21-draaibaar-grijs-taupe-stof-wit\\\/#primaryimage\"},\"thumbnailUrl\":\"https:\\\/\\\/www.zillions.nl\\\/wp-content\\\/uploads\\\/2025\\\/02\\\/Hay-about-a-chair-AAC21-grijs-NM200157.jpg\",\"datePublished\":\"2025-02-14T15:52:17+00:00\",\"description\":\"Hay About a Chair AAC21 draaibaar in grijs\\\/taupe stof | Eenvoudig te bestellen via onze webshop. Ontdek dit model en vele anderen in ons ruime assortiment!\",\"breadcrumb\":{\"@id\":\"https:\\\/\\\/www.zillions.nl\\\/product\\\/hay-about-a-chair-aac21-draaibaar-grijs-taupe-stof-wit\\\/#breadcrumb\"},\"inLanguage\":\"de-DE\",\"potentialAction\":[{\"@type\":\"ReadAction\",\"target\":[\"https:\\\/\\\/www.zillions.nl\\\/product\\\/hay-about-a-chair-aac21-draaibaar-grijs-taupe-stof-wit\\\/\"]}]},{\"@type\":\"ImageObject\",\"inLanguage\":\"de-DE\",\"@id\":\"https:\\\/\\\/www.zillions.nl\\\/product\\\/hay-about-a-chair-aac21-draaibaar-grijs-taupe-stof-wit\\\/#primaryimage\",\"url\":\"https:\\\/\\\/www.zillions.nl\\\/wp-content\\\/uploads\\\/2025\\\/02\\\/Hay-about-a-chair-AAC21-grijs-NM200157.jpg\",\"contentUrl\":\"https:\\\/\\\/www.zillions.nl\\\/wp-content\\\/uploads\\\/2025\\\/02\\\/Hay-about-a-chair-AAC21-grijs-NM200157.jpg\",\"width\":1080,\"height\":1080},{\"@type\":\"BreadcrumbList\",\"@id\":\"https:\\\/\\\/www.zillions.nl\\\/product\\\/hay-about-a-chair-aac21-draaibaar-grijs-taupe-stof-wit\\\/#breadcrumb\",\"itemListElement\":[{\"@type\":\"ListItem\",\"position\":1,\"name\":\"Home\",\"item\":\"https:\\\/\\\/www.zillions.nl\\\/\"},{\"@type\":\"ListItem\",\"position\":2,\"name\":\"Shop\",\"item\":\"https:\\\/\\\/www.zillions.nl\\\/shop\\\/\"},{\"@type\":\"ListItem\",\"position\":3,\"name\":\"Hay About a Chair AAC21 Draaibaar Grijs\\\/Taupe Stof &#8211; Wit\"}]},{\"@type\":\"WebSite\",\"@id\":\"https:\\\/\\\/www.zillions.nl\\\/de\\\/#website\",\"url\":\"https:\\\/\\\/www.zillions.nl\\\/de\\\/\",\"name\":\"Zillions: nieuw en gebruikt design meubilair en stoelen\",\"description\":\"Welkom bij Zillions: Zillions is gespecialiseerd in nieuw en gebruikt design meubilair en stoelen.\",\"publisher\":{\"@id\":\"https:\\\/\\\/www.zillions.nl\\\/de\\\/#organization\"},\"potentialAction\":[{\"@type\":\"SearchAction\",\"target\":{\"@type\":\"EntryPoint\",\"urlTemplate\":\"https:\\\/\\\/www.zillions.nl\\\/de\\\/?s={search_term_string}\"},\"query-input\":{\"@type\":\"PropertyValueSpecification\",\"valueRequired\":true,\"valueName\":\"search_term_string\"}}],\"inLanguage\":\"de-DE\"},{\"@type\":\"Organization\",\"@id\":\"https:\\\/\\\/www.zillions.nl\\\/de\\\/#organization\",\"name\":\"Zillions: nieuw en gebruikt design meubilair en stoelen\",\"url\":\"https:\\\/\\\/www.zillions.nl\\\/de\\\/\",\"logo\":{\"@type\":\"ImageObject\",\"inLanguage\":\"de-DE\",\"@id\":\"https:\\\/\\\/www.zillions.nl\\\/de\\\/#\\\/schema\\\/logo\\\/image\\\/\",\"url\":\"https:\\\/\\\/www.zillions.nl\\\/wp-content\\\/uploads\\\/2022\\\/11\\\/zillions.svg\",\"contentUrl\":\"https:\\\/\\\/www.zillions.nl\\\/wp-content\\\/uploads\\\/2022\\\/11\\\/zillions.svg\",\"width\":208,\"height\":53,\"caption\":\"Zillions: nieuw en gebruikt design meubilair en stoelen\"},\"image\":{\"@id\":\"https:\\\/\\\/www.zillions.nl\\\/de\\\/#\\\/schema\\\/logo\\\/image\\\/\"}}]}<\/script>\n<!-- \/ Yoast SEO plugin. -->","yoast_head_json":{"title":"Hay About a Chair AAC21 Drehstuhl, Stoff Grau\/Taupe, Wei\u00df","description":"Hay About a Chair AAC21 Drehstuhl in Grau\/Taupe | Bestellen Sie bequem in unserem Webshop. Entdecken Sie dieses und viele weitere Modelle aus unserem umfangreichen Sortiment!","robots":{"index":"index","follow":"follow","max-snippet":"max-snippet:-1","max-image-preview":"max-image-preview:large","max-video-preview":"max-video-preview:-1"},"canonical":"https:\/\/www.zillions.nl\/de\/product\/hay-about-a-chair-aac21-draaibaar-grijs-taupe-stof-wit\/","og_locale":"de_DE","og_type":"article","og_title":"Hay About a Chair AAC21 Draaibaar Grijs\/Taupe Stof - Wit","og_description":"Hay About a Chair AAC21 draaibaar in grijs\/taupe stof | Eenvoudig te bestellen via onze webshop. Ontdek dit model en vele anderen in ons ruime assortiment!","og_url":"https:\/\/www.zillions.nl\/de\/product\/hay-about-a-chair-aac21-draaibaar-grijs-taupe-stof-wit\/","og_site_name":"Zillions: nieuw en gebruikt design meubilair en stoelen","og_image":[{"width":1080,"height":1080,"url":"https:\/\/www.zillions.nl\/wp-content\/uploads\/2025\/02\/Hay-about-a-chair-AAC21-grijs-NM200157.jpg","type":"image\/jpeg"}],"twitter_card":"summary_large_image","twitter_misc":{"Est. reading time":"2 minutes"},"schema":{"@context":"https:\/\/schema.org","@graph":[{"@type":"WebPage","@id":"https:\/\/www.zillions.nl\/product\/hay-about-a-chair-aac21-draaibaar-grijs-taupe-stof-wit\/","url":"https:\/\/www.zillions.nl\/product\/hay-about-a-chair-aac21-draaibaar-grijs-taupe-stof-wit\/","name":"Hay About a Chair AAC21 Drehstuhl, Stoff Grau\/Taupe, Wei\u00df","isPartOf":{"@id":"https:\/\/www.zillions.nl\/de\/#website"},"primaryImageOfPage":{"@id":"https:\/\/www.zillions.nl\/product\/hay-about-a-chair-aac21-draaibaar-grijs-taupe-stof-wit\/#primaryimage"},"image":{"@id":"https:\/\/www.zillions.nl\/product\/hay-about-a-chair-aac21-draaibaar-grijs-taupe-stof-wit\/#primaryimage"},"thumbnailUrl":"https:\/\/www.zillions.nl\/wp-content\/uploads\/2025\/02\/Hay-about-a-chair-AAC21-grijs-NM200157.jpg","datePublished":"2025-02-14T15:52:17+00:00","description":"Hay About a Chair AAC21 Drehstuhl in Grau\/Taupe | Bestellen Sie bequem in unserem Webshop. Entdecken Sie dieses und viele weitere Modelle aus unserem umfangreichen Sortiment!","breadcrumb":{"@id":"https:\/\/www.zillions.nl\/product\/hay-about-a-chair-aac21-draaibaar-grijs-taupe-stof-wit\/#breadcrumb"},"inLanguage":"de-DE","potentialAction":[{"@type":"ReadAction","target":["https:\/\/www.zillions.nl\/product\/hay-about-a-chair-aac21-draaibaar-grijs-taupe-stof-wit\/"]}]},{"@type":"ImageObject","inLanguage":"de-DE","@id":"https:\/\/www.zillions.nl\/product\/hay-about-a-chair-aac21-draaibaar-grijs-taupe-stof-wit\/#primaryimage","url":"https:\/\/www.zillions.nl\/wp-content\/uploads\/2025\/02\/Hay-about-a-chair-AAC21-grijs-NM200157.jpg","contentUrl":"https:\/\/www.zillions.nl\/wp-content\/uploads\/2025\/02\/Hay-about-a-chair-AAC21-grijs-NM200157.jpg","width":1080,"height":1080},{"@type":"BreadcrumbList","@id":"https:\/\/www.zillions.nl\/product\/hay-about-a-chair-aac21-draaibaar-grijs-taupe-stof-wit\/#breadcrumb","itemListElement":[{"@type":"ListItem","position":1,"name":"Home","item":"https:\/\/www.zillions.nl\/"},{"@type":"ListItem","position":2,"name":"Shop","item":"https:\/\/www.zillions.nl\/shop\/"},{"@type":"ListItem","position":3,"name":"Hay About a Chair AAC21 Draaibaar Grijs\/Taupe Stof &#8211; Wit"}]},{"@type":"WebSite","@id":"https:\/\/www.zillions.nl\/de\/#website","url":"https:\/\/www.zillions.nl\/de\/","name":"Zillionen: neue und gebrauchte Designerm\u00f6bel und St\u00fchle","description":"Willkommen bei Zillions: Zillions ist auf neue und gebrauchte Designm\u00f6bel und St\u00fchle spezialisiert.","publisher":{"@id":"https:\/\/www.zillions.nl\/de\/#organization"},"potentialAction":[{"@type":"SearchAction","target":{"@type":"EntryPoint","urlTemplate":"https:\/\/www.zillions.nl\/de\/?s={search_term_string}"},"query-input":{"@type":"PropertyValueSpecification","valueRequired":true,"valueName":"search_term_string"}}],"inLanguage":"de-DE"},{"@type":"Organization","@id":"https:\/\/www.zillions.nl\/de\/#organization","name":"Zillionen: neue und gebrauchte Designerm\u00f6bel und St\u00fchle","url":"https:\/\/www.zillions.nl\/de\/","logo":{"@type":"ImageObject","inLanguage":"de-DE","@id":"https:\/\/www.zillions.nl\/de\/#\/schema\/logo\/image\/","url":"https:\/\/www.zillions.nl\/wp-content\/uploads\/2022\/11\/zillions.svg","contentUrl":"https:\/\/www.zillions.nl\/wp-content\/uploads\/2022\/11\/zillions.svg","width":208,"height":53,"caption":"Zillions: nieuw en gebruikt design meubilair en stoelen"},"image":{"@id":"https:\/\/www.zillions.nl\/de\/#\/schema\/logo\/image\/"}}]}},"_links":{"self":[{"href":"https:\/\/www.zillions.nl\/de\/wp-json\/wp\/v2\/product\/13933","targetHints":{"allow":["GET"]}}],"collection":[{"href":"https:\/\/www.zillions.nl\/de\/wp-json\/wp\/v2\/product"}],"about":[{"href":"https:\/\/www.zillions.nl\/de\/wp-json\/wp\/v2\/types\/product"}],"wp:featuredmedia":[{"embeddable":true,"href":"https:\/\/www.zillions.nl\/de\/wp-json\/wp\/v2\/media\/13941"}],"wp:attachment":[{"href":"https:\/\/www.zillions.nl\/de\/wp-json\/wp\/v2\/media?parent=13933"}],"wp:term":[{"taxonomy":"product_brand","embeddable":true,"href":"https:\/\/www.zillions.nl\/de\/wp-json\/wp\/v2\/product_brand?post=13933"},{"taxonomy":"product_cat","embeddable":true,"href":"https:\/\/www.zillions.nl\/de\/wp-json\/wp\/v2\/product_cat?post=13933"},{"taxonomy":"product_tag","embeddable":true,"href":"https:\/\/www.zillions.nl\/de\/wp-json\/wp\/v2\/product_tag?post=13933"}],"curies":[{"name":"wp","href":"https:\/\/api.w.org\/{rel}","templated":true}]}}