{"id":13848,"date":"2025-02-08T22:06:30","date_gmt":"2025-02-08T21:06:30","guid":{"rendered":"https:\/\/www.zillions.nl\/?post_type=product&#038;p=13848"},"modified":"2026-04-09T16:12:55","modified_gmt":"2026-04-09T14:12:55","slug":"leolux-howlo-3-zits-220cm-bank-zwart-maisgeel-leer","status":"publish","type":"product","link":"https:\/\/www.zillions.nl\/de\/product\/leolux-howlo-3-zits-220cm-bank-zwart-maisgeel-leer\/","title":{"rendered":"Leolux Howlo 3-Sitzer\/220 cm Sofa Schwarz\/Maisgelb \u2013 Leder"},"content":{"rendered":"<p>Leolux Howlo 3-Sitzer-Sofa in Schwarz und M<span lang=\"EN-US\">Ass gelb l<\/span>Ehre<\/p>\n<p>Dieses Leolux Howlo Sofa, entworfen von Cuno Frommherz, ist mit schwarzem Leder gepolstert und hat gelbe Kopfst\u00fctzen. Dank der verstellbaren Kopfst\u00fctzen l\u00e4sst sich das Sofa individuell an Ihre W\u00fcnsche anpassen, was sowohl zum Sitzkomfort als auch zur Unterst\u00fctzung beitr\u00e4gt. Der Holzrahmen geht elegant in polierte Aluminiumbeine \u00fcber und verleiht dem Sofa eine edle Ausstrahlung. Die dynamische Farbgebung in Kombination mit dem ultimativen Sitzkomfort macht dieses Sofa zu einer perfekten Erg\u00e4nzung f\u00fcr jedes Interieur. Das Sofa ist 100% original und verf\u00fcgt \u00fcber alle Echtheitsmerkmale.<\/p>\n<p><strong>Zustand:\u00a0<\/strong>Zustand im Ausstellungsraum; im Neuzustand<\/p>\n<p><strong>Lieferung ab Lager<\/strong><\/p>\n<p><strong>Hinweis:\u00a0<\/strong>Die angezeigten Preise sind\u00a0<u>pro St\u00fcck<\/u>!<\/p>\n<p>Spezifikationen:<br \/>\n<strong>Polster:<\/strong> Leder, schwarz\/maisgelb<br \/>\n<strong>Rahmen:<\/strong> Nussbaum, poliertes Aluminium<br \/>\n<strong>Armlehne: <\/strong>24 cm<br \/>\n<strong>R\u00fcckenlehne:<\/strong> 45 cm<br \/>\n<strong>Sitzh\u00f6he:<\/strong>\u00a045 cm<br \/>\n<strong>Sitzbreite:<\/strong>\u00a0160 cm<br \/>\n<strong>Sitztiefe:<\/strong>\u00a054 cm<br \/>\n<strong>Volle H\u00f6he:<\/strong>\u00a084 cm<br \/>\n<strong>Volle Breite:<\/strong>\u00a0220 cm<br \/>\n<strong>Volle Tiefe: <\/strong>92 cm<br \/>\n<strong>Andere:<\/strong> verstellbare Kopfst\u00fctzen<\/p>\n<p>Wenn Sie Fragen haben oder einen unverbindlichen Besichtigungstermin vereinbaren m\u00f6chten, k\u00f6nnen Sie sich gerne an uns wenden. Lieferung durch unseren eigenen Lieferservice m\u00f6glich! Besuchen Sie unsere Website f\u00fcr viele weitere Designartikel!<\/p>\n<p><strong>Kontaktdaten (Besuch nach Vereinbarung):<\/strong><br \/>\nIndustrieweg 21<br \/>\n4131NK Vianen<br \/>\ninfo@zillions.nl<br \/>\n030 20 72 146<\/p>","protected":false},"excerpt":{"rendered":"<p>Leolux Howlo 3-zits bank in zwart en ma\u00efsgeel leer Deze Leolux Howlo bank, ontworpen door Cuno Frommherz, is uitgevoerd in zwart leder met gele hoofdsteunen. Dankzij de verstelbare hoofdsteunen kan de bank naar wens worden aangepast, wat bijdraagt aan zowel zitcomfort als ondersteuning. Het houten frame loopt elegant over in gepolijste aluminium poten, wat de [&hellip;]<\/p>\n","protected":false},"featured_media":13853,"template":"","meta":{"_acf_changed":false},"product_brand":[225],"product_cat":[16,189],"product_tag":[325],"class_list":{"0":"post-13848","1":"product","2":"type-product","3":"status-publish","4":"has-post-thumbnail","6":"product_brand-leolux","7":"product_cat-alle-producten","8":"product_cat-banken","9":"product_tag-leolux","10":"pa_brands-leolux","12":"first","13":"instock","14":"purchasable","15":"product-type-simple"},"acf":[],"yoast_head":"<!-- This site is optimized with the Yoast SEO plugin v27.5 - https:\/\/yoast.com\/product\/yoast-seo-wordpress\/ -->\n<title>Leolux Howlo 3-zits\/220cm Bank Zwart\/Ma\u00efsgeel - Leer<\/title>\n<meta name=\"description\" content=\"Leolux Howlo 3-zits bank in zwart en ma\u00efsgeel leer | Eenvoudig te bestellen via onze webshop. Ontdek dit model en vele anderen in ons ruime assortiment!\" \/>\n<meta name=\"robots\" content=\"index, follow, max-snippet:-1, max-image-preview:large, max-video-preview:-1\" \/>\n<link rel=\"canonical\" href=\"https:\/\/www.zillions.nl\/de\/product\/leolux-howlo-3-zits-220cm-bank-zwart-maisgeel-leer\/\" \/>\n<meta property=\"og:locale\" content=\"de_DE\" \/>\n<meta property=\"og:type\" content=\"article\" \/>\n<meta property=\"og:title\" content=\"Leolux Howlo 3-zits\/220cm Bank Zwart\/Ma\u00efsgeel - Leer\" \/>\n<meta property=\"og:description\" content=\"Leolux Howlo 3-zits bank in zwart en ma\u00efsgeel leer | Eenvoudig te bestellen via onze webshop. Ontdek dit model en vele anderen in ons ruime assortiment!\" \/>\n<meta property=\"og:url\" content=\"https:\/\/www.zillions.nl\/de\/product\/leolux-howlo-3-zits-220cm-bank-zwart-maisgeel-leer\/\" \/>\n<meta property=\"og:site_name\" content=\"Zillions: nieuw en gebruikt design meubilair en stoelen\" \/>\n<meta property=\"article:modified_time\" content=\"2026-04-09T14:12:55+00:00\" \/>\n<meta property=\"og:image\" content=\"https:\/\/www.zillions.nl\/wp-content\/uploads\/2025\/02\/Leolux-Howlo-bank-zwart-leer-_-Leem-rugleuning-CAM01164.jpg\" \/>\n\t<meta property=\"og:image:width\" content=\"1080\" \/>\n\t<meta property=\"og:image:height\" content=\"1080\" \/>\n\t<meta property=\"og:image:type\" content=\"image\/jpeg\" \/>\n<meta name=\"twitter:card\" content=\"summary_large_image\" \/>\n<meta name=\"twitter:label1\" content=\"Est. reading time\" \/>\n\t<meta name=\"twitter:data1\" content=\"2 minutes\" \/>\n<script type=\"application\/ld+json\" class=\"yoast-schema-graph\">{\"@context\":\"https:\\\/\\\/schema.org\",\"@graph\":[{\"@type\":\"WebPage\",\"@id\":\"https:\\\/\\\/www.zillions.nl\\\/product\\\/leolux-howlo-3-zits-220cm-bank-zwart-maisgeel-leer\\\/\",\"url\":\"https:\\\/\\\/www.zillions.nl\\\/product\\\/leolux-howlo-3-zits-220cm-bank-zwart-maisgeel-leer\\\/\",\"name\":\"Leolux Howlo 3-zits\\\/220cm Bank Zwart\\\/Ma\u00efsgeel - Leer\",\"isPartOf\":{\"@id\":\"https:\\\/\\\/www.zillions.nl\\\/de\\\/#website\"},\"primaryImageOfPage\":{\"@id\":\"https:\\\/\\\/www.zillions.nl\\\/product\\\/leolux-howlo-3-zits-220cm-bank-zwart-maisgeel-leer\\\/#primaryimage\"},\"image\":{\"@id\":\"https:\\\/\\\/www.zillions.nl\\\/product\\\/leolux-howlo-3-zits-220cm-bank-zwart-maisgeel-leer\\\/#primaryimage\"},\"thumbnailUrl\":\"https:\\\/\\\/www.zillions.nl\\\/wp-content\\\/uploads\\\/2025\\\/02\\\/Leolux-Howlo-bank-zwart-leer-_-Leem-rugleuning-CAM01164.jpg\",\"datePublished\":\"2025-02-08T21:06:30+00:00\",\"dateModified\":\"2026-04-09T14:12:55+00:00\",\"description\":\"Leolux Howlo 3-zits bank in zwart en ma\u00efsgeel leer | Eenvoudig te bestellen via onze webshop. Ontdek dit model en vele anderen in ons ruime assortiment!\",\"breadcrumb\":{\"@id\":\"https:\\\/\\\/www.zillions.nl\\\/product\\\/leolux-howlo-3-zits-220cm-bank-zwart-maisgeel-leer\\\/#breadcrumb\"},\"inLanguage\":\"de-DE\",\"potentialAction\":[{\"@type\":\"ReadAction\",\"target\":[\"https:\\\/\\\/www.zillions.nl\\\/product\\\/leolux-howlo-3-zits-220cm-bank-zwart-maisgeel-leer\\\/\"]}]},{\"@type\":\"ImageObject\",\"inLanguage\":\"de-DE\",\"@id\":\"https:\\\/\\\/www.zillions.nl\\\/product\\\/leolux-howlo-3-zits-220cm-bank-zwart-maisgeel-leer\\\/#primaryimage\",\"url\":\"https:\\\/\\\/www.zillions.nl\\\/wp-content\\\/uploads\\\/2025\\\/02\\\/Leolux-Howlo-bank-zwart-leer-_-Leem-rugleuning-CAM01164.jpg\",\"contentUrl\":\"https:\\\/\\\/www.zillions.nl\\\/wp-content\\\/uploads\\\/2025\\\/02\\\/Leolux-Howlo-bank-zwart-leer-_-Leem-rugleuning-CAM01164.jpg\",\"width\":1080,\"height\":1080},{\"@type\":\"BreadcrumbList\",\"@id\":\"https:\\\/\\\/www.zillions.nl\\\/product\\\/leolux-howlo-3-zits-220cm-bank-zwart-maisgeel-leer\\\/#breadcrumb\",\"itemListElement\":[{\"@type\":\"ListItem\",\"position\":1,\"name\":\"Home\",\"item\":\"https:\\\/\\\/www.zillions.nl\\\/\"},{\"@type\":\"ListItem\",\"position\":2,\"name\":\"Shop\",\"item\":\"https:\\\/\\\/www.zillions.nl\\\/shop\\\/\"},{\"@type\":\"ListItem\",\"position\":3,\"name\":\"Leolux Howlo 3-zits\\\/220cm Bank Zwart\\\/Ma\u00efsgeel &#8211; Leer\"}]},{\"@type\":\"WebSite\",\"@id\":\"https:\\\/\\\/www.zillions.nl\\\/de\\\/#website\",\"url\":\"https:\\\/\\\/www.zillions.nl\\\/de\\\/\",\"name\":\"Zillions: nieuw en gebruikt design meubilair en stoelen\",\"description\":\"Welkom bij Zillions: Zillions is gespecialiseerd in nieuw en gebruikt design meubilair en stoelen.\",\"publisher\":{\"@id\":\"https:\\\/\\\/www.zillions.nl\\\/de\\\/#organization\"},\"potentialAction\":[{\"@type\":\"SearchAction\",\"target\":{\"@type\":\"EntryPoint\",\"urlTemplate\":\"https:\\\/\\\/www.zillions.nl\\\/de\\\/?s={search_term_string}\"},\"query-input\":{\"@type\":\"PropertyValueSpecification\",\"valueRequired\":true,\"valueName\":\"search_term_string\"}}],\"inLanguage\":\"de-DE\"},{\"@type\":\"Organization\",\"@id\":\"https:\\\/\\\/www.zillions.nl\\\/de\\\/#organization\",\"name\":\"Zillions: nieuw en gebruikt design meubilair en stoelen\",\"url\":\"https:\\\/\\\/www.zillions.nl\\\/de\\\/\",\"logo\":{\"@type\":\"ImageObject\",\"inLanguage\":\"de-DE\",\"@id\":\"https:\\\/\\\/www.zillions.nl\\\/de\\\/#\\\/schema\\\/logo\\\/image\\\/\",\"url\":\"https:\\\/\\\/www.zillions.nl\\\/wp-content\\\/uploads\\\/2022\\\/11\\\/zillions.svg\",\"contentUrl\":\"https:\\\/\\\/www.zillions.nl\\\/wp-content\\\/uploads\\\/2022\\\/11\\\/zillions.svg\",\"width\":208,\"height\":53,\"caption\":\"Zillions: nieuw en gebruikt design meubilair en stoelen\"},\"image\":{\"@id\":\"https:\\\/\\\/www.zillions.nl\\\/de\\\/#\\\/schema\\\/logo\\\/image\\\/\"}}]}<\/script>\n<!-- \/ Yoast SEO plugin. -->","yoast_head_json":{"title":"Leolux Howlo 3-Sitzer\/220 cm Sofa Schwarz\/Maisgelb - Leder","description":"Leolux Howlo 3-Sitzer-Sofa in schwarzem und maisgelbem Leder | Bestellen Sie bequem in unserem Webshop. Entdecken Sie dieses und viele weitere Modelle aus unserem umfangreichen Sortiment!","robots":{"index":"index","follow":"follow","max-snippet":"max-snippet:-1","max-image-preview":"max-image-preview:large","max-video-preview":"max-video-preview:-1"},"canonical":"https:\/\/www.zillions.nl\/de\/product\/leolux-howlo-3-zits-220cm-bank-zwart-maisgeel-leer\/","og_locale":"de_DE","og_type":"article","og_title":"Leolux Howlo 3-zits\/220cm Bank Zwart\/Ma\u00efsgeel - Leer","og_description":"Leolux Howlo 3-zits bank in zwart en ma\u00efsgeel leer | Eenvoudig te bestellen via onze webshop. Ontdek dit model en vele anderen in ons ruime assortiment!","og_url":"https:\/\/www.zillions.nl\/de\/product\/leolux-howlo-3-zits-220cm-bank-zwart-maisgeel-leer\/","og_site_name":"Zillions: nieuw en gebruikt design meubilair en stoelen","article_modified_time":"2026-04-09T14:12:55+00:00","og_image":[{"width":1080,"height":1080,"url":"https:\/\/www.zillions.nl\/wp-content\/uploads\/2025\/02\/Leolux-Howlo-bank-zwart-leer-_-Leem-rugleuning-CAM01164.jpg","type":"image\/jpeg"}],"twitter_card":"summary_large_image","twitter_misc":{"Est. reading time":"2 minutes"},"schema":{"@context":"https:\/\/schema.org","@graph":[{"@type":"WebPage","@id":"https:\/\/www.zillions.nl\/product\/leolux-howlo-3-zits-220cm-bank-zwart-maisgeel-leer\/","url":"https:\/\/www.zillions.nl\/product\/leolux-howlo-3-zits-220cm-bank-zwart-maisgeel-leer\/","name":"Leolux Howlo 3-Sitzer\/220 cm Sofa Schwarz\/Maisgelb - Leder","isPartOf":{"@id":"https:\/\/www.zillions.nl\/de\/#website"},"primaryImageOfPage":{"@id":"https:\/\/www.zillions.nl\/product\/leolux-howlo-3-zits-220cm-bank-zwart-maisgeel-leer\/#primaryimage"},"image":{"@id":"https:\/\/www.zillions.nl\/product\/leolux-howlo-3-zits-220cm-bank-zwart-maisgeel-leer\/#primaryimage"},"thumbnailUrl":"https:\/\/www.zillions.nl\/wp-content\/uploads\/2025\/02\/Leolux-Howlo-bank-zwart-leer-_-Leem-rugleuning-CAM01164.jpg","datePublished":"2025-02-08T21:06:30+00:00","dateModified":"2026-04-09T14:12:55+00:00","description":"Leolux Howlo 3-Sitzer-Sofa in schwarzem und maisgelbem Leder | Bestellen Sie bequem in unserem Webshop. Entdecken Sie dieses und viele weitere Modelle aus unserem umfangreichen Sortiment!","breadcrumb":{"@id":"https:\/\/www.zillions.nl\/product\/leolux-howlo-3-zits-220cm-bank-zwart-maisgeel-leer\/#breadcrumb"},"inLanguage":"de-DE","potentialAction":[{"@type":"ReadAction","target":["https:\/\/www.zillions.nl\/product\/leolux-howlo-3-zits-220cm-bank-zwart-maisgeel-leer\/"]}]},{"@type":"ImageObject","inLanguage":"de-DE","@id":"https:\/\/www.zillions.nl\/product\/leolux-howlo-3-zits-220cm-bank-zwart-maisgeel-leer\/#primaryimage","url":"https:\/\/www.zillions.nl\/wp-content\/uploads\/2025\/02\/Leolux-Howlo-bank-zwart-leer-_-Leem-rugleuning-CAM01164.jpg","contentUrl":"https:\/\/www.zillions.nl\/wp-content\/uploads\/2025\/02\/Leolux-Howlo-bank-zwart-leer-_-Leem-rugleuning-CAM01164.jpg","width":1080,"height":1080},{"@type":"BreadcrumbList","@id":"https:\/\/www.zillions.nl\/product\/leolux-howlo-3-zits-220cm-bank-zwart-maisgeel-leer\/#breadcrumb","itemListElement":[{"@type":"ListItem","position":1,"name":"Home","item":"https:\/\/www.zillions.nl\/"},{"@type":"ListItem","position":2,"name":"Shop","item":"https:\/\/www.zillions.nl\/shop\/"},{"@type":"ListItem","position":3,"name":"Leolux Howlo 3-zits\/220cm Bank Zwart\/Ma\u00efsgeel &#8211; Leer"}]},{"@type":"WebSite","@id":"https:\/\/www.zillions.nl\/de\/#website","url":"https:\/\/www.zillions.nl\/de\/","name":"Zillionen: neue und gebrauchte Designerm\u00f6bel und St\u00fchle","description":"Willkommen bei Zillions: Zillions ist auf neue und gebrauchte Designm\u00f6bel und St\u00fchle spezialisiert.","publisher":{"@id":"https:\/\/www.zillions.nl\/de\/#organization"},"potentialAction":[{"@type":"SearchAction","target":{"@type":"EntryPoint","urlTemplate":"https:\/\/www.zillions.nl\/de\/?s={search_term_string}"},"query-input":{"@type":"PropertyValueSpecification","valueRequired":true,"valueName":"search_term_string"}}],"inLanguage":"de-DE"},{"@type":"Organization","@id":"https:\/\/www.zillions.nl\/de\/#organization","name":"Zillionen: neue und gebrauchte Designerm\u00f6bel und St\u00fchle","url":"https:\/\/www.zillions.nl\/de\/","logo":{"@type":"ImageObject","inLanguage":"de-DE","@id":"https:\/\/www.zillions.nl\/de\/#\/schema\/logo\/image\/","url":"https:\/\/www.zillions.nl\/wp-content\/uploads\/2022\/11\/zillions.svg","contentUrl":"https:\/\/www.zillions.nl\/wp-content\/uploads\/2022\/11\/zillions.svg","width":208,"height":53,"caption":"Zillions: nieuw en gebruikt design meubilair en stoelen"},"image":{"@id":"https:\/\/www.zillions.nl\/de\/#\/schema\/logo\/image\/"}}]}},"_links":{"self":[{"href":"https:\/\/www.zillions.nl\/de\/wp-json\/wp\/v2\/product\/13848","targetHints":{"allow":["GET"]}}],"collection":[{"href":"https:\/\/www.zillions.nl\/de\/wp-json\/wp\/v2\/product"}],"about":[{"href":"https:\/\/www.zillions.nl\/de\/wp-json\/wp\/v2\/types\/product"}],"wp:featuredmedia":[{"embeddable":true,"href":"https:\/\/www.zillions.nl\/de\/wp-json\/wp\/v2\/media\/13853"}],"wp:attachment":[{"href":"https:\/\/www.zillions.nl\/de\/wp-json\/wp\/v2\/media?parent=13848"}],"wp:term":[{"taxonomy":"product_brand","embeddable":true,"href":"https:\/\/www.zillions.nl\/de\/wp-json\/wp\/v2\/product_brand?post=13848"},{"taxonomy":"product_cat","embeddable":true,"href":"https:\/\/www.zillions.nl\/de\/wp-json\/wp\/v2\/product_cat?post=13848"},{"taxonomy":"product_tag","embeddable":true,"href":"https:\/\/www.zillions.nl\/de\/wp-json\/wp\/v2\/product_tag?post=13848"}],"curies":[{"name":"wp","href":"https:\/\/api.w.org\/{rel}","templated":true}]}}