{"id":13792,"date":"2025-02-08T16:08:54","date_gmt":"2025-02-08T15:08:54","guid":{"rendered":"https:\/\/www.zillions.nl\/?post_type=product&#038;p=13792"},"modified":"2026-01-09T13:57:06","modified_gmt":"2026-01-09T12:57:06","slug":"leolux-antonia-bank-25-zits-180cm-zwart-leer-gepolijst","status":"publish","type":"product","link":"https:\/\/www.zillions.nl\/de\/product\/leolux-antonia-bank-25-zits-180cm-zwart-leer-gepolijst\/","title":{"rendered":"Leolux Antonia Sofa, 2,5-Sitzer\/180 cm, schwarzes Leder \u2013 poliert"},"content":{"rendered":"<p>Leolux Antonia Sofa, 2,5-Sitzer, 180 cm, in schwarzem Leder mit polierten Aluminiumbeinen<\/p>\n<p>Dieses stilvolle 2,5-Sitzer-Sofa Antonio von Leolux, entworfen von Hugo de Ruiter, ist aus hochwertigem schwarzem Leder gefertigt und hat Beine aus poliertem Aluminium. Das zeitlose Design mit flie\u00dfenden Linien und subtilen Details strahlt Eleganz und Raffinesse aus. Zusammen mit der sorgf\u00e4ltigen Materialauswahl macht dies das Sofa zu einer luxuri\u00f6sen und bequemen Erg\u00e4nzung f\u00fcr jedes Interieur.<\/p>\n<p><strong>Zustand:\u00a0<\/strong>Zustand im Ausstellungsraum; im Neuzustand<\/p>\n<p><strong>Lieferung ab Lager<\/strong><\/p>\n<p><strong>Hinweis:\u00a0<\/strong>Die angezeigten Preise sind\u00a0<u>pro St\u00fcck<\/u>!<\/p>\n<p>Das Sofa ist auch mit passendem Fu\u00dfhocker erh\u00e4ltlich. Die Angebote finden Sie auch in unseren anderen Anzeigen!<\/p>\n<p>Spezifikationen:<br \/>\n<strong>Sitz:<\/strong> Leder, schwarz<br \/>\n<strong>Freunde:<\/strong> Aluminium, poliert<br \/>\n<strong>Armlehne: <\/strong>18 cm<br \/>\n<strong>R\u00fcckenlehne:<\/strong> 40 cm<br \/>\n<strong>Sitzh\u00f6he:<\/strong>\u00a047 cm<br \/>\n<strong>Sitzbreite:<\/strong> 180 cm<br \/>\n<strong>Sitztiefe:<\/strong>\u00a055 cm<br \/>\n<strong>Volle H\u00f6he:<\/strong>\u00a068 cm<br \/>\n<strong>Volle Tiefe:<\/strong> 90 cm<\/p>\n<p>Wenn Sie Fragen haben oder einen unverbindlichen Besichtigungstermin vereinbaren m\u00f6chten, k\u00f6nnen Sie sich gerne an uns wenden. Lieferung durch unseren eigenen Lieferservice m\u00f6glich! Besuchen Sie unsere Website f\u00fcr viele weitere Designartikel!<\/p>\n<p><strong>Kontaktdaten (Besuch nach Vereinbarung):<\/strong><br \/>\nIndustrieweg 21<br \/>\n4131NK Vianen<br \/>\ninfo@zillions.nl<br \/>\n030 20 72 146<\/p>","protected":false},"excerpt":{"rendered":"<p>Leolux Antonia bank 2,5-zits\/180cm in zwart leder &#8211; gepolijst aluminium poten Deze stijlvolle Leolux Antonio 2,5-zits bank, ontworpen door Hugo de Ruiter, is uitgevoerd in hoogwaardig zwart leder en voorzien van gepolijst aluminium poten. Het tijdloze design, met vloeiende lijnen en subtiele details, straalt elegantie en verfijning uit. Samen met de zorgvuldige materiaalkeuze maakt dit [&hellip;]<\/p>\n","protected":false},"featured_media":13798,"template":"","meta":{"_acf_changed":false},"product_brand":[225],"product_cat":[16,189],"product_tag":[325],"class_list":{"0":"post-13792","1":"product","2":"type-product","3":"status-publish","4":"has-post-thumbnail","6":"product_brand-leolux","7":"product_cat-alle-producten","8":"product_cat-banken","9":"product_tag-leolux","10":"pa_brands-leolux","12":"first","13":"instock","14":"purchasable","15":"product-type-simple"},"acf":[],"yoast_head":"<!-- This site is optimized with the Yoast SEO plugin v27.5 - https:\/\/yoast.com\/product\/yoast-seo-wordpress\/ -->\n<title>Leolux Antonia Bank 2,5-zits\/180cm Zwart Leer - Gepolijst<\/title>\n<meta name=\"description\" content=\"Leolux Antonia 2,5-zits bank in zwart leder | Eenvoudig te bestellen via onze webshop. Ontdek dit model en vele anderen in ons ruime assortiment!\" \/>\n<meta name=\"robots\" content=\"index, follow, max-snippet:-1, max-image-preview:large, max-video-preview:-1\" \/>\n<link rel=\"canonical\" href=\"https:\/\/www.zillions.nl\/de\/product\/leolux-antonia-bank-25-zits-180cm-zwart-leer-gepolijst\/\" \/>\n<meta property=\"og:locale\" content=\"de_DE\" \/>\n<meta property=\"og:type\" content=\"article\" \/>\n<meta property=\"og:title\" content=\"Leolux Antonia Bank 2,5-zits\/180cm Zwart Leer - Gepolijst\" \/>\n<meta property=\"og:description\" content=\"Leolux Antonia 2,5-zits bank in zwart leder | Eenvoudig te bestellen via onze webshop. Ontdek dit model en vele anderen in ons ruime assortiment!\" \/>\n<meta property=\"og:url\" content=\"https:\/\/www.zillions.nl\/de\/product\/leolux-antonia-bank-25-zits-180cm-zwart-leer-gepolijst\/\" \/>\n<meta property=\"og:site_name\" content=\"Zillions: nieuw en gebruikt design meubilair en stoelen\" \/>\n<meta property=\"article:modified_time\" content=\"2026-01-09T12:57:06+00:00\" \/>\n<meta property=\"og:image\" content=\"https:\/\/www.zillions.nl\/wp-content\/uploads\/2025\/02\/Leolux-Antonia-bank-Zwart-leer-CAM01157.jpg\" \/>\n\t<meta property=\"og:image:width\" content=\"1080\" \/>\n\t<meta property=\"og:image:height\" content=\"1080\" \/>\n\t<meta property=\"og:image:type\" content=\"image\/jpeg\" \/>\n<meta name=\"twitter:card\" content=\"summary_large_image\" \/>\n<meta name=\"twitter:label1\" content=\"Est. reading time\" \/>\n\t<meta name=\"twitter:data1\" content=\"2 minutes\" \/>\n<script type=\"application\/ld+json\" class=\"yoast-schema-graph\">{\"@context\":\"https:\\\/\\\/schema.org\",\"@graph\":[{\"@type\":\"WebPage\",\"@id\":\"https:\\\/\\\/www.zillions.nl\\\/product\\\/leolux-antonia-bank-25-zits-180cm-zwart-leer-gepolijst\\\/\",\"url\":\"https:\\\/\\\/www.zillions.nl\\\/product\\\/leolux-antonia-bank-25-zits-180cm-zwart-leer-gepolijst\\\/\",\"name\":\"Leolux Antonia Bank 2,5-zits\\\/180cm Zwart Leer - Gepolijst\",\"isPartOf\":{\"@id\":\"https:\\\/\\\/www.zillions.nl\\\/de\\\/#website\"},\"primaryImageOfPage\":{\"@id\":\"https:\\\/\\\/www.zillions.nl\\\/product\\\/leolux-antonia-bank-25-zits-180cm-zwart-leer-gepolijst\\\/#primaryimage\"},\"image\":{\"@id\":\"https:\\\/\\\/www.zillions.nl\\\/product\\\/leolux-antonia-bank-25-zits-180cm-zwart-leer-gepolijst\\\/#primaryimage\"},\"thumbnailUrl\":\"https:\\\/\\\/www.zillions.nl\\\/wp-content\\\/uploads\\\/2025\\\/02\\\/Leolux-Antonia-bank-Zwart-leer-CAM01157.jpg\",\"datePublished\":\"2025-02-08T15:08:54+00:00\",\"dateModified\":\"2026-01-09T12:57:06+00:00\",\"description\":\"Leolux Antonia 2,5-zits bank in zwart leder | Eenvoudig te bestellen via onze webshop. Ontdek dit model en vele anderen in ons ruime assortiment!\",\"breadcrumb\":{\"@id\":\"https:\\\/\\\/www.zillions.nl\\\/product\\\/leolux-antonia-bank-25-zits-180cm-zwart-leer-gepolijst\\\/#breadcrumb\"},\"inLanguage\":\"de-DE\",\"potentialAction\":[{\"@type\":\"ReadAction\",\"target\":[\"https:\\\/\\\/www.zillions.nl\\\/product\\\/leolux-antonia-bank-25-zits-180cm-zwart-leer-gepolijst\\\/\"]}]},{\"@type\":\"ImageObject\",\"inLanguage\":\"de-DE\",\"@id\":\"https:\\\/\\\/www.zillions.nl\\\/product\\\/leolux-antonia-bank-25-zits-180cm-zwart-leer-gepolijst\\\/#primaryimage\",\"url\":\"https:\\\/\\\/www.zillions.nl\\\/wp-content\\\/uploads\\\/2025\\\/02\\\/Leolux-Antonia-bank-Zwart-leer-CAM01157.jpg\",\"contentUrl\":\"https:\\\/\\\/www.zillions.nl\\\/wp-content\\\/uploads\\\/2025\\\/02\\\/Leolux-Antonia-bank-Zwart-leer-CAM01157.jpg\",\"width\":1080,\"height\":1080},{\"@type\":\"BreadcrumbList\",\"@id\":\"https:\\\/\\\/www.zillions.nl\\\/product\\\/leolux-antonia-bank-25-zits-180cm-zwart-leer-gepolijst\\\/#breadcrumb\",\"itemListElement\":[{\"@type\":\"ListItem\",\"position\":1,\"name\":\"Home\",\"item\":\"https:\\\/\\\/www.zillions.nl\\\/\"},{\"@type\":\"ListItem\",\"position\":2,\"name\":\"Shop\",\"item\":\"https:\\\/\\\/www.zillions.nl\\\/shop\\\/\"},{\"@type\":\"ListItem\",\"position\":3,\"name\":\"Leolux Antonia Bank 2,5-zits\\\/180cm Zwart Leer &#8211; Gepolijst\"}]},{\"@type\":\"WebSite\",\"@id\":\"https:\\\/\\\/www.zillions.nl\\\/de\\\/#website\",\"url\":\"https:\\\/\\\/www.zillions.nl\\\/de\\\/\",\"name\":\"Zillions: nieuw en gebruikt design meubilair en stoelen\",\"description\":\"Welkom bij Zillions: Zillions is gespecialiseerd in nieuw en gebruikt design meubilair en stoelen.\",\"publisher\":{\"@id\":\"https:\\\/\\\/www.zillions.nl\\\/de\\\/#organization\"},\"potentialAction\":[{\"@type\":\"SearchAction\",\"target\":{\"@type\":\"EntryPoint\",\"urlTemplate\":\"https:\\\/\\\/www.zillions.nl\\\/de\\\/?s={search_term_string}\"},\"query-input\":{\"@type\":\"PropertyValueSpecification\",\"valueRequired\":true,\"valueName\":\"search_term_string\"}}],\"inLanguage\":\"de-DE\"},{\"@type\":\"Organization\",\"@id\":\"https:\\\/\\\/www.zillions.nl\\\/de\\\/#organization\",\"name\":\"Zillions: nieuw en gebruikt design meubilair en stoelen\",\"url\":\"https:\\\/\\\/www.zillions.nl\\\/de\\\/\",\"logo\":{\"@type\":\"ImageObject\",\"inLanguage\":\"de-DE\",\"@id\":\"https:\\\/\\\/www.zillions.nl\\\/de\\\/#\\\/schema\\\/logo\\\/image\\\/\",\"url\":\"https:\\\/\\\/www.zillions.nl\\\/wp-content\\\/uploads\\\/2022\\\/11\\\/zillions.svg\",\"contentUrl\":\"https:\\\/\\\/www.zillions.nl\\\/wp-content\\\/uploads\\\/2022\\\/11\\\/zillions.svg\",\"width\":208,\"height\":53,\"caption\":\"Zillions: nieuw en gebruikt design meubilair en stoelen\"},\"image\":{\"@id\":\"https:\\\/\\\/www.zillions.nl\\\/de\\\/#\\\/schema\\\/logo\\\/image\\\/\"}}]}<\/script>\n<!-- \/ Yoast SEO plugin. -->","yoast_head_json":{"title":"Leolux Antonia Sofa, 2,5-Sitzer\/180 cm, schwarzes Leder, poliert","description":"Leolux Antonia 2,5-Sitzer-Sofa in schwarzem Leder | Einfach \u00fcber unseren Webshop bestellen. Entdecken Sie dieses und viele weitere Modelle aus unserem umfangreichen Sortiment!","robots":{"index":"index","follow":"follow","max-snippet":"max-snippet:-1","max-image-preview":"max-image-preview:large","max-video-preview":"max-video-preview:-1"},"canonical":"https:\/\/www.zillions.nl\/de\/product\/leolux-antonia-bank-25-zits-180cm-zwart-leer-gepolijst\/","og_locale":"de_DE","og_type":"article","og_title":"Leolux Antonia Bank 2,5-zits\/180cm Zwart Leer - Gepolijst","og_description":"Leolux Antonia 2,5-zits bank in zwart leder | Eenvoudig te bestellen via onze webshop. Ontdek dit model en vele anderen in ons ruime assortiment!","og_url":"https:\/\/www.zillions.nl\/de\/product\/leolux-antonia-bank-25-zits-180cm-zwart-leer-gepolijst\/","og_site_name":"Zillions: nieuw en gebruikt design meubilair en stoelen","article_modified_time":"2026-01-09T12:57:06+00:00","og_image":[{"width":1080,"height":1080,"url":"https:\/\/www.zillions.nl\/wp-content\/uploads\/2025\/02\/Leolux-Antonia-bank-Zwart-leer-CAM01157.jpg","type":"image\/jpeg"}],"twitter_card":"summary_large_image","twitter_misc":{"Est. reading time":"2 minutes"},"schema":{"@context":"https:\/\/schema.org","@graph":[{"@type":"WebPage","@id":"https:\/\/www.zillions.nl\/product\/leolux-antonia-bank-25-zits-180cm-zwart-leer-gepolijst\/","url":"https:\/\/www.zillions.nl\/product\/leolux-antonia-bank-25-zits-180cm-zwart-leer-gepolijst\/","name":"Leolux Antonia Sofa, 2,5-Sitzer\/180 cm, schwarzes Leder, poliert","isPartOf":{"@id":"https:\/\/www.zillions.nl\/de\/#website"},"primaryImageOfPage":{"@id":"https:\/\/www.zillions.nl\/product\/leolux-antonia-bank-25-zits-180cm-zwart-leer-gepolijst\/#primaryimage"},"image":{"@id":"https:\/\/www.zillions.nl\/product\/leolux-antonia-bank-25-zits-180cm-zwart-leer-gepolijst\/#primaryimage"},"thumbnailUrl":"https:\/\/www.zillions.nl\/wp-content\/uploads\/2025\/02\/Leolux-Antonia-bank-Zwart-leer-CAM01157.jpg","datePublished":"2025-02-08T15:08:54+00:00","dateModified":"2026-01-09T12:57:06+00:00","description":"Leolux Antonia 2,5-Sitzer-Sofa in schwarzem Leder | Einfach \u00fcber unseren Webshop bestellen. Entdecken Sie dieses und viele weitere Modelle aus unserem umfangreichen Sortiment!","breadcrumb":{"@id":"https:\/\/www.zillions.nl\/product\/leolux-antonia-bank-25-zits-180cm-zwart-leer-gepolijst\/#breadcrumb"},"inLanguage":"de-DE","potentialAction":[{"@type":"ReadAction","target":["https:\/\/www.zillions.nl\/product\/leolux-antonia-bank-25-zits-180cm-zwart-leer-gepolijst\/"]}]},{"@type":"ImageObject","inLanguage":"de-DE","@id":"https:\/\/www.zillions.nl\/product\/leolux-antonia-bank-25-zits-180cm-zwart-leer-gepolijst\/#primaryimage","url":"https:\/\/www.zillions.nl\/wp-content\/uploads\/2025\/02\/Leolux-Antonia-bank-Zwart-leer-CAM01157.jpg","contentUrl":"https:\/\/www.zillions.nl\/wp-content\/uploads\/2025\/02\/Leolux-Antonia-bank-Zwart-leer-CAM01157.jpg","width":1080,"height":1080},{"@type":"BreadcrumbList","@id":"https:\/\/www.zillions.nl\/product\/leolux-antonia-bank-25-zits-180cm-zwart-leer-gepolijst\/#breadcrumb","itemListElement":[{"@type":"ListItem","position":1,"name":"Home","item":"https:\/\/www.zillions.nl\/"},{"@type":"ListItem","position":2,"name":"Shop","item":"https:\/\/www.zillions.nl\/shop\/"},{"@type":"ListItem","position":3,"name":"Leolux Antonia Bank 2,5-zits\/180cm Zwart Leer &#8211; Gepolijst"}]},{"@type":"WebSite","@id":"https:\/\/www.zillions.nl\/de\/#website","url":"https:\/\/www.zillions.nl\/de\/","name":"Zillionen: neue und gebrauchte Designerm\u00f6bel und St\u00fchle","description":"Willkommen bei Zillions: Zillions ist auf neue und gebrauchte Designm\u00f6bel und St\u00fchle spezialisiert.","publisher":{"@id":"https:\/\/www.zillions.nl\/de\/#organization"},"potentialAction":[{"@type":"SearchAction","target":{"@type":"EntryPoint","urlTemplate":"https:\/\/www.zillions.nl\/de\/?s={search_term_string}"},"query-input":{"@type":"PropertyValueSpecification","valueRequired":true,"valueName":"search_term_string"}}],"inLanguage":"de-DE"},{"@type":"Organization","@id":"https:\/\/www.zillions.nl\/de\/#organization","name":"Zillionen: neue und gebrauchte Designerm\u00f6bel und St\u00fchle","url":"https:\/\/www.zillions.nl\/de\/","logo":{"@type":"ImageObject","inLanguage":"de-DE","@id":"https:\/\/www.zillions.nl\/de\/#\/schema\/logo\/image\/","url":"https:\/\/www.zillions.nl\/wp-content\/uploads\/2022\/11\/zillions.svg","contentUrl":"https:\/\/www.zillions.nl\/wp-content\/uploads\/2022\/11\/zillions.svg","width":208,"height":53,"caption":"Zillions: nieuw en gebruikt design meubilair en stoelen"},"image":{"@id":"https:\/\/www.zillions.nl\/de\/#\/schema\/logo\/image\/"}}]}},"_links":{"self":[{"href":"https:\/\/www.zillions.nl\/de\/wp-json\/wp\/v2\/product\/13792","targetHints":{"allow":["GET"]}}],"collection":[{"href":"https:\/\/www.zillions.nl\/de\/wp-json\/wp\/v2\/product"}],"about":[{"href":"https:\/\/www.zillions.nl\/de\/wp-json\/wp\/v2\/types\/product"}],"wp:featuredmedia":[{"embeddable":true,"href":"https:\/\/www.zillions.nl\/de\/wp-json\/wp\/v2\/media\/13798"}],"wp:attachment":[{"href":"https:\/\/www.zillions.nl\/de\/wp-json\/wp\/v2\/media?parent=13792"}],"wp:term":[{"taxonomy":"product_brand","embeddable":true,"href":"https:\/\/www.zillions.nl\/de\/wp-json\/wp\/v2\/product_brand?post=13792"},{"taxonomy":"product_cat","embeddable":true,"href":"https:\/\/www.zillions.nl\/de\/wp-json\/wp\/v2\/product_cat?post=13792"},{"taxonomy":"product_tag","embeddable":true,"href":"https:\/\/www.zillions.nl\/de\/wp-json\/wp\/v2\/product_tag?post=13792"}],"curies":[{"name":"wp","href":"https:\/\/api.w.org\/{rel}","templated":true}]}}