{"id":13713,"date":"2025-02-01T18:34:36","date_gmt":"2025-02-01T17:34:36","guid":{"rendered":"https:\/\/www.zillions.nl\/?post_type=product&#038;p=13713"},"modified":"2026-05-04T16:26:34","modified_gmt":"2026-05-04T14:26:34","slug":"vitra-eames-ea-117-bureaustoel-zwart-hopsak-gepolijst","status":"publish","type":"product","link":"https:\/\/www.zillions.nl\/de\/product\/vitra-eames-ea-117-bureaustoel-zwart-hopsak-gepolijst\/","title":{"rendered":"Vitra Eames EA 117 B\u00fcrostuhl Schwarz Hopsak \u2013 Poliert"},"content":{"rendered":"<p>Vitra Eames EA 117 B\u00fcrostuhl in schwarzem Hopsack \u2013 poliertes Aluminium<\/p>\n<p>Dieser elegante B\u00fcrostuhl Vitra Eames EA 117, entworfen von Charles &amp; Ray Eames, ist mit schwarzer Hopsack-Polsterung versehen und verf\u00fcgt \u00fcber einen Rahmen aus poliertem Aluminium. Der Stuhl ist dreh- und neigbar und l\u00e4sst sich so den pers\u00f6nlichen Vorlieben anpassen. In Kombination mit dem ergonomischen Design macht dies den Stuhl \u00e4u\u00dferst langlebig. Das zeitlose Design und die hochwertige Verarbeitung machen diesen B\u00fcrostuhl zu einer stilvollen und langlebigen Wahl f\u00fcr jeden Arbeitsplatz. Der B\u00fcrostuhl ist 100% Original und mit allen Authentizit\u00e4tsmerkmalen ausgestattet.<\/p>\n<p><strong>Zustand:<\/strong> jung verwendet; Nur kurze Zeit genutzt und in gutem Zustand<\/p>\n<p><strong>Lieferung ab Lager<\/strong><\/p>\n<p><strong>Hinweis: <\/strong>Die angezeigten Preise sind <u>pro St\u00fcck<\/u>!<\/p>\n<p>Spezifikationen:<br \/>\n<strong>Sitz:<\/strong> Hopsack, schwarz; dreh- und neigbar<br \/>\n<strong>Rahmen:<\/strong> Aluminium, poliert<br \/>\n<strong>Armlehnen:<\/strong> 26 cm hoch<br \/>\n<strong>R\u00fcckenlehne:<\/strong> 42cm; halbe H\u00f6he<br \/>\n<strong>Sitzh\u00f6he:<\/strong> 39 \u2013 51 cm; einstellbar<br \/>\n<strong>Sitzbreite:<\/strong> 53 cm<br \/>\n<strong>Sitztiefe:<\/strong> 47 cm<br \/>\n<strong>Volle H\u00f6he:<\/strong> 83 \u2013 95 cm<br \/>\n<strong>Volle Breite: <\/strong>58 cm<strong><br \/>\nVolle Tiefe: <\/strong>57 \u2013 65 cm<\/p>\n<p>Wenn Sie Fragen haben oder einen unverbindlichen Besichtigungstermin vereinbaren m\u00f6chten, k\u00f6nnen Sie sich gerne an uns wenden. Lieferung durch unseren eigenen Lieferservice m\u00f6glich! Besuchen Sie unsere Website f\u00fcr viele weitere Designartikel!<\/p>\n<p><strong>Kontaktdaten (Besuch nach Vereinbarung):<\/strong><br \/>\nIndustrieweg 21<br \/>\n4131NK Vianen<br \/>\ninfo@zillions.nl<br \/>\n030 20 72 146<\/p>","protected":false},"excerpt":{"rendered":"<p>Vitra Eames EA 117 bureaustoel in zwart hopsak &#8211; gepolijst aluminium Deze elegante Vitra Eames EA 117 bureaustoel, ontworpen door Charles &amp; Ray Eames, is uitgevoerd in zwarte hopsak bekleding en voorzien van een gepolijst aluminium frame. De stoel is draai- en kantelbaar en kan worden aangepast aan persoonlijke voorkeuren. In combinatie met het ergonomische [&hellip;]<\/p>\n","protected":false},"featured_media":13716,"template":"","meta":{"_acf_changed":false},"product_brand":[202],"product_cat":[16,186],"product_tag":[322],"class_list":{"0":"post-13713","1":"product","2":"type-product","3":"status-publish","4":"has-post-thumbnail","6":"product_brand-vitra","7":"product_cat-alle-producten","8":"product_cat-bureaustoelen","9":"product_tag-vitra","10":"pa_brands-vitra","12":"first","13":"instock","14":"sale","15":"purchasable","16":"product-type-simple"},"acf":[],"yoast_head":"<!-- This site is optimized with the Yoast SEO plugin v27.5 - https:\/\/yoast.com\/product\/yoast-seo-wordpress\/ -->\n<title>Vitra Eames EA 117 Bureaustoel Zwart Hopsak - Gepolijst<\/title>\n<meta name=\"description\" content=\"Vitra Eames EA 117 bureaustoel zwart hopsak, gepolijst | Eenvoudig te bestellen via onze webshop. Ontdek dit model en vele anderen in ons ruime assortiment!\" \/>\n<meta name=\"robots\" content=\"index, follow, max-snippet:-1, max-image-preview:large, max-video-preview:-1\" \/>\n<link rel=\"canonical\" href=\"https:\/\/www.zillions.nl\/de\/product\/vitra-eames-ea-117-bureaustoel-zwart-hopsak-gepolijst\/\" \/>\n<meta property=\"og:locale\" content=\"de_DE\" \/>\n<meta property=\"og:type\" content=\"article\" \/>\n<meta property=\"og:title\" content=\"Vitra Eames EA 117 Bureaustoel Zwart Hopsak - Gepolijst\" \/>\n<meta property=\"og:description\" content=\"Vitra Eames EA 117 bureaustoel zwart hopsak, gepolijst | Eenvoudig te bestellen via onze webshop. Ontdek dit model en vele anderen in ons ruime assortiment!\" \/>\n<meta property=\"og:url\" content=\"https:\/\/www.zillions.nl\/de\/product\/vitra-eames-ea-117-bureaustoel-zwart-hopsak-gepolijst\/\" \/>\n<meta property=\"og:site_name\" content=\"Zillions: nieuw en gebruikt design meubilair en stoelen\" \/>\n<meta property=\"article:modified_time\" content=\"2026-05-04T14:26:34+00:00\" \/>\n<meta property=\"og:image\" content=\"https:\/\/www.zillions.nl\/wp-content\/uploads\/2025\/02\/Vitra-Eames-Ea117-Zwart-Hopsak-Chroom-DSC05436.jpg\" \/>\n\t<meta property=\"og:image:width\" content=\"1080\" \/>\n\t<meta property=\"og:image:height\" content=\"1080\" \/>\n\t<meta property=\"og:image:type\" content=\"image\/jpeg\" \/>\n<meta name=\"twitter:card\" content=\"summary_large_image\" \/>\n<meta name=\"twitter:label1\" content=\"Est. reading time\" \/>\n\t<meta name=\"twitter:data1\" content=\"2 minutes\" \/>\n<script type=\"application\/ld+json\" class=\"yoast-schema-graph\">{\"@context\":\"https:\\\/\\\/schema.org\",\"@graph\":[{\"@type\":\"WebPage\",\"@id\":\"https:\\\/\\\/www.zillions.nl\\\/product\\\/vitra-eames-ea-117-bureaustoel-zwart-hopsak-gepolijst\\\/\",\"url\":\"https:\\\/\\\/www.zillions.nl\\\/product\\\/vitra-eames-ea-117-bureaustoel-zwart-hopsak-gepolijst\\\/\",\"name\":\"Vitra Eames EA 117 Bureaustoel Zwart Hopsak - Gepolijst\",\"isPartOf\":{\"@id\":\"https:\\\/\\\/www.zillions.nl\\\/de\\\/#website\"},\"primaryImageOfPage\":{\"@id\":\"https:\\\/\\\/www.zillions.nl\\\/product\\\/vitra-eames-ea-117-bureaustoel-zwart-hopsak-gepolijst\\\/#primaryimage\"},\"image\":{\"@id\":\"https:\\\/\\\/www.zillions.nl\\\/product\\\/vitra-eames-ea-117-bureaustoel-zwart-hopsak-gepolijst\\\/#primaryimage\"},\"thumbnailUrl\":\"https:\\\/\\\/www.zillions.nl\\\/wp-content\\\/uploads\\\/2025\\\/02\\\/Vitra-Eames-Ea117-Zwart-Hopsak-Chroom-DSC05436.jpg\",\"datePublished\":\"2025-02-01T17:34:36+00:00\",\"dateModified\":\"2026-05-04T14:26:34+00:00\",\"description\":\"Vitra Eames EA 117 bureaustoel zwart hopsak, gepolijst | Eenvoudig te bestellen via onze webshop. Ontdek dit model en vele anderen in ons ruime assortiment!\",\"breadcrumb\":{\"@id\":\"https:\\\/\\\/www.zillions.nl\\\/product\\\/vitra-eames-ea-117-bureaustoel-zwart-hopsak-gepolijst\\\/#breadcrumb\"},\"inLanguage\":\"de-DE\",\"potentialAction\":[{\"@type\":\"ReadAction\",\"target\":[\"https:\\\/\\\/www.zillions.nl\\\/product\\\/vitra-eames-ea-117-bureaustoel-zwart-hopsak-gepolijst\\\/\"]}]},{\"@type\":\"ImageObject\",\"inLanguage\":\"de-DE\",\"@id\":\"https:\\\/\\\/www.zillions.nl\\\/product\\\/vitra-eames-ea-117-bureaustoel-zwart-hopsak-gepolijst\\\/#primaryimage\",\"url\":\"https:\\\/\\\/www.zillions.nl\\\/wp-content\\\/uploads\\\/2025\\\/02\\\/Vitra-Eames-Ea117-Zwart-Hopsak-Chroom-DSC05436.jpg\",\"contentUrl\":\"https:\\\/\\\/www.zillions.nl\\\/wp-content\\\/uploads\\\/2025\\\/02\\\/Vitra-Eames-Ea117-Zwart-Hopsak-Chroom-DSC05436.jpg\",\"width\":1080,\"height\":1080},{\"@type\":\"BreadcrumbList\",\"@id\":\"https:\\\/\\\/www.zillions.nl\\\/product\\\/vitra-eames-ea-117-bureaustoel-zwart-hopsak-gepolijst\\\/#breadcrumb\",\"itemListElement\":[{\"@type\":\"ListItem\",\"position\":1,\"name\":\"Home\",\"item\":\"https:\\\/\\\/www.zillions.nl\\\/\"},{\"@type\":\"ListItem\",\"position\":2,\"name\":\"Shop\",\"item\":\"https:\\\/\\\/www.zillions.nl\\\/shop\\\/\"},{\"@type\":\"ListItem\",\"position\":3,\"name\":\"Vitra Eames EA 117 Bureaustoel Zwart Hopsak &#8211; Gepolijst\"}]},{\"@type\":\"WebSite\",\"@id\":\"https:\\\/\\\/www.zillions.nl\\\/de\\\/#website\",\"url\":\"https:\\\/\\\/www.zillions.nl\\\/de\\\/\",\"name\":\"Zillions: nieuw en gebruikt design meubilair en stoelen\",\"description\":\"Welkom bij Zillions: Zillions is gespecialiseerd in nieuw en gebruikt design meubilair en stoelen.\",\"publisher\":{\"@id\":\"https:\\\/\\\/www.zillions.nl\\\/de\\\/#organization\"},\"potentialAction\":[{\"@type\":\"SearchAction\",\"target\":{\"@type\":\"EntryPoint\",\"urlTemplate\":\"https:\\\/\\\/www.zillions.nl\\\/de\\\/?s={search_term_string}\"},\"query-input\":{\"@type\":\"PropertyValueSpecification\",\"valueRequired\":true,\"valueName\":\"search_term_string\"}}],\"inLanguage\":\"de-DE\"},{\"@type\":\"Organization\",\"@id\":\"https:\\\/\\\/www.zillions.nl\\\/de\\\/#organization\",\"name\":\"Zillions: nieuw en gebruikt design meubilair en stoelen\",\"url\":\"https:\\\/\\\/www.zillions.nl\\\/de\\\/\",\"logo\":{\"@type\":\"ImageObject\",\"inLanguage\":\"de-DE\",\"@id\":\"https:\\\/\\\/www.zillions.nl\\\/de\\\/#\\\/schema\\\/logo\\\/image\\\/\",\"url\":\"https:\\\/\\\/www.zillions.nl\\\/wp-content\\\/uploads\\\/2022\\\/11\\\/zillions.svg\",\"contentUrl\":\"https:\\\/\\\/www.zillions.nl\\\/wp-content\\\/uploads\\\/2022\\\/11\\\/zillions.svg\",\"width\":208,\"height\":53,\"caption\":\"Zillions: nieuw en gebruikt design meubilair en stoelen\"},\"image\":{\"@id\":\"https:\\\/\\\/www.zillions.nl\\\/de\\\/#\\\/schema\\\/logo\\\/image\\\/\"}}]}<\/script>\n<!-- \/ Yoast SEO plugin. -->","yoast_head_json":{"title":"Vitra Eames EA 117 B\u00fcrostuhl Schwarz Hopsak - Poliert","description":"Vitra Eames EA 117 B\u00fcrostuhl in schwarzem Hopsack, poliert | Bestellen Sie bequem in unserem Webshop. Entdecken Sie dieses und viele weitere Modelle aus unserem umfangreichen Sortiment!","robots":{"index":"index","follow":"follow","max-snippet":"max-snippet:-1","max-image-preview":"max-image-preview:large","max-video-preview":"max-video-preview:-1"},"canonical":"https:\/\/www.zillions.nl\/de\/product\/vitra-eames-ea-117-bureaustoel-zwart-hopsak-gepolijst\/","og_locale":"de_DE","og_type":"article","og_title":"Vitra Eames EA 117 Bureaustoel Zwart Hopsak - Gepolijst","og_description":"Vitra Eames EA 117 bureaustoel zwart hopsak, gepolijst | Eenvoudig te bestellen via onze webshop. Ontdek dit model en vele anderen in ons ruime assortiment!","og_url":"https:\/\/www.zillions.nl\/de\/product\/vitra-eames-ea-117-bureaustoel-zwart-hopsak-gepolijst\/","og_site_name":"Zillions: nieuw en gebruikt design meubilair en stoelen","article_modified_time":"2026-05-04T14:26:34+00:00","og_image":[{"width":1080,"height":1080,"url":"https:\/\/www.zillions.nl\/wp-content\/uploads\/2025\/02\/Vitra-Eames-Ea117-Zwart-Hopsak-Chroom-DSC05436.jpg","type":"image\/jpeg"}],"twitter_card":"summary_large_image","twitter_misc":{"Est. reading time":"2 minutes"},"schema":{"@context":"https:\/\/schema.org","@graph":[{"@type":"WebPage","@id":"https:\/\/www.zillions.nl\/product\/vitra-eames-ea-117-bureaustoel-zwart-hopsak-gepolijst\/","url":"https:\/\/www.zillions.nl\/product\/vitra-eames-ea-117-bureaustoel-zwart-hopsak-gepolijst\/","name":"Vitra Eames EA 117 B\u00fcrostuhl Schwarz Hopsak - Poliert","isPartOf":{"@id":"https:\/\/www.zillions.nl\/de\/#website"},"primaryImageOfPage":{"@id":"https:\/\/www.zillions.nl\/product\/vitra-eames-ea-117-bureaustoel-zwart-hopsak-gepolijst\/#primaryimage"},"image":{"@id":"https:\/\/www.zillions.nl\/product\/vitra-eames-ea-117-bureaustoel-zwart-hopsak-gepolijst\/#primaryimage"},"thumbnailUrl":"https:\/\/www.zillions.nl\/wp-content\/uploads\/2025\/02\/Vitra-Eames-Ea117-Zwart-Hopsak-Chroom-DSC05436.jpg","datePublished":"2025-02-01T17:34:36+00:00","dateModified":"2026-05-04T14:26:34+00:00","description":"Vitra Eames EA 117 B\u00fcrostuhl in schwarzem Hopsack, poliert | Bestellen Sie bequem in unserem Webshop. Entdecken Sie dieses und viele weitere Modelle aus unserem umfangreichen Sortiment!","breadcrumb":{"@id":"https:\/\/www.zillions.nl\/product\/vitra-eames-ea-117-bureaustoel-zwart-hopsak-gepolijst\/#breadcrumb"},"inLanguage":"de-DE","potentialAction":[{"@type":"ReadAction","target":["https:\/\/www.zillions.nl\/product\/vitra-eames-ea-117-bureaustoel-zwart-hopsak-gepolijst\/"]}]},{"@type":"ImageObject","inLanguage":"de-DE","@id":"https:\/\/www.zillions.nl\/product\/vitra-eames-ea-117-bureaustoel-zwart-hopsak-gepolijst\/#primaryimage","url":"https:\/\/www.zillions.nl\/wp-content\/uploads\/2025\/02\/Vitra-Eames-Ea117-Zwart-Hopsak-Chroom-DSC05436.jpg","contentUrl":"https:\/\/www.zillions.nl\/wp-content\/uploads\/2025\/02\/Vitra-Eames-Ea117-Zwart-Hopsak-Chroom-DSC05436.jpg","width":1080,"height":1080},{"@type":"BreadcrumbList","@id":"https:\/\/www.zillions.nl\/product\/vitra-eames-ea-117-bureaustoel-zwart-hopsak-gepolijst\/#breadcrumb","itemListElement":[{"@type":"ListItem","position":1,"name":"Home","item":"https:\/\/www.zillions.nl\/"},{"@type":"ListItem","position":2,"name":"Shop","item":"https:\/\/www.zillions.nl\/shop\/"},{"@type":"ListItem","position":3,"name":"Vitra Eames EA 117 Bureaustoel Zwart Hopsak &#8211; Gepolijst"}]},{"@type":"WebSite","@id":"https:\/\/www.zillions.nl\/de\/#website","url":"https:\/\/www.zillions.nl\/de\/","name":"Zillionen: neue und gebrauchte Designerm\u00f6bel und St\u00fchle","description":"Willkommen bei Zillions: Zillions ist auf neue und gebrauchte Designm\u00f6bel und St\u00fchle spezialisiert.","publisher":{"@id":"https:\/\/www.zillions.nl\/de\/#organization"},"potentialAction":[{"@type":"SearchAction","target":{"@type":"EntryPoint","urlTemplate":"https:\/\/www.zillions.nl\/de\/?s={search_term_string}"},"query-input":{"@type":"PropertyValueSpecification","valueRequired":true,"valueName":"search_term_string"}}],"inLanguage":"de-DE"},{"@type":"Organization","@id":"https:\/\/www.zillions.nl\/de\/#organization","name":"Zillionen: neue und gebrauchte Designerm\u00f6bel und St\u00fchle","url":"https:\/\/www.zillions.nl\/de\/","logo":{"@type":"ImageObject","inLanguage":"de-DE","@id":"https:\/\/www.zillions.nl\/de\/#\/schema\/logo\/image\/","url":"https:\/\/www.zillions.nl\/wp-content\/uploads\/2022\/11\/zillions.svg","contentUrl":"https:\/\/www.zillions.nl\/wp-content\/uploads\/2022\/11\/zillions.svg","width":208,"height":53,"caption":"Zillions: nieuw en gebruikt design meubilair en stoelen"},"image":{"@id":"https:\/\/www.zillions.nl\/de\/#\/schema\/logo\/image\/"}}]}},"_links":{"self":[{"href":"https:\/\/www.zillions.nl\/de\/wp-json\/wp\/v2\/product\/13713","targetHints":{"allow":["GET"]}}],"collection":[{"href":"https:\/\/www.zillions.nl\/de\/wp-json\/wp\/v2\/product"}],"about":[{"href":"https:\/\/www.zillions.nl\/de\/wp-json\/wp\/v2\/types\/product"}],"wp:featuredmedia":[{"embeddable":true,"href":"https:\/\/www.zillions.nl\/de\/wp-json\/wp\/v2\/media\/13716"}],"wp:attachment":[{"href":"https:\/\/www.zillions.nl\/de\/wp-json\/wp\/v2\/media?parent=13713"}],"wp:term":[{"taxonomy":"product_brand","embeddable":true,"href":"https:\/\/www.zillions.nl\/de\/wp-json\/wp\/v2\/product_brand?post=13713"},{"taxonomy":"product_cat","embeddable":true,"href":"https:\/\/www.zillions.nl\/de\/wp-json\/wp\/v2\/product_cat?post=13713"},{"taxonomy":"product_tag","embeddable":true,"href":"https:\/\/www.zillions.nl\/de\/wp-json\/wp\/v2\/product_tag?post=13713"}],"curies":[{"name":"wp","href":"https:\/\/api.w.org\/{rel}","templated":true}]}}