{"id":13432,"date":"2025-01-04T10:28:07","date_gmt":"2025-01-04T09:28:07","guid":{"rendered":"https:\/\/www.zillions.nl\/?post_type=product&#038;p=13432"},"modified":"2025-12-12T16:49:50","modified_gmt":"2025-12-12T15:49:50","slug":"leolux-pallone-fauteuil-groen-grijs-geel-chroom","status":"publish","type":"product","link":"https:\/\/www.zillions.nl\/de\/product\/leolux-pallone-fauteuil-groen-grijs-geel-chroom\/","title":{"rendered":"Leolux Pallone Sessel Gr\u00fcn\/Grau\/Gelb \u2013 Chrom"},"content":{"rendered":"<p>Leolux Pallone Sessel gr\u00fcn\/grau\/gelb \u2013 Chrom<\/p>\n<p>Dieser ikonische Leolux Pallone-Sessel, entworfen von Roy de Scheemaker, hat eine gr\u00fcn\/graue Lederpolsterung mit einer gelben R\u00fcckenlehne. Das dynamische Design, bei dem der Sitz in zwei \u201eZonen\u201c unterteilt ist, sorgt in Kombination mit dem Chromrahmen f\u00fcr ein frisches und fr\u00f6hliches Erscheinungsbild. Der Pallone ist auch in verschiedenen anderen Farben und Kombinationen erh\u00e4ltlich; Schauen Sie sich hierzu unsere weiteren Angebote an. Der Sessel ist original 100% und mit allen Sicherheitsmerkmalen ausgestattet.<\/p>\n<p><strong>Zustand:\u00a0<\/strong>Zustand im Ausstellungsraum; im Neuzustand<\/p>\n<p><strong>Lieferung ab Lager<\/strong><\/p>\n<p><strong>Hinweis:\u00a0<\/strong>Die angezeigten Preise sind\u00a0<u>pro St\u00fcck<\/u>!<\/p>\n<p>Spezifikationen:<br \/>\n<strong>Sitz:<\/strong> Leder, gr\u00fcn\/grau<br \/>\n<strong>Rahmen:<\/strong> Stahl, verchromt<br \/>\n<strong>R\u00fcckenlehne:<\/strong> 40cm; Leder, gelb<br \/>\n<strong>Sitzh\u00f6he:<\/strong>\u00a041 cm<br \/>\n<strong>Sitzbreite:<\/strong>\u00a056 cm<br \/>\n<strong>Sitztiefe:\u00a0<\/strong>60 cm<br \/>\n<strong>Volle H\u00f6he:<\/strong>\u00a073 cm<br \/>\n<strong>Volle Breite:<\/strong>\u00a086 cm<br \/>\n<strong>Volle Tiefe:\u00a0<\/strong>84 cm<\/p>\n<p>Wenn Sie Fragen haben oder einen unverbindlichen Besichtigungstermin vereinbaren m\u00f6chten, k\u00f6nnen Sie sich gerne an uns wenden. Lieferung durch unseren eigenen Lieferservice m\u00f6glich! Besuchen Sie unsere Website f\u00fcr viele weitere Designartikel!<\/p>\n<p><strong>Kontaktdaten (Besuch nach Vereinbarung):<\/strong><br \/>\nIndustrieweg 21<br \/>\n4131NK Vianen<br \/>\ninfo@zillions.nl<br \/>\n030 20 72 146<\/p>","protected":false},"excerpt":{"rendered":"<p>Leolux Pallone fauteuil groen\/grijs\/geel &#8211; chroom Deze iconische Leolux Pallone fauteuil, ontworpen door Roy de Scheemaker, is uitgevoerd in een groen\/grijze lederen bekleding met een gele rugleuning. Het dynamische ontwerp, waarbij de zitting in twee \u2018zones\u2019 is verdeeld, gecombineerd met het chromen frame, zorgt voor een frisse en vrolijke uitstraling. De Pallone is tevens beschikbaar [&hellip;]<\/p>\n","protected":false},"featured_media":13435,"template":"","meta":{"_acf_changed":false},"product_brand":[225],"product_cat":[16,188],"product_tag":[325],"class_list":{"0":"post-13432","1":"product","2":"type-product","3":"status-publish","4":"has-post-thumbnail","6":"product_brand-leolux","7":"product_cat-alle-producten","8":"product_cat-fauteuils","9":"product_tag-leolux","10":"pa_brands-leolux","12":"first","13":"outofstock","14":"purchasable","15":"product-type-simple"},"acf":[],"yoast_head":"<!-- This site is optimized with the Yoast SEO plugin v27.5 - https:\/\/yoast.com\/product\/yoast-seo-wordpress\/ -->\n<title>Leolux Pallone Fauteuil Groen\/Grijs\/Geel - Chroom<\/title>\n<meta name=\"description\" content=\"Leolux Pallone fauteuil groen, grijs, geel - chroom. Direct beschikbaar via onze webshop. | Ontdek dit model en vele anderen in ons ruime assortiment!\" \/>\n<meta name=\"robots\" content=\"index, follow, max-snippet:-1, max-image-preview:large, max-video-preview:-1\" \/>\n<link rel=\"canonical\" href=\"https:\/\/www.zillions.nl\/de\/product\/leolux-pallone-fauteuil-groen-grijs-geel-chroom\/\" \/>\n<meta property=\"og:locale\" content=\"de_DE\" \/>\n<meta property=\"og:type\" content=\"article\" \/>\n<meta property=\"og:title\" content=\"Leolux Pallone Fauteuil Groen\/Grijs\/Geel - Chroom\" \/>\n<meta property=\"og:description\" content=\"Leolux Pallone fauteuil groen, grijs, geel - chroom. Direct beschikbaar via onze webshop. | Ontdek dit model en vele anderen in ons ruime assortiment!\" \/>\n<meta property=\"og:url\" content=\"https:\/\/www.zillions.nl\/de\/product\/leolux-pallone-fauteuil-groen-grijs-geel-chroom\/\" \/>\n<meta property=\"og:site_name\" content=\"Zillions: nieuw en gebruikt design meubilair en stoelen\" \/>\n<meta property=\"article:modified_time\" content=\"2025-12-12T15:49:50+00:00\" \/>\n<meta property=\"og:image\" content=\"https:\/\/www.zillions.nl\/wp-content\/uploads\/2025\/01\/Leolux-Pallone-grijs_groen_geel-CAM00956.jpg\" \/>\n\t<meta property=\"og:image:width\" content=\"1080\" \/>\n\t<meta property=\"og:image:height\" content=\"1080\" \/>\n\t<meta property=\"og:image:type\" content=\"image\/jpeg\" \/>\n<meta name=\"twitter:card\" content=\"summary_large_image\" \/>\n<meta name=\"twitter:label1\" content=\"Est. reading time\" \/>\n\t<meta name=\"twitter:data1\" content=\"2 minutes\" \/>\n<script type=\"application\/ld+json\" class=\"yoast-schema-graph\">{\"@context\":\"https:\\\/\\\/schema.org\",\"@graph\":[{\"@type\":\"WebPage\",\"@id\":\"https:\\\/\\\/www.zillions.nl\\\/product\\\/leolux-pallone-fauteuil-groen-grijs-geel-chroom\\\/\",\"url\":\"https:\\\/\\\/www.zillions.nl\\\/product\\\/leolux-pallone-fauteuil-groen-grijs-geel-chroom\\\/\",\"name\":\"Leolux Pallone Fauteuil Groen\\\/Grijs\\\/Geel - Chroom\",\"isPartOf\":{\"@id\":\"https:\\\/\\\/www.zillions.nl\\\/de\\\/#website\"},\"primaryImageOfPage\":{\"@id\":\"https:\\\/\\\/www.zillions.nl\\\/product\\\/leolux-pallone-fauteuil-groen-grijs-geel-chroom\\\/#primaryimage\"},\"image\":{\"@id\":\"https:\\\/\\\/www.zillions.nl\\\/product\\\/leolux-pallone-fauteuil-groen-grijs-geel-chroom\\\/#primaryimage\"},\"thumbnailUrl\":\"https:\\\/\\\/www.zillions.nl\\\/wp-content\\\/uploads\\\/2025\\\/01\\\/Leolux-Pallone-grijs_groen_geel-CAM00956.jpg\",\"datePublished\":\"2025-01-04T09:28:07+00:00\",\"dateModified\":\"2025-12-12T15:49:50+00:00\",\"description\":\"Leolux Pallone fauteuil groen, grijs, geel - chroom. Direct beschikbaar via onze webshop. | Ontdek dit model en vele anderen in ons ruime assortiment!\",\"breadcrumb\":{\"@id\":\"https:\\\/\\\/www.zillions.nl\\\/product\\\/leolux-pallone-fauteuil-groen-grijs-geel-chroom\\\/#breadcrumb\"},\"inLanguage\":\"de-DE\",\"potentialAction\":[{\"@type\":\"ReadAction\",\"target\":[\"https:\\\/\\\/www.zillions.nl\\\/product\\\/leolux-pallone-fauteuil-groen-grijs-geel-chroom\\\/\"]}]},{\"@type\":\"ImageObject\",\"inLanguage\":\"de-DE\",\"@id\":\"https:\\\/\\\/www.zillions.nl\\\/product\\\/leolux-pallone-fauteuil-groen-grijs-geel-chroom\\\/#primaryimage\",\"url\":\"https:\\\/\\\/www.zillions.nl\\\/wp-content\\\/uploads\\\/2025\\\/01\\\/Leolux-Pallone-grijs_groen_geel-CAM00956.jpg\",\"contentUrl\":\"https:\\\/\\\/www.zillions.nl\\\/wp-content\\\/uploads\\\/2025\\\/01\\\/Leolux-Pallone-grijs_groen_geel-CAM00956.jpg\",\"width\":1080,\"height\":1080},{\"@type\":\"BreadcrumbList\",\"@id\":\"https:\\\/\\\/www.zillions.nl\\\/product\\\/leolux-pallone-fauteuil-groen-grijs-geel-chroom\\\/#breadcrumb\",\"itemListElement\":[{\"@type\":\"ListItem\",\"position\":1,\"name\":\"Home\",\"item\":\"https:\\\/\\\/www.zillions.nl\\\/\"},{\"@type\":\"ListItem\",\"position\":2,\"name\":\"Shop\",\"item\":\"https:\\\/\\\/www.zillions.nl\\\/shop\\\/\"},{\"@type\":\"ListItem\",\"position\":3,\"name\":\"Leolux Pallone Fauteuil Groen\\\/Grijs\\\/Geel &#8211; Chroom\"}]},{\"@type\":\"WebSite\",\"@id\":\"https:\\\/\\\/www.zillions.nl\\\/de\\\/#website\",\"url\":\"https:\\\/\\\/www.zillions.nl\\\/de\\\/\",\"name\":\"Zillions: nieuw en gebruikt design meubilair en stoelen\",\"description\":\"Welkom bij Zillions: Zillions is gespecialiseerd in nieuw en gebruikt design meubilair en stoelen.\",\"publisher\":{\"@id\":\"https:\\\/\\\/www.zillions.nl\\\/de\\\/#organization\"},\"potentialAction\":[{\"@type\":\"SearchAction\",\"target\":{\"@type\":\"EntryPoint\",\"urlTemplate\":\"https:\\\/\\\/www.zillions.nl\\\/de\\\/?s={search_term_string}\"},\"query-input\":{\"@type\":\"PropertyValueSpecification\",\"valueRequired\":true,\"valueName\":\"search_term_string\"}}],\"inLanguage\":\"de-DE\"},{\"@type\":\"Organization\",\"@id\":\"https:\\\/\\\/www.zillions.nl\\\/de\\\/#organization\",\"name\":\"Zillions: nieuw en gebruikt design meubilair en stoelen\",\"url\":\"https:\\\/\\\/www.zillions.nl\\\/de\\\/\",\"logo\":{\"@type\":\"ImageObject\",\"inLanguage\":\"de-DE\",\"@id\":\"https:\\\/\\\/www.zillions.nl\\\/de\\\/#\\\/schema\\\/logo\\\/image\\\/\",\"url\":\"https:\\\/\\\/www.zillions.nl\\\/wp-content\\\/uploads\\\/2022\\\/11\\\/zillions.svg\",\"contentUrl\":\"https:\\\/\\\/www.zillions.nl\\\/wp-content\\\/uploads\\\/2022\\\/11\\\/zillions.svg\",\"width\":208,\"height\":53,\"caption\":\"Zillions: nieuw en gebruikt design meubilair en stoelen\"},\"image\":{\"@id\":\"https:\\\/\\\/www.zillions.nl\\\/de\\\/#\\\/schema\\\/logo\\\/image\\\/\"}}]}<\/script>\n<!-- \/ Yoast SEO plugin. -->","yoast_head_json":{"title":"Leolux Pallone Sessel Gr\u00fcn\/Grau\/Gelb - Chrom","description":"Leolux Pallone Sessel in Gr\u00fcn, Grau, Gelb und Chrom. Direkt in unserem Webshop erh\u00e4ltlich. | Entdecken Sie dieses und viele weitere Modelle aus unserem umfangreichen Sortiment!","robots":{"index":"index","follow":"follow","max-snippet":"max-snippet:-1","max-image-preview":"max-image-preview:large","max-video-preview":"max-video-preview:-1"},"canonical":"https:\/\/www.zillions.nl\/de\/product\/leolux-pallone-fauteuil-groen-grijs-geel-chroom\/","og_locale":"de_DE","og_type":"article","og_title":"Leolux Pallone Fauteuil Groen\/Grijs\/Geel - Chroom","og_description":"Leolux Pallone fauteuil groen, grijs, geel - chroom. Direct beschikbaar via onze webshop. | Ontdek dit model en vele anderen in ons ruime assortiment!","og_url":"https:\/\/www.zillions.nl\/de\/product\/leolux-pallone-fauteuil-groen-grijs-geel-chroom\/","og_site_name":"Zillions: nieuw en gebruikt design meubilair en stoelen","article_modified_time":"2025-12-12T15:49:50+00:00","og_image":[{"width":1080,"height":1080,"url":"https:\/\/www.zillions.nl\/wp-content\/uploads\/2025\/01\/Leolux-Pallone-grijs_groen_geel-CAM00956.jpg","type":"image\/jpeg"}],"twitter_card":"summary_large_image","twitter_misc":{"Est. reading time":"2 minutes"},"schema":{"@context":"https:\/\/schema.org","@graph":[{"@type":"WebPage","@id":"https:\/\/www.zillions.nl\/product\/leolux-pallone-fauteuil-groen-grijs-geel-chroom\/","url":"https:\/\/www.zillions.nl\/product\/leolux-pallone-fauteuil-groen-grijs-geel-chroom\/","name":"Leolux Pallone Sessel Gr\u00fcn\/Grau\/Gelb - Chrom","isPartOf":{"@id":"https:\/\/www.zillions.nl\/de\/#website"},"primaryImageOfPage":{"@id":"https:\/\/www.zillions.nl\/product\/leolux-pallone-fauteuil-groen-grijs-geel-chroom\/#primaryimage"},"image":{"@id":"https:\/\/www.zillions.nl\/product\/leolux-pallone-fauteuil-groen-grijs-geel-chroom\/#primaryimage"},"thumbnailUrl":"https:\/\/www.zillions.nl\/wp-content\/uploads\/2025\/01\/Leolux-Pallone-grijs_groen_geel-CAM00956.jpg","datePublished":"2025-01-04T09:28:07+00:00","dateModified":"2025-12-12T15:49:50+00:00","description":"Leolux Pallone Sessel in Gr\u00fcn, Grau, Gelb und Chrom. Direkt in unserem Webshop erh\u00e4ltlich. | Entdecken Sie dieses und viele weitere Modelle aus unserem umfangreichen Sortiment!","breadcrumb":{"@id":"https:\/\/www.zillions.nl\/product\/leolux-pallone-fauteuil-groen-grijs-geel-chroom\/#breadcrumb"},"inLanguage":"de-DE","potentialAction":[{"@type":"ReadAction","target":["https:\/\/www.zillions.nl\/product\/leolux-pallone-fauteuil-groen-grijs-geel-chroom\/"]}]},{"@type":"ImageObject","inLanguage":"de-DE","@id":"https:\/\/www.zillions.nl\/product\/leolux-pallone-fauteuil-groen-grijs-geel-chroom\/#primaryimage","url":"https:\/\/www.zillions.nl\/wp-content\/uploads\/2025\/01\/Leolux-Pallone-grijs_groen_geel-CAM00956.jpg","contentUrl":"https:\/\/www.zillions.nl\/wp-content\/uploads\/2025\/01\/Leolux-Pallone-grijs_groen_geel-CAM00956.jpg","width":1080,"height":1080},{"@type":"BreadcrumbList","@id":"https:\/\/www.zillions.nl\/product\/leolux-pallone-fauteuil-groen-grijs-geel-chroom\/#breadcrumb","itemListElement":[{"@type":"ListItem","position":1,"name":"Home","item":"https:\/\/www.zillions.nl\/"},{"@type":"ListItem","position":2,"name":"Shop","item":"https:\/\/www.zillions.nl\/shop\/"},{"@type":"ListItem","position":3,"name":"Leolux Pallone Fauteuil Groen\/Grijs\/Geel &#8211; Chroom"}]},{"@type":"WebSite","@id":"https:\/\/www.zillions.nl\/de\/#website","url":"https:\/\/www.zillions.nl\/de\/","name":"Zillionen: neue und gebrauchte Designerm\u00f6bel und St\u00fchle","description":"Willkommen bei Zillions: Zillions ist auf neue und gebrauchte Designm\u00f6bel und St\u00fchle spezialisiert.","publisher":{"@id":"https:\/\/www.zillions.nl\/de\/#organization"},"potentialAction":[{"@type":"SearchAction","target":{"@type":"EntryPoint","urlTemplate":"https:\/\/www.zillions.nl\/de\/?s={search_term_string}"},"query-input":{"@type":"PropertyValueSpecification","valueRequired":true,"valueName":"search_term_string"}}],"inLanguage":"de-DE"},{"@type":"Organization","@id":"https:\/\/www.zillions.nl\/de\/#organization","name":"Zillionen: neue und gebrauchte Designerm\u00f6bel und St\u00fchle","url":"https:\/\/www.zillions.nl\/de\/","logo":{"@type":"ImageObject","inLanguage":"de-DE","@id":"https:\/\/www.zillions.nl\/de\/#\/schema\/logo\/image\/","url":"https:\/\/www.zillions.nl\/wp-content\/uploads\/2022\/11\/zillions.svg","contentUrl":"https:\/\/www.zillions.nl\/wp-content\/uploads\/2022\/11\/zillions.svg","width":208,"height":53,"caption":"Zillions: nieuw en gebruikt design meubilair en stoelen"},"image":{"@id":"https:\/\/www.zillions.nl\/de\/#\/schema\/logo\/image\/"}}]}},"_links":{"self":[{"href":"https:\/\/www.zillions.nl\/de\/wp-json\/wp\/v2\/product\/13432","targetHints":{"allow":["GET"]}}],"collection":[{"href":"https:\/\/www.zillions.nl\/de\/wp-json\/wp\/v2\/product"}],"about":[{"href":"https:\/\/www.zillions.nl\/de\/wp-json\/wp\/v2\/types\/product"}],"wp:featuredmedia":[{"embeddable":true,"href":"https:\/\/www.zillions.nl\/de\/wp-json\/wp\/v2\/media\/13435"}],"wp:attachment":[{"href":"https:\/\/www.zillions.nl\/de\/wp-json\/wp\/v2\/media?parent=13432"}],"wp:term":[{"taxonomy":"product_brand","embeddable":true,"href":"https:\/\/www.zillions.nl\/de\/wp-json\/wp\/v2\/product_brand?post=13432"},{"taxonomy":"product_cat","embeddable":true,"href":"https:\/\/www.zillions.nl\/de\/wp-json\/wp\/v2\/product_cat?post=13432"},{"taxonomy":"product_tag","embeddable":true,"href":"https:\/\/www.zillions.nl\/de\/wp-json\/wp\/v2\/product_tag?post=13432"}],"curies":[{"name":"wp","href":"https:\/\/api.w.org\/{rel}","templated":true}]}}