{"id":13186,"date":"2024-12-17T21:08:01","date_gmt":"2024-12-17T20:08:01","guid":{"rendered":"https:\/\/www.zillions.nl\/?post_type=product&#038;p=13186"},"modified":"2025-06-04T11:09:57","modified_gmt":"2025-06-04T09:09:57","slug":"vitra-maarten-van-severen-03-stoel-groen-niet-stapelbaar","status":"publish","type":"product","link":"https:\/\/www.zillions.nl\/de\/product\/vitra-maarten-van-severen-03-stoel-groen-niet-stapelbaar\/","title":{"rendered":"Vitra Maarten van Severen .03 Stuhl Gr\u00fcn \u2013 Nicht stapelbar"},"content":{"rendered":"<p>Vitra Maarten van Severen .03 Stuhl gr\u00fcn\/grau<\/p>\n<p>Dieser moderne Stuhl Typ .03, entworfen von Maarten van Severen, ist in einem frischen Gr\u00fcnton gehalten. Der Stuhl besteht aus elastischem Polyurethanschaum, der sich durch seine subtile Anpassung an den K\u00f6rper auszeichnet. Dadurch federt der obere Teil der R\u00fcckenlehne beim Zur\u00fccklehnen nach, was f\u00fcr h\u00f6chsten Sitzkomfort sorgt. Der Stuhl ist 100% Original und mit allen Authentizit\u00e4tsmerkmalen ausgestattet.<\/p>\n<p><strong>Zustand:<\/strong> jung verwendet; Nur kurze Zeit genutzt und in gutem Zustand<\/p>\n<p><strong>Lieferung ab Lager<\/strong><\/p>\n<p><strong>Hinweis: <\/strong>Die angezeigten Preise sind <u>pro St\u00fcck<\/u>!<\/p>\n<p>Spezifikationen:<br \/>\n<strong>Sitz:<\/strong> Gr\u00fcn<br \/>\n<strong>Rahmen:<\/strong> Aluminium, grau<br \/>\n<strong>R\u00fcckenlehne:<\/strong> 37 cm<br \/>\n<strong>Sitzh\u00f6he:<\/strong> 42 cm<br \/>\n<strong>Sitzbreite:<\/strong> 38 cm<br \/>\n<strong>Sitztiefe:<\/strong> 45 cm<br \/>\n<strong>Volle H\u00f6he:<\/strong> 79 cm<br \/>\n<strong>Volle Breite: <\/strong>38 cm<br \/>\n<strong>Volle Tiefe: <\/strong>52,5 cm<br \/>\n<strong>Andere: <\/strong>nicht stapelbar<\/p>\n<p>Wenn Sie Fragen haben oder einen unverbindlichen Besichtigungstermin vereinbaren m\u00f6chten, k\u00f6nnen Sie sich gerne an uns wenden. Lieferung durch unseren eigenen Lieferservice m\u00f6glich! Besuchen Sie unsere Website f\u00fcr viele weitere Designartikel!<\/p>\n<p><strong>Kontaktdaten (Besuch nach Vereinbarung):<\/strong><br \/>\nIndustrieweg 21<br \/>\n4131NK Vianen<br \/>\ninfo@zillions.nl<br \/>\n030 20 72 146<\/p>","protected":false},"excerpt":{"rendered":"<p>Vitra Maarten van Severen .03 stoel groen\/grijs Deze moderne type .03 stoel, ontworpen door Maarten van Severen, is uitgevoerd in een frisse groene kleur. De stoel is gemaakt van veerkrachtig polyurethaanschuim, dat zich kenmerkt door zijn subtiele aanpassing aan het lichaam. Hierdoor veert het bovenste deel van de rugleuning mee bij het achteroverleunen, wat zorgt [&hellip;]<\/p>\n","protected":false},"featured_media":14282,"template":"","meta":{"_acf_changed":false},"product_brand":[202],"product_cat":[16,185],"product_tag":[322],"class_list":{"0":"post-13186","1":"product","2":"type-product","3":"status-publish","4":"has-post-thumbnail","6":"product_brand-vitra","7":"product_cat-alle-producten","8":"product_cat-stoelen","9":"product_tag-vitra","10":"pa_brands-vitra","12":"first","13":"instock","14":"purchasable","15":"product-type-simple"},"acf":[],"yoast_head":"<!-- This site is optimized with the Yoast SEO plugin v27.5 - https:\/\/yoast.com\/product\/yoast-seo-wordpress\/ -->\n<title>Vitra Maarten van Severen .03 Stoel Groen - Niet Stapelbaar - Zillions: nieuw en gebruikt design meubilair en stoelen<\/title>\n<meta name=\"robots\" content=\"index, follow, max-snippet:-1, max-image-preview:large, max-video-preview:-1\" \/>\n<link rel=\"canonical\" href=\"https:\/\/www.zillions.nl\/de\/product\/vitra-maarten-van-severen-03-stoel-groen-niet-stapelbaar\/\" \/>\n<meta property=\"og:locale\" content=\"de_DE\" \/>\n<meta property=\"og:type\" content=\"article\" \/>\n<meta property=\"og:title\" content=\"Vitra Maarten van Severen .03 Stoel Groen - Niet Stapelbaar - Zillions: nieuw en gebruikt design meubilair en stoelen\" \/>\n<meta property=\"og:description\" content=\"Vitra Maarten van Severen .03 stoel groen\/grijs Deze moderne type .03 stoel, ontworpen door Maarten van Severen, is uitgevoerd in een frisse groene kleur. De stoel is gemaakt van veerkrachtig polyurethaanschuim, dat zich kenmerkt door zijn subtiele aanpassing aan het lichaam. Hierdoor veert het bovenste deel van de rugleuning mee bij het achteroverleunen, wat zorgt [&hellip;]\" \/>\n<meta property=\"og:url\" content=\"https:\/\/www.zillions.nl\/de\/product\/vitra-maarten-van-severen-03-stoel-groen-niet-stapelbaar\/\" \/>\n<meta property=\"og:site_name\" content=\"Zillions: nieuw en gebruikt design meubilair en stoelen\" \/>\n<meta property=\"article:modified_time\" content=\"2025-06-04T09:09:57+00:00\" \/>\n<meta property=\"og:image\" content=\"https:\/\/www.zillions.nl\/wp-content\/uploads\/2024\/12\/Vitra.-03-Maarten-van-Severen-Groen-CAM02013.jpg\" \/>\n\t<meta property=\"og:image:width\" content=\"1080\" \/>\n\t<meta property=\"og:image:height\" content=\"1080\" \/>\n\t<meta property=\"og:image:type\" content=\"image\/jpeg\" \/>\n<meta name=\"twitter:card\" content=\"summary_large_image\" \/>\n<meta name=\"twitter:label1\" content=\"Est. reading time\" \/>\n\t<meta name=\"twitter:data1\" content=\"2 minutes\" \/>\n<script type=\"application\/ld+json\" class=\"yoast-schema-graph\">{\"@context\":\"https:\\\/\\\/schema.org\",\"@graph\":[{\"@type\":\"WebPage\",\"@id\":\"https:\\\/\\\/www.zillions.nl\\\/product\\\/vitra-maarten-van-severen-03-stoel-groen-niet-stapelbaar\\\/\",\"url\":\"https:\\\/\\\/www.zillions.nl\\\/product\\\/vitra-maarten-van-severen-03-stoel-groen-niet-stapelbaar\\\/\",\"name\":\"Vitra Maarten van Severen .03 Stoel Groen - Niet Stapelbaar - Zillions: nieuw en gebruikt design meubilair en stoelen\",\"isPartOf\":{\"@id\":\"https:\\\/\\\/www.zillions.nl\\\/de\\\/#website\"},\"primaryImageOfPage\":{\"@id\":\"https:\\\/\\\/www.zillions.nl\\\/product\\\/vitra-maarten-van-severen-03-stoel-groen-niet-stapelbaar\\\/#primaryimage\"},\"image\":{\"@id\":\"https:\\\/\\\/www.zillions.nl\\\/product\\\/vitra-maarten-van-severen-03-stoel-groen-niet-stapelbaar\\\/#primaryimage\"},\"thumbnailUrl\":\"https:\\\/\\\/www.zillions.nl\\\/wp-content\\\/uploads\\\/2024\\\/12\\\/Vitra.-03-Maarten-van-Severen-Groen-CAM02013.jpg\",\"datePublished\":\"2024-12-17T20:08:01+00:00\",\"dateModified\":\"2025-06-04T09:09:57+00:00\",\"breadcrumb\":{\"@id\":\"https:\\\/\\\/www.zillions.nl\\\/product\\\/vitra-maarten-van-severen-03-stoel-groen-niet-stapelbaar\\\/#breadcrumb\"},\"inLanguage\":\"de-DE\",\"potentialAction\":[{\"@type\":\"ReadAction\",\"target\":[\"https:\\\/\\\/www.zillions.nl\\\/product\\\/vitra-maarten-van-severen-03-stoel-groen-niet-stapelbaar\\\/\"]}]},{\"@type\":\"ImageObject\",\"inLanguage\":\"de-DE\",\"@id\":\"https:\\\/\\\/www.zillions.nl\\\/product\\\/vitra-maarten-van-severen-03-stoel-groen-niet-stapelbaar\\\/#primaryimage\",\"url\":\"https:\\\/\\\/www.zillions.nl\\\/wp-content\\\/uploads\\\/2024\\\/12\\\/Vitra.-03-Maarten-van-Severen-Groen-CAM02013.jpg\",\"contentUrl\":\"https:\\\/\\\/www.zillions.nl\\\/wp-content\\\/uploads\\\/2024\\\/12\\\/Vitra.-03-Maarten-van-Severen-Groen-CAM02013.jpg\",\"width\":1080,\"height\":1080},{\"@type\":\"BreadcrumbList\",\"@id\":\"https:\\\/\\\/www.zillions.nl\\\/product\\\/vitra-maarten-van-severen-03-stoel-groen-niet-stapelbaar\\\/#breadcrumb\",\"itemListElement\":[{\"@type\":\"ListItem\",\"position\":1,\"name\":\"Home\",\"item\":\"https:\\\/\\\/www.zillions.nl\\\/\"},{\"@type\":\"ListItem\",\"position\":2,\"name\":\"Shop\",\"item\":\"https:\\\/\\\/www.zillions.nl\\\/shop\\\/\"},{\"@type\":\"ListItem\",\"position\":3,\"name\":\"Vitra Maarten van Severen .03 Stoel Groen &#8211; Niet Stapelbaar\"}]},{\"@type\":\"WebSite\",\"@id\":\"https:\\\/\\\/www.zillions.nl\\\/de\\\/#website\",\"url\":\"https:\\\/\\\/www.zillions.nl\\\/de\\\/\",\"name\":\"Zillions: nieuw en gebruikt design meubilair en stoelen\",\"description\":\"Welkom bij Zillions: Zillions is gespecialiseerd in nieuw en gebruikt design meubilair en stoelen.\",\"publisher\":{\"@id\":\"https:\\\/\\\/www.zillions.nl\\\/de\\\/#organization\"},\"potentialAction\":[{\"@type\":\"SearchAction\",\"target\":{\"@type\":\"EntryPoint\",\"urlTemplate\":\"https:\\\/\\\/www.zillions.nl\\\/de\\\/?s={search_term_string}\"},\"query-input\":{\"@type\":\"PropertyValueSpecification\",\"valueRequired\":true,\"valueName\":\"search_term_string\"}}],\"inLanguage\":\"de-DE\"},{\"@type\":\"Organization\",\"@id\":\"https:\\\/\\\/www.zillions.nl\\\/de\\\/#organization\",\"name\":\"Zillions: nieuw en gebruikt design meubilair en stoelen\",\"url\":\"https:\\\/\\\/www.zillions.nl\\\/de\\\/\",\"logo\":{\"@type\":\"ImageObject\",\"inLanguage\":\"de-DE\",\"@id\":\"https:\\\/\\\/www.zillions.nl\\\/de\\\/#\\\/schema\\\/logo\\\/image\\\/\",\"url\":\"https:\\\/\\\/www.zillions.nl\\\/wp-content\\\/uploads\\\/2022\\\/11\\\/zillions.svg\",\"contentUrl\":\"https:\\\/\\\/www.zillions.nl\\\/wp-content\\\/uploads\\\/2022\\\/11\\\/zillions.svg\",\"width\":208,\"height\":53,\"caption\":\"Zillions: nieuw en gebruikt design meubilair en stoelen\"},\"image\":{\"@id\":\"https:\\\/\\\/www.zillions.nl\\\/de\\\/#\\\/schema\\\/logo\\\/image\\\/\"}}]}<\/script>\n<!-- \/ Yoast SEO plugin. -->","yoast_head_json":{"title":"Vitra Maarten van Severen .03 Stuhl Gr\u00fcn \u2013 Nicht stapelbar \u2013 Zillions: Neue und gebrauchte Designerm\u00f6bel und St\u00fchle","robots":{"index":"index","follow":"follow","max-snippet":"max-snippet:-1","max-image-preview":"max-image-preview:large","max-video-preview":"max-video-preview:-1"},"canonical":"https:\/\/www.zillions.nl\/de\/product\/vitra-maarten-van-severen-03-stoel-groen-niet-stapelbaar\/","og_locale":"de_DE","og_type":"article","og_title":"Vitra Maarten van Severen .03 Stoel Groen - Niet Stapelbaar - Zillions: nieuw en gebruikt design meubilair en stoelen","og_description":"Vitra Maarten van Severen .03 stoel groen\/grijs Deze moderne type .03 stoel, ontworpen door Maarten van Severen, is uitgevoerd in een frisse groene kleur. De stoel is gemaakt van veerkrachtig polyurethaanschuim, dat zich kenmerkt door zijn subtiele aanpassing aan het lichaam. Hierdoor veert het bovenste deel van de rugleuning mee bij het achteroverleunen, wat zorgt [&hellip;]","og_url":"https:\/\/www.zillions.nl\/de\/product\/vitra-maarten-van-severen-03-stoel-groen-niet-stapelbaar\/","og_site_name":"Zillions: nieuw en gebruikt design meubilair en stoelen","article_modified_time":"2025-06-04T09:09:57+00:00","og_image":[{"width":1080,"height":1080,"url":"https:\/\/www.zillions.nl\/wp-content\/uploads\/2024\/12\/Vitra.-03-Maarten-van-Severen-Groen-CAM02013.jpg","type":"image\/jpeg"}],"twitter_card":"summary_large_image","twitter_misc":{"Est. reading time":"2 minutes"},"schema":{"@context":"https:\/\/schema.org","@graph":[{"@type":"WebPage","@id":"https:\/\/www.zillions.nl\/product\/vitra-maarten-van-severen-03-stoel-groen-niet-stapelbaar\/","url":"https:\/\/www.zillions.nl\/product\/vitra-maarten-van-severen-03-stoel-groen-niet-stapelbaar\/","name":"Vitra Maarten van Severen .03 Stuhl Gr\u00fcn \u2013 Nicht stapelbar \u2013 Zillions: Neue und gebrauchte Designerm\u00f6bel und St\u00fchle","isPartOf":{"@id":"https:\/\/www.zillions.nl\/de\/#website"},"primaryImageOfPage":{"@id":"https:\/\/www.zillions.nl\/product\/vitra-maarten-van-severen-03-stoel-groen-niet-stapelbaar\/#primaryimage"},"image":{"@id":"https:\/\/www.zillions.nl\/product\/vitra-maarten-van-severen-03-stoel-groen-niet-stapelbaar\/#primaryimage"},"thumbnailUrl":"https:\/\/www.zillions.nl\/wp-content\/uploads\/2024\/12\/Vitra.-03-Maarten-van-Severen-Groen-CAM02013.jpg","datePublished":"2024-12-17T20:08:01+00:00","dateModified":"2025-06-04T09:09:57+00:00","breadcrumb":{"@id":"https:\/\/www.zillions.nl\/product\/vitra-maarten-van-severen-03-stoel-groen-niet-stapelbaar\/#breadcrumb"},"inLanguage":"de-DE","potentialAction":[{"@type":"ReadAction","target":["https:\/\/www.zillions.nl\/product\/vitra-maarten-van-severen-03-stoel-groen-niet-stapelbaar\/"]}]},{"@type":"ImageObject","inLanguage":"de-DE","@id":"https:\/\/www.zillions.nl\/product\/vitra-maarten-van-severen-03-stoel-groen-niet-stapelbaar\/#primaryimage","url":"https:\/\/www.zillions.nl\/wp-content\/uploads\/2024\/12\/Vitra.-03-Maarten-van-Severen-Groen-CAM02013.jpg","contentUrl":"https:\/\/www.zillions.nl\/wp-content\/uploads\/2024\/12\/Vitra.-03-Maarten-van-Severen-Groen-CAM02013.jpg","width":1080,"height":1080},{"@type":"BreadcrumbList","@id":"https:\/\/www.zillions.nl\/product\/vitra-maarten-van-severen-03-stoel-groen-niet-stapelbaar\/#breadcrumb","itemListElement":[{"@type":"ListItem","position":1,"name":"Home","item":"https:\/\/www.zillions.nl\/"},{"@type":"ListItem","position":2,"name":"Shop","item":"https:\/\/www.zillions.nl\/shop\/"},{"@type":"ListItem","position":3,"name":"Vitra Maarten van Severen .03 Stoel Groen &#8211; Niet Stapelbaar"}]},{"@type":"WebSite","@id":"https:\/\/www.zillions.nl\/de\/#website","url":"https:\/\/www.zillions.nl\/de\/","name":"Zillionen: neue und gebrauchte Designerm\u00f6bel und St\u00fchle","description":"Willkommen bei Zillions: Zillions ist auf neue und gebrauchte Designm\u00f6bel und St\u00fchle spezialisiert.","publisher":{"@id":"https:\/\/www.zillions.nl\/de\/#organization"},"potentialAction":[{"@type":"SearchAction","target":{"@type":"EntryPoint","urlTemplate":"https:\/\/www.zillions.nl\/de\/?s={search_term_string}"},"query-input":{"@type":"PropertyValueSpecification","valueRequired":true,"valueName":"search_term_string"}}],"inLanguage":"de-DE"},{"@type":"Organization","@id":"https:\/\/www.zillions.nl\/de\/#organization","name":"Zillionen: neue und gebrauchte Designerm\u00f6bel und St\u00fchle","url":"https:\/\/www.zillions.nl\/de\/","logo":{"@type":"ImageObject","inLanguage":"de-DE","@id":"https:\/\/www.zillions.nl\/de\/#\/schema\/logo\/image\/","url":"https:\/\/www.zillions.nl\/wp-content\/uploads\/2022\/11\/zillions.svg","contentUrl":"https:\/\/www.zillions.nl\/wp-content\/uploads\/2022\/11\/zillions.svg","width":208,"height":53,"caption":"Zillions: nieuw en gebruikt design meubilair en stoelen"},"image":{"@id":"https:\/\/www.zillions.nl\/de\/#\/schema\/logo\/image\/"}}]}},"_links":{"self":[{"href":"https:\/\/www.zillions.nl\/de\/wp-json\/wp\/v2\/product\/13186","targetHints":{"allow":["GET"]}}],"collection":[{"href":"https:\/\/www.zillions.nl\/de\/wp-json\/wp\/v2\/product"}],"about":[{"href":"https:\/\/www.zillions.nl\/de\/wp-json\/wp\/v2\/types\/product"}],"wp:featuredmedia":[{"embeddable":true,"href":"https:\/\/www.zillions.nl\/de\/wp-json\/wp\/v2\/media\/14282"}],"wp:attachment":[{"href":"https:\/\/www.zillions.nl\/de\/wp-json\/wp\/v2\/media?parent=13186"}],"wp:term":[{"taxonomy":"product_brand","embeddable":true,"href":"https:\/\/www.zillions.nl\/de\/wp-json\/wp\/v2\/product_brand?post=13186"},{"taxonomy":"product_cat","embeddable":true,"href":"https:\/\/www.zillions.nl\/de\/wp-json\/wp\/v2\/product_cat?post=13186"},{"taxonomy":"product_tag","embeddable":true,"href":"https:\/\/www.zillions.nl\/de\/wp-json\/wp\/v2\/product_tag?post=13186"}],"curies":[{"name":"wp","href":"https:\/\/api.w.org\/{rel}","templated":true}]}}