{"id":13150,"date":"2024-12-17T16:40:37","date_gmt":"2024-12-17T15:40:37","guid":{"rendered":"https:\/\/www.zillions.nl\/?post_type=product&#038;p=13150"},"modified":"2026-01-29T16:23:55","modified_gmt":"2026-01-29T15:23:55","slug":"vitra-eames-lounge-chair-ottoman-palisander-chroom-zwart","status":"publish","type":"product","link":"https:\/\/www.zillions.nl\/de\/product\/vitra-eames-lounge-chair-ottoman-palisander-chroom-zwart\/","title":{"rendered":"Vitra Eames Lounge Chair &amp; Ottoman Palisander \u2013 Chrom\/Schwarz"},"content":{"rendered":"<p>Vitra Eames Lounge Chair &amp; Ottoman Santos Palisanderholz \u2013 Chrom\/Schwarz<\/p>\n<p>Dieser stilvolle Vitra Eames Lounge Chair besteht aus Nero Premium F Leder in Schwarz und ist die XL-Version. Die h\u00f6lzernen Sitzschalen bestehen aus Santos Palisander, einer Holzart, die f\u00fcr ihre tiefe Farbe und einzigartige Maserung bekannt ist. Der verchromte Aluminiumsockel ist an den Seiten mit einer schwarzen Pulverbeschichtung versehen und bildet einen stilvollen Kontrast zu den warmen T\u00f6nen des Holzes. Der dazugeh\u00f6rige Fu\u00dfhocker hat die gleiche Zusammensetzung. Der Loungesessel und der Fu\u00dfhocker sind original 100% und mit allen Sicherheitsfunktionen ausgestattet.<\/p>\n<p>Aus \u00dcberbestand gekauft, einmaliges Angebot, WEG=WEG!<\/p>\n<p><strong>Zustand:<\/strong>\u00a0neu; 100% neu, unbenutzt.<\/p>\n<p><strong>Lieferung ab Lager<\/strong><\/p>\n<p><strong>Hinweis:\u00a0<\/strong>Die angezeigten Preise sind\u00a0<u>pro St\u00fcck<\/u>!<\/p>\n<p>Spezifikationen:<br \/>\n<u>Loungesessel:<strong><br \/>\n<\/strong><\/u><strong>Sitz:<\/strong> Premiumleder F, Nero; Santos-Palisander, Holz; drehbar<br \/>\n<strong>Rahmen:<\/strong>\u00a0Aluminium; Seiten schwarz, Oberseite verchromt<br \/>\n<strong>R\u00fcckenlehne:<\/strong> 63,3 cm<br \/>\n<strong>Armlehne:<\/strong>\u00a022 cm hoch<br \/>\n<strong>Sitzh\u00f6he:<\/strong>\u00a038 cm<br \/>\n<strong>Sitzbreite:<\/strong>\u00a054 cm<br \/>\n<strong>Sitztiefe:<\/strong>\u00a060,5 cm<br \/>\n<strong>Volle H\u00f6he:<\/strong>\u00a089 cm<br \/>\n<strong>Volle Breite: <\/strong>84 cm<br \/>\n<strong>Volle Tiefe: <\/strong>85 \u2013 92 cm<br \/>\n<strong>Andere:\u00a0<\/strong>XL-Ma\u00dfe<\/p>\n<p><u>Ottomane (Hocker):<\/u><br \/>\n<strong>H\u00f6he:\u00a0<\/strong>42 cm<br \/>\n<strong>Breite:\u00a0<\/strong>63 cm<br \/>\n<strong>Tiefe:\u00a0<\/strong>56 cm<\/p>\n<p>Wenn Sie Fragen haben oder einen unverbindlichen Besichtigungstermin vereinbaren m\u00f6chten, k\u00f6nnen Sie sich gerne an uns wenden. Lieferung durch unseren eigenen Lieferservice m\u00f6glich! Besuchen Sie unsere Website f\u00fcr viele weitere Designartikel!<\/p>\n<p><strong>Kontaktdaten (Besuch nach Vereinbarung):<\/strong><br \/>\nIndustrieweg 21<br \/>\n4131NK Vianen<br \/>\ninfo@zillions.nl<br \/>\n030 20 72 146<\/p>","protected":false},"excerpt":{"rendered":"<p>Vitra Eames Lounge Chair &amp; Ottoman Santos Palisander hout &#8211; chroom\/zwart Deze stijlvolle Vitra Eames lounge chair is uitgevoerd in Nero Premium F leer in de kleur zwart en betreft de XL uitvoering. De houten zitschalen zijn gemaakt van Santos Palisander, een houtsoort dat bekend staat om zijn diepe kleur en unieke nerfpatroon. Het verchroomde [&hellip;]<\/p>\n","protected":false},"featured_media":13154,"template":"","meta":{"_acf_changed":false},"product_brand":[202],"product_cat":[16,188],"product_tag":[322],"class_list":{"0":"post-13150","1":"product","2":"type-product","3":"status-publish","4":"has-post-thumbnail","6":"product_brand-vitra","7":"product_cat-alle-producten","8":"product_cat-fauteuils","9":"product_tag-vitra","10":"pa_brands-vitra","12":"first","13":"instock","14":"sale","15":"purchasable","16":"product-type-simple"},"acf":[],"yoast_head":"<!-- This site is optimized with the Yoast SEO plugin v27.5 - https:\/\/yoast.com\/product\/yoast-seo-wordpress\/ -->\n<title>Vitra Eames Lounge Chair &amp; Ottoman Palisander - Chroom\/Zwart - Zillions: nieuw en gebruikt design meubilair en stoelen<\/title>\n<meta name=\"robots\" content=\"index, follow, max-snippet:-1, max-image-preview:large, max-video-preview:-1\" \/>\n<link rel=\"canonical\" href=\"https:\/\/www.zillions.nl\/de\/product\/vitra-eames-lounge-chair-ottoman-palisander-chroom-zwart\/\" \/>\n<meta property=\"og:locale\" content=\"de_DE\" \/>\n<meta property=\"og:type\" content=\"article\" \/>\n<meta property=\"og:title\" content=\"Vitra Eames Lounge Chair &amp; Ottoman Palisander - Chroom\/Zwart - Zillions: nieuw en gebruikt design meubilair en stoelen\" \/>\n<meta property=\"og:description\" content=\"Vitra Eames Lounge Chair &amp; Ottoman Santos Palisander hout &#8211; chroom\/zwart Deze stijlvolle Vitra Eames lounge chair is uitgevoerd in Nero Premium F leer in de kleur zwart en betreft de XL uitvoering. De houten zitschalen zijn gemaakt van Santos Palisander, een houtsoort dat bekend staat om zijn diepe kleur en unieke nerfpatroon. Het verchroomde [&hellip;]\" \/>\n<meta property=\"og:url\" content=\"https:\/\/www.zillions.nl\/de\/product\/vitra-eames-lounge-chair-ottoman-palisander-chroom-zwart\/\" \/>\n<meta property=\"og:site_name\" content=\"Zillions: nieuw en gebruikt design meubilair en stoelen\" \/>\n<meta property=\"article:modified_time\" content=\"2026-01-29T15:23:55+00:00\" \/>\n<meta property=\"og:image\" content=\"https:\/\/www.zillions.nl\/wp-content\/uploads\/2024\/12\/Vitra-Eames-Lounge-Chair-Ottoman-Palisander-zwart-frame-_NM13922.jpg\" \/>\n\t<meta property=\"og:image:width\" content=\"1080\" \/>\n\t<meta property=\"og:image:height\" content=\"1080\" \/>\n\t<meta property=\"og:image:type\" content=\"image\/jpeg\" \/>\n<meta name=\"twitter:card\" content=\"summary_large_image\" \/>\n<meta name=\"twitter:label1\" content=\"Est. reading time\" \/>\n\t<meta name=\"twitter:data1\" content=\"2 minutes\" \/>\n<script type=\"application\/ld+json\" class=\"yoast-schema-graph\">{\"@context\":\"https:\\\/\\\/schema.org\",\"@graph\":[{\"@type\":\"WebPage\",\"@id\":\"https:\\\/\\\/www.zillions.nl\\\/product\\\/vitra-eames-lounge-chair-ottoman-palisander-chroom-zwart\\\/\",\"url\":\"https:\\\/\\\/www.zillions.nl\\\/product\\\/vitra-eames-lounge-chair-ottoman-palisander-chroom-zwart\\\/\",\"name\":\"Vitra Eames Lounge Chair &amp; Ottoman Palisander - Chroom\\\/Zwart - Zillions: nieuw en gebruikt design meubilair en stoelen\",\"isPartOf\":{\"@id\":\"https:\\\/\\\/www.zillions.nl\\\/de\\\/#website\"},\"primaryImageOfPage\":{\"@id\":\"https:\\\/\\\/www.zillions.nl\\\/product\\\/vitra-eames-lounge-chair-ottoman-palisander-chroom-zwart\\\/#primaryimage\"},\"image\":{\"@id\":\"https:\\\/\\\/www.zillions.nl\\\/product\\\/vitra-eames-lounge-chair-ottoman-palisander-chroom-zwart\\\/#primaryimage\"},\"thumbnailUrl\":\"https:\\\/\\\/www.zillions.nl\\\/wp-content\\\/uploads\\\/2024\\\/12\\\/Vitra-Eames-Lounge-Chair-Ottoman-Palisander-zwart-frame-_NM13922.jpg\",\"datePublished\":\"2024-12-17T15:40:37+00:00\",\"dateModified\":\"2026-01-29T15:23:55+00:00\",\"breadcrumb\":{\"@id\":\"https:\\\/\\\/www.zillions.nl\\\/product\\\/vitra-eames-lounge-chair-ottoman-palisander-chroom-zwart\\\/#breadcrumb\"},\"inLanguage\":\"de-DE\",\"potentialAction\":[{\"@type\":\"ReadAction\",\"target\":[\"https:\\\/\\\/www.zillions.nl\\\/product\\\/vitra-eames-lounge-chair-ottoman-palisander-chroom-zwart\\\/\"]}]},{\"@type\":\"ImageObject\",\"inLanguage\":\"de-DE\",\"@id\":\"https:\\\/\\\/www.zillions.nl\\\/product\\\/vitra-eames-lounge-chair-ottoman-palisander-chroom-zwart\\\/#primaryimage\",\"url\":\"https:\\\/\\\/www.zillions.nl\\\/wp-content\\\/uploads\\\/2024\\\/12\\\/Vitra-Eames-Lounge-Chair-Ottoman-Palisander-zwart-frame-_NM13922.jpg\",\"contentUrl\":\"https:\\\/\\\/www.zillions.nl\\\/wp-content\\\/uploads\\\/2024\\\/12\\\/Vitra-Eames-Lounge-Chair-Ottoman-Palisander-zwart-frame-_NM13922.jpg\",\"width\":1080,\"height\":1080},{\"@type\":\"BreadcrumbList\",\"@id\":\"https:\\\/\\\/www.zillions.nl\\\/product\\\/vitra-eames-lounge-chair-ottoman-palisander-chroom-zwart\\\/#breadcrumb\",\"itemListElement\":[{\"@type\":\"ListItem\",\"position\":1,\"name\":\"Home\",\"item\":\"https:\\\/\\\/www.zillions.nl\\\/\"},{\"@type\":\"ListItem\",\"position\":2,\"name\":\"Shop\",\"item\":\"https:\\\/\\\/www.zillions.nl\\\/shop\\\/\"},{\"@type\":\"ListItem\",\"position\":3,\"name\":\"Vitra Eames Lounge Chair &amp; Ottoman Palisander &#8211; Chroom\\\/Zwart\"}]},{\"@type\":\"WebSite\",\"@id\":\"https:\\\/\\\/www.zillions.nl\\\/de\\\/#website\",\"url\":\"https:\\\/\\\/www.zillions.nl\\\/de\\\/\",\"name\":\"Zillions: nieuw en gebruikt design meubilair en stoelen\",\"description\":\"Welkom bij Zillions: Zillions is gespecialiseerd in nieuw en gebruikt design meubilair en stoelen.\",\"publisher\":{\"@id\":\"https:\\\/\\\/www.zillions.nl\\\/de\\\/#organization\"},\"potentialAction\":[{\"@type\":\"SearchAction\",\"target\":{\"@type\":\"EntryPoint\",\"urlTemplate\":\"https:\\\/\\\/www.zillions.nl\\\/de\\\/?s={search_term_string}\"},\"query-input\":{\"@type\":\"PropertyValueSpecification\",\"valueRequired\":true,\"valueName\":\"search_term_string\"}}],\"inLanguage\":\"de-DE\"},{\"@type\":\"Organization\",\"@id\":\"https:\\\/\\\/www.zillions.nl\\\/de\\\/#organization\",\"name\":\"Zillions: nieuw en gebruikt design meubilair en stoelen\",\"url\":\"https:\\\/\\\/www.zillions.nl\\\/de\\\/\",\"logo\":{\"@type\":\"ImageObject\",\"inLanguage\":\"de-DE\",\"@id\":\"https:\\\/\\\/www.zillions.nl\\\/de\\\/#\\\/schema\\\/logo\\\/image\\\/\",\"url\":\"https:\\\/\\\/www.zillions.nl\\\/wp-content\\\/uploads\\\/2022\\\/11\\\/zillions.svg\",\"contentUrl\":\"https:\\\/\\\/www.zillions.nl\\\/wp-content\\\/uploads\\\/2022\\\/11\\\/zillions.svg\",\"width\":208,\"height\":53,\"caption\":\"Zillions: nieuw en gebruikt design meubilair en stoelen\"},\"image\":{\"@id\":\"https:\\\/\\\/www.zillions.nl\\\/de\\\/#\\\/schema\\\/logo\\\/image\\\/\"}}]}<\/script>\n<!-- \/ Yoast SEO plugin. -->","yoast_head_json":{"title":"Vitra Eames Lounge Chair &amp; Ottoman Palisander - Chrom\/Schwarz - Zillions: Neue und gebrauchte Designerm\u00f6bel und St\u00fchle","robots":{"index":"index","follow":"follow","max-snippet":"max-snippet:-1","max-image-preview":"max-image-preview:large","max-video-preview":"max-video-preview:-1"},"canonical":"https:\/\/www.zillions.nl\/de\/product\/vitra-eames-lounge-chair-ottoman-palisander-chroom-zwart\/","og_locale":"de_DE","og_type":"article","og_title":"Vitra Eames Lounge Chair &amp; Ottoman Palisander - Chroom\/Zwart - Zillions: nieuw en gebruikt design meubilair en stoelen","og_description":"Vitra Eames Lounge Chair &amp; Ottoman Santos Palisander hout &#8211; chroom\/zwart Deze stijlvolle Vitra Eames lounge chair is uitgevoerd in Nero Premium F leer in de kleur zwart en betreft de XL uitvoering. De houten zitschalen zijn gemaakt van Santos Palisander, een houtsoort dat bekend staat om zijn diepe kleur en unieke nerfpatroon. Het verchroomde [&hellip;]","og_url":"https:\/\/www.zillions.nl\/de\/product\/vitra-eames-lounge-chair-ottoman-palisander-chroom-zwart\/","og_site_name":"Zillions: nieuw en gebruikt design meubilair en stoelen","article_modified_time":"2026-01-29T15:23:55+00:00","og_image":[{"width":1080,"height":1080,"url":"https:\/\/www.zillions.nl\/wp-content\/uploads\/2024\/12\/Vitra-Eames-Lounge-Chair-Ottoman-Palisander-zwart-frame-_NM13922.jpg","type":"image\/jpeg"}],"twitter_card":"summary_large_image","twitter_misc":{"Est. reading time":"2 minutes"},"schema":{"@context":"https:\/\/schema.org","@graph":[{"@type":"WebPage","@id":"https:\/\/www.zillions.nl\/product\/vitra-eames-lounge-chair-ottoman-palisander-chroom-zwart\/","url":"https:\/\/www.zillions.nl\/product\/vitra-eames-lounge-chair-ottoman-palisander-chroom-zwart\/","name":"Vitra Eames Lounge Chair &amp; Ottoman Palisander - Chrom\/Schwarz - Zillions: Neue und gebrauchte Designerm\u00f6bel und St\u00fchle","isPartOf":{"@id":"https:\/\/www.zillions.nl\/de\/#website"},"primaryImageOfPage":{"@id":"https:\/\/www.zillions.nl\/product\/vitra-eames-lounge-chair-ottoman-palisander-chroom-zwart\/#primaryimage"},"image":{"@id":"https:\/\/www.zillions.nl\/product\/vitra-eames-lounge-chair-ottoman-palisander-chroom-zwart\/#primaryimage"},"thumbnailUrl":"https:\/\/www.zillions.nl\/wp-content\/uploads\/2024\/12\/Vitra-Eames-Lounge-Chair-Ottoman-Palisander-zwart-frame-_NM13922.jpg","datePublished":"2024-12-17T15:40:37+00:00","dateModified":"2026-01-29T15:23:55+00:00","breadcrumb":{"@id":"https:\/\/www.zillions.nl\/product\/vitra-eames-lounge-chair-ottoman-palisander-chroom-zwart\/#breadcrumb"},"inLanguage":"de-DE","potentialAction":[{"@type":"ReadAction","target":["https:\/\/www.zillions.nl\/product\/vitra-eames-lounge-chair-ottoman-palisander-chroom-zwart\/"]}]},{"@type":"ImageObject","inLanguage":"de-DE","@id":"https:\/\/www.zillions.nl\/product\/vitra-eames-lounge-chair-ottoman-palisander-chroom-zwart\/#primaryimage","url":"https:\/\/www.zillions.nl\/wp-content\/uploads\/2024\/12\/Vitra-Eames-Lounge-Chair-Ottoman-Palisander-zwart-frame-_NM13922.jpg","contentUrl":"https:\/\/www.zillions.nl\/wp-content\/uploads\/2024\/12\/Vitra-Eames-Lounge-Chair-Ottoman-Palisander-zwart-frame-_NM13922.jpg","width":1080,"height":1080},{"@type":"BreadcrumbList","@id":"https:\/\/www.zillions.nl\/product\/vitra-eames-lounge-chair-ottoman-palisander-chroom-zwart\/#breadcrumb","itemListElement":[{"@type":"ListItem","position":1,"name":"Home","item":"https:\/\/www.zillions.nl\/"},{"@type":"ListItem","position":2,"name":"Shop","item":"https:\/\/www.zillions.nl\/shop\/"},{"@type":"ListItem","position":3,"name":"Vitra Eames Lounge Chair &amp; Ottoman Palisander &#8211; Chroom\/Zwart"}]},{"@type":"WebSite","@id":"https:\/\/www.zillions.nl\/de\/#website","url":"https:\/\/www.zillions.nl\/de\/","name":"Zillionen: neue und gebrauchte Designerm\u00f6bel und St\u00fchle","description":"Willkommen bei Zillions: Zillions ist auf neue und gebrauchte Designm\u00f6bel und St\u00fchle spezialisiert.","publisher":{"@id":"https:\/\/www.zillions.nl\/de\/#organization"},"potentialAction":[{"@type":"SearchAction","target":{"@type":"EntryPoint","urlTemplate":"https:\/\/www.zillions.nl\/de\/?s={search_term_string}"},"query-input":{"@type":"PropertyValueSpecification","valueRequired":true,"valueName":"search_term_string"}}],"inLanguage":"de-DE"},{"@type":"Organization","@id":"https:\/\/www.zillions.nl\/de\/#organization","name":"Zillionen: neue und gebrauchte Designerm\u00f6bel und St\u00fchle","url":"https:\/\/www.zillions.nl\/de\/","logo":{"@type":"ImageObject","inLanguage":"de-DE","@id":"https:\/\/www.zillions.nl\/de\/#\/schema\/logo\/image\/","url":"https:\/\/www.zillions.nl\/wp-content\/uploads\/2022\/11\/zillions.svg","contentUrl":"https:\/\/www.zillions.nl\/wp-content\/uploads\/2022\/11\/zillions.svg","width":208,"height":53,"caption":"Zillions: nieuw en gebruikt design meubilair en stoelen"},"image":{"@id":"https:\/\/www.zillions.nl\/de\/#\/schema\/logo\/image\/"}}]}},"_links":{"self":[{"href":"https:\/\/www.zillions.nl\/de\/wp-json\/wp\/v2\/product\/13150","targetHints":{"allow":["GET"]}}],"collection":[{"href":"https:\/\/www.zillions.nl\/de\/wp-json\/wp\/v2\/product"}],"about":[{"href":"https:\/\/www.zillions.nl\/de\/wp-json\/wp\/v2\/types\/product"}],"wp:featuredmedia":[{"embeddable":true,"href":"https:\/\/www.zillions.nl\/de\/wp-json\/wp\/v2\/media\/13154"}],"wp:attachment":[{"href":"https:\/\/www.zillions.nl\/de\/wp-json\/wp\/v2\/media?parent=13150"}],"wp:term":[{"taxonomy":"product_brand","embeddable":true,"href":"https:\/\/www.zillions.nl\/de\/wp-json\/wp\/v2\/product_brand?post=13150"},{"taxonomy":"product_cat","embeddable":true,"href":"https:\/\/www.zillions.nl\/de\/wp-json\/wp\/v2\/product_cat?post=13150"},{"taxonomy":"product_tag","embeddable":true,"href":"https:\/\/www.zillions.nl\/de\/wp-json\/wp\/v2\/product_tag?post=13150"}],"curies":[{"name":"wp","href":"https:\/\/api.w.org\/{rel}","templated":true}]}}