{"id":12960,"date":"2024-12-11T16:46:03","date_gmt":"2024-12-11T15:46:03","guid":{"rendered":"https:\/\/www.zillions.nl\/?post_type=product&#038;p=12960"},"modified":"2025-11-10T16:40:25","modified_gmt":"2025-11-10T15:40:25","slug":"leolux-scylla-fauteuil-hoge-rug-geel-grijs-rondjesmotief","status":"publish","type":"product","link":"https:\/\/www.zillions.nl\/de\/product\/leolux-scylla-fauteuil-hoge-rug-geel-grijs-rondjesmotief\/","title":{"rendered":"Leolux Scylla Sessel mit hoher R\u00fcckenlehne, gelbes\/graues Kreismotiv"},"content":{"rendered":"<p>Leolux Scylla Sessel hohe R\u00fcckenlehne gelb\/grau Kreismotiv \u2013 Chrom<\/p>\n<p>Dieser klassische Leolux Scylla-Sessel, entworfen von Gerard Vollenbrock, hat eine Sitzfl\u00e4che aus gelbem Stoff mit einem verspielten grauen Kreismotiv und einen Rahmen aus verchromtem Stahlrohr, der sich hinter der R\u00fcckenlehne fortsetzt. Die Seiten sind mit gelbem Leder bezogen, w\u00e4hrend die Armlehnen aus grauem Leder bestehen, welches farblich perfekt zum Kreismotiv passt. Dank der hohen R\u00fcckenlehne und der bequemen Sitzfl\u00e4che bietet dieser Sessel eine perfekte Balance zwischen Design und Komfort. Der Sessel ist 100% Original und verf\u00fcgt \u00fcber s\u00e4mtliche Echtheitsmerkmale.<\/p>\n<p><strong>Zustand:\u00a0<\/strong>Zustand im Ausstellungsraum; im Neuzustand<\/p>\n<p><strong>Lieferung ab Lager<\/strong><\/p>\n<p><strong>Hinweis:\u00a0<\/strong>Die angezeigten Preise sind\u00a0<u>pro St\u00fcck<\/u>!<\/p>\n<p>Spezifikationen:<br \/>\n<strong>Sitz:<\/strong> Staub, gelb; Kreismotiv<br \/>\n<strong>Rahmen:<\/strong>\u00a0Stahl, verchromt<br \/>\n<strong>R\u00fcckenlehne:<\/strong>\u00a056 cm hoch; hohe R\u00fcckenlehne<br \/>\n<strong>Armlehne:<\/strong>\u00a021 cm hoch<br \/>\n<strong>Armlehnen: <\/strong>graues Leder<br \/>\n<strong>Sitzh\u00f6he:<\/strong>\u00a043 cm<br \/>\n<strong>Sitzbreite:<\/strong>\u00a055 cm<br \/>\n<strong>Sitztiefe:\u00a0<\/strong>55 cm<br \/>\n<strong>Volle H\u00f6he:<\/strong>\u00a086 cm<br \/>\n<strong>Volle Breite:<\/strong>\u00a074 cm<br \/>\n<strong>Volle Tiefe:\u00a0<\/strong>84 cm<br \/>\n<strong>Andere: <\/strong>Seiten in gelbem Leder<\/p>\n<p>Wenn Sie Fragen haben oder einen unverbindlichen Besichtigungstermin vereinbaren m\u00f6chten, k\u00f6nnen Sie sich gerne an uns wenden. Lieferung durch unseren eigenen Lieferservice m\u00f6glich! Besuchen Sie unsere Website f\u00fcr viele weitere Designartikel!<\/p>\n<p><strong>Kontaktdaten (Besuch nach Vereinbarung):<\/strong><br \/>\nIndustrieweg 21<br \/>\n4131NK Vianen<br \/>\ninfo@zillions.nl<br \/>\n030 20 72 146<\/p>","protected":false},"excerpt":{"rendered":"<p>Leolux Scylla fauteuil hoge rug geel\/grijs rondjesmotief &#8211; chroom Deze klassieke Leolux Scylla fauteuil, ontworpen door Gerard Vollenbrock, is uitgevoerd met een zitting in gele stof, met een speels grijs rondjesmotief, en een verchroomd stalen buisframe dat achter de rugleuning doorloopt. De zijkanten zijn bekleed met geel leer, terwijl de armleuningen zijn uitgevoerd in grijs [&hellip;]<\/p>\n","protected":false},"featured_media":12966,"template":"","meta":{"_acf_changed":false},"product_brand":[225],"product_cat":[16,188],"product_tag":[325],"class_list":{"0":"post-12960","1":"product","2":"type-product","3":"status-publish","4":"has-post-thumbnail","6":"product_brand-leolux","7":"product_cat-alle-producten","8":"product_cat-fauteuils","9":"product_tag-leolux","10":"pa_brands-leolux","12":"first","13":"outofstock","14":"purchasable","15":"product-type-simple"},"acf":[],"yoast_head":"<!-- This site is optimized with the Yoast SEO plugin v27.5 - https:\/\/yoast.com\/product\/yoast-seo-wordpress\/ -->\n<title>Leolux Scylla Fauteuil Hoge Rug Geel\/Grijs Rondjesmotief - Zillions: nieuw en gebruikt design meubilair en stoelen<\/title>\n<meta name=\"robots\" content=\"index, follow, max-snippet:-1, max-image-preview:large, max-video-preview:-1\" \/>\n<link rel=\"canonical\" href=\"https:\/\/www.zillions.nl\/de\/product\/leolux-scylla-fauteuil-hoge-rug-geel-grijs-rondjesmotief\/\" \/>\n<meta property=\"og:locale\" content=\"de_DE\" \/>\n<meta property=\"og:type\" content=\"article\" \/>\n<meta property=\"og:title\" content=\"Leolux Scylla Fauteuil Hoge Rug Geel\/Grijs Rondjesmotief - Zillions: nieuw en gebruikt design meubilair en stoelen\" \/>\n<meta property=\"og:description\" content=\"Leolux Scylla fauteuil hoge rug geel\/grijs rondjesmotief &#8211; chroom Deze klassieke Leolux Scylla fauteuil, ontworpen door Gerard Vollenbrock, is uitgevoerd met een zitting in gele stof, met een speels grijs rondjesmotief, en een verchroomd stalen buisframe dat achter de rugleuning doorloopt. De zijkanten zijn bekleed met geel leer, terwijl de armleuningen zijn uitgevoerd in grijs [&hellip;]\" \/>\n<meta property=\"og:url\" content=\"https:\/\/www.zillions.nl\/de\/product\/leolux-scylla-fauteuil-hoge-rug-geel-grijs-rondjesmotief\/\" \/>\n<meta property=\"og:site_name\" content=\"Zillions: nieuw en gebruikt design meubilair en stoelen\" \/>\n<meta property=\"article:modified_time\" content=\"2025-11-10T15:40:25+00:00\" \/>\n<meta property=\"og:image\" content=\"https:\/\/www.zillions.nl\/wp-content\/uploads\/2024\/12\/Leolux-Scylla-geel-rondjes-motief-hoge-rugCAM00470.jpg\" \/>\n\t<meta property=\"og:image:width\" content=\"1080\" \/>\n\t<meta property=\"og:image:height\" content=\"1080\" \/>\n\t<meta property=\"og:image:type\" content=\"image\/jpeg\" \/>\n<meta name=\"twitter:card\" content=\"summary_large_image\" \/>\n<meta name=\"twitter:label1\" content=\"Est. reading time\" \/>\n\t<meta name=\"twitter:data1\" content=\"2 minutes\" \/>\n<script type=\"application\/ld+json\" class=\"yoast-schema-graph\">{\"@context\":\"https:\\\/\\\/schema.org\",\"@graph\":[{\"@type\":\"WebPage\",\"@id\":\"https:\\\/\\\/www.zillions.nl\\\/product\\\/leolux-scylla-fauteuil-hoge-rug-geel-grijs-rondjesmotief\\\/\",\"url\":\"https:\\\/\\\/www.zillions.nl\\\/product\\\/leolux-scylla-fauteuil-hoge-rug-geel-grijs-rondjesmotief\\\/\",\"name\":\"Leolux Scylla Fauteuil Hoge Rug Geel\\\/Grijs Rondjesmotief - Zillions: nieuw en gebruikt design meubilair en stoelen\",\"isPartOf\":{\"@id\":\"https:\\\/\\\/www.zillions.nl\\\/de\\\/#website\"},\"primaryImageOfPage\":{\"@id\":\"https:\\\/\\\/www.zillions.nl\\\/product\\\/leolux-scylla-fauteuil-hoge-rug-geel-grijs-rondjesmotief\\\/#primaryimage\"},\"image\":{\"@id\":\"https:\\\/\\\/www.zillions.nl\\\/product\\\/leolux-scylla-fauteuil-hoge-rug-geel-grijs-rondjesmotief\\\/#primaryimage\"},\"thumbnailUrl\":\"https:\\\/\\\/www.zillions.nl\\\/wp-content\\\/uploads\\\/2024\\\/12\\\/Leolux-Scylla-geel-rondjes-motief-hoge-rugCAM00470.jpg\",\"datePublished\":\"2024-12-11T15:46:03+00:00\",\"dateModified\":\"2025-11-10T15:40:25+00:00\",\"breadcrumb\":{\"@id\":\"https:\\\/\\\/www.zillions.nl\\\/product\\\/leolux-scylla-fauteuil-hoge-rug-geel-grijs-rondjesmotief\\\/#breadcrumb\"},\"inLanguage\":\"de-DE\",\"potentialAction\":[{\"@type\":\"ReadAction\",\"target\":[\"https:\\\/\\\/www.zillions.nl\\\/product\\\/leolux-scylla-fauteuil-hoge-rug-geel-grijs-rondjesmotief\\\/\"]}]},{\"@type\":\"ImageObject\",\"inLanguage\":\"de-DE\",\"@id\":\"https:\\\/\\\/www.zillions.nl\\\/product\\\/leolux-scylla-fauteuil-hoge-rug-geel-grijs-rondjesmotief\\\/#primaryimage\",\"url\":\"https:\\\/\\\/www.zillions.nl\\\/wp-content\\\/uploads\\\/2024\\\/12\\\/Leolux-Scylla-geel-rondjes-motief-hoge-rugCAM00470.jpg\",\"contentUrl\":\"https:\\\/\\\/www.zillions.nl\\\/wp-content\\\/uploads\\\/2024\\\/12\\\/Leolux-Scylla-geel-rondjes-motief-hoge-rugCAM00470.jpg\",\"width\":1080,\"height\":1080},{\"@type\":\"BreadcrumbList\",\"@id\":\"https:\\\/\\\/www.zillions.nl\\\/product\\\/leolux-scylla-fauteuil-hoge-rug-geel-grijs-rondjesmotief\\\/#breadcrumb\",\"itemListElement\":[{\"@type\":\"ListItem\",\"position\":1,\"name\":\"Home\",\"item\":\"https:\\\/\\\/www.zillions.nl\\\/\"},{\"@type\":\"ListItem\",\"position\":2,\"name\":\"Shop\",\"item\":\"https:\\\/\\\/www.zillions.nl\\\/shop\\\/\"},{\"@type\":\"ListItem\",\"position\":3,\"name\":\"Leolux Scylla Fauteuil Hoge Rug Geel\\\/Grijs Rondjesmotief\"}]},{\"@type\":\"WebSite\",\"@id\":\"https:\\\/\\\/www.zillions.nl\\\/de\\\/#website\",\"url\":\"https:\\\/\\\/www.zillions.nl\\\/de\\\/\",\"name\":\"Zillions: nieuw en gebruikt design meubilair en stoelen\",\"description\":\"Welkom bij Zillions: Zillions is gespecialiseerd in nieuw en gebruikt design meubilair en stoelen.\",\"publisher\":{\"@id\":\"https:\\\/\\\/www.zillions.nl\\\/de\\\/#organization\"},\"potentialAction\":[{\"@type\":\"SearchAction\",\"target\":{\"@type\":\"EntryPoint\",\"urlTemplate\":\"https:\\\/\\\/www.zillions.nl\\\/de\\\/?s={search_term_string}\"},\"query-input\":{\"@type\":\"PropertyValueSpecification\",\"valueRequired\":true,\"valueName\":\"search_term_string\"}}],\"inLanguage\":\"de-DE\"},{\"@type\":\"Organization\",\"@id\":\"https:\\\/\\\/www.zillions.nl\\\/de\\\/#organization\",\"name\":\"Zillions: nieuw en gebruikt design meubilair en stoelen\",\"url\":\"https:\\\/\\\/www.zillions.nl\\\/de\\\/\",\"logo\":{\"@type\":\"ImageObject\",\"inLanguage\":\"de-DE\",\"@id\":\"https:\\\/\\\/www.zillions.nl\\\/de\\\/#\\\/schema\\\/logo\\\/image\\\/\",\"url\":\"https:\\\/\\\/www.zillions.nl\\\/wp-content\\\/uploads\\\/2022\\\/11\\\/zillions.svg\",\"contentUrl\":\"https:\\\/\\\/www.zillions.nl\\\/wp-content\\\/uploads\\\/2022\\\/11\\\/zillions.svg\",\"width\":208,\"height\":53,\"caption\":\"Zillions: nieuw en gebruikt design meubilair en stoelen\"},\"image\":{\"@id\":\"https:\\\/\\\/www.zillions.nl\\\/de\\\/#\\\/schema\\\/logo\\\/image\\\/\"}}]}<\/script>\n<!-- \/ Yoast SEO plugin. -->","yoast_head_json":{"title":"Leolux Scylla Sessel mit hoher R\u00fcckenlehne, gelb\/grau, Kreismotiv \u2013 Zillions: neue und gebrauchte Designm\u00f6bel und St\u00fchle","robots":{"index":"index","follow":"follow","max-snippet":"max-snippet:-1","max-image-preview":"max-image-preview:large","max-video-preview":"max-video-preview:-1"},"canonical":"https:\/\/www.zillions.nl\/de\/product\/leolux-scylla-fauteuil-hoge-rug-geel-grijs-rondjesmotief\/","og_locale":"de_DE","og_type":"article","og_title":"Leolux Scylla Fauteuil Hoge Rug Geel\/Grijs Rondjesmotief - Zillions: nieuw en gebruikt design meubilair en stoelen","og_description":"Leolux Scylla fauteuil hoge rug geel\/grijs rondjesmotief &#8211; chroom Deze klassieke Leolux Scylla fauteuil, ontworpen door Gerard Vollenbrock, is uitgevoerd met een zitting in gele stof, met een speels grijs rondjesmotief, en een verchroomd stalen buisframe dat achter de rugleuning doorloopt. De zijkanten zijn bekleed met geel leer, terwijl de armleuningen zijn uitgevoerd in grijs [&hellip;]","og_url":"https:\/\/www.zillions.nl\/de\/product\/leolux-scylla-fauteuil-hoge-rug-geel-grijs-rondjesmotief\/","og_site_name":"Zillions: nieuw en gebruikt design meubilair en stoelen","article_modified_time":"2025-11-10T15:40:25+00:00","og_image":[{"width":1080,"height":1080,"url":"https:\/\/www.zillions.nl\/wp-content\/uploads\/2024\/12\/Leolux-Scylla-geel-rondjes-motief-hoge-rugCAM00470.jpg","type":"image\/jpeg"}],"twitter_card":"summary_large_image","twitter_misc":{"Est. reading time":"2 minutes"},"schema":{"@context":"https:\/\/schema.org","@graph":[{"@type":"WebPage","@id":"https:\/\/www.zillions.nl\/product\/leolux-scylla-fauteuil-hoge-rug-geel-grijs-rondjesmotief\/","url":"https:\/\/www.zillions.nl\/product\/leolux-scylla-fauteuil-hoge-rug-geel-grijs-rondjesmotief\/","name":"Leolux Scylla Sessel mit hoher R\u00fcckenlehne, gelb\/grau, Kreismotiv \u2013 Zillions: neue und gebrauchte Designm\u00f6bel und St\u00fchle","isPartOf":{"@id":"https:\/\/www.zillions.nl\/de\/#website"},"primaryImageOfPage":{"@id":"https:\/\/www.zillions.nl\/product\/leolux-scylla-fauteuil-hoge-rug-geel-grijs-rondjesmotief\/#primaryimage"},"image":{"@id":"https:\/\/www.zillions.nl\/product\/leolux-scylla-fauteuil-hoge-rug-geel-grijs-rondjesmotief\/#primaryimage"},"thumbnailUrl":"https:\/\/www.zillions.nl\/wp-content\/uploads\/2024\/12\/Leolux-Scylla-geel-rondjes-motief-hoge-rugCAM00470.jpg","datePublished":"2024-12-11T15:46:03+00:00","dateModified":"2025-11-10T15:40:25+00:00","breadcrumb":{"@id":"https:\/\/www.zillions.nl\/product\/leolux-scylla-fauteuil-hoge-rug-geel-grijs-rondjesmotief\/#breadcrumb"},"inLanguage":"de-DE","potentialAction":[{"@type":"ReadAction","target":["https:\/\/www.zillions.nl\/product\/leolux-scylla-fauteuil-hoge-rug-geel-grijs-rondjesmotief\/"]}]},{"@type":"ImageObject","inLanguage":"de-DE","@id":"https:\/\/www.zillions.nl\/product\/leolux-scylla-fauteuil-hoge-rug-geel-grijs-rondjesmotief\/#primaryimage","url":"https:\/\/www.zillions.nl\/wp-content\/uploads\/2024\/12\/Leolux-Scylla-geel-rondjes-motief-hoge-rugCAM00470.jpg","contentUrl":"https:\/\/www.zillions.nl\/wp-content\/uploads\/2024\/12\/Leolux-Scylla-geel-rondjes-motief-hoge-rugCAM00470.jpg","width":1080,"height":1080},{"@type":"BreadcrumbList","@id":"https:\/\/www.zillions.nl\/product\/leolux-scylla-fauteuil-hoge-rug-geel-grijs-rondjesmotief\/#breadcrumb","itemListElement":[{"@type":"ListItem","position":1,"name":"Home","item":"https:\/\/www.zillions.nl\/"},{"@type":"ListItem","position":2,"name":"Shop","item":"https:\/\/www.zillions.nl\/shop\/"},{"@type":"ListItem","position":3,"name":"Leolux Scylla Fauteuil Hoge Rug Geel\/Grijs Rondjesmotief"}]},{"@type":"WebSite","@id":"https:\/\/www.zillions.nl\/de\/#website","url":"https:\/\/www.zillions.nl\/de\/","name":"Zillionen: neue und gebrauchte Designerm\u00f6bel und St\u00fchle","description":"Willkommen bei Zillions: Zillions ist auf neue und gebrauchte Designm\u00f6bel und St\u00fchle spezialisiert.","publisher":{"@id":"https:\/\/www.zillions.nl\/de\/#organization"},"potentialAction":[{"@type":"SearchAction","target":{"@type":"EntryPoint","urlTemplate":"https:\/\/www.zillions.nl\/de\/?s={search_term_string}"},"query-input":{"@type":"PropertyValueSpecification","valueRequired":true,"valueName":"search_term_string"}}],"inLanguage":"de-DE"},{"@type":"Organization","@id":"https:\/\/www.zillions.nl\/de\/#organization","name":"Zillionen: neue und gebrauchte Designerm\u00f6bel und St\u00fchle","url":"https:\/\/www.zillions.nl\/de\/","logo":{"@type":"ImageObject","inLanguage":"de-DE","@id":"https:\/\/www.zillions.nl\/de\/#\/schema\/logo\/image\/","url":"https:\/\/www.zillions.nl\/wp-content\/uploads\/2022\/11\/zillions.svg","contentUrl":"https:\/\/www.zillions.nl\/wp-content\/uploads\/2022\/11\/zillions.svg","width":208,"height":53,"caption":"Zillions: nieuw en gebruikt design meubilair en stoelen"},"image":{"@id":"https:\/\/www.zillions.nl\/de\/#\/schema\/logo\/image\/"}}]}},"_links":{"self":[{"href":"https:\/\/www.zillions.nl\/de\/wp-json\/wp\/v2\/product\/12960","targetHints":{"allow":["GET"]}}],"collection":[{"href":"https:\/\/www.zillions.nl\/de\/wp-json\/wp\/v2\/product"}],"about":[{"href":"https:\/\/www.zillions.nl\/de\/wp-json\/wp\/v2\/types\/product"}],"wp:featuredmedia":[{"embeddable":true,"href":"https:\/\/www.zillions.nl\/de\/wp-json\/wp\/v2\/media\/12966"}],"wp:attachment":[{"href":"https:\/\/www.zillions.nl\/de\/wp-json\/wp\/v2\/media?parent=12960"}],"wp:term":[{"taxonomy":"product_brand","embeddable":true,"href":"https:\/\/www.zillions.nl\/de\/wp-json\/wp\/v2\/product_brand?post=12960"},{"taxonomy":"product_cat","embeddable":true,"href":"https:\/\/www.zillions.nl\/de\/wp-json\/wp\/v2\/product_cat?post=12960"},{"taxonomy":"product_tag","embeddable":true,"href":"https:\/\/www.zillions.nl\/de\/wp-json\/wp\/v2\/product_tag?post=12960"}],"curies":[{"name":"wp","href":"https:\/\/api.w.org\/{rel}","templated":true}]}}