{"id":12923,"date":"2024-12-11T12:04:34","date_gmt":"2024-12-11T11:04:34","guid":{"rendered":"https:\/\/www.zillions.nl\/?post_type=product&#038;p=12923"},"modified":"2026-04-09T17:32:44","modified_gmt":"2026-04-09T15:32:44","slug":"leolux-scylla-laag-fauteuil-grijs-wit-zwart-gestreepte-stof","status":"publish","type":"product","link":"https:\/\/www.zillions.nl\/de\/product\/leolux-scylla-laag-fauteuil-grijs-wit-zwart-gestreepte-stof\/","title":{"rendered":"Leolux Scylla Sessel mit niedrigem Armlehnenbezug, grau\/wei\u00df\/schwarz gestreifter Stoff"},"content":{"rendered":"<h5>Leolux Scylla Sessel mit niedriger R\u00fcckenlehne, grau\/wei\u00df\/schwarz gestreifter Stoff \u2013 Chrom, Design von Gerard Vollenbrock<\/h5>\n<p><a href=\"\/de\/merken\/leolux\/\">Leolux<\/a> Der Sessel Scylla mit niedriger R\u00fcckenlehne ist mit einem mehrfarbig gestreiften Stoff (grau, wei\u00df und schwarz) bezogen und verf\u00fcgt \u00fcber ein verchromtes Stahlrohrgestell, das sich hinter der R\u00fcckenlehne fortsetzt. Die Armlehnen sind mit schwarzem Leder bezogen und bilden einen stilvollen Kontrast zur Sitzfl\u00e4che. Entworfen von Gerard Vollenbrock, bietet dieser Sessel die perfekte Balance zwischen Komfort und elegantem Design und eignet sich ideal f\u00fcr moderne Interieurs. Der Sessel ist die Originalnummer 100% und tr\u00e4gt alle Echtheitsmerkmale.<\/p>\n<p><strong>Zustand:<\/strong> Ausstellungszustand; neuwertiger Zustand<\/p>\n<p><strong>Lieferung ab Lager<\/strong><\/p>\n<p><strong>Hinweis:<\/strong> Die angegebenen Preise verstehen sich pro St\u00fcck!<\/p>\n<p><strong>Spezifikationen:<\/strong><br \/>\n<strong>Sitz:<\/strong> Stoff, mehrfarbig gestreift; grau, wei\u00df, schwarz<br \/>\n<strong>Rahmen:<\/strong> Chrom<br \/>\n<strong>R\u00fcckenlehne:<\/strong> 43cm; niedriger R\u00fccken<br \/>\n<strong>H\u00f6he der Armlehne:<\/strong> 21 cm<br \/>\n<strong>Armlehnen:<\/strong> Schwarzes Leder<br \/>\n<strong>Sitzh\u00f6he:<\/strong> 43 cm<br \/>\n<strong>Sitzbreite:<\/strong> 55 cm<br \/>\n<strong>Sitztiefe:<\/strong> 55 cm<br \/>\n<strong>Volle H\u00f6he:<\/strong> 73 cm<br \/>\n<strong>Volle Breite:<\/strong> 74 cm<br \/>\n<strong>Volle Tiefe:<\/strong> 84 cm<\/p>\n<p>Bei Fragen oder zur Vereinbarung eines unverbindlichen Besichtigungstermins k\u00f6nnen Sie sich gerne an uns wenden. <a href=\"\/de\/\u201d\/contact\u201d\/\" target=\"\u201d_blank\u201d\">Kontakt<\/a> Kontaktieren Sie uns. Die Lieferung erfolgt \u00fcber unseren eigenen Lieferservice. Dieser Artikel l\u00e4sst sich einfach \u00fcber unseren Webshop bestellen. Hier finden Sie au\u00dferdem unser aktuelles Sortiment mit vielen weiteren Designartikeln.<\/p>\n<p><strong>Kontaktdaten (Besuch nach Vereinbarung):<\/strong><br \/>\nIndustrieweg 21<br \/>\n4131 NK Vianen<br \/>\ninfo@zillions.nl<br \/>\n030 20 72 146<\/p>","protected":false},"excerpt":{"rendered":"<p>Leolux Scylla fauteuil lage rug grijs\/wit\/zwart gestreepte stof \u2013 chroom, ontworpen door Gerard Vollenbrock Leolux Scylla fauteuil met lage rug uitgevoerd in meerkleurige gestreepte stof (grijs, wit en zwart) en een verchroomd stalen buisframe dat doorloopt achter de rugleuning. De armleuningen zijn bekleed met zwart leder, wat een stijlvol contrast geeft met de zitting. Ontworpen [&hellip;]<\/p>\n","protected":false},"featured_media":12929,"template":"","meta":{"_acf_changed":false},"product_brand":[225],"product_cat":[16,188],"product_tag":[325],"class_list":{"0":"post-12923","1":"product","2":"type-product","3":"status-publish","4":"has-post-thumbnail","6":"product_brand-leolux","7":"product_cat-alle-producten","8":"product_cat-fauteuils","9":"product_tag-leolux","10":"pa_brands-leolux","12":"first","13":"instock","14":"sale","15":"purchasable","16":"product-type-simple"},"acf":[],"yoast_head":"<!-- This site is optimized with the Yoast SEO plugin v27.5 - https:\/\/yoast.com\/product\/yoast-seo-wordpress\/ -->\n<title>Leolux Scylla Laag Fauteuil Grijs\/Wit\/Zwart Gestreepte Stof - Zillions: nieuw en gebruikt design meubilair en stoelen<\/title>\n<meta name=\"robots\" content=\"index, follow, max-snippet:-1, max-image-preview:large, max-video-preview:-1\" \/>\n<link rel=\"canonical\" href=\"https:\/\/www.zillions.nl\/de\/product\/leolux-scylla-laag-fauteuil-grijs-wit-zwart-gestreepte-stof\/\" \/>\n<meta property=\"og:locale\" content=\"de_DE\" \/>\n<meta property=\"og:type\" content=\"article\" \/>\n<meta property=\"og:title\" content=\"Leolux Scylla Laag Fauteuil Grijs\/Wit\/Zwart Gestreepte Stof - Zillions: nieuw en gebruikt design meubilair en stoelen\" \/>\n<meta property=\"og:description\" content=\"Leolux Scylla fauteuil lage rug grijs\/wit\/zwart gestreepte stof \u2013 chroom, ontworpen door Gerard Vollenbrock Leolux Scylla fauteuil met lage rug uitgevoerd in meerkleurige gestreepte stof (grijs, wit en zwart) en een verchroomd stalen buisframe dat doorloopt achter de rugleuning. De armleuningen zijn bekleed met zwart leder, wat een stijlvol contrast geeft met de zitting. Ontworpen [&hellip;]\" \/>\n<meta property=\"og:url\" content=\"https:\/\/www.zillions.nl\/de\/product\/leolux-scylla-laag-fauteuil-grijs-wit-zwart-gestreepte-stof\/\" \/>\n<meta property=\"og:site_name\" content=\"Zillions: nieuw en gebruikt design meubilair en stoelen\" \/>\n<meta property=\"article:modified_time\" content=\"2026-04-09T15:32:44+00:00\" \/>\n<meta property=\"og:image\" content=\"https:\/\/www.zillions.nl\/wp-content\/uploads\/2024\/12\/2x-Leolux-Scylla-Grijs_wit_zwart-gestreept-CAM00261.jpg\" \/>\n\t<meta property=\"og:image:width\" content=\"1080\" \/>\n\t<meta property=\"og:image:height\" content=\"1080\" \/>\n\t<meta property=\"og:image:type\" content=\"image\/jpeg\" \/>\n<meta name=\"twitter:card\" content=\"summary_large_image\" \/>\n<meta name=\"twitter:label1\" content=\"Est. reading time\" \/>\n\t<meta name=\"twitter:data1\" content=\"2 minutes\" \/>\n<script type=\"application\/ld+json\" class=\"yoast-schema-graph\">{\"@context\":\"https:\\\/\\\/schema.org\",\"@graph\":[{\"@type\":\"WebPage\",\"@id\":\"https:\\\/\\\/www.zillions.nl\\\/product\\\/leolux-scylla-laag-fauteuil-grijs-wit-zwart-gestreepte-stof\\\/\",\"url\":\"https:\\\/\\\/www.zillions.nl\\\/product\\\/leolux-scylla-laag-fauteuil-grijs-wit-zwart-gestreepte-stof\\\/\",\"name\":\"Leolux Scylla Laag Fauteuil Grijs\\\/Wit\\\/Zwart Gestreepte Stof - Zillions: nieuw en gebruikt design meubilair en stoelen\",\"isPartOf\":{\"@id\":\"https:\\\/\\\/www.zillions.nl\\\/de\\\/#website\"},\"primaryImageOfPage\":{\"@id\":\"https:\\\/\\\/www.zillions.nl\\\/product\\\/leolux-scylla-laag-fauteuil-grijs-wit-zwart-gestreepte-stof\\\/#primaryimage\"},\"image\":{\"@id\":\"https:\\\/\\\/www.zillions.nl\\\/product\\\/leolux-scylla-laag-fauteuil-grijs-wit-zwart-gestreepte-stof\\\/#primaryimage\"},\"thumbnailUrl\":\"https:\\\/\\\/www.zillions.nl\\\/wp-content\\\/uploads\\\/2024\\\/12\\\/2x-Leolux-Scylla-Grijs_wit_zwart-gestreept-CAM00261.jpg\",\"datePublished\":\"2024-12-11T11:04:34+00:00\",\"dateModified\":\"2026-04-09T15:32:44+00:00\",\"breadcrumb\":{\"@id\":\"https:\\\/\\\/www.zillions.nl\\\/product\\\/leolux-scylla-laag-fauteuil-grijs-wit-zwart-gestreepte-stof\\\/#breadcrumb\"},\"inLanguage\":\"de-DE\",\"potentialAction\":[{\"@type\":\"ReadAction\",\"target\":[\"https:\\\/\\\/www.zillions.nl\\\/product\\\/leolux-scylla-laag-fauteuil-grijs-wit-zwart-gestreepte-stof\\\/\"]}]},{\"@type\":\"ImageObject\",\"inLanguage\":\"de-DE\",\"@id\":\"https:\\\/\\\/www.zillions.nl\\\/product\\\/leolux-scylla-laag-fauteuil-grijs-wit-zwart-gestreepte-stof\\\/#primaryimage\",\"url\":\"https:\\\/\\\/www.zillions.nl\\\/wp-content\\\/uploads\\\/2024\\\/12\\\/2x-Leolux-Scylla-Grijs_wit_zwart-gestreept-CAM00261.jpg\",\"contentUrl\":\"https:\\\/\\\/www.zillions.nl\\\/wp-content\\\/uploads\\\/2024\\\/12\\\/2x-Leolux-Scylla-Grijs_wit_zwart-gestreept-CAM00261.jpg\",\"width\":1080,\"height\":1080},{\"@type\":\"BreadcrumbList\",\"@id\":\"https:\\\/\\\/www.zillions.nl\\\/product\\\/leolux-scylla-laag-fauteuil-grijs-wit-zwart-gestreepte-stof\\\/#breadcrumb\",\"itemListElement\":[{\"@type\":\"ListItem\",\"position\":1,\"name\":\"Home\",\"item\":\"https:\\\/\\\/www.zillions.nl\\\/\"},{\"@type\":\"ListItem\",\"position\":2,\"name\":\"Shop\",\"item\":\"https:\\\/\\\/www.zillions.nl\\\/shop\\\/\"},{\"@type\":\"ListItem\",\"position\":3,\"name\":\"Leolux Scylla Laag Fauteuil Grijs\\\/Wit\\\/Zwart Gestreepte Stof\"}]},{\"@type\":\"WebSite\",\"@id\":\"https:\\\/\\\/www.zillions.nl\\\/de\\\/#website\",\"url\":\"https:\\\/\\\/www.zillions.nl\\\/de\\\/\",\"name\":\"Zillions: nieuw en gebruikt design meubilair en stoelen\",\"description\":\"Welkom bij Zillions: Zillions is gespecialiseerd in nieuw en gebruikt design meubilair en stoelen.\",\"publisher\":{\"@id\":\"https:\\\/\\\/www.zillions.nl\\\/de\\\/#organization\"},\"potentialAction\":[{\"@type\":\"SearchAction\",\"target\":{\"@type\":\"EntryPoint\",\"urlTemplate\":\"https:\\\/\\\/www.zillions.nl\\\/de\\\/?s={search_term_string}\"},\"query-input\":{\"@type\":\"PropertyValueSpecification\",\"valueRequired\":true,\"valueName\":\"search_term_string\"}}],\"inLanguage\":\"de-DE\"},{\"@type\":\"Organization\",\"@id\":\"https:\\\/\\\/www.zillions.nl\\\/de\\\/#organization\",\"name\":\"Zillions: nieuw en gebruikt design meubilair en stoelen\",\"url\":\"https:\\\/\\\/www.zillions.nl\\\/de\\\/\",\"logo\":{\"@type\":\"ImageObject\",\"inLanguage\":\"de-DE\",\"@id\":\"https:\\\/\\\/www.zillions.nl\\\/de\\\/#\\\/schema\\\/logo\\\/image\\\/\",\"url\":\"https:\\\/\\\/www.zillions.nl\\\/wp-content\\\/uploads\\\/2022\\\/11\\\/zillions.svg\",\"contentUrl\":\"https:\\\/\\\/www.zillions.nl\\\/wp-content\\\/uploads\\\/2022\\\/11\\\/zillions.svg\",\"width\":208,\"height\":53,\"caption\":\"Zillions: nieuw en gebruikt design meubilair en stoelen\"},\"image\":{\"@id\":\"https:\\\/\\\/www.zillions.nl\\\/de\\\/#\\\/schema\\\/logo\\\/image\\\/\"}}]}<\/script>\n<!-- \/ Yoast SEO plugin. -->","yoast_head_json":{"title":"Leolux Scylla Sessel, niedrig, grau\/wei\u00df\/schwarz gestreifter Stoff \u2013 Zillions: neue und gebrauchte Designerm\u00f6bel und St\u00fchle","robots":{"index":"index","follow":"follow","max-snippet":"max-snippet:-1","max-image-preview":"max-image-preview:large","max-video-preview":"max-video-preview:-1"},"canonical":"https:\/\/www.zillions.nl\/de\/product\/leolux-scylla-laag-fauteuil-grijs-wit-zwart-gestreepte-stof\/","og_locale":"de_DE","og_type":"article","og_title":"Leolux Scylla Laag Fauteuil Grijs\/Wit\/Zwart Gestreepte Stof - Zillions: nieuw en gebruikt design meubilair en stoelen","og_description":"Leolux Scylla fauteuil lage rug grijs\/wit\/zwart gestreepte stof \u2013 chroom, ontworpen door Gerard Vollenbrock Leolux Scylla fauteuil met lage rug uitgevoerd in meerkleurige gestreepte stof (grijs, wit en zwart) en een verchroomd stalen buisframe dat doorloopt achter de rugleuning. De armleuningen zijn bekleed met zwart leder, wat een stijlvol contrast geeft met de zitting. Ontworpen [&hellip;]","og_url":"https:\/\/www.zillions.nl\/de\/product\/leolux-scylla-laag-fauteuil-grijs-wit-zwart-gestreepte-stof\/","og_site_name":"Zillions: nieuw en gebruikt design meubilair en stoelen","article_modified_time":"2026-04-09T15:32:44+00:00","og_image":[{"width":1080,"height":1080,"url":"https:\/\/www.zillions.nl\/wp-content\/uploads\/2024\/12\/2x-Leolux-Scylla-Grijs_wit_zwart-gestreept-CAM00261.jpg","type":"image\/jpeg"}],"twitter_card":"summary_large_image","twitter_misc":{"Est. reading time":"2 minutes"},"schema":{"@context":"https:\/\/schema.org","@graph":[{"@type":"WebPage","@id":"https:\/\/www.zillions.nl\/product\/leolux-scylla-laag-fauteuil-grijs-wit-zwart-gestreepte-stof\/","url":"https:\/\/www.zillions.nl\/product\/leolux-scylla-laag-fauteuil-grijs-wit-zwart-gestreepte-stof\/","name":"Leolux Scylla Sessel, niedrig, grau\/wei\u00df\/schwarz gestreifter Stoff \u2013 Zillions: neue und gebrauchte Designerm\u00f6bel und St\u00fchle","isPartOf":{"@id":"https:\/\/www.zillions.nl\/de\/#website"},"primaryImageOfPage":{"@id":"https:\/\/www.zillions.nl\/product\/leolux-scylla-laag-fauteuil-grijs-wit-zwart-gestreepte-stof\/#primaryimage"},"image":{"@id":"https:\/\/www.zillions.nl\/product\/leolux-scylla-laag-fauteuil-grijs-wit-zwart-gestreepte-stof\/#primaryimage"},"thumbnailUrl":"https:\/\/www.zillions.nl\/wp-content\/uploads\/2024\/12\/2x-Leolux-Scylla-Grijs_wit_zwart-gestreept-CAM00261.jpg","datePublished":"2024-12-11T11:04:34+00:00","dateModified":"2026-04-09T15:32:44+00:00","breadcrumb":{"@id":"https:\/\/www.zillions.nl\/product\/leolux-scylla-laag-fauteuil-grijs-wit-zwart-gestreepte-stof\/#breadcrumb"},"inLanguage":"de-DE","potentialAction":[{"@type":"ReadAction","target":["https:\/\/www.zillions.nl\/product\/leolux-scylla-laag-fauteuil-grijs-wit-zwart-gestreepte-stof\/"]}]},{"@type":"ImageObject","inLanguage":"de-DE","@id":"https:\/\/www.zillions.nl\/product\/leolux-scylla-laag-fauteuil-grijs-wit-zwart-gestreepte-stof\/#primaryimage","url":"https:\/\/www.zillions.nl\/wp-content\/uploads\/2024\/12\/2x-Leolux-Scylla-Grijs_wit_zwart-gestreept-CAM00261.jpg","contentUrl":"https:\/\/www.zillions.nl\/wp-content\/uploads\/2024\/12\/2x-Leolux-Scylla-Grijs_wit_zwart-gestreept-CAM00261.jpg","width":1080,"height":1080},{"@type":"BreadcrumbList","@id":"https:\/\/www.zillions.nl\/product\/leolux-scylla-laag-fauteuil-grijs-wit-zwart-gestreepte-stof\/#breadcrumb","itemListElement":[{"@type":"ListItem","position":1,"name":"Home","item":"https:\/\/www.zillions.nl\/"},{"@type":"ListItem","position":2,"name":"Shop","item":"https:\/\/www.zillions.nl\/shop\/"},{"@type":"ListItem","position":3,"name":"Leolux Scylla Laag Fauteuil Grijs\/Wit\/Zwart Gestreepte Stof"}]},{"@type":"WebSite","@id":"https:\/\/www.zillions.nl\/de\/#website","url":"https:\/\/www.zillions.nl\/de\/","name":"Zillionen: neue und gebrauchte Designerm\u00f6bel und St\u00fchle","description":"Willkommen bei Zillions: Zillions ist auf neue und gebrauchte Designm\u00f6bel und St\u00fchle spezialisiert.","publisher":{"@id":"https:\/\/www.zillions.nl\/de\/#organization"},"potentialAction":[{"@type":"SearchAction","target":{"@type":"EntryPoint","urlTemplate":"https:\/\/www.zillions.nl\/de\/?s={search_term_string}"},"query-input":{"@type":"PropertyValueSpecification","valueRequired":true,"valueName":"search_term_string"}}],"inLanguage":"de-DE"},{"@type":"Organization","@id":"https:\/\/www.zillions.nl\/de\/#organization","name":"Zillionen: neue und gebrauchte Designerm\u00f6bel und St\u00fchle","url":"https:\/\/www.zillions.nl\/de\/","logo":{"@type":"ImageObject","inLanguage":"de-DE","@id":"https:\/\/www.zillions.nl\/de\/#\/schema\/logo\/image\/","url":"https:\/\/www.zillions.nl\/wp-content\/uploads\/2022\/11\/zillions.svg","contentUrl":"https:\/\/www.zillions.nl\/wp-content\/uploads\/2022\/11\/zillions.svg","width":208,"height":53,"caption":"Zillions: nieuw en gebruikt design meubilair en stoelen"},"image":{"@id":"https:\/\/www.zillions.nl\/de\/#\/schema\/logo\/image\/"}}]}},"_links":{"self":[{"href":"https:\/\/www.zillions.nl\/de\/wp-json\/wp\/v2\/product\/12923","targetHints":{"allow":["GET"]}}],"collection":[{"href":"https:\/\/www.zillions.nl\/de\/wp-json\/wp\/v2\/product"}],"about":[{"href":"https:\/\/www.zillions.nl\/de\/wp-json\/wp\/v2\/types\/product"}],"wp:featuredmedia":[{"embeddable":true,"href":"https:\/\/www.zillions.nl\/de\/wp-json\/wp\/v2\/media\/12929"}],"wp:attachment":[{"href":"https:\/\/www.zillions.nl\/de\/wp-json\/wp\/v2\/media?parent=12923"}],"wp:term":[{"taxonomy":"product_brand","embeddable":true,"href":"https:\/\/www.zillions.nl\/de\/wp-json\/wp\/v2\/product_brand?post=12923"},{"taxonomy":"product_cat","embeddable":true,"href":"https:\/\/www.zillions.nl\/de\/wp-json\/wp\/v2\/product_cat?post=12923"},{"taxonomy":"product_tag","embeddable":true,"href":"https:\/\/www.zillions.nl\/de\/wp-json\/wp\/v2\/product_tag?post=12923"}],"curies":[{"name":"wp","href":"https:\/\/api.w.org\/{rel}","templated":true}]}}