{"id":12855,"date":"2024-12-07T12:19:36","date_gmt":"2024-12-07T11:19:36","guid":{"rendered":"https:\/\/www.zillions.nl\/?post_type=product&#038;p=12855"},"modified":"2026-01-15T13:28:34","modified_gmt":"2026-01-15T12:28:34","slug":"vitra-maarten-van-severen-03-stoel-rood-stapelbaar","status":"publish","type":"product","link":"https:\/\/www.zillions.nl\/de\/product\/vitra-maarten-van-severen-03-stoel-rood-stapelbaar\/","title":{"rendered":"Vitra Maarten van Severen .03 Stuhl Rot \u2013 Stapelbar"},"content":{"rendered":"<p>Vitra Maarten van Severen .03 Stuhl rot stapelbar<\/p>\n<p>Dieser stapelbare Stuhl Typ .03, entworfen von Maarten van Severen, ist in einem stilvollen Rot gehalten. Der Sessel besteht aus belastbarem Polyurethan-Schaum, der sich sanft dem K\u00f6rper anpasst und sich beim Zur\u00fccklehnen mit dem oberen Teil der R\u00fcckenlehne mitbewegt. Diese Kombination sorgt f\u00fcr ultimativen Sitzkomfort. Der Stuhl ist 100% Original und mit allen Authentizit\u00e4tsmerkmalen ausgestattet.<\/p>\n<p><strong>Zustand:<\/strong> Zustand im Ausstellungsraum; im Neuzustand<\/p>\n<p><strong>Lieferung ab Lager<\/strong><\/p>\n<p><strong>Hinweis: <\/strong>Die angezeigten Preise sind <u>pro St\u00fcck<\/u>!<\/p>\n<p>Spezifikationen:<br \/>\n<strong>Sitz:<\/strong> Schaum, rot<br \/>\n<strong>Rahmen:<\/strong> Aluminium, dunkelgrau<br \/>\n<strong>R\u00fcckenlehne:<\/strong> 37 cm<br \/>\n<strong>Sitzh\u00f6he:<\/strong> 42 cm<br \/>\n<strong>Sitzbreite:<\/strong> 38 cm<br \/>\n<strong>Sitztiefe:<\/strong> 45 cm<br \/>\n<strong>Volle H\u00f6he:<\/strong> 79 cm<br \/>\n<strong>Volle Breite: <\/strong>38 cm<br \/>\n<strong>Volle Tiefe: <\/strong>52,5 cm<br \/>\n<strong>Andere: <\/strong>stapelbar<\/p>\n<p>Wenn Sie Fragen haben oder einen unverbindlichen Besichtigungstermin vereinbaren m\u00f6chten, k\u00f6nnen Sie sich gerne an uns wenden. Lieferung durch unseren eigenen Lieferservice m\u00f6glich! Besuchen Sie unsere Website f\u00fcr viele weitere Designartikel!<\/p>\n<p><strong>Kontaktdaten (Besuch nach Vereinbarung):<\/strong><br \/>\nIndustrieweg 21<br \/>\n4131NK Vianen<br \/>\ninfo@zillions.nl<br \/>\n030 20 72 146<\/p>","protected":false},"excerpt":{"rendered":"<p>Vitra Maarten van Severen .03 stoel rood stapelbaar Deze stapelbare type .03 stoel, ontworpen door Maarten van Severen, is uitgevoerd in een stijlvolle rode kleur. De stoel is gemaakt van veerkrachtig polyurethaanschuim, dat zich subtiel aanpast aan het lichaam en meebeweegt met het bovenste deel van de rugleuning bij het achteroverleunen. Deze combinatie zorgt voor [&hellip;]<\/p>\n","protected":false},"featured_media":14250,"template":"","meta":{"_acf_changed":false},"product_brand":[202],"product_cat":[16,185],"product_tag":[322],"class_list":{"0":"post-12855","1":"product","2":"type-product","3":"status-publish","4":"has-post-thumbnail","6":"product_brand-vitra","7":"product_cat-alle-producten","8":"product_cat-stoelen","9":"product_tag-vitra","10":"pa_brands-vitra","12":"first","13":"instock","14":"purchasable","15":"product-type-simple"},"acf":[],"yoast_head":"<!-- This site is optimized with the Yoast SEO plugin v27.5 - https:\/\/yoast.com\/product\/yoast-seo-wordpress\/ -->\n<title>Vitra Maarten van Severen .03 Stoel Rood - Stapelbaar<\/title>\n<meta name=\"description\" content=\"Vitra Maarten van Severen .03 stoel rood stapelbaar | Eenvoudig te bestellen via onze webshop. Ontdek dit model en vele anderen in ons ruime assortiment!\" \/>\n<meta name=\"robots\" content=\"index, follow, max-snippet:-1, max-image-preview:large, max-video-preview:-1\" \/>\n<link rel=\"canonical\" href=\"https:\/\/www.zillions.nl\/de\/product\/vitra-maarten-van-severen-03-stoel-rood-stapelbaar\/\" \/>\n<meta property=\"og:locale\" content=\"de_DE\" \/>\n<meta property=\"og:type\" content=\"article\" \/>\n<meta property=\"og:title\" content=\"Vitra Maarten van Severen .03 Stoel Rood - Stapelbaar\" \/>\n<meta property=\"og:description\" content=\"Vitra Maarten van Severen .03 stoel rood stapelbaar | Eenvoudig te bestellen via onze webshop. Ontdek dit model en vele anderen in ons ruime assortiment!\" \/>\n<meta property=\"og:url\" content=\"https:\/\/www.zillions.nl\/de\/product\/vitra-maarten-van-severen-03-stoel-rood-stapelbaar\/\" \/>\n<meta property=\"og:site_name\" content=\"Zillions: nieuw en gebruikt design meubilair en stoelen\" \/>\n<meta property=\"article:modified_time\" content=\"2026-01-15T12:28:34+00:00\" \/>\n<meta property=\"og:image\" content=\"https:\/\/www.zillions.nl\/wp-content\/uploads\/2024\/12\/Vitra-.03-Maarten-van-Severen-Bordeaux-Rood-CAM01993.jpg\" \/>\n\t<meta property=\"og:image:width\" content=\"1080\" \/>\n\t<meta property=\"og:image:height\" content=\"1080\" \/>\n\t<meta property=\"og:image:type\" content=\"image\/jpeg\" \/>\n<meta name=\"twitter:card\" content=\"summary_large_image\" \/>\n<meta name=\"twitter:label1\" content=\"Est. reading time\" \/>\n\t<meta name=\"twitter:data1\" content=\"2 minutes\" \/>\n<script type=\"application\/ld+json\" class=\"yoast-schema-graph\">{\"@context\":\"https:\\\/\\\/schema.org\",\"@graph\":[{\"@type\":\"WebPage\",\"@id\":\"https:\\\/\\\/www.zillions.nl\\\/product\\\/vitra-maarten-van-severen-03-stoel-rood-stapelbaar\\\/\",\"url\":\"https:\\\/\\\/www.zillions.nl\\\/product\\\/vitra-maarten-van-severen-03-stoel-rood-stapelbaar\\\/\",\"name\":\"Vitra Maarten van Severen .03 Stoel Rood - Stapelbaar\",\"isPartOf\":{\"@id\":\"https:\\\/\\\/www.zillions.nl\\\/de\\\/#website\"},\"primaryImageOfPage\":{\"@id\":\"https:\\\/\\\/www.zillions.nl\\\/product\\\/vitra-maarten-van-severen-03-stoel-rood-stapelbaar\\\/#primaryimage\"},\"image\":{\"@id\":\"https:\\\/\\\/www.zillions.nl\\\/product\\\/vitra-maarten-van-severen-03-stoel-rood-stapelbaar\\\/#primaryimage\"},\"thumbnailUrl\":\"https:\\\/\\\/www.zillions.nl\\\/wp-content\\\/uploads\\\/2024\\\/12\\\/Vitra-.03-Maarten-van-Severen-Bordeaux-Rood-CAM01993.jpg\",\"datePublished\":\"2024-12-07T11:19:36+00:00\",\"dateModified\":\"2026-01-15T12:28:34+00:00\",\"description\":\"Vitra Maarten van Severen .03 stoel rood stapelbaar | Eenvoudig te bestellen via onze webshop. Ontdek dit model en vele anderen in ons ruime assortiment!\",\"breadcrumb\":{\"@id\":\"https:\\\/\\\/www.zillions.nl\\\/product\\\/vitra-maarten-van-severen-03-stoel-rood-stapelbaar\\\/#breadcrumb\"},\"inLanguage\":\"de-DE\",\"potentialAction\":[{\"@type\":\"ReadAction\",\"target\":[\"https:\\\/\\\/www.zillions.nl\\\/product\\\/vitra-maarten-van-severen-03-stoel-rood-stapelbaar\\\/\"]}]},{\"@type\":\"ImageObject\",\"inLanguage\":\"de-DE\",\"@id\":\"https:\\\/\\\/www.zillions.nl\\\/product\\\/vitra-maarten-van-severen-03-stoel-rood-stapelbaar\\\/#primaryimage\",\"url\":\"https:\\\/\\\/www.zillions.nl\\\/wp-content\\\/uploads\\\/2024\\\/12\\\/Vitra-.03-Maarten-van-Severen-Bordeaux-Rood-CAM01993.jpg\",\"contentUrl\":\"https:\\\/\\\/www.zillions.nl\\\/wp-content\\\/uploads\\\/2024\\\/12\\\/Vitra-.03-Maarten-van-Severen-Bordeaux-Rood-CAM01993.jpg\",\"width\":1080,\"height\":1080},{\"@type\":\"BreadcrumbList\",\"@id\":\"https:\\\/\\\/www.zillions.nl\\\/product\\\/vitra-maarten-van-severen-03-stoel-rood-stapelbaar\\\/#breadcrumb\",\"itemListElement\":[{\"@type\":\"ListItem\",\"position\":1,\"name\":\"Home\",\"item\":\"https:\\\/\\\/www.zillions.nl\\\/\"},{\"@type\":\"ListItem\",\"position\":2,\"name\":\"Shop\",\"item\":\"https:\\\/\\\/www.zillions.nl\\\/shop\\\/\"},{\"@type\":\"ListItem\",\"position\":3,\"name\":\"Vitra Maarten van Severen .03 Stoel Rood &#8211; Stapelbaar\"}]},{\"@type\":\"WebSite\",\"@id\":\"https:\\\/\\\/www.zillions.nl\\\/de\\\/#website\",\"url\":\"https:\\\/\\\/www.zillions.nl\\\/de\\\/\",\"name\":\"Zillions: nieuw en gebruikt design meubilair en stoelen\",\"description\":\"Welkom bij Zillions: Zillions is gespecialiseerd in nieuw en gebruikt design meubilair en stoelen.\",\"publisher\":{\"@id\":\"https:\\\/\\\/www.zillions.nl\\\/de\\\/#organization\"},\"potentialAction\":[{\"@type\":\"SearchAction\",\"target\":{\"@type\":\"EntryPoint\",\"urlTemplate\":\"https:\\\/\\\/www.zillions.nl\\\/de\\\/?s={search_term_string}\"},\"query-input\":{\"@type\":\"PropertyValueSpecification\",\"valueRequired\":true,\"valueName\":\"search_term_string\"}}],\"inLanguage\":\"de-DE\"},{\"@type\":\"Organization\",\"@id\":\"https:\\\/\\\/www.zillions.nl\\\/de\\\/#organization\",\"name\":\"Zillions: nieuw en gebruikt design meubilair en stoelen\",\"url\":\"https:\\\/\\\/www.zillions.nl\\\/de\\\/\",\"logo\":{\"@type\":\"ImageObject\",\"inLanguage\":\"de-DE\",\"@id\":\"https:\\\/\\\/www.zillions.nl\\\/de\\\/#\\\/schema\\\/logo\\\/image\\\/\",\"url\":\"https:\\\/\\\/www.zillions.nl\\\/wp-content\\\/uploads\\\/2022\\\/11\\\/zillions.svg\",\"contentUrl\":\"https:\\\/\\\/www.zillions.nl\\\/wp-content\\\/uploads\\\/2022\\\/11\\\/zillions.svg\",\"width\":208,\"height\":53,\"caption\":\"Zillions: nieuw en gebruikt design meubilair en stoelen\"},\"image\":{\"@id\":\"https:\\\/\\\/www.zillions.nl\\\/de\\\/#\\\/schema\\\/logo\\\/image\\\/\"}}]}<\/script>\n<!-- \/ Yoast SEO plugin. -->","yoast_head_json":{"title":"Vitra Maarten van Severen .03 Stuhl Rot \u2013 Stapelbar","description":"Vitra Maarten van Severen .03 Stuhl, rot, stapelbar | Bestellen Sie bequem in unserem Webshop. Entdecken Sie dieses und viele weitere Modelle aus unserem umfangreichen Sortiment!","robots":{"index":"index","follow":"follow","max-snippet":"max-snippet:-1","max-image-preview":"max-image-preview:large","max-video-preview":"max-video-preview:-1"},"canonical":"https:\/\/www.zillions.nl\/de\/product\/vitra-maarten-van-severen-03-stoel-rood-stapelbaar\/","og_locale":"de_DE","og_type":"article","og_title":"Vitra Maarten van Severen .03 Stoel Rood - Stapelbaar","og_description":"Vitra Maarten van Severen .03 stoel rood stapelbaar | Eenvoudig te bestellen via onze webshop. Ontdek dit model en vele anderen in ons ruime assortiment!","og_url":"https:\/\/www.zillions.nl\/de\/product\/vitra-maarten-van-severen-03-stoel-rood-stapelbaar\/","og_site_name":"Zillions: nieuw en gebruikt design meubilair en stoelen","article_modified_time":"2026-01-15T12:28:34+00:00","og_image":[{"width":1080,"height":1080,"url":"https:\/\/www.zillions.nl\/wp-content\/uploads\/2024\/12\/Vitra-.03-Maarten-van-Severen-Bordeaux-Rood-CAM01993.jpg","type":"image\/jpeg"}],"twitter_card":"summary_large_image","twitter_misc":{"Est. reading time":"2 minutes"},"schema":{"@context":"https:\/\/schema.org","@graph":[{"@type":"WebPage","@id":"https:\/\/www.zillions.nl\/product\/vitra-maarten-van-severen-03-stoel-rood-stapelbaar\/","url":"https:\/\/www.zillions.nl\/product\/vitra-maarten-van-severen-03-stoel-rood-stapelbaar\/","name":"Vitra Maarten van Severen .03 Stuhl Rot \u2013 Stapelbar","isPartOf":{"@id":"https:\/\/www.zillions.nl\/de\/#website"},"primaryImageOfPage":{"@id":"https:\/\/www.zillions.nl\/product\/vitra-maarten-van-severen-03-stoel-rood-stapelbaar\/#primaryimage"},"image":{"@id":"https:\/\/www.zillions.nl\/product\/vitra-maarten-van-severen-03-stoel-rood-stapelbaar\/#primaryimage"},"thumbnailUrl":"https:\/\/www.zillions.nl\/wp-content\/uploads\/2024\/12\/Vitra-.03-Maarten-van-Severen-Bordeaux-Rood-CAM01993.jpg","datePublished":"2024-12-07T11:19:36+00:00","dateModified":"2026-01-15T12:28:34+00:00","description":"Vitra Maarten van Severen .03 Stuhl, rot, stapelbar | Bestellen Sie bequem in unserem Webshop. Entdecken Sie dieses und viele weitere Modelle aus unserem umfangreichen Sortiment!","breadcrumb":{"@id":"https:\/\/www.zillions.nl\/product\/vitra-maarten-van-severen-03-stoel-rood-stapelbaar\/#breadcrumb"},"inLanguage":"de-DE","potentialAction":[{"@type":"ReadAction","target":["https:\/\/www.zillions.nl\/product\/vitra-maarten-van-severen-03-stoel-rood-stapelbaar\/"]}]},{"@type":"ImageObject","inLanguage":"de-DE","@id":"https:\/\/www.zillions.nl\/product\/vitra-maarten-van-severen-03-stoel-rood-stapelbaar\/#primaryimage","url":"https:\/\/www.zillions.nl\/wp-content\/uploads\/2024\/12\/Vitra-.03-Maarten-van-Severen-Bordeaux-Rood-CAM01993.jpg","contentUrl":"https:\/\/www.zillions.nl\/wp-content\/uploads\/2024\/12\/Vitra-.03-Maarten-van-Severen-Bordeaux-Rood-CAM01993.jpg","width":1080,"height":1080},{"@type":"BreadcrumbList","@id":"https:\/\/www.zillions.nl\/product\/vitra-maarten-van-severen-03-stoel-rood-stapelbaar\/#breadcrumb","itemListElement":[{"@type":"ListItem","position":1,"name":"Home","item":"https:\/\/www.zillions.nl\/"},{"@type":"ListItem","position":2,"name":"Shop","item":"https:\/\/www.zillions.nl\/shop\/"},{"@type":"ListItem","position":3,"name":"Vitra Maarten van Severen .03 Stoel Rood &#8211; Stapelbaar"}]},{"@type":"WebSite","@id":"https:\/\/www.zillions.nl\/de\/#website","url":"https:\/\/www.zillions.nl\/de\/","name":"Zillionen: neue und gebrauchte Designerm\u00f6bel und St\u00fchle","description":"Willkommen bei Zillions: Zillions ist auf neue und gebrauchte Designm\u00f6bel und St\u00fchle spezialisiert.","publisher":{"@id":"https:\/\/www.zillions.nl\/de\/#organization"},"potentialAction":[{"@type":"SearchAction","target":{"@type":"EntryPoint","urlTemplate":"https:\/\/www.zillions.nl\/de\/?s={search_term_string}"},"query-input":{"@type":"PropertyValueSpecification","valueRequired":true,"valueName":"search_term_string"}}],"inLanguage":"de-DE"},{"@type":"Organization","@id":"https:\/\/www.zillions.nl\/de\/#organization","name":"Zillionen: neue und gebrauchte Designerm\u00f6bel und St\u00fchle","url":"https:\/\/www.zillions.nl\/de\/","logo":{"@type":"ImageObject","inLanguage":"de-DE","@id":"https:\/\/www.zillions.nl\/de\/#\/schema\/logo\/image\/","url":"https:\/\/www.zillions.nl\/wp-content\/uploads\/2022\/11\/zillions.svg","contentUrl":"https:\/\/www.zillions.nl\/wp-content\/uploads\/2022\/11\/zillions.svg","width":208,"height":53,"caption":"Zillions: nieuw en gebruikt design meubilair en stoelen"},"image":{"@id":"https:\/\/www.zillions.nl\/de\/#\/schema\/logo\/image\/"}}]}},"_links":{"self":[{"href":"https:\/\/www.zillions.nl\/de\/wp-json\/wp\/v2\/product\/12855","targetHints":{"allow":["GET"]}}],"collection":[{"href":"https:\/\/www.zillions.nl\/de\/wp-json\/wp\/v2\/product"}],"about":[{"href":"https:\/\/www.zillions.nl\/de\/wp-json\/wp\/v2\/types\/product"}],"wp:featuredmedia":[{"embeddable":true,"href":"https:\/\/www.zillions.nl\/de\/wp-json\/wp\/v2\/media\/14250"}],"wp:attachment":[{"href":"https:\/\/www.zillions.nl\/de\/wp-json\/wp\/v2\/media?parent=12855"}],"wp:term":[{"taxonomy":"product_brand","embeddable":true,"href":"https:\/\/www.zillions.nl\/de\/wp-json\/wp\/v2\/product_brand?post=12855"},{"taxonomy":"product_cat","embeddable":true,"href":"https:\/\/www.zillions.nl\/de\/wp-json\/wp\/v2\/product_cat?post=12855"},{"taxonomy":"product_tag","embeddable":true,"href":"https:\/\/www.zillions.nl\/de\/wp-json\/wp\/v2\/product_tag?post=12855"}],"curies":[{"name":"wp","href":"https:\/\/api.w.org\/{rel}","templated":true}]}}