{"id":12830,"date":"2024-12-06T13:44:48","date_gmt":"2024-12-06T12:44:48","guid":{"rendered":"https:\/\/www.zillions.nl\/?post_type=product&#038;p=12830"},"modified":"2025-07-25T09:15:41","modified_gmt":"2025-07-25T07:15:41","slug":"vitra-hella-jongerius-poldersofa-xs-antraciet-mix","status":"publish","type":"product","link":"https:\/\/www.zillions.nl\/de\/product\/vitra-hella-jongerius-poldersofa-xs-antraciet-mix\/","title":{"rendered":"Vitra Hella Jongerius Poldersofa XS \u2013 Anthrazit Mix"},"content":{"rendered":"<p>Vitra Hella Jongerius Polder Sofa XS \u2013 anthrazit mix<\/p>\n<p>Dieses Polder Sofa von Vitra, entworfen von Hella Jongerius, ist mit Kissen in verschiedenen Anthrazit-Stofft\u00f6nen und einem Holzrahmen ausgestattet. Die asymmetrischen Formen und charmanten Details, wie beispielsweise die Holzknoten, verleihen diesem M\u00f6belst\u00fcck eine einzigartige Optik. Dank des Holzrahmens und der hochwertigen Kissen mit interaktiven Taschenfedern bietet das Polder Sofa hervorragenden Sitzkomfort. Durch die Kombination aus Komfort und markantem Design eignet sich das Sofa hervorragend f\u00fcr eine Inneneinrichtung, in der Funktionalit\u00e4t und Stil zusammenkommen. Das Polder Sofa ist ein 100%-Original und verf\u00fcgt \u00fcber alle Echtheitsmerkmale.<\/p>\n<p><strong>Zustand:<\/strong> Zustand im Ausstellungsraum; im Neuzustand<\/p>\n<p><strong>Lieferung ab Lager<\/strong><\/p>\n<p><strong>Hinweis: <\/strong>Die angezeigten Preise sind\u00a0<u>pro St\u00fcck<\/u>!<\/p>\n<p>Spezifikationen:<br \/>\n<strong>Sitz:<\/strong>\u00a0Stoff, Anthrazit-Mix; anthrazit, dunkelgrau, schwarz<br \/>\n<strong>Rahmen:<\/strong>\u00a0Holz<br \/>\n<strong>R\u00fcckenlehne:<\/strong>\u00a032 &amp; 38 cm hoch<br \/>\n<strong>Armlehne:<\/strong>\u00a015 cm hoch; Rechts<br \/>\n<strong>Sitzh\u00f6he:<\/strong>\u00a040 cm<br \/>\n<strong>Sitzbreite:<\/strong>\u00a0148 cm<br \/>\n<strong>Sitztiefe:\u00a0<\/strong>60 cm<br \/>\n<strong>Volle H\u00f6he:<\/strong>\u00a078 cm<br \/>\n<strong>Volle Breite:<\/strong>\u00a0226 cm<br \/>\n<strong>Volle Tiefe:\u00a0<\/strong>96 cm<\/p>\n<p>Wenn Sie Fragen haben oder einen unverbindlichen Besichtigungstermin vereinbaren m\u00f6chten, k\u00f6nnen Sie sich gerne an uns wenden. Lieferung durch unseren eigenen Lieferservice m\u00f6glich! Besuchen Sie unsere Website f\u00fcr viele weitere Designartikel!<\/p>\n<p><strong>Kontaktdaten (Besuch nach Vereinbarung):<\/strong><br \/>\nIndustrieweg 21<br \/>\n4131NK Vianen<br \/>\ninfo@zillions.nl<br \/>\n030 20 72 146<\/p>","protected":false},"excerpt":{"rendered":"<p>Vitra Hella Jongerius Poldersofa XS &#8211; antraciet mix Deze Polder Sofa van Vitra, ontworpen door Hella Jongerius, is uitgevoerd met kussens in verschillende tinten antraciet stof en een houten frame. De asymmetrische vormen en charmante details, zoals de knopen van hout, geven dit meubelstuk een unieke uitstraling. Dankzij het houten frame en de hoogwaardige kussens [&hellip;]<\/p>\n","protected":false},"featured_media":14931,"template":"","meta":{"_acf_changed":false},"product_brand":[202],"product_cat":[16,189],"product_tag":[322],"class_list":{"0":"post-12830","1":"product","2":"type-product","3":"status-publish","4":"has-post-thumbnail","6":"product_brand-vitra","7":"product_cat-alle-producten","8":"product_cat-banken","9":"product_tag-vitra","10":"pa_brands-vitra","12":"first","13":"instock","14":"sale","15":"purchasable","16":"product-type-simple"},"acf":[],"yoast_head":"<!-- This site is optimized with the Yoast SEO plugin v27.5 - https:\/\/yoast.com\/product\/yoast-seo-wordpress\/ -->\n<title>Vitra Hella Jongerius Poldersofa XS - Antraciet Mix - Zillions: nieuw en gebruikt design meubilair en stoelen<\/title>\n<meta name=\"robots\" content=\"index, follow, max-snippet:-1, max-image-preview:large, max-video-preview:-1\" \/>\n<link rel=\"canonical\" href=\"https:\/\/www.zillions.nl\/de\/product\/vitra-hella-jongerius-poldersofa-xs-antraciet-mix\/\" \/>\n<meta property=\"og:locale\" content=\"de_DE\" \/>\n<meta property=\"og:type\" content=\"article\" \/>\n<meta property=\"og:title\" content=\"Vitra Hella Jongerius Poldersofa XS - Antraciet Mix - Zillions: nieuw en gebruikt design meubilair en stoelen\" \/>\n<meta property=\"og:description\" content=\"Vitra Hella Jongerius Poldersofa XS &#8211; antraciet mix Deze Polder Sofa van Vitra, ontworpen door Hella Jongerius, is uitgevoerd met kussens in verschillende tinten antraciet stof en een houten frame. De asymmetrische vormen en charmante details, zoals de knopen van hout, geven dit meubelstuk een unieke uitstraling. Dankzij het houten frame en de hoogwaardige kussens [&hellip;]\" \/>\n<meta property=\"og:url\" content=\"https:\/\/www.zillions.nl\/de\/product\/vitra-hella-jongerius-poldersofa-xs-antraciet-mix\/\" \/>\n<meta property=\"og:site_name\" content=\"Zillions: nieuw en gebruikt design meubilair en stoelen\" \/>\n<meta property=\"article:modified_time\" content=\"2025-07-25T07:15:41+00:00\" \/>\n<meta property=\"og:image\" content=\"https:\/\/www.zillions.nl\/wp-content\/uploads\/2024\/12\/Vitra-Hella-Jongerius-Poldersofa-XS-Zwart-stof-mix-CAM02772.jpg\" \/>\n\t<meta property=\"og:image:width\" content=\"1080\" \/>\n\t<meta property=\"og:image:height\" content=\"1080\" \/>\n\t<meta property=\"og:image:type\" content=\"image\/jpeg\" \/>\n<meta name=\"twitter:card\" content=\"summary_large_image\" \/>\n<meta name=\"twitter:label1\" content=\"Est. reading time\" \/>\n\t<meta name=\"twitter:data1\" content=\"2 minutes\" \/>\n<script type=\"application\/ld+json\" class=\"yoast-schema-graph\">{\"@context\":\"https:\\\/\\\/schema.org\",\"@graph\":[{\"@type\":\"WebPage\",\"@id\":\"https:\\\/\\\/www.zillions.nl\\\/product\\\/vitra-hella-jongerius-poldersofa-xs-antraciet-mix\\\/\",\"url\":\"https:\\\/\\\/www.zillions.nl\\\/product\\\/vitra-hella-jongerius-poldersofa-xs-antraciet-mix\\\/\",\"name\":\"Vitra Hella Jongerius Poldersofa XS - Antraciet Mix - Zillions: nieuw en gebruikt design meubilair en stoelen\",\"isPartOf\":{\"@id\":\"https:\\\/\\\/www.zillions.nl\\\/de\\\/#website\"},\"primaryImageOfPage\":{\"@id\":\"https:\\\/\\\/www.zillions.nl\\\/product\\\/vitra-hella-jongerius-poldersofa-xs-antraciet-mix\\\/#primaryimage\"},\"image\":{\"@id\":\"https:\\\/\\\/www.zillions.nl\\\/product\\\/vitra-hella-jongerius-poldersofa-xs-antraciet-mix\\\/#primaryimage\"},\"thumbnailUrl\":\"https:\\\/\\\/www.zillions.nl\\\/wp-content\\\/uploads\\\/2024\\\/12\\\/Vitra-Hella-Jongerius-Poldersofa-XS-Zwart-stof-mix-CAM02772.jpg\",\"datePublished\":\"2024-12-06T12:44:48+00:00\",\"dateModified\":\"2025-07-25T07:15:41+00:00\",\"breadcrumb\":{\"@id\":\"https:\\\/\\\/www.zillions.nl\\\/product\\\/vitra-hella-jongerius-poldersofa-xs-antraciet-mix\\\/#breadcrumb\"},\"inLanguage\":\"de-DE\",\"potentialAction\":[{\"@type\":\"ReadAction\",\"target\":[\"https:\\\/\\\/www.zillions.nl\\\/product\\\/vitra-hella-jongerius-poldersofa-xs-antraciet-mix\\\/\"]}]},{\"@type\":\"ImageObject\",\"inLanguage\":\"de-DE\",\"@id\":\"https:\\\/\\\/www.zillions.nl\\\/product\\\/vitra-hella-jongerius-poldersofa-xs-antraciet-mix\\\/#primaryimage\",\"url\":\"https:\\\/\\\/www.zillions.nl\\\/wp-content\\\/uploads\\\/2024\\\/12\\\/Vitra-Hella-Jongerius-Poldersofa-XS-Zwart-stof-mix-CAM02772.jpg\",\"contentUrl\":\"https:\\\/\\\/www.zillions.nl\\\/wp-content\\\/uploads\\\/2024\\\/12\\\/Vitra-Hella-Jongerius-Poldersofa-XS-Zwart-stof-mix-CAM02772.jpg\",\"width\":1080,\"height\":1080},{\"@type\":\"BreadcrumbList\",\"@id\":\"https:\\\/\\\/www.zillions.nl\\\/product\\\/vitra-hella-jongerius-poldersofa-xs-antraciet-mix\\\/#breadcrumb\",\"itemListElement\":[{\"@type\":\"ListItem\",\"position\":1,\"name\":\"Home\",\"item\":\"https:\\\/\\\/www.zillions.nl\\\/\"},{\"@type\":\"ListItem\",\"position\":2,\"name\":\"Shop\",\"item\":\"https:\\\/\\\/www.zillions.nl\\\/shop\\\/\"},{\"@type\":\"ListItem\",\"position\":3,\"name\":\"Vitra Hella Jongerius Poldersofa XS &#8211; Antraciet Mix\"}]},{\"@type\":\"WebSite\",\"@id\":\"https:\\\/\\\/www.zillions.nl\\\/de\\\/#website\",\"url\":\"https:\\\/\\\/www.zillions.nl\\\/de\\\/\",\"name\":\"Zillions: nieuw en gebruikt design meubilair en stoelen\",\"description\":\"Welkom bij Zillions: Zillions is gespecialiseerd in nieuw en gebruikt design meubilair en stoelen.\",\"publisher\":{\"@id\":\"https:\\\/\\\/www.zillions.nl\\\/de\\\/#organization\"},\"potentialAction\":[{\"@type\":\"SearchAction\",\"target\":{\"@type\":\"EntryPoint\",\"urlTemplate\":\"https:\\\/\\\/www.zillions.nl\\\/de\\\/?s={search_term_string}\"},\"query-input\":{\"@type\":\"PropertyValueSpecification\",\"valueRequired\":true,\"valueName\":\"search_term_string\"}}],\"inLanguage\":\"de-DE\"},{\"@type\":\"Organization\",\"@id\":\"https:\\\/\\\/www.zillions.nl\\\/de\\\/#organization\",\"name\":\"Zillions: nieuw en gebruikt design meubilair en stoelen\",\"url\":\"https:\\\/\\\/www.zillions.nl\\\/de\\\/\",\"logo\":{\"@type\":\"ImageObject\",\"inLanguage\":\"de-DE\",\"@id\":\"https:\\\/\\\/www.zillions.nl\\\/de\\\/#\\\/schema\\\/logo\\\/image\\\/\",\"url\":\"https:\\\/\\\/www.zillions.nl\\\/wp-content\\\/uploads\\\/2022\\\/11\\\/zillions.svg\",\"contentUrl\":\"https:\\\/\\\/www.zillions.nl\\\/wp-content\\\/uploads\\\/2022\\\/11\\\/zillions.svg\",\"width\":208,\"height\":53,\"caption\":\"Zillions: nieuw en gebruikt design meubilair en stoelen\"},\"image\":{\"@id\":\"https:\\\/\\\/www.zillions.nl\\\/de\\\/#\\\/schema\\\/logo\\\/image\\\/\"}}]}<\/script>\n<!-- \/ Yoast SEO plugin. -->","yoast_head_json":{"title":"Vitra Hella Jongerius Poldersofa XS \u2013 Anthrazit-Mix \u2013 Zillions: Neue und gebrauchte Designm\u00f6bel und St\u00fchle","robots":{"index":"index","follow":"follow","max-snippet":"max-snippet:-1","max-image-preview":"max-image-preview:large","max-video-preview":"max-video-preview:-1"},"canonical":"https:\/\/www.zillions.nl\/de\/product\/vitra-hella-jongerius-poldersofa-xs-antraciet-mix\/","og_locale":"de_DE","og_type":"article","og_title":"Vitra Hella Jongerius Poldersofa XS - Antraciet Mix - Zillions: nieuw en gebruikt design meubilair en stoelen","og_description":"Vitra Hella Jongerius Poldersofa XS &#8211; antraciet mix Deze Polder Sofa van Vitra, ontworpen door Hella Jongerius, is uitgevoerd met kussens in verschillende tinten antraciet stof en een houten frame. De asymmetrische vormen en charmante details, zoals de knopen van hout, geven dit meubelstuk een unieke uitstraling. Dankzij het houten frame en de hoogwaardige kussens [&hellip;]","og_url":"https:\/\/www.zillions.nl\/de\/product\/vitra-hella-jongerius-poldersofa-xs-antraciet-mix\/","og_site_name":"Zillions: nieuw en gebruikt design meubilair en stoelen","article_modified_time":"2025-07-25T07:15:41+00:00","og_image":[{"width":1080,"height":1080,"url":"https:\/\/www.zillions.nl\/wp-content\/uploads\/2024\/12\/Vitra-Hella-Jongerius-Poldersofa-XS-Zwart-stof-mix-CAM02772.jpg","type":"image\/jpeg"}],"twitter_card":"summary_large_image","twitter_misc":{"Est. reading time":"2 minutes"},"schema":{"@context":"https:\/\/schema.org","@graph":[{"@type":"WebPage","@id":"https:\/\/www.zillions.nl\/product\/vitra-hella-jongerius-poldersofa-xs-antraciet-mix\/","url":"https:\/\/www.zillions.nl\/product\/vitra-hella-jongerius-poldersofa-xs-antraciet-mix\/","name":"Vitra Hella Jongerius Poldersofa XS \u2013 Anthrazit-Mix \u2013 Zillions: Neue und gebrauchte Designm\u00f6bel und St\u00fchle","isPartOf":{"@id":"https:\/\/www.zillions.nl\/de\/#website"},"primaryImageOfPage":{"@id":"https:\/\/www.zillions.nl\/product\/vitra-hella-jongerius-poldersofa-xs-antraciet-mix\/#primaryimage"},"image":{"@id":"https:\/\/www.zillions.nl\/product\/vitra-hella-jongerius-poldersofa-xs-antraciet-mix\/#primaryimage"},"thumbnailUrl":"https:\/\/www.zillions.nl\/wp-content\/uploads\/2024\/12\/Vitra-Hella-Jongerius-Poldersofa-XS-Zwart-stof-mix-CAM02772.jpg","datePublished":"2024-12-06T12:44:48+00:00","dateModified":"2025-07-25T07:15:41+00:00","breadcrumb":{"@id":"https:\/\/www.zillions.nl\/product\/vitra-hella-jongerius-poldersofa-xs-antraciet-mix\/#breadcrumb"},"inLanguage":"de-DE","potentialAction":[{"@type":"ReadAction","target":["https:\/\/www.zillions.nl\/product\/vitra-hella-jongerius-poldersofa-xs-antraciet-mix\/"]}]},{"@type":"ImageObject","inLanguage":"de-DE","@id":"https:\/\/www.zillions.nl\/product\/vitra-hella-jongerius-poldersofa-xs-antraciet-mix\/#primaryimage","url":"https:\/\/www.zillions.nl\/wp-content\/uploads\/2024\/12\/Vitra-Hella-Jongerius-Poldersofa-XS-Zwart-stof-mix-CAM02772.jpg","contentUrl":"https:\/\/www.zillions.nl\/wp-content\/uploads\/2024\/12\/Vitra-Hella-Jongerius-Poldersofa-XS-Zwart-stof-mix-CAM02772.jpg","width":1080,"height":1080},{"@type":"BreadcrumbList","@id":"https:\/\/www.zillions.nl\/product\/vitra-hella-jongerius-poldersofa-xs-antraciet-mix\/#breadcrumb","itemListElement":[{"@type":"ListItem","position":1,"name":"Home","item":"https:\/\/www.zillions.nl\/"},{"@type":"ListItem","position":2,"name":"Shop","item":"https:\/\/www.zillions.nl\/shop\/"},{"@type":"ListItem","position":3,"name":"Vitra Hella Jongerius Poldersofa XS &#8211; Antraciet Mix"}]},{"@type":"WebSite","@id":"https:\/\/www.zillions.nl\/de\/#website","url":"https:\/\/www.zillions.nl\/de\/","name":"Zillionen: neue und gebrauchte Designerm\u00f6bel und St\u00fchle","description":"Willkommen bei Zillions: Zillions ist auf neue und gebrauchte Designm\u00f6bel und St\u00fchle spezialisiert.","publisher":{"@id":"https:\/\/www.zillions.nl\/de\/#organization"},"potentialAction":[{"@type":"SearchAction","target":{"@type":"EntryPoint","urlTemplate":"https:\/\/www.zillions.nl\/de\/?s={search_term_string}"},"query-input":{"@type":"PropertyValueSpecification","valueRequired":true,"valueName":"search_term_string"}}],"inLanguage":"de-DE"},{"@type":"Organization","@id":"https:\/\/www.zillions.nl\/de\/#organization","name":"Zillionen: neue und gebrauchte Designerm\u00f6bel und St\u00fchle","url":"https:\/\/www.zillions.nl\/de\/","logo":{"@type":"ImageObject","inLanguage":"de-DE","@id":"https:\/\/www.zillions.nl\/de\/#\/schema\/logo\/image\/","url":"https:\/\/www.zillions.nl\/wp-content\/uploads\/2022\/11\/zillions.svg","contentUrl":"https:\/\/www.zillions.nl\/wp-content\/uploads\/2022\/11\/zillions.svg","width":208,"height":53,"caption":"Zillions: nieuw en gebruikt design meubilair en stoelen"},"image":{"@id":"https:\/\/www.zillions.nl\/de\/#\/schema\/logo\/image\/"}}]}},"_links":{"self":[{"href":"https:\/\/www.zillions.nl\/de\/wp-json\/wp\/v2\/product\/12830","targetHints":{"allow":["GET"]}}],"collection":[{"href":"https:\/\/www.zillions.nl\/de\/wp-json\/wp\/v2\/product"}],"about":[{"href":"https:\/\/www.zillions.nl\/de\/wp-json\/wp\/v2\/types\/product"}],"wp:featuredmedia":[{"embeddable":true,"href":"https:\/\/www.zillions.nl\/de\/wp-json\/wp\/v2\/media\/14931"}],"wp:attachment":[{"href":"https:\/\/www.zillions.nl\/de\/wp-json\/wp\/v2\/media?parent=12830"}],"wp:term":[{"taxonomy":"product_brand","embeddable":true,"href":"https:\/\/www.zillions.nl\/de\/wp-json\/wp\/v2\/product_brand?post=12830"},{"taxonomy":"product_cat","embeddable":true,"href":"https:\/\/www.zillions.nl\/de\/wp-json\/wp\/v2\/product_cat?post=12830"},{"taxonomy":"product_tag","embeddable":true,"href":"https:\/\/www.zillions.nl\/de\/wp-json\/wp\/v2\/product_tag?post=12830"}],"curies":[{"name":"wp","href":"https:\/\/api.w.org\/{rel}","templated":true}]}}