{"id":12589,"date":"2024-11-23T12:03:06","date_gmt":"2024-11-23T11:03:06","guid":{"rendered":"https:\/\/www.zillions.nl\/?post_type=product&#038;p=12589"},"modified":"2025-09-25T14:53:03","modified_gmt":"2025-09-25T12:53:03","slug":"leolux-scylla-fauteuil-antraciet-grijs-stof","status":"publish","type":"product","link":"https:\/\/www.zillions.nl\/de\/product\/leolux-scylla-fauteuil-antraciet-grijs-stof\/","title":{"rendered":"Leolux Scylla Sessel Anthrazit\/Grau \u2013 Stoff"},"content":{"rendered":"<p>Leolux Scylla Anthrazitgrauer Stoff<\/p>\n<p>Seiten und Armlehnen: aus Leder.<br \/>\nBeine und R\u00fcckenrohr: Chrom<\/p>\n<p>Zustand im Ausstellungsraum; im Neuzustand<br \/>\n100% Original<br \/>\nDesign: Gerard Vollenbrock<\/p>\n<p>Preis pro St\u00fcck: 995 \u20ac<\/p>\n<p>Abmessungen Scylla niedrige R\u00fcckenlehne:<br \/>\nTiefe: 84 cm<br \/>\nH\u00f6he: 73 cm<br \/>\nBreite: 74 cm<br \/>\nArmh\u00f6he: 21 cm<br \/>\nSitzh\u00f6he: 43 cm<br \/>\nSitzbreite: 55 cm<br \/>\nSitztiefe: 55 cm<br \/>\nR\u00fcckenh\u00f6he: 43 cm<\/p>\n<p>Wenn Sie Fragen haben oder einen unverbindlichen Besichtigungstermin vereinbaren m\u00f6chten, k\u00f6nnen Sie sich gerne an uns wenden. Lieferung durch unseren eigenen Lieferservice m\u00f6glich! Besuchen Sie unsere Website f\u00fcr viele weitere Designartikel!<\/p>\n<p><strong>Kontaktdaten (Besuch nach Vereinbarung):<\/strong><br \/>\nIndustrieweg 21<br \/>\n4131NK Vianen<br \/>\ninfo@zillions.nl<br \/>\n030 20 72 146<\/p>","protected":false},"excerpt":{"rendered":"<p>Leolux Scylla Antraciet grijze stof Zijkanten en armleggers: uitgevoerd in leder. Poten en rugbuis: chroom Showroomconditie; verkerend in nieuwstaat 100% origineel Ontwerp: Gerard Vollenbrock Prijs per stuk: \u20ac995,- Afmetingen Scylla lage rug: Diepte: 84\u00a0cm Hoogte: 73\u00a0cm Breedte: 74\u00a0cm Armhoogte: 21\u00a0cm Zithoogte: 43\u00a0cm Zitbreedte: 55\u00a0cm Zitdiepte: 55\u00a0cm Rughoogte: 43\u00a0cm Voor vragen of het vrijblijvend maken van [&hellip;]<\/p>\n","protected":false},"featured_media":18711,"template":"","meta":{"_acf_changed":false},"product_brand":[225],"product_cat":[16,188],"product_tag":[325],"class_list":{"0":"post-12589","1":"product","2":"type-product","3":"status-publish","4":"has-post-thumbnail","6":"product_brand-leolux","7":"product_cat-alle-producten","8":"product_cat-fauteuils","9":"product_tag-leolux","10":"pa_brands-leolux","12":"first","13":"instock","14":"purchasable","15":"product-type-simple"},"acf":[],"yoast_head":"<!-- This site is optimized with the Yoast SEO plugin v27.5 - https:\/\/yoast.com\/product\/yoast-seo-wordpress\/ -->\n<title>Leolux Scylla Fauteuil Antraciet\/Grijs - Stof - Zillions: nieuw en gebruikt design meubilair en stoelen<\/title>\n<meta name=\"robots\" content=\"index, follow, max-snippet:-1, max-image-preview:large, max-video-preview:-1\" \/>\n<link rel=\"canonical\" href=\"https:\/\/www.zillions.nl\/de\/product\/leolux-scylla-fauteuil-antraciet-grijs-stof\/\" \/>\n<meta property=\"og:locale\" content=\"de_DE\" \/>\n<meta property=\"og:type\" content=\"article\" \/>\n<meta property=\"og:title\" content=\"Leolux Scylla Fauteuil Antraciet\/Grijs - Stof - Zillions: nieuw en gebruikt design meubilair en stoelen\" \/>\n<meta property=\"og:description\" content=\"Leolux Scylla Antraciet grijze stof Zijkanten en armleggers: uitgevoerd in leder. Poten en rugbuis: chroom Showroomconditie; verkerend in nieuwstaat 100% origineel Ontwerp: Gerard Vollenbrock Prijs per stuk: \u20ac995,- Afmetingen Scylla lage rug: Diepte: 84\u00a0cm Hoogte: 73\u00a0cm Breedte: 74\u00a0cm Armhoogte: 21\u00a0cm Zithoogte: 43\u00a0cm Zitbreedte: 55\u00a0cm Zitdiepte: 55\u00a0cm Rughoogte: 43\u00a0cm Voor vragen of het vrijblijvend maken van [&hellip;]\" \/>\n<meta property=\"og:url\" content=\"https:\/\/www.zillions.nl\/de\/product\/leolux-scylla-fauteuil-antraciet-grijs-stof\/\" \/>\n<meta property=\"og:site_name\" content=\"Zillions: nieuw en gebruikt design meubilair en stoelen\" \/>\n<meta property=\"article:modified_time\" content=\"2025-09-25T12:53:03+00:00\" \/>\n<meta property=\"og:image\" content=\"https:\/\/www.zillions.nl\/wp-content\/uploads\/2024\/11\/2x-Leolux-Scylla-Antraciet-grijze-stof-NM200366-1024x1024-1.jpg\" \/>\n\t<meta property=\"og:image:width\" content=\"1024\" \/>\n\t<meta property=\"og:image:height\" content=\"1024\" \/>\n\t<meta property=\"og:image:type\" content=\"image\/jpeg\" \/>\n<meta name=\"twitter:card\" content=\"summary_large_image\" \/>\n<meta name=\"twitter:label1\" content=\"Est. reading time\" \/>\n\t<meta name=\"twitter:data1\" content=\"1 minute\" \/>\n<script type=\"application\/ld+json\" class=\"yoast-schema-graph\">{\"@context\":\"https:\\\/\\\/schema.org\",\"@graph\":[{\"@type\":\"WebPage\",\"@id\":\"https:\\\/\\\/www.zillions.nl\\\/product\\\/leolux-scylla-fauteuil-antraciet-grijs-stof\\\/\",\"url\":\"https:\\\/\\\/www.zillions.nl\\\/product\\\/leolux-scylla-fauteuil-antraciet-grijs-stof\\\/\",\"name\":\"Leolux Scylla Fauteuil Antraciet\\\/Grijs - Stof - Zillions: nieuw en gebruikt design meubilair en stoelen\",\"isPartOf\":{\"@id\":\"https:\\\/\\\/www.zillions.nl\\\/de\\\/#website\"},\"primaryImageOfPage\":{\"@id\":\"https:\\\/\\\/www.zillions.nl\\\/product\\\/leolux-scylla-fauteuil-antraciet-grijs-stof\\\/#primaryimage\"},\"image\":{\"@id\":\"https:\\\/\\\/www.zillions.nl\\\/product\\\/leolux-scylla-fauteuil-antraciet-grijs-stof\\\/#primaryimage\"},\"thumbnailUrl\":\"https:\\\/\\\/www.zillions.nl\\\/wp-content\\\/uploads\\\/2024\\\/11\\\/2x-Leolux-Scylla-Antraciet-grijze-stof-NM200366-1024x1024-1.jpg\",\"datePublished\":\"2024-11-23T11:03:06+00:00\",\"dateModified\":\"2025-09-25T12:53:03+00:00\",\"breadcrumb\":{\"@id\":\"https:\\\/\\\/www.zillions.nl\\\/product\\\/leolux-scylla-fauteuil-antraciet-grijs-stof\\\/#breadcrumb\"},\"inLanguage\":\"de-DE\",\"potentialAction\":[{\"@type\":\"ReadAction\",\"target\":[\"https:\\\/\\\/www.zillions.nl\\\/product\\\/leolux-scylla-fauteuil-antraciet-grijs-stof\\\/\"]}]},{\"@type\":\"ImageObject\",\"inLanguage\":\"de-DE\",\"@id\":\"https:\\\/\\\/www.zillions.nl\\\/product\\\/leolux-scylla-fauteuil-antraciet-grijs-stof\\\/#primaryimage\",\"url\":\"https:\\\/\\\/www.zillions.nl\\\/wp-content\\\/uploads\\\/2024\\\/11\\\/2x-Leolux-Scylla-Antraciet-grijze-stof-NM200366-1024x1024-1.jpg\",\"contentUrl\":\"https:\\\/\\\/www.zillions.nl\\\/wp-content\\\/uploads\\\/2024\\\/11\\\/2x-Leolux-Scylla-Antraciet-grijze-stof-NM200366-1024x1024-1.jpg\",\"width\":1024,\"height\":1024},{\"@type\":\"BreadcrumbList\",\"@id\":\"https:\\\/\\\/www.zillions.nl\\\/product\\\/leolux-scylla-fauteuil-antraciet-grijs-stof\\\/#breadcrumb\",\"itemListElement\":[{\"@type\":\"ListItem\",\"position\":1,\"name\":\"Home\",\"item\":\"https:\\\/\\\/www.zillions.nl\\\/\"},{\"@type\":\"ListItem\",\"position\":2,\"name\":\"Shop\",\"item\":\"https:\\\/\\\/www.zillions.nl\\\/shop\\\/\"},{\"@type\":\"ListItem\",\"position\":3,\"name\":\"Leolux Scylla Fauteuil Antraciet\\\/Grijs &#8211; Stof\"}]},{\"@type\":\"WebSite\",\"@id\":\"https:\\\/\\\/www.zillions.nl\\\/de\\\/#website\",\"url\":\"https:\\\/\\\/www.zillions.nl\\\/de\\\/\",\"name\":\"Zillions: nieuw en gebruikt design meubilair en stoelen\",\"description\":\"Welkom bij Zillions: Zillions is gespecialiseerd in nieuw en gebruikt design meubilair en stoelen.\",\"publisher\":{\"@id\":\"https:\\\/\\\/www.zillions.nl\\\/de\\\/#organization\"},\"potentialAction\":[{\"@type\":\"SearchAction\",\"target\":{\"@type\":\"EntryPoint\",\"urlTemplate\":\"https:\\\/\\\/www.zillions.nl\\\/de\\\/?s={search_term_string}\"},\"query-input\":{\"@type\":\"PropertyValueSpecification\",\"valueRequired\":true,\"valueName\":\"search_term_string\"}}],\"inLanguage\":\"de-DE\"},{\"@type\":\"Organization\",\"@id\":\"https:\\\/\\\/www.zillions.nl\\\/de\\\/#organization\",\"name\":\"Zillions: nieuw en gebruikt design meubilair en stoelen\",\"url\":\"https:\\\/\\\/www.zillions.nl\\\/de\\\/\",\"logo\":{\"@type\":\"ImageObject\",\"inLanguage\":\"de-DE\",\"@id\":\"https:\\\/\\\/www.zillions.nl\\\/de\\\/#\\\/schema\\\/logo\\\/image\\\/\",\"url\":\"https:\\\/\\\/www.zillions.nl\\\/wp-content\\\/uploads\\\/2022\\\/11\\\/zillions.svg\",\"contentUrl\":\"https:\\\/\\\/www.zillions.nl\\\/wp-content\\\/uploads\\\/2022\\\/11\\\/zillions.svg\",\"width\":208,\"height\":53,\"caption\":\"Zillions: nieuw en gebruikt design meubilair en stoelen\"},\"image\":{\"@id\":\"https:\\\/\\\/www.zillions.nl\\\/de\\\/#\\\/schema\\\/logo\\\/image\\\/\"}}]}<\/script>\n<!-- \/ Yoast SEO plugin. -->","yoast_head_json":{"title":"Leolux Scylla Sessel Anthrazit\/Grau - Stoff - Zillions: Neue und gebrauchte Designerm\u00f6bel und St\u00fchle","robots":{"index":"index","follow":"follow","max-snippet":"max-snippet:-1","max-image-preview":"max-image-preview:large","max-video-preview":"max-video-preview:-1"},"canonical":"https:\/\/www.zillions.nl\/de\/product\/leolux-scylla-fauteuil-antraciet-grijs-stof\/","og_locale":"de_DE","og_type":"article","og_title":"Leolux Scylla Fauteuil Antraciet\/Grijs - Stof - Zillions: nieuw en gebruikt design meubilair en stoelen","og_description":"Leolux Scylla Antraciet grijze stof Zijkanten en armleggers: uitgevoerd in leder. Poten en rugbuis: chroom Showroomconditie; verkerend in nieuwstaat 100% origineel Ontwerp: Gerard Vollenbrock Prijs per stuk: \u20ac995,- Afmetingen Scylla lage rug: Diepte: 84\u00a0cm Hoogte: 73\u00a0cm Breedte: 74\u00a0cm Armhoogte: 21\u00a0cm Zithoogte: 43\u00a0cm Zitbreedte: 55\u00a0cm Zitdiepte: 55\u00a0cm Rughoogte: 43\u00a0cm Voor vragen of het vrijblijvend maken van [&hellip;]","og_url":"https:\/\/www.zillions.nl\/de\/product\/leolux-scylla-fauteuil-antraciet-grijs-stof\/","og_site_name":"Zillions: nieuw en gebruikt design meubilair en stoelen","article_modified_time":"2025-09-25T12:53:03+00:00","og_image":[{"width":1024,"height":1024,"url":"https:\/\/www.zillions.nl\/wp-content\/uploads\/2024\/11\/2x-Leolux-Scylla-Antraciet-grijze-stof-NM200366-1024x1024-1.jpg","type":"image\/jpeg"}],"twitter_card":"summary_large_image","twitter_misc":{"Est. reading time":"1 minute"},"schema":{"@context":"https:\/\/schema.org","@graph":[{"@type":"WebPage","@id":"https:\/\/www.zillions.nl\/product\/leolux-scylla-fauteuil-antraciet-grijs-stof\/","url":"https:\/\/www.zillions.nl\/product\/leolux-scylla-fauteuil-antraciet-grijs-stof\/","name":"Leolux Scylla Sessel Anthrazit\/Grau - Stoff - Zillions: Neue und gebrauchte Designerm\u00f6bel und St\u00fchle","isPartOf":{"@id":"https:\/\/www.zillions.nl\/de\/#website"},"primaryImageOfPage":{"@id":"https:\/\/www.zillions.nl\/product\/leolux-scylla-fauteuil-antraciet-grijs-stof\/#primaryimage"},"image":{"@id":"https:\/\/www.zillions.nl\/product\/leolux-scylla-fauteuil-antraciet-grijs-stof\/#primaryimage"},"thumbnailUrl":"https:\/\/www.zillions.nl\/wp-content\/uploads\/2024\/11\/2x-Leolux-Scylla-Antraciet-grijze-stof-NM200366-1024x1024-1.jpg","datePublished":"2024-11-23T11:03:06+00:00","dateModified":"2025-09-25T12:53:03+00:00","breadcrumb":{"@id":"https:\/\/www.zillions.nl\/product\/leolux-scylla-fauteuil-antraciet-grijs-stof\/#breadcrumb"},"inLanguage":"de-DE","potentialAction":[{"@type":"ReadAction","target":["https:\/\/www.zillions.nl\/product\/leolux-scylla-fauteuil-antraciet-grijs-stof\/"]}]},{"@type":"ImageObject","inLanguage":"de-DE","@id":"https:\/\/www.zillions.nl\/product\/leolux-scylla-fauteuil-antraciet-grijs-stof\/#primaryimage","url":"https:\/\/www.zillions.nl\/wp-content\/uploads\/2024\/11\/2x-Leolux-Scylla-Antraciet-grijze-stof-NM200366-1024x1024-1.jpg","contentUrl":"https:\/\/www.zillions.nl\/wp-content\/uploads\/2024\/11\/2x-Leolux-Scylla-Antraciet-grijze-stof-NM200366-1024x1024-1.jpg","width":1024,"height":1024},{"@type":"BreadcrumbList","@id":"https:\/\/www.zillions.nl\/product\/leolux-scylla-fauteuil-antraciet-grijs-stof\/#breadcrumb","itemListElement":[{"@type":"ListItem","position":1,"name":"Home","item":"https:\/\/www.zillions.nl\/"},{"@type":"ListItem","position":2,"name":"Shop","item":"https:\/\/www.zillions.nl\/shop\/"},{"@type":"ListItem","position":3,"name":"Leolux Scylla Fauteuil Antraciet\/Grijs &#8211; Stof"}]},{"@type":"WebSite","@id":"https:\/\/www.zillions.nl\/de\/#website","url":"https:\/\/www.zillions.nl\/de\/","name":"Zillionen: neue und gebrauchte Designerm\u00f6bel und St\u00fchle","description":"Willkommen bei Zillions: Zillions ist auf neue und gebrauchte Designm\u00f6bel und St\u00fchle spezialisiert.","publisher":{"@id":"https:\/\/www.zillions.nl\/de\/#organization"},"potentialAction":[{"@type":"SearchAction","target":{"@type":"EntryPoint","urlTemplate":"https:\/\/www.zillions.nl\/de\/?s={search_term_string}"},"query-input":{"@type":"PropertyValueSpecification","valueRequired":true,"valueName":"search_term_string"}}],"inLanguage":"de-DE"},{"@type":"Organization","@id":"https:\/\/www.zillions.nl\/de\/#organization","name":"Zillionen: neue und gebrauchte Designerm\u00f6bel und St\u00fchle","url":"https:\/\/www.zillions.nl\/de\/","logo":{"@type":"ImageObject","inLanguage":"de-DE","@id":"https:\/\/www.zillions.nl\/de\/#\/schema\/logo\/image\/","url":"https:\/\/www.zillions.nl\/wp-content\/uploads\/2022\/11\/zillions.svg","contentUrl":"https:\/\/www.zillions.nl\/wp-content\/uploads\/2022\/11\/zillions.svg","width":208,"height":53,"caption":"Zillions: nieuw en gebruikt design meubilair en stoelen"},"image":{"@id":"https:\/\/www.zillions.nl\/de\/#\/schema\/logo\/image\/"}}]}},"_links":{"self":[{"href":"https:\/\/www.zillions.nl\/de\/wp-json\/wp\/v2\/product\/12589","targetHints":{"allow":["GET"]}}],"collection":[{"href":"https:\/\/www.zillions.nl\/de\/wp-json\/wp\/v2\/product"}],"about":[{"href":"https:\/\/www.zillions.nl\/de\/wp-json\/wp\/v2\/types\/product"}],"wp:featuredmedia":[{"embeddable":true,"href":"https:\/\/www.zillions.nl\/de\/wp-json\/wp\/v2\/media\/18711"}],"wp:attachment":[{"href":"https:\/\/www.zillions.nl\/de\/wp-json\/wp\/v2\/media?parent=12589"}],"wp:term":[{"taxonomy":"product_brand","embeddable":true,"href":"https:\/\/www.zillions.nl\/de\/wp-json\/wp\/v2\/product_brand?post=12589"},{"taxonomy":"product_cat","embeddable":true,"href":"https:\/\/www.zillions.nl\/de\/wp-json\/wp\/v2\/product_cat?post=12589"},{"taxonomy":"product_tag","embeddable":true,"href":"https:\/\/www.zillions.nl\/de\/wp-json\/wp\/v2\/product_tag?post=12589"}],"curies":[{"name":"wp","href":"https:\/\/api.w.org\/{rel}","templated":true}]}}