{"id":12468,"date":"2024-11-12T16:38:00","date_gmt":"2024-11-12T15:38:00","guid":{"rendered":"https:\/\/www.zillions.nl\/?post_type=product&#038;p=12468"},"modified":"2025-11-18T18:38:19","modified_gmt":"2025-11-18T17:38:19","slug":"vitra-jean-prouve-tabouret-haut-kruk-eikenhout","status":"publish","type":"product","link":"https:\/\/www.zillions.nl\/de\/product\/vitra-jean-prouve-tabouret-haut-kruk-eikenhout\/","title":{"rendered":"Vitra Jean Prouve Tabouret Haut Hocker \u2013 Eiche"},"content":{"rendered":"<p>Vitra Jean Prouve Tabouret Haut Hocker \u2013 Eiche<\/p>\n<p>Dieser elegante Vitra Tabouret Haut Hocker, entworfen von Jean Prouv\u00e9, ist aus robuster massiver Eiche gefertigt und mit einem Schutzlack versehen, diese Kombination macht den Hocker robust und langlebig. Der beige lackierte Ring mit Antirutsch sorgt f\u00fcr Stabilit\u00e4t und kann als bequeme Fu\u00dfst\u00fctze genutzt werden, was f\u00fcr besonderen Bedienkomfort sorgt. Dieser Hocker vereint klassisches Design mit praktischem Komfort. Der Hocker ist 100% original und verf\u00fcgt \u00fcber alle Echtheitsmerkmale.<\/p>\n<p><strong>Zustand:<\/strong> neu, in Verpackung.<\/p>\n<p><strong>Lieferung ab Lager<\/strong><\/p>\n<p><strong>Hinweis: <\/strong>Die angezeigten Preise sind <u>pro St\u00fcck<\/u>!<\/p>\n<p>Spezifikationen:<br \/>\n<strong>Material:\u00a0<\/strong>Licht; massives Eichenholz<br \/>\n<strong>Fu\u00dfst\u00fctze: <\/strong>Stahl; beige Farbe<br \/>\n<strong>H\u00f6he: <\/strong>77,5 cm<br \/>\n<strong>Breite: <\/strong>60 cm<br \/>\n<strong>Durchmesser oben: <\/strong>38 cm<\/p>\n<p>Wenn Sie Fragen haben oder einen unverbindlichen Besichtigungstermin vereinbaren m\u00f6chten, k\u00f6nnen Sie sich gerne an uns wenden. Lieferung durch unseren eigenen Lieferservice m\u00f6glich! Besuchen Sie unsere Website f\u00fcr viele weitere Designartikel!<\/p>\n<p><strong>Kontaktdaten (Besuch nach Vereinbarung):<\/strong><br \/>\nIndustrieweg 21<br \/>\n4131NK Vianen<br \/>\ninfo@zillions.nl<br \/>\n030 20 72 146<\/p>","protected":false},"excerpt":{"rendered":"<p>Vitra Jean Prouve Tabouret Haut kruk &#8211; eikenhout Deze elegante Vitra Tabouret Haut kruk, ontworpen door Jean Prouv\u00e9, is uitgevoerd in robuust massief eikenhout en voorzien van een beschermende lak, deze combinatie maakt de kruk stevig en duurzaam. De beige gelakte ring met antislip biedt stabiliteit en kan als comfortabele voetsteun gebruikt worden, wat zorgt [&hellip;]<\/p>\n","protected":false},"featured_media":13130,"template":"","meta":{"_acf_changed":false},"product_brand":[202],"product_cat":[16,192],"product_tag":[322],"class_list":{"0":"post-12468","1":"product","2":"type-product","3":"status-publish","4":"has-post-thumbnail","6":"product_brand-vitra","7":"product_cat-alle-producten","8":"product_cat-krukken","9":"product_tag-vitra","10":"product_shipping_class-product-shipping","11":"pa_brands-vitra","13":"first","14":"instock","15":"purchasable","16":"product-type-simple"},"acf":[],"yoast_head":"<!-- This site is optimized with the Yoast SEO plugin v27.5 - https:\/\/yoast.com\/product\/yoast-seo-wordpress\/ -->\n<title>Vitra Jean Prouve Tabouret Haut Kruk - Eikenhout - Zillions: nieuw en gebruikt design meubilair en stoelen<\/title>\n<meta name=\"robots\" content=\"index, follow, max-snippet:-1, max-image-preview:large, max-video-preview:-1\" \/>\n<link rel=\"canonical\" href=\"https:\/\/www.zillions.nl\/de\/product\/vitra-jean-prouve-tabouret-haut-kruk-eikenhout\/\" \/>\n<meta property=\"og:locale\" content=\"de_DE\" \/>\n<meta property=\"og:type\" content=\"article\" \/>\n<meta property=\"og:title\" content=\"Vitra Jean Prouve Tabouret Haut Kruk - Eikenhout - Zillions: nieuw en gebruikt design meubilair en stoelen\" \/>\n<meta property=\"og:description\" content=\"Vitra Jean Prouve Tabouret Haut kruk &#8211; eikenhout Deze elegante Vitra Tabouret Haut kruk, ontworpen door Jean Prouv\u00e9, is uitgevoerd in robuust massief eikenhout en voorzien van een beschermende lak, deze combinatie maakt de kruk stevig en duurzaam. De beige gelakte ring met antislip biedt stabiliteit en kan als comfortabele voetsteun gebruikt worden, wat zorgt [&hellip;]\" \/>\n<meta property=\"og:url\" content=\"https:\/\/www.zillions.nl\/de\/product\/vitra-jean-prouve-tabouret-haut-kruk-eikenhout\/\" \/>\n<meta property=\"og:site_name\" content=\"Zillions: nieuw en gebruikt design meubilair en stoelen\" \/>\n<meta property=\"article:modified_time\" content=\"2025-11-18T17:38:19+00:00\" \/>\n<meta property=\"og:image\" content=\"https:\/\/www.zillions.nl\/wp-content\/uploads\/2024\/11\/Vitra-Jean-Prouve-Haut-Kruk-CAM00920.jpg\" \/>\n\t<meta property=\"og:image:width\" content=\"1080\" \/>\n\t<meta property=\"og:image:height\" content=\"1080\" \/>\n\t<meta property=\"og:image:type\" content=\"image\/jpeg\" \/>\n<meta name=\"twitter:card\" content=\"summary_large_image\" \/>\n<meta name=\"twitter:label1\" content=\"Est. reading time\" \/>\n\t<meta name=\"twitter:data1\" content=\"1 minute\" \/>\n<script type=\"application\/ld+json\" class=\"yoast-schema-graph\">{\"@context\":\"https:\\\/\\\/schema.org\",\"@graph\":[{\"@type\":\"WebPage\",\"@id\":\"https:\\\/\\\/www.zillions.nl\\\/product\\\/vitra-jean-prouve-tabouret-haut-kruk-eikenhout\\\/\",\"url\":\"https:\\\/\\\/www.zillions.nl\\\/product\\\/vitra-jean-prouve-tabouret-haut-kruk-eikenhout\\\/\",\"name\":\"Vitra Jean Prouve Tabouret Haut Kruk - Eikenhout - Zillions: nieuw en gebruikt design meubilair en stoelen\",\"isPartOf\":{\"@id\":\"https:\\\/\\\/www.zillions.nl\\\/de\\\/#website\"},\"primaryImageOfPage\":{\"@id\":\"https:\\\/\\\/www.zillions.nl\\\/product\\\/vitra-jean-prouve-tabouret-haut-kruk-eikenhout\\\/#primaryimage\"},\"image\":{\"@id\":\"https:\\\/\\\/www.zillions.nl\\\/product\\\/vitra-jean-prouve-tabouret-haut-kruk-eikenhout\\\/#primaryimage\"},\"thumbnailUrl\":\"https:\\\/\\\/www.zillions.nl\\\/wp-content\\\/uploads\\\/2024\\\/11\\\/Vitra-Jean-Prouve-Haut-Kruk-CAM00920.jpg\",\"datePublished\":\"2024-11-12T15:38:00+00:00\",\"dateModified\":\"2025-11-18T17:38:19+00:00\",\"breadcrumb\":{\"@id\":\"https:\\\/\\\/www.zillions.nl\\\/product\\\/vitra-jean-prouve-tabouret-haut-kruk-eikenhout\\\/#breadcrumb\"},\"inLanguage\":\"de-DE\",\"potentialAction\":[{\"@type\":\"ReadAction\",\"target\":[\"https:\\\/\\\/www.zillions.nl\\\/product\\\/vitra-jean-prouve-tabouret-haut-kruk-eikenhout\\\/\"]}]},{\"@type\":\"ImageObject\",\"inLanguage\":\"de-DE\",\"@id\":\"https:\\\/\\\/www.zillions.nl\\\/product\\\/vitra-jean-prouve-tabouret-haut-kruk-eikenhout\\\/#primaryimage\",\"url\":\"https:\\\/\\\/www.zillions.nl\\\/wp-content\\\/uploads\\\/2024\\\/11\\\/Vitra-Jean-Prouve-Haut-Kruk-CAM00920.jpg\",\"contentUrl\":\"https:\\\/\\\/www.zillions.nl\\\/wp-content\\\/uploads\\\/2024\\\/11\\\/Vitra-Jean-Prouve-Haut-Kruk-CAM00920.jpg\",\"width\":1080,\"height\":1080},{\"@type\":\"BreadcrumbList\",\"@id\":\"https:\\\/\\\/www.zillions.nl\\\/product\\\/vitra-jean-prouve-tabouret-haut-kruk-eikenhout\\\/#breadcrumb\",\"itemListElement\":[{\"@type\":\"ListItem\",\"position\":1,\"name\":\"Home\",\"item\":\"https:\\\/\\\/www.zillions.nl\\\/\"},{\"@type\":\"ListItem\",\"position\":2,\"name\":\"Shop\",\"item\":\"https:\\\/\\\/www.zillions.nl\\\/shop\\\/\"},{\"@type\":\"ListItem\",\"position\":3,\"name\":\"Vitra Jean Prouve Tabouret Haut Kruk &#8211; Eikenhout\"}]},{\"@type\":\"WebSite\",\"@id\":\"https:\\\/\\\/www.zillions.nl\\\/de\\\/#website\",\"url\":\"https:\\\/\\\/www.zillions.nl\\\/de\\\/\",\"name\":\"Zillions: nieuw en gebruikt design meubilair en stoelen\",\"description\":\"Welkom bij Zillions: Zillions is gespecialiseerd in nieuw en gebruikt design meubilair en stoelen.\",\"publisher\":{\"@id\":\"https:\\\/\\\/www.zillions.nl\\\/de\\\/#organization\"},\"potentialAction\":[{\"@type\":\"SearchAction\",\"target\":{\"@type\":\"EntryPoint\",\"urlTemplate\":\"https:\\\/\\\/www.zillions.nl\\\/de\\\/?s={search_term_string}\"},\"query-input\":{\"@type\":\"PropertyValueSpecification\",\"valueRequired\":true,\"valueName\":\"search_term_string\"}}],\"inLanguage\":\"de-DE\"},{\"@type\":\"Organization\",\"@id\":\"https:\\\/\\\/www.zillions.nl\\\/de\\\/#organization\",\"name\":\"Zillions: nieuw en gebruikt design meubilair en stoelen\",\"url\":\"https:\\\/\\\/www.zillions.nl\\\/de\\\/\",\"logo\":{\"@type\":\"ImageObject\",\"inLanguage\":\"de-DE\",\"@id\":\"https:\\\/\\\/www.zillions.nl\\\/de\\\/#\\\/schema\\\/logo\\\/image\\\/\",\"url\":\"https:\\\/\\\/www.zillions.nl\\\/wp-content\\\/uploads\\\/2022\\\/11\\\/zillions.svg\",\"contentUrl\":\"https:\\\/\\\/www.zillions.nl\\\/wp-content\\\/uploads\\\/2022\\\/11\\\/zillions.svg\",\"width\":208,\"height\":53,\"caption\":\"Zillions: nieuw en gebruikt design meubilair en stoelen\"},\"image\":{\"@id\":\"https:\\\/\\\/www.zillions.nl\\\/de\\\/#\\\/schema\\\/logo\\\/image\\\/\"}}]}<\/script>\n<!-- \/ Yoast SEO plugin. -->","yoast_head_json":{"title":"Vitra Jean Prouve Tabouret Haut Kruk - Eikenhout - Zillions: nieuw en gebruikt design meubilair en stoelen","robots":{"index":"index","follow":"follow","max-snippet":"max-snippet:-1","max-image-preview":"max-image-preview:large","max-video-preview":"max-video-preview:-1"},"canonical":"https:\/\/www.zillions.nl\/de\/product\/vitra-jean-prouve-tabouret-haut-kruk-eikenhout\/","og_locale":"de_DE","og_type":"article","og_title":"Vitra Jean Prouve Tabouret Haut Kruk - Eikenhout - Zillions: nieuw en gebruikt design meubilair en stoelen","og_description":"Vitra Jean Prouve Tabouret Haut kruk &#8211; eikenhout Deze elegante Vitra Tabouret Haut kruk, ontworpen door Jean Prouv\u00e9, is uitgevoerd in robuust massief eikenhout en voorzien van een beschermende lak, deze combinatie maakt de kruk stevig en duurzaam. De beige gelakte ring met antislip biedt stabiliteit en kan als comfortabele voetsteun gebruikt worden, wat zorgt [&hellip;]","og_url":"https:\/\/www.zillions.nl\/de\/product\/vitra-jean-prouve-tabouret-haut-kruk-eikenhout\/","og_site_name":"Zillions: nieuw en gebruikt design meubilair en stoelen","article_modified_time":"2025-11-18T17:38:19+00:00","og_image":[{"width":1080,"height":1080,"url":"https:\/\/www.zillions.nl\/wp-content\/uploads\/2024\/11\/Vitra-Jean-Prouve-Haut-Kruk-CAM00920.jpg","type":"image\/jpeg"}],"twitter_card":"summary_large_image","twitter_misc":{"Est. reading time":"1 minute"},"schema":{"@context":"https:\/\/schema.org","@graph":[{"@type":"WebPage","@id":"https:\/\/www.zillions.nl\/product\/vitra-jean-prouve-tabouret-haut-kruk-eikenhout\/","url":"https:\/\/www.zillions.nl\/product\/vitra-jean-prouve-tabouret-haut-kruk-eikenhout\/","name":"Vitra Jean Prouve Tabouret Haut Kruk - Eikenhout - Zillions: nieuw en gebruikt design meubilair en stoelen","isPartOf":{"@id":"https:\/\/www.zillions.nl\/de\/#website"},"primaryImageOfPage":{"@id":"https:\/\/www.zillions.nl\/product\/vitra-jean-prouve-tabouret-haut-kruk-eikenhout\/#primaryimage"},"image":{"@id":"https:\/\/www.zillions.nl\/product\/vitra-jean-prouve-tabouret-haut-kruk-eikenhout\/#primaryimage"},"thumbnailUrl":"https:\/\/www.zillions.nl\/wp-content\/uploads\/2024\/11\/Vitra-Jean-Prouve-Haut-Kruk-CAM00920.jpg","datePublished":"2024-11-12T15:38:00+00:00","dateModified":"2025-11-18T17:38:19+00:00","breadcrumb":{"@id":"https:\/\/www.zillions.nl\/product\/vitra-jean-prouve-tabouret-haut-kruk-eikenhout\/#breadcrumb"},"inLanguage":"de-DE","potentialAction":[{"@type":"ReadAction","target":["https:\/\/www.zillions.nl\/product\/vitra-jean-prouve-tabouret-haut-kruk-eikenhout\/"]}]},{"@type":"ImageObject","inLanguage":"de-DE","@id":"https:\/\/www.zillions.nl\/product\/vitra-jean-prouve-tabouret-haut-kruk-eikenhout\/#primaryimage","url":"https:\/\/www.zillions.nl\/wp-content\/uploads\/2024\/11\/Vitra-Jean-Prouve-Haut-Kruk-CAM00920.jpg","contentUrl":"https:\/\/www.zillions.nl\/wp-content\/uploads\/2024\/11\/Vitra-Jean-Prouve-Haut-Kruk-CAM00920.jpg","width":1080,"height":1080},{"@type":"BreadcrumbList","@id":"https:\/\/www.zillions.nl\/product\/vitra-jean-prouve-tabouret-haut-kruk-eikenhout\/#breadcrumb","itemListElement":[{"@type":"ListItem","position":1,"name":"Home","item":"https:\/\/www.zillions.nl\/"},{"@type":"ListItem","position":2,"name":"Shop","item":"https:\/\/www.zillions.nl\/shop\/"},{"@type":"ListItem","position":3,"name":"Vitra Jean Prouve Tabouret Haut Kruk &#8211; Eikenhout"}]},{"@type":"WebSite","@id":"https:\/\/www.zillions.nl\/de\/#website","url":"https:\/\/www.zillions.nl\/de\/","name":"Zillionen: neue und gebrauchte Designerm\u00f6bel und St\u00fchle","description":"Willkommen bei Zillions: Zillions ist auf neue und gebrauchte Designm\u00f6bel und St\u00fchle spezialisiert.","publisher":{"@id":"https:\/\/www.zillions.nl\/de\/#organization"},"potentialAction":[{"@type":"SearchAction","target":{"@type":"EntryPoint","urlTemplate":"https:\/\/www.zillions.nl\/de\/?s={search_term_string}"},"query-input":{"@type":"PropertyValueSpecification","valueRequired":true,"valueName":"search_term_string"}}],"inLanguage":"de-DE"},{"@type":"Organization","@id":"https:\/\/www.zillions.nl\/de\/#organization","name":"Zillionen: neue und gebrauchte Designerm\u00f6bel und St\u00fchle","url":"https:\/\/www.zillions.nl\/de\/","logo":{"@type":"ImageObject","inLanguage":"de-DE","@id":"https:\/\/www.zillions.nl\/de\/#\/schema\/logo\/image\/","url":"https:\/\/www.zillions.nl\/wp-content\/uploads\/2022\/11\/zillions.svg","contentUrl":"https:\/\/www.zillions.nl\/wp-content\/uploads\/2022\/11\/zillions.svg","width":208,"height":53,"caption":"Zillions: nieuw en gebruikt design meubilair en stoelen"},"image":{"@id":"https:\/\/www.zillions.nl\/de\/#\/schema\/logo\/image\/"}}]}},"_links":{"self":[{"href":"https:\/\/www.zillions.nl\/de\/wp-json\/wp\/v2\/product\/12468","targetHints":{"allow":["GET"]}}],"collection":[{"href":"https:\/\/www.zillions.nl\/de\/wp-json\/wp\/v2\/product"}],"about":[{"href":"https:\/\/www.zillions.nl\/de\/wp-json\/wp\/v2\/types\/product"}],"wp:featuredmedia":[{"embeddable":true,"href":"https:\/\/www.zillions.nl\/de\/wp-json\/wp\/v2\/media\/13130"}],"wp:attachment":[{"href":"https:\/\/www.zillions.nl\/de\/wp-json\/wp\/v2\/media?parent=12468"}],"wp:term":[{"taxonomy":"product_brand","embeddable":true,"href":"https:\/\/www.zillions.nl\/de\/wp-json\/wp\/v2\/product_brand?post=12468"},{"taxonomy":"product_cat","embeddable":true,"href":"https:\/\/www.zillions.nl\/de\/wp-json\/wp\/v2\/product_cat?post=12468"},{"taxonomy":"product_tag","embeddable":true,"href":"https:\/\/www.zillions.nl\/de\/wp-json\/wp\/v2\/product_tag?post=12468"}],"curies":[{"name":"wp","href":"https:\/\/api.w.org\/{rel}","templated":true}]}}