{"id":12451,"date":"2024-11-12T15:36:12","date_gmt":"2024-11-12T14:36:12","guid":{"rendered":"https:\/\/www.zillions.nl\/?post_type=product&#038;p=12451"},"modified":"2026-03-16T21:34:41","modified_gmt":"2026-03-16T20:34:41","slug":"vitra-maarten-van-severen-04-bureaustoel-grijs","status":"publish","type":"product","link":"https:\/\/www.zillions.nl\/de\/product\/vitra-maarten-van-severen-04-bureaustoel-grijs\/","title":{"rendered":"Vitra Maarten van Severen .04 B\u00fcrostuhl rot"},"content":{"rendered":"<p>Maarten van Severen B\u00fcrostuhl .04 Rot \u2013 Aluminium<\/p>\n<p>Dieser Maarten van Severen .04 B\u00fcrostuhl hat einen grauen Sitz und schwarze Armlehnen, was f\u00fcr einen eleganten, modernen Look sorgt. Der Sitz ist auf einem F\u00fcnfstern-Fu\u00dfkreuz aus Aluminium montiert, das mit einer grauen Pulverbeschichtung versehen ist. Der Sitz besteht aus elastischem Polyurethanschaum, der sich dezent an den K\u00f6rper anpasst. Dar\u00fcber hinaus federt der obere Teil der R\u00fcckenlehne beim Zur\u00fccklehnen und sorgt so f\u00fcr zus\u00e4tzlichen Halt beim Arbeiten. Diese Kombination aus Flexibilit\u00e4t und Festigkeit macht den B\u00fcrostuhl nicht nur bequem, sondern auch ergonomisch und f\u00fcr den Langzeitgebrauch geeignet. Der B\u00fcrostuhl ist original 100% und mit allen Sicherheitsmerkmalen ausgestattet.<\/p>\n<p><strong>Zustand:<\/strong> Zustand im Ausstellungsraum; im Neuzustand<\/p>\n<p><strong>Lieferung ab Lager<\/strong><\/p>\n<p><strong>Hinweis: <\/strong>Die angezeigten Preise sind <u>pro St\u00fcck<\/u>!<\/p>\n<p>Spezifikationen:<br \/>\n<strong>Sitz:<\/strong> Schaum, rot<br \/>\n<strong>Rahmen:<\/strong> Aluminium, grau<br \/>\n<strong>R\u00fcckenlehne:<\/strong> 39 cm<br \/>\n<strong>Armlehne:<\/strong> 22,8 cm hoch<br \/>\n<strong>Sitzh\u00f6he:<\/strong> 42 \u2013 54 cm; h\u00f6henverstellbar<br \/>\n<strong>Sitzbreite:<\/strong> 40,5 cm<br \/>\n<strong>Sitztiefe:<\/strong> 44,6 cm<br \/>\n<strong>Volle H\u00f6he:<\/strong> 80,5 \u2013 93 cm<br \/>\n<strong>Volle Breite: <\/strong>56,5 cm<br \/>\n<strong>Volle Tiefe: <\/strong>53 cm<br \/>\n<strong>Andere: <\/strong>mit Armlehnen<\/p>\n<p>Wenn Sie Fragen haben oder einen unverbindlichen Besichtigungstermin vereinbaren m\u00f6chten, k\u00f6nnen Sie sich gerne an uns wenden. Lieferung durch unseren eigenen Lieferservice m\u00f6glich! Besuchen Sie unsere Website f\u00fcr viele weitere Designartikel!<\/p>\n<p><strong>Kontaktdaten (Besuch nach Vereinbarung):<\/strong><br \/>\nIndustrieweg 21<br \/>\n4131NK Vianen<br \/>\ninfo@zillions.nl<br \/>\n030 20 72 146<\/p>","protected":false},"excerpt":{"rendered":"<p>Maarten van Severen bureaustoel .04 Rood &#8211; aluminium Deze Maarten van Severen .04 bureaustoel is uitgevoerd met een grijze zitting en zwarte armleuningen, wat zorgt voor een strakke, moderne uitstraling. De zitting is bevestigd op een vijfsteronderstel van aluminium, die is afgewerkt met een grijze poedercoating. De zitting is gemaakt van veerkrachtig polyurethaanschuim, dat zich [&hellip;]<\/p>\n","protected":false},"featured_media":17065,"template":"","meta":{"_acf_changed":false},"product_brand":[202],"product_cat":[16,186],"product_tag":[322],"class_list":{"0":"post-12451","1":"product","2":"type-product","3":"status-publish","4":"has-post-thumbnail","6":"product_brand-vitra","7":"product_cat-alle-producten","8":"product_cat-bureaustoelen","9":"product_tag-vitra","10":"product_shipping_class-product-shipping","11":"pa_brands-vitra","13":"first","14":"instock","15":"purchasable","16":"product-type-simple"},"acf":[],"yoast_head":"<!-- This site is optimized with the Yoast SEO plugin v27.5 - https:\/\/yoast.com\/product\/yoast-seo-wordpress\/ -->\n<title>Vitra Maarten van Severen .04 Bureaustoel Rood - Zillions: nieuw en gebruikt design meubilair en stoelen<\/title>\n<meta name=\"robots\" content=\"index, follow, max-snippet:-1, max-image-preview:large, max-video-preview:-1\" \/>\n<link rel=\"canonical\" href=\"https:\/\/www.zillions.nl\/de\/product\/vitra-maarten-van-severen-04-bureaustoel-grijs\/\" \/>\n<meta property=\"og:locale\" content=\"de_DE\" \/>\n<meta property=\"og:type\" content=\"article\" \/>\n<meta property=\"og:title\" content=\"Vitra Maarten van Severen .04 Bureaustoel Rood - Zillions: nieuw en gebruikt design meubilair en stoelen\" \/>\n<meta property=\"og:description\" content=\"Maarten van Severen bureaustoel .04 Rood &#8211; aluminium Deze Maarten van Severen .04 bureaustoel is uitgevoerd met een grijze zitting en zwarte armleuningen, wat zorgt voor een strakke, moderne uitstraling. De zitting is bevestigd op een vijfsteronderstel van aluminium, die is afgewerkt met een grijze poedercoating. De zitting is gemaakt van veerkrachtig polyurethaanschuim, dat zich [&hellip;]\" \/>\n<meta property=\"og:url\" content=\"https:\/\/www.zillions.nl\/de\/product\/vitra-maarten-van-severen-04-bureaustoel-grijs\/\" \/>\n<meta property=\"og:site_name\" content=\"Zillions: nieuw en gebruikt design meubilair en stoelen\" \/>\n<meta property=\"article:modified_time\" content=\"2026-03-16T20:34:41+00:00\" \/>\n<meta property=\"og:image\" content=\"https:\/\/www.zillions.nl\/wp-content\/uploads\/2024\/11\/Maarten-v-Severen-.04-Bureaustoel-Rood-Grijs-met-armleuningen-SRGB-135.jpg\" \/>\n\t<meta property=\"og:image:width\" content=\"1080\" \/>\n\t<meta property=\"og:image:height\" content=\"1080\" \/>\n\t<meta property=\"og:image:type\" content=\"image\/jpeg\" \/>\n<meta name=\"twitter:card\" content=\"summary_large_image\" \/>\n<meta name=\"twitter:label1\" content=\"Est. reading time\" \/>\n\t<meta name=\"twitter:data1\" content=\"2 minutes\" \/>\n<script type=\"application\/ld+json\" class=\"yoast-schema-graph\">{\"@context\":\"https:\\\/\\\/schema.org\",\"@graph\":[{\"@type\":\"WebPage\",\"@id\":\"https:\\\/\\\/www.zillions.nl\\\/product\\\/vitra-maarten-van-severen-04-bureaustoel-grijs\\\/\",\"url\":\"https:\\\/\\\/www.zillions.nl\\\/product\\\/vitra-maarten-van-severen-04-bureaustoel-grijs\\\/\",\"name\":\"Vitra Maarten van Severen .04 Bureaustoel Rood - Zillions: nieuw en gebruikt design meubilair en stoelen\",\"isPartOf\":{\"@id\":\"https:\\\/\\\/www.zillions.nl\\\/de\\\/#website\"},\"primaryImageOfPage\":{\"@id\":\"https:\\\/\\\/www.zillions.nl\\\/product\\\/vitra-maarten-van-severen-04-bureaustoel-grijs\\\/#primaryimage\"},\"image\":{\"@id\":\"https:\\\/\\\/www.zillions.nl\\\/product\\\/vitra-maarten-van-severen-04-bureaustoel-grijs\\\/#primaryimage\"},\"thumbnailUrl\":\"https:\\\/\\\/www.zillions.nl\\\/wp-content\\\/uploads\\\/2024\\\/11\\\/Maarten-v-Severen-.04-Bureaustoel-Rood-Grijs-met-armleuningen-SRGB-135.jpg\",\"datePublished\":\"2024-11-12T14:36:12+00:00\",\"dateModified\":\"2026-03-16T20:34:41+00:00\",\"breadcrumb\":{\"@id\":\"https:\\\/\\\/www.zillions.nl\\\/product\\\/vitra-maarten-van-severen-04-bureaustoel-grijs\\\/#breadcrumb\"},\"inLanguage\":\"de-DE\",\"potentialAction\":[{\"@type\":\"ReadAction\",\"target\":[\"https:\\\/\\\/www.zillions.nl\\\/product\\\/vitra-maarten-van-severen-04-bureaustoel-grijs\\\/\"]}]},{\"@type\":\"ImageObject\",\"inLanguage\":\"de-DE\",\"@id\":\"https:\\\/\\\/www.zillions.nl\\\/product\\\/vitra-maarten-van-severen-04-bureaustoel-grijs\\\/#primaryimage\",\"url\":\"https:\\\/\\\/www.zillions.nl\\\/wp-content\\\/uploads\\\/2024\\\/11\\\/Maarten-v-Severen-.04-Bureaustoel-Rood-Grijs-met-armleuningen-SRGB-135.jpg\",\"contentUrl\":\"https:\\\/\\\/www.zillions.nl\\\/wp-content\\\/uploads\\\/2024\\\/11\\\/Maarten-v-Severen-.04-Bureaustoel-Rood-Grijs-met-armleuningen-SRGB-135.jpg\",\"width\":1080,\"height\":1080},{\"@type\":\"BreadcrumbList\",\"@id\":\"https:\\\/\\\/www.zillions.nl\\\/product\\\/vitra-maarten-van-severen-04-bureaustoel-grijs\\\/#breadcrumb\",\"itemListElement\":[{\"@type\":\"ListItem\",\"position\":1,\"name\":\"Home\",\"item\":\"https:\\\/\\\/www.zillions.nl\\\/\"},{\"@type\":\"ListItem\",\"position\":2,\"name\":\"Shop\",\"item\":\"https:\\\/\\\/www.zillions.nl\\\/shop\\\/\"},{\"@type\":\"ListItem\",\"position\":3,\"name\":\"Vitra Maarten van Severen .04 Bureaustoel Rood\"}]},{\"@type\":\"WebSite\",\"@id\":\"https:\\\/\\\/www.zillions.nl\\\/de\\\/#website\",\"url\":\"https:\\\/\\\/www.zillions.nl\\\/de\\\/\",\"name\":\"Zillions: nieuw en gebruikt design meubilair en stoelen\",\"description\":\"Welkom bij Zillions: Zillions is gespecialiseerd in nieuw en gebruikt design meubilair en stoelen.\",\"publisher\":{\"@id\":\"https:\\\/\\\/www.zillions.nl\\\/de\\\/#organization\"},\"potentialAction\":[{\"@type\":\"SearchAction\",\"target\":{\"@type\":\"EntryPoint\",\"urlTemplate\":\"https:\\\/\\\/www.zillions.nl\\\/de\\\/?s={search_term_string}\"},\"query-input\":{\"@type\":\"PropertyValueSpecification\",\"valueRequired\":true,\"valueName\":\"search_term_string\"}}],\"inLanguage\":\"de-DE\"},{\"@type\":\"Organization\",\"@id\":\"https:\\\/\\\/www.zillions.nl\\\/de\\\/#organization\",\"name\":\"Zillions: nieuw en gebruikt design meubilair en stoelen\",\"url\":\"https:\\\/\\\/www.zillions.nl\\\/de\\\/\",\"logo\":{\"@type\":\"ImageObject\",\"inLanguage\":\"de-DE\",\"@id\":\"https:\\\/\\\/www.zillions.nl\\\/de\\\/#\\\/schema\\\/logo\\\/image\\\/\",\"url\":\"https:\\\/\\\/www.zillions.nl\\\/wp-content\\\/uploads\\\/2022\\\/11\\\/zillions.svg\",\"contentUrl\":\"https:\\\/\\\/www.zillions.nl\\\/wp-content\\\/uploads\\\/2022\\\/11\\\/zillions.svg\",\"width\":208,\"height\":53,\"caption\":\"Zillions: nieuw en gebruikt design meubilair en stoelen\"},\"image\":{\"@id\":\"https:\\\/\\\/www.zillions.nl\\\/de\\\/#\\\/schema\\\/logo\\\/image\\\/\"}}]}<\/script>\n<!-- \/ Yoast SEO plugin. -->","yoast_head_json":{"title":"Vitra Maarten van Severen .04 B\u00fcrostuhl Rot - Zillions: neue und gebrauchte Designm\u00f6bel und St\u00fchle","robots":{"index":"index","follow":"follow","max-snippet":"max-snippet:-1","max-image-preview":"max-image-preview:large","max-video-preview":"max-video-preview:-1"},"canonical":"https:\/\/www.zillions.nl\/de\/product\/vitra-maarten-van-severen-04-bureaustoel-grijs\/","og_locale":"de_DE","og_type":"article","og_title":"Vitra Maarten van Severen .04 Bureaustoel Rood - Zillions: nieuw en gebruikt design meubilair en stoelen","og_description":"Maarten van Severen bureaustoel .04 Rood &#8211; aluminium Deze Maarten van Severen .04 bureaustoel is uitgevoerd met een grijze zitting en zwarte armleuningen, wat zorgt voor een strakke, moderne uitstraling. De zitting is bevestigd op een vijfsteronderstel van aluminium, die is afgewerkt met een grijze poedercoating. De zitting is gemaakt van veerkrachtig polyurethaanschuim, dat zich [&hellip;]","og_url":"https:\/\/www.zillions.nl\/de\/product\/vitra-maarten-van-severen-04-bureaustoel-grijs\/","og_site_name":"Zillions: nieuw en gebruikt design meubilair en stoelen","article_modified_time":"2026-03-16T20:34:41+00:00","og_image":[{"width":1080,"height":1080,"url":"https:\/\/www.zillions.nl\/wp-content\/uploads\/2024\/11\/Maarten-v-Severen-.04-Bureaustoel-Rood-Grijs-met-armleuningen-SRGB-135.jpg","type":"image\/jpeg"}],"twitter_card":"summary_large_image","twitter_misc":{"Est. reading time":"2 minutes"},"schema":{"@context":"https:\/\/schema.org","@graph":[{"@type":"WebPage","@id":"https:\/\/www.zillions.nl\/product\/vitra-maarten-van-severen-04-bureaustoel-grijs\/","url":"https:\/\/www.zillions.nl\/product\/vitra-maarten-van-severen-04-bureaustoel-grijs\/","name":"Vitra Maarten van Severen .04 B\u00fcrostuhl Rot - Zillions: neue und gebrauchte Designm\u00f6bel und St\u00fchle","isPartOf":{"@id":"https:\/\/www.zillions.nl\/de\/#website"},"primaryImageOfPage":{"@id":"https:\/\/www.zillions.nl\/product\/vitra-maarten-van-severen-04-bureaustoel-grijs\/#primaryimage"},"image":{"@id":"https:\/\/www.zillions.nl\/product\/vitra-maarten-van-severen-04-bureaustoel-grijs\/#primaryimage"},"thumbnailUrl":"https:\/\/www.zillions.nl\/wp-content\/uploads\/2024\/11\/Maarten-v-Severen-.04-Bureaustoel-Rood-Grijs-met-armleuningen-SRGB-135.jpg","datePublished":"2024-11-12T14:36:12+00:00","dateModified":"2026-03-16T20:34:41+00:00","breadcrumb":{"@id":"https:\/\/www.zillions.nl\/product\/vitra-maarten-van-severen-04-bureaustoel-grijs\/#breadcrumb"},"inLanguage":"de-DE","potentialAction":[{"@type":"ReadAction","target":["https:\/\/www.zillions.nl\/product\/vitra-maarten-van-severen-04-bureaustoel-grijs\/"]}]},{"@type":"ImageObject","inLanguage":"de-DE","@id":"https:\/\/www.zillions.nl\/product\/vitra-maarten-van-severen-04-bureaustoel-grijs\/#primaryimage","url":"https:\/\/www.zillions.nl\/wp-content\/uploads\/2024\/11\/Maarten-v-Severen-.04-Bureaustoel-Rood-Grijs-met-armleuningen-SRGB-135.jpg","contentUrl":"https:\/\/www.zillions.nl\/wp-content\/uploads\/2024\/11\/Maarten-v-Severen-.04-Bureaustoel-Rood-Grijs-met-armleuningen-SRGB-135.jpg","width":1080,"height":1080},{"@type":"BreadcrumbList","@id":"https:\/\/www.zillions.nl\/product\/vitra-maarten-van-severen-04-bureaustoel-grijs\/#breadcrumb","itemListElement":[{"@type":"ListItem","position":1,"name":"Home","item":"https:\/\/www.zillions.nl\/"},{"@type":"ListItem","position":2,"name":"Shop","item":"https:\/\/www.zillions.nl\/shop\/"},{"@type":"ListItem","position":3,"name":"Vitra Maarten van Severen .04 Bureaustoel Rood"}]},{"@type":"WebSite","@id":"https:\/\/www.zillions.nl\/de\/#website","url":"https:\/\/www.zillions.nl\/de\/","name":"Zillionen: neue und gebrauchte Designerm\u00f6bel und St\u00fchle","description":"Willkommen bei Zillions: Zillions ist auf neue und gebrauchte Designm\u00f6bel und St\u00fchle spezialisiert.","publisher":{"@id":"https:\/\/www.zillions.nl\/de\/#organization"},"potentialAction":[{"@type":"SearchAction","target":{"@type":"EntryPoint","urlTemplate":"https:\/\/www.zillions.nl\/de\/?s={search_term_string}"},"query-input":{"@type":"PropertyValueSpecification","valueRequired":true,"valueName":"search_term_string"}}],"inLanguage":"de-DE"},{"@type":"Organization","@id":"https:\/\/www.zillions.nl\/de\/#organization","name":"Zillionen: neue und gebrauchte Designerm\u00f6bel und St\u00fchle","url":"https:\/\/www.zillions.nl\/de\/","logo":{"@type":"ImageObject","inLanguage":"de-DE","@id":"https:\/\/www.zillions.nl\/de\/#\/schema\/logo\/image\/","url":"https:\/\/www.zillions.nl\/wp-content\/uploads\/2022\/11\/zillions.svg","contentUrl":"https:\/\/www.zillions.nl\/wp-content\/uploads\/2022\/11\/zillions.svg","width":208,"height":53,"caption":"Zillions: nieuw en gebruikt design meubilair en stoelen"},"image":{"@id":"https:\/\/www.zillions.nl\/de\/#\/schema\/logo\/image\/"}}]}},"_links":{"self":[{"href":"https:\/\/www.zillions.nl\/de\/wp-json\/wp\/v2\/product\/12451","targetHints":{"allow":["GET"]}}],"collection":[{"href":"https:\/\/www.zillions.nl\/de\/wp-json\/wp\/v2\/product"}],"about":[{"href":"https:\/\/www.zillions.nl\/de\/wp-json\/wp\/v2\/types\/product"}],"wp:featuredmedia":[{"embeddable":true,"href":"https:\/\/www.zillions.nl\/de\/wp-json\/wp\/v2\/media\/17065"}],"wp:attachment":[{"href":"https:\/\/www.zillions.nl\/de\/wp-json\/wp\/v2\/media?parent=12451"}],"wp:term":[{"taxonomy":"product_brand","embeddable":true,"href":"https:\/\/www.zillions.nl\/de\/wp-json\/wp\/v2\/product_brand?post=12451"},{"taxonomy":"product_cat","embeddable":true,"href":"https:\/\/www.zillions.nl\/de\/wp-json\/wp\/v2\/product_cat?post=12451"},{"taxonomy":"product_tag","embeddable":true,"href":"https:\/\/www.zillions.nl\/de\/wp-json\/wp\/v2\/product_tag?post=12451"}],"curies":[{"name":"wp","href":"https:\/\/api.w.org\/{rel}","templated":true}]}}