{"id":11919,"date":"2024-10-22T10:46:57","date_gmt":"2024-10-22T08:46:57","guid":{"rendered":"https:\/\/www.zillions.nl\/?post_type=product&#038;p=11919"},"modified":"2025-10-27T13:50:13","modified_gmt":"2025-10-27T12:50:13","slug":"vitra-eames-ea-117-bureaustoel-zwart-hopsak-chroom","status":"publish","type":"product","link":"https:\/\/www.zillions.nl\/de\/product\/vitra-eames-ea-117-bureaustoel-zwart-hopsak-chroom\/","title":{"rendered":"Vitra Eames EA 117 B\u00fcrostuhl Schwarz Hopsak \u2013 Chrom"},"content":{"rendered":"<p>Vitra Eames EA 117 B\u00fcrostuhl Hopsak schwarz \u2013 Chrom<\/p>\n<p>Dieser Vitra EA 117 B\u00fcrostuhl mit niedriger R\u00fcckenlehne ist aus schwarzem Hopsak gepolstert. Das Geh\u00e4use des Stuhls besteht aus verchromtem Aluminium, was f\u00fcr einen gl\u00e4nzenden Effekt sorgt. Dies tr\u00e4gt nicht nur zu einem klassischen Look bei, sondern ist auch eine nachhaltige Wahl, da das Aluminium am Ende seiner Lebensdauer f\u00fcr 90% wieder recycelt werden kann. Der Stuhl ist original 100% und verf\u00fcgt \u00fcber alle Sicherheitsmerkmale.<\/p>\n<p>Aus \u00dcberbestand gekauft, einmaliges Angebot, WEG=WEG!<\/p>\n<p><strong>Zustand:<\/strong>\u00a0neu; 100% neu, unbenutzt.<\/p>\n<p><strong>Lieferung ab Lager<\/strong><\/p>\n<p><strong>Hinweis:\u00a0<\/strong>Die angezeigten Preise sind\u00a0<u>pro St\u00fcck<\/u>!<\/p>\n<p>Spezifikationen:<br \/>\n<strong>Sitz:<\/strong>\u00a0Hopsak, schwarz; drehbar, neigbar<br \/>\n<strong>Rahmen:<\/strong>\u00a0Aluminium, verchromt<br \/>\n<strong>R\u00fcckenlehne:<\/strong>\u00a0halbhoch; 42 cm<br \/>\n<strong>Armlehne:<\/strong>\u00a026 cm hoch<br \/>\n<strong>Sitzh\u00f6he:<\/strong>\u00a038,5 cm \u2013 50,5 cm; h\u00f6henverstellbar<br \/>\n<strong>Volle H\u00f6he:<\/strong>\u00a083cm \u2013 95cm<br \/>\n<strong>Sitzbreite:<\/strong>\u00a052,5 cm<br \/>\n<strong>Sitztiefe:<\/strong>\u00a046,5 cm<\/p>\n<p>Wenn Sie Fragen haben oder einen unverbindlichen Besichtigungstermin vereinbaren m\u00f6chten, k\u00f6nnen Sie sich gerne an uns wenden. Lieferung durch unseren eigenen Lieferservice m\u00f6glich! Besuchen Sie unsere Website f\u00fcr viele weitere Designartikel!<\/p>\n<p><strong>Kontaktdaten (Besuch nach Vereinbarung):<\/strong><br \/>\nIndustrieweg 21<br \/>\n4131NK Vianen<br \/>\ninfo@zillions.nl<br \/>\n030 20 72 146<\/p>\n<p>F\u00fcr viel mehr Design sehen Sie sich alle unsere Anzeigen f\u00fcr Top-Marken an, wie zum Beispiel:<br \/>\nArtimide, Floss, Vitra, Eames Herman Miller, Artifort, B&amp;B Italia, Ahrend, Interstuhl, Grahl, Hay, Norman Copenhagen, Cassina, Artifort, Gispen, Leolux, Montis, Arne Jacobsen, Bert Plantagie, Design auf Lager, Rolf Benz, Jori , Harvink usw.<\/p>\n<p>Design von Top-Designern: unter anderem<br \/>\nArne Jacobsen, Charles Eames, Cees Braakman, Eero Saarinen, Poul Henningsen, Poul Kjaerholm, Verner Panton, Martin Visser, Mart Stam, Eileen Gray, Gerrit Rietveld, Pierre Paulin, Ko Liang Ie, Marcel Breuer, Rob Parry, Vico Magistretti, Hans Wegner, Borge Mogensen, Finn Juhl, Grete Jalk, Osvaldo Borsani, Isamu Noguchi, George Nelson, Geoffrey Harcourt, Ilmari Tapiovaara, Ferdinand Solere, Joe Colombo Friso Kramer, Harry Bertoia, Lisa Pape, Ettore Sottsass Paul Schuitema Bruno Mathsson<\/p>","protected":false},"excerpt":{"rendered":"<p>Vitra Eames EA 117 bureaustoel zwart hopsak \u2013 chroom Deze Vitra EA 117 bureaustoel met lage rug is uitgevoerd in zwarte hopsak bekleding. De behuizing van de stoel is uitgevoerd in verchroomd aluminium, wat zorgt voor een glanzend effect. Dit draagt\u00a0niet alleen bij aan een klassieke uitstraling, maar het is ook een duurzame keuze, omdat [&hellip;]<\/p>\n","protected":false},"featured_media":12322,"template":"","meta":{"_acf_changed":false},"product_brand":[202],"product_cat":[16,186],"product_tag":[322],"class_list":{"0":"post-11919","1":"product","2":"type-product","3":"status-publish","4":"has-post-thumbnail","6":"product_brand-vitra","7":"product_cat-alle-producten","8":"product_cat-bureaustoelen","9":"product_tag-vitra","10":"pa_brands-vitra","12":"first","13":"instock","14":"purchasable","15":"product-type-simple"},"acf":[],"yoast_head":"<!-- This site is optimized with the Yoast SEO plugin v27.5 - https:\/\/yoast.com\/product\/yoast-seo-wordpress\/ -->\n<title>Vitra Eames EA 117 Bureaustoel Zwart Hopsak - Chroom - Zillions: nieuw en gebruikt design meubilair en stoelen<\/title>\n<meta name=\"robots\" content=\"index, follow, max-snippet:-1, max-image-preview:large, max-video-preview:-1\" \/>\n<link rel=\"canonical\" href=\"https:\/\/www.zillions.nl\/de\/product\/vitra-eames-ea-117-bureaustoel-zwart-hopsak-chroom\/\" \/>\n<meta property=\"og:locale\" content=\"de_DE\" \/>\n<meta property=\"og:type\" content=\"article\" \/>\n<meta property=\"og:title\" content=\"Vitra Eames EA 117 Bureaustoel Zwart Hopsak - Chroom - Zillions: nieuw en gebruikt design meubilair en stoelen\" \/>\n<meta property=\"og:description\" content=\"Vitra Eames EA 117 bureaustoel zwart hopsak \u2013 chroom Deze Vitra EA 117 bureaustoel met lage rug is uitgevoerd in zwarte hopsak bekleding. De behuizing van de stoel is uitgevoerd in verchroomd aluminium, wat zorgt voor een glanzend effect. Dit draagt\u00a0niet alleen bij aan een klassieke uitstraling, maar het is ook een duurzame keuze, omdat [&hellip;]\" \/>\n<meta property=\"og:url\" content=\"https:\/\/www.zillions.nl\/de\/product\/vitra-eames-ea-117-bureaustoel-zwart-hopsak-chroom\/\" \/>\n<meta property=\"og:site_name\" content=\"Zillions: nieuw en gebruikt design meubilair en stoelen\" \/>\n<meta property=\"article:modified_time\" content=\"2025-10-27T12:50:13+00:00\" \/>\n<meta property=\"og:image\" content=\"https:\/\/www.zillions.nl\/wp-content\/uploads\/2024\/10\/CAM00276.jpg\" \/>\n\t<meta property=\"og:image:width\" content=\"1080\" \/>\n\t<meta property=\"og:image:height\" content=\"1080\" \/>\n\t<meta property=\"og:image:type\" content=\"image\/jpeg\" \/>\n<meta name=\"twitter:card\" content=\"summary_large_image\" \/>\n<meta name=\"twitter:label1\" content=\"Est. reading time\" \/>\n\t<meta name=\"twitter:data1\" content=\"2 minutes\" \/>\n<script type=\"application\/ld+json\" class=\"yoast-schema-graph\">{\"@context\":\"https:\\\/\\\/schema.org\",\"@graph\":[{\"@type\":\"WebPage\",\"@id\":\"https:\\\/\\\/www.zillions.nl\\\/product\\\/vitra-eames-ea-117-bureaustoel-zwart-hopsak-chroom\\\/\",\"url\":\"https:\\\/\\\/www.zillions.nl\\\/product\\\/vitra-eames-ea-117-bureaustoel-zwart-hopsak-chroom\\\/\",\"name\":\"Vitra Eames EA 117 Bureaustoel Zwart Hopsak - Chroom - Zillions: nieuw en gebruikt design meubilair en stoelen\",\"isPartOf\":{\"@id\":\"https:\\\/\\\/www.zillions.nl\\\/de\\\/#website\"},\"primaryImageOfPage\":{\"@id\":\"https:\\\/\\\/www.zillions.nl\\\/product\\\/vitra-eames-ea-117-bureaustoel-zwart-hopsak-chroom\\\/#primaryimage\"},\"image\":{\"@id\":\"https:\\\/\\\/www.zillions.nl\\\/product\\\/vitra-eames-ea-117-bureaustoel-zwart-hopsak-chroom\\\/#primaryimage\"},\"thumbnailUrl\":\"https:\\\/\\\/www.zillions.nl\\\/wp-content\\\/uploads\\\/2024\\\/10\\\/CAM00276.jpg\",\"datePublished\":\"2024-10-22T08:46:57+00:00\",\"dateModified\":\"2025-10-27T12:50:13+00:00\",\"breadcrumb\":{\"@id\":\"https:\\\/\\\/www.zillions.nl\\\/product\\\/vitra-eames-ea-117-bureaustoel-zwart-hopsak-chroom\\\/#breadcrumb\"},\"inLanguage\":\"de-DE\",\"potentialAction\":[{\"@type\":\"ReadAction\",\"target\":[\"https:\\\/\\\/www.zillions.nl\\\/product\\\/vitra-eames-ea-117-bureaustoel-zwart-hopsak-chroom\\\/\"]}]},{\"@type\":\"ImageObject\",\"inLanguage\":\"de-DE\",\"@id\":\"https:\\\/\\\/www.zillions.nl\\\/product\\\/vitra-eames-ea-117-bureaustoel-zwart-hopsak-chroom\\\/#primaryimage\",\"url\":\"https:\\\/\\\/www.zillions.nl\\\/wp-content\\\/uploads\\\/2024\\\/10\\\/CAM00276.jpg\",\"contentUrl\":\"https:\\\/\\\/www.zillions.nl\\\/wp-content\\\/uploads\\\/2024\\\/10\\\/CAM00276.jpg\",\"width\":1080,\"height\":1080},{\"@type\":\"BreadcrumbList\",\"@id\":\"https:\\\/\\\/www.zillions.nl\\\/product\\\/vitra-eames-ea-117-bureaustoel-zwart-hopsak-chroom\\\/#breadcrumb\",\"itemListElement\":[{\"@type\":\"ListItem\",\"position\":1,\"name\":\"Home\",\"item\":\"https:\\\/\\\/www.zillions.nl\\\/\"},{\"@type\":\"ListItem\",\"position\":2,\"name\":\"Shop\",\"item\":\"https:\\\/\\\/www.zillions.nl\\\/shop\\\/\"},{\"@type\":\"ListItem\",\"position\":3,\"name\":\"Vitra Eames EA 117 Bureaustoel Zwart Hopsak &#8211; Chroom\"}]},{\"@type\":\"WebSite\",\"@id\":\"https:\\\/\\\/www.zillions.nl\\\/de\\\/#website\",\"url\":\"https:\\\/\\\/www.zillions.nl\\\/de\\\/\",\"name\":\"Zillions: nieuw en gebruikt design meubilair en stoelen\",\"description\":\"Welkom bij Zillions: Zillions is gespecialiseerd in nieuw en gebruikt design meubilair en stoelen.\",\"publisher\":{\"@id\":\"https:\\\/\\\/www.zillions.nl\\\/de\\\/#organization\"},\"potentialAction\":[{\"@type\":\"SearchAction\",\"target\":{\"@type\":\"EntryPoint\",\"urlTemplate\":\"https:\\\/\\\/www.zillions.nl\\\/de\\\/?s={search_term_string}\"},\"query-input\":{\"@type\":\"PropertyValueSpecification\",\"valueRequired\":true,\"valueName\":\"search_term_string\"}}],\"inLanguage\":\"de-DE\"},{\"@type\":\"Organization\",\"@id\":\"https:\\\/\\\/www.zillions.nl\\\/de\\\/#organization\",\"name\":\"Zillions: nieuw en gebruikt design meubilair en stoelen\",\"url\":\"https:\\\/\\\/www.zillions.nl\\\/de\\\/\",\"logo\":{\"@type\":\"ImageObject\",\"inLanguage\":\"de-DE\",\"@id\":\"https:\\\/\\\/www.zillions.nl\\\/de\\\/#\\\/schema\\\/logo\\\/image\\\/\",\"url\":\"https:\\\/\\\/www.zillions.nl\\\/wp-content\\\/uploads\\\/2022\\\/11\\\/zillions.svg\",\"contentUrl\":\"https:\\\/\\\/www.zillions.nl\\\/wp-content\\\/uploads\\\/2022\\\/11\\\/zillions.svg\",\"width\":208,\"height\":53,\"caption\":\"Zillions: nieuw en gebruikt design meubilair en stoelen\"},\"image\":{\"@id\":\"https:\\\/\\\/www.zillions.nl\\\/de\\\/#\\\/schema\\\/logo\\\/image\\\/\"}}]}<\/script>\n<!-- \/ Yoast SEO plugin. -->","yoast_head_json":{"title":"Vitra Eames EA 117 B\u00fcrostuhl Black Hopsak - Chrome - Zillions: Neue und gebrauchte Designerm\u00f6bel und St\u00fchle","robots":{"index":"index","follow":"follow","max-snippet":"max-snippet:-1","max-image-preview":"max-image-preview:large","max-video-preview":"max-video-preview:-1"},"canonical":"https:\/\/www.zillions.nl\/de\/product\/vitra-eames-ea-117-bureaustoel-zwart-hopsak-chroom\/","og_locale":"de_DE","og_type":"article","og_title":"Vitra Eames EA 117 Bureaustoel Zwart Hopsak - Chroom - Zillions: nieuw en gebruikt design meubilair en stoelen","og_description":"Vitra Eames EA 117 bureaustoel zwart hopsak \u2013 chroom Deze Vitra EA 117 bureaustoel met lage rug is uitgevoerd in zwarte hopsak bekleding. De behuizing van de stoel is uitgevoerd in verchroomd aluminium, wat zorgt voor een glanzend effect. Dit draagt\u00a0niet alleen bij aan een klassieke uitstraling, maar het is ook een duurzame keuze, omdat [&hellip;]","og_url":"https:\/\/www.zillions.nl\/de\/product\/vitra-eames-ea-117-bureaustoel-zwart-hopsak-chroom\/","og_site_name":"Zillions: nieuw en gebruikt design meubilair en stoelen","article_modified_time":"2025-10-27T12:50:13+00:00","og_image":[{"width":1080,"height":1080,"url":"https:\/\/www.zillions.nl\/wp-content\/uploads\/2024\/10\/CAM00276.jpg","type":"image\/jpeg"}],"twitter_card":"summary_large_image","twitter_misc":{"Est. reading time":"2 minutes"},"schema":{"@context":"https:\/\/schema.org","@graph":[{"@type":"WebPage","@id":"https:\/\/www.zillions.nl\/product\/vitra-eames-ea-117-bureaustoel-zwart-hopsak-chroom\/","url":"https:\/\/www.zillions.nl\/product\/vitra-eames-ea-117-bureaustoel-zwart-hopsak-chroom\/","name":"Vitra Eames EA 117 B\u00fcrostuhl Black Hopsak - Chrome - Zillions: Neue und gebrauchte Designerm\u00f6bel und St\u00fchle","isPartOf":{"@id":"https:\/\/www.zillions.nl\/de\/#website"},"primaryImageOfPage":{"@id":"https:\/\/www.zillions.nl\/product\/vitra-eames-ea-117-bureaustoel-zwart-hopsak-chroom\/#primaryimage"},"image":{"@id":"https:\/\/www.zillions.nl\/product\/vitra-eames-ea-117-bureaustoel-zwart-hopsak-chroom\/#primaryimage"},"thumbnailUrl":"https:\/\/www.zillions.nl\/wp-content\/uploads\/2024\/10\/CAM00276.jpg","datePublished":"2024-10-22T08:46:57+00:00","dateModified":"2025-10-27T12:50:13+00:00","breadcrumb":{"@id":"https:\/\/www.zillions.nl\/product\/vitra-eames-ea-117-bureaustoel-zwart-hopsak-chroom\/#breadcrumb"},"inLanguage":"de-DE","potentialAction":[{"@type":"ReadAction","target":["https:\/\/www.zillions.nl\/product\/vitra-eames-ea-117-bureaustoel-zwart-hopsak-chroom\/"]}]},{"@type":"ImageObject","inLanguage":"de-DE","@id":"https:\/\/www.zillions.nl\/product\/vitra-eames-ea-117-bureaustoel-zwart-hopsak-chroom\/#primaryimage","url":"https:\/\/www.zillions.nl\/wp-content\/uploads\/2024\/10\/CAM00276.jpg","contentUrl":"https:\/\/www.zillions.nl\/wp-content\/uploads\/2024\/10\/CAM00276.jpg","width":1080,"height":1080},{"@type":"BreadcrumbList","@id":"https:\/\/www.zillions.nl\/product\/vitra-eames-ea-117-bureaustoel-zwart-hopsak-chroom\/#breadcrumb","itemListElement":[{"@type":"ListItem","position":1,"name":"Home","item":"https:\/\/www.zillions.nl\/"},{"@type":"ListItem","position":2,"name":"Shop","item":"https:\/\/www.zillions.nl\/shop\/"},{"@type":"ListItem","position":3,"name":"Vitra Eames EA 117 Bureaustoel Zwart Hopsak &#8211; Chroom"}]},{"@type":"WebSite","@id":"https:\/\/www.zillions.nl\/de\/#website","url":"https:\/\/www.zillions.nl\/de\/","name":"Zillionen: neue und gebrauchte Designerm\u00f6bel und St\u00fchle","description":"Willkommen bei Zillions: Zillions ist auf neue und gebrauchte Designm\u00f6bel und St\u00fchle spezialisiert.","publisher":{"@id":"https:\/\/www.zillions.nl\/de\/#organization"},"potentialAction":[{"@type":"SearchAction","target":{"@type":"EntryPoint","urlTemplate":"https:\/\/www.zillions.nl\/de\/?s={search_term_string}"},"query-input":{"@type":"PropertyValueSpecification","valueRequired":true,"valueName":"search_term_string"}}],"inLanguage":"de-DE"},{"@type":"Organization","@id":"https:\/\/www.zillions.nl\/de\/#organization","name":"Zillionen: neue und gebrauchte Designerm\u00f6bel und St\u00fchle","url":"https:\/\/www.zillions.nl\/de\/","logo":{"@type":"ImageObject","inLanguage":"de-DE","@id":"https:\/\/www.zillions.nl\/de\/#\/schema\/logo\/image\/","url":"https:\/\/www.zillions.nl\/wp-content\/uploads\/2022\/11\/zillions.svg","contentUrl":"https:\/\/www.zillions.nl\/wp-content\/uploads\/2022\/11\/zillions.svg","width":208,"height":53,"caption":"Zillions: nieuw en gebruikt design meubilair en stoelen"},"image":{"@id":"https:\/\/www.zillions.nl\/de\/#\/schema\/logo\/image\/"}}]}},"_links":{"self":[{"href":"https:\/\/www.zillions.nl\/de\/wp-json\/wp\/v2\/product\/11919","targetHints":{"allow":["GET"]}}],"collection":[{"href":"https:\/\/www.zillions.nl\/de\/wp-json\/wp\/v2\/product"}],"about":[{"href":"https:\/\/www.zillions.nl\/de\/wp-json\/wp\/v2\/types\/product"}],"wp:featuredmedia":[{"embeddable":true,"href":"https:\/\/www.zillions.nl\/de\/wp-json\/wp\/v2\/media\/12322"}],"wp:attachment":[{"href":"https:\/\/www.zillions.nl\/de\/wp-json\/wp\/v2\/media?parent=11919"}],"wp:term":[{"taxonomy":"product_brand","embeddable":true,"href":"https:\/\/www.zillions.nl\/de\/wp-json\/wp\/v2\/product_brand?post=11919"},{"taxonomy":"product_cat","embeddable":true,"href":"https:\/\/www.zillions.nl\/de\/wp-json\/wp\/v2\/product_cat?post=11919"},{"taxonomy":"product_tag","embeddable":true,"href":"https:\/\/www.zillions.nl\/de\/wp-json\/wp\/v2\/product_tag?post=11919"}],"curies":[{"name":"wp","href":"https:\/\/api.w.org\/{rel}","templated":true}]}}