{"id":11775,"date":"2024-10-15T11:45:21","date_gmt":"2024-10-15T09:45:21","guid":{"rendered":"https:\/\/www.zillions.nl\/?post_type=product&#038;p=11775"},"modified":"2026-03-28T09:44:15","modified_gmt":"2026-03-28T08:44:15","slug":"herman-miller-lounge-chair-ottoman-nubia-stof-notenhout","status":"publish","type":"product","link":"https:\/\/www.zillions.nl\/de\/product\/herman-miller-lounge-chair-ottoman-nubia-stof-notenhout\/","title":{"rendered":"AUSVERKAUF!! Vitra Eames Lounge Chair &amp; Ottoman Nubia \u2013 Walnuss"},"content":{"rendered":"<p>Vitra Eames Lounge Chair &amp; Ottoman Nubia Stoff \u2013 Walnuss<\/p>\n<p>Dieser wundersch\u00f6ne Vitra Eames Lounge Chair, entworfen von Charles &amp; Ray Eames, besticht durch seinen Sitz aus Nubia-Stoff in Creme\/Perlmutt und ein Gestell aus Walnussholz. Dieses Holz ist nicht nur robust, sondern zeichnet sich auch durch seine edle, nat\u00fcrliche Optik aus und verleiht dem Sessel eine dezente und stilvolle Note. Die Schalen sind an einem polierten Aluminiumgestell befestigt, wodurch ein reizvoller Kontrast zwischen der warmen Ausstrahlung des Holzes und dem modernen Look des Metalls entsteht. Der passende Hocker ist aus demselben Material gefertigt. Sessel und Hocker sind Originale der Marke 100% und verf\u00fcgen \u00fcber alle Echtheitsmerkmale.<\/p>\n<p>Aus \u00dcberbestand gekauft, einmaliges Angebot, WEG=WEG!<\/p>\n<p><strong>Zustand:<\/strong>\u00a0neu; 100% neu, unbenutzt.<\/p>\n<p><strong>Lieferung ab Lager<\/strong><\/p>\n<p><strong>Hinweis:\u00a0<\/strong>Die angezeigten Preise sind\u00a0<u>pro St\u00fcck<\/u>!<\/p>\n<p>Neben der abgebildeten Version ist der Vitra Eames Lounge Chair Nubia auch in einer XL-Version erh\u00e4ltlich.<\/p>\n<p>Spezifikationen:<br \/>\n<u>Loungesessel:<strong><br \/>\n<\/strong><\/u><strong>Sitz:<\/strong> Stoff, Nubia, Farbe: Creme\/Perlmutt; drehbar<br \/>\n<strong>Sitzschale:<\/strong> Walnussholz<br \/>\n<strong>Rahmen:<\/strong>\u00a0Aluminium, poliert<br \/>\n<strong>Armlehne:<\/strong>\u00a022 cm hoch<br \/>\n<strong>R\u00fcckenlehne:<\/strong> 59 cm<br \/>\n<strong>Sitzh\u00f6he:<\/strong>\u00a038 cm<br \/>\n<strong>Sitzbreite:<\/strong>\u00a054 cm<br \/>\n<strong>Sitztiefe:<\/strong> 57 cm<br \/>\n<strong>Volle H\u00f6he:<\/strong>\u00a084 cm<br \/>\n<strong>Volle Breite: <\/strong>84 cm<br \/>\n<strong>Volle Tiefe: <\/strong>85 \u2013 91 cm<\/p>\n<p><u>Ottomane (Hocker):<\/u><br \/>\n<strong>H\u00f6he:\u00a0<\/strong>42 cm<br \/>\n<strong>Breite:\u00a0<\/strong>63 cm<br \/>\n<strong>Tiefe:\u00a0<\/strong>56 cm<\/p>\n<p>Wenn Sie Fragen haben oder einen unverbindlichen Besichtigungstermin vereinbaren m\u00f6chten, k\u00f6nnen Sie sich gerne an uns wenden. Lieferung durch unseren eigenen Lieferservice m\u00f6glich! Besuchen Sie unsere Website f\u00fcr viele weitere Designartikel!<\/p>\n<p><strong>Kontaktdaten (Besuch nach Vereinbarung):<\/strong><br \/>\nIndustrieweg 21<br \/>\n4131NK Vianen<br \/>\ninfo@zillions.nl<br \/>\n030 20 72 146<\/p>","protected":false},"excerpt":{"rendered":"<p>Vitra Eames Lounge Chair &amp; Ottoman Nubia stof &#8211; notenhout Deze prachtige Vitra Eames Lounge Chair, ontworpen door Charles &amp; Ray Eames, is uitgevoerd met een zitting van Nubia stof in de kleur cream\/pearl en is voorzien van een notenhouten zitschaal. Dit houtsoort is niet alleen stevig, maar heeft ook een rijke, natuurlijke uitstraling, waardoor [&hellip;]<\/p>\n","protected":false},"featured_media":19174,"template":"","meta":{"_acf_changed":false},"product_brand":[202],"product_cat":[16,188],"product_tag":[322],"class_list":{"0":"post-11775","1":"product","2":"type-product","3":"status-publish","4":"has-post-thumbnail","6":"product_brand-vitra","7":"product_cat-alle-producten","8":"product_cat-fauteuils","9":"product_tag-vitra","10":"pa_brands-vitra","12":"first","13":"outofstock","14":"sale","15":"purchasable","16":"product-type-simple"},"acf":[],"yoast_head":"<!-- This site is optimized with the Yoast SEO plugin v27.5 - https:\/\/yoast.com\/product\/yoast-seo-wordpress\/ -->\n<title>ACTIE!! Vitra Eames Lounge Chair &amp; Ottoman Nubia - Notenhout<\/title>\n<meta name=\"description\" content=\"Vitra Eames Lounge Chair &amp; Ottoman Nubia - notenhout | Eenvoudig te bestellen via onze webshop. Ontdek dit model en vele anderen in ons ruime assortiment!\" \/>\n<meta name=\"robots\" content=\"index, follow, max-snippet:-1, max-image-preview:large, max-video-preview:-1\" \/>\n<link rel=\"canonical\" href=\"https:\/\/www.zillions.nl\/de\/product\/herman-miller-lounge-chair-ottoman-nubia-stof-notenhout\/\" \/>\n<meta property=\"og:locale\" content=\"de_DE\" \/>\n<meta property=\"og:type\" content=\"article\" \/>\n<meta property=\"og:title\" content=\"ACTIE!! Vitra Eames Lounge Chair &amp; Ottoman Nubia - Notenhout\" \/>\n<meta property=\"og:description\" content=\"Vitra Eames Lounge Chair &amp; Ottoman Nubia - notenhout | Eenvoudig te bestellen via onze webshop. Ontdek dit model en vele anderen in ons ruime assortiment!\" \/>\n<meta property=\"og:url\" content=\"https:\/\/www.zillions.nl\/de\/product\/herman-miller-lounge-chair-ottoman-nubia-stof-notenhout\/\" \/>\n<meta property=\"og:site_name\" content=\"Zillions: nieuw en gebruikt design meubilair en stoelen\" \/>\n<meta property=\"article:modified_time\" content=\"2026-03-28T08:44:15+00:00\" \/>\n<meta property=\"og:image\" content=\"https:\/\/www.zillions.nl\/wp-content\/uploads\/2024\/10\/Vitra-Eames-Lounge-Chair-Ottoman-Nubia-Stof-CAM02034-1.jpg\" \/>\n\t<meta property=\"og:image:width\" content=\"1080\" \/>\n\t<meta property=\"og:image:height\" content=\"1080\" \/>\n\t<meta property=\"og:image:type\" content=\"image\/jpeg\" \/>\n<meta name=\"twitter:card\" content=\"summary_large_image\" \/>\n<meta name=\"twitter:label1\" content=\"Est. reading time\" \/>\n\t<meta name=\"twitter:data1\" content=\"2 minutes\" \/>\n<script type=\"application\/ld+json\" class=\"yoast-schema-graph\">{\"@context\":\"https:\\\/\\\/schema.org\",\"@graph\":[{\"@type\":\"WebPage\",\"@id\":\"https:\\\/\\\/www.zillions.nl\\\/product\\\/herman-miller-lounge-chair-ottoman-nubia-stof-notenhout\\\/\",\"url\":\"https:\\\/\\\/www.zillions.nl\\\/product\\\/herman-miller-lounge-chair-ottoman-nubia-stof-notenhout\\\/\",\"name\":\"ACTIE!! Vitra Eames Lounge Chair &amp; Ottoman Nubia - Notenhout\",\"isPartOf\":{\"@id\":\"https:\\\/\\\/www.zillions.nl\\\/de\\\/#website\"},\"primaryImageOfPage\":{\"@id\":\"https:\\\/\\\/www.zillions.nl\\\/product\\\/herman-miller-lounge-chair-ottoman-nubia-stof-notenhout\\\/#primaryimage\"},\"image\":{\"@id\":\"https:\\\/\\\/www.zillions.nl\\\/product\\\/herman-miller-lounge-chair-ottoman-nubia-stof-notenhout\\\/#primaryimage\"},\"thumbnailUrl\":\"https:\\\/\\\/www.zillions.nl\\\/wp-content\\\/uploads\\\/2024\\\/10\\\/Vitra-Eames-Lounge-Chair-Ottoman-Nubia-Stof-CAM02034-1.jpg\",\"datePublished\":\"2024-10-15T09:45:21+00:00\",\"dateModified\":\"2026-03-28T08:44:15+00:00\",\"description\":\"Vitra Eames Lounge Chair & Ottoman Nubia - notenhout | Eenvoudig te bestellen via onze webshop. Ontdek dit model en vele anderen in ons ruime assortiment!\",\"breadcrumb\":{\"@id\":\"https:\\\/\\\/www.zillions.nl\\\/product\\\/herman-miller-lounge-chair-ottoman-nubia-stof-notenhout\\\/#breadcrumb\"},\"inLanguage\":\"de-DE\",\"potentialAction\":[{\"@type\":\"ReadAction\",\"target\":[\"https:\\\/\\\/www.zillions.nl\\\/product\\\/herman-miller-lounge-chair-ottoman-nubia-stof-notenhout\\\/\"]}]},{\"@type\":\"ImageObject\",\"inLanguage\":\"de-DE\",\"@id\":\"https:\\\/\\\/www.zillions.nl\\\/product\\\/herman-miller-lounge-chair-ottoman-nubia-stof-notenhout\\\/#primaryimage\",\"url\":\"https:\\\/\\\/www.zillions.nl\\\/wp-content\\\/uploads\\\/2024\\\/10\\\/Vitra-Eames-Lounge-Chair-Ottoman-Nubia-Stof-CAM02034-1.jpg\",\"contentUrl\":\"https:\\\/\\\/www.zillions.nl\\\/wp-content\\\/uploads\\\/2024\\\/10\\\/Vitra-Eames-Lounge-Chair-Ottoman-Nubia-Stof-CAM02034-1.jpg\",\"width\":1080,\"height\":1080},{\"@type\":\"BreadcrumbList\",\"@id\":\"https:\\\/\\\/www.zillions.nl\\\/product\\\/herman-miller-lounge-chair-ottoman-nubia-stof-notenhout\\\/#breadcrumb\",\"itemListElement\":[{\"@type\":\"ListItem\",\"position\":1,\"name\":\"Home\",\"item\":\"https:\\\/\\\/www.zillions.nl\\\/\"},{\"@type\":\"ListItem\",\"position\":2,\"name\":\"Shop\",\"item\":\"https:\\\/\\\/www.zillions.nl\\\/shop\\\/\"},{\"@type\":\"ListItem\",\"position\":3,\"name\":\"ACTIE!! Vitra Eames Lounge Chair &amp; Ottoman Nubia &#8211; Notenhout\"}]},{\"@type\":\"WebSite\",\"@id\":\"https:\\\/\\\/www.zillions.nl\\\/de\\\/#website\",\"url\":\"https:\\\/\\\/www.zillions.nl\\\/de\\\/\",\"name\":\"Zillions: nieuw en gebruikt design meubilair en stoelen\",\"description\":\"Welkom bij Zillions: Zillions is gespecialiseerd in nieuw en gebruikt design meubilair en stoelen.\",\"publisher\":{\"@id\":\"https:\\\/\\\/www.zillions.nl\\\/de\\\/#organization\"},\"potentialAction\":[{\"@type\":\"SearchAction\",\"target\":{\"@type\":\"EntryPoint\",\"urlTemplate\":\"https:\\\/\\\/www.zillions.nl\\\/de\\\/?s={search_term_string}\"},\"query-input\":{\"@type\":\"PropertyValueSpecification\",\"valueRequired\":true,\"valueName\":\"search_term_string\"}}],\"inLanguage\":\"de-DE\"},{\"@type\":\"Organization\",\"@id\":\"https:\\\/\\\/www.zillions.nl\\\/de\\\/#organization\",\"name\":\"Zillions: nieuw en gebruikt design meubilair en stoelen\",\"url\":\"https:\\\/\\\/www.zillions.nl\\\/de\\\/\",\"logo\":{\"@type\":\"ImageObject\",\"inLanguage\":\"de-DE\",\"@id\":\"https:\\\/\\\/www.zillions.nl\\\/de\\\/#\\\/schema\\\/logo\\\/image\\\/\",\"url\":\"https:\\\/\\\/www.zillions.nl\\\/wp-content\\\/uploads\\\/2022\\\/11\\\/zillions.svg\",\"contentUrl\":\"https:\\\/\\\/www.zillions.nl\\\/wp-content\\\/uploads\\\/2022\\\/11\\\/zillions.svg\",\"width\":208,\"height\":53,\"caption\":\"Zillions: nieuw en gebruikt design meubilair en stoelen\"},\"image\":{\"@id\":\"https:\\\/\\\/www.zillions.nl\\\/de\\\/#\\\/schema\\\/logo\\\/image\\\/\"}}]}<\/script>\n<!-- \/ Yoast SEO plugin. -->","yoast_head_json":{"title":"ACTIE!! Vitra Eames Lounge Chair &amp; Ottoman Nubia - Notenhout","description":"Vitra Eames Lounge Chair & Ottoman Nubia - notenhout | Eenvoudig te bestellen via onze webshop. Ontdek dit model en vele anderen in ons ruime assortiment!","robots":{"index":"index","follow":"follow","max-snippet":"max-snippet:-1","max-image-preview":"max-image-preview:large","max-video-preview":"max-video-preview:-1"},"canonical":"https:\/\/www.zillions.nl\/de\/product\/herman-miller-lounge-chair-ottoman-nubia-stof-notenhout\/","og_locale":"de_DE","og_type":"article","og_title":"ACTIE!! Vitra Eames Lounge Chair &amp; Ottoman Nubia - Notenhout","og_description":"Vitra Eames Lounge Chair & Ottoman Nubia - notenhout | Eenvoudig te bestellen via onze webshop. Ontdek dit model en vele anderen in ons ruime assortiment!","og_url":"https:\/\/www.zillions.nl\/de\/product\/herman-miller-lounge-chair-ottoman-nubia-stof-notenhout\/","og_site_name":"Zillions: nieuw en gebruikt design meubilair en stoelen","article_modified_time":"2026-03-28T08:44:15+00:00","og_image":[{"width":1080,"height":1080,"url":"https:\/\/www.zillions.nl\/wp-content\/uploads\/2024\/10\/Vitra-Eames-Lounge-Chair-Ottoman-Nubia-Stof-CAM02034-1.jpg","type":"image\/jpeg"}],"twitter_card":"summary_large_image","twitter_misc":{"Est. reading time":"2 minutes"},"schema":{"@context":"https:\/\/schema.org","@graph":[{"@type":"WebPage","@id":"https:\/\/www.zillions.nl\/product\/herman-miller-lounge-chair-ottoman-nubia-stof-notenhout\/","url":"https:\/\/www.zillions.nl\/product\/herman-miller-lounge-chair-ottoman-nubia-stof-notenhout\/","name":"ACTIE!! Vitra Eames Lounge Chair &amp; Ottoman Nubia - Notenhout","isPartOf":{"@id":"https:\/\/www.zillions.nl\/de\/#website"},"primaryImageOfPage":{"@id":"https:\/\/www.zillions.nl\/product\/herman-miller-lounge-chair-ottoman-nubia-stof-notenhout\/#primaryimage"},"image":{"@id":"https:\/\/www.zillions.nl\/product\/herman-miller-lounge-chair-ottoman-nubia-stof-notenhout\/#primaryimage"},"thumbnailUrl":"https:\/\/www.zillions.nl\/wp-content\/uploads\/2024\/10\/Vitra-Eames-Lounge-Chair-Ottoman-Nubia-Stof-CAM02034-1.jpg","datePublished":"2024-10-15T09:45:21+00:00","dateModified":"2026-03-28T08:44:15+00:00","description":"Vitra Eames Lounge Chair & Ottoman Nubia - notenhout | Eenvoudig te bestellen via onze webshop. Ontdek dit model en vele anderen in ons ruime assortiment!","breadcrumb":{"@id":"https:\/\/www.zillions.nl\/product\/herman-miller-lounge-chair-ottoman-nubia-stof-notenhout\/#breadcrumb"},"inLanguage":"de-DE","potentialAction":[{"@type":"ReadAction","target":["https:\/\/www.zillions.nl\/product\/herman-miller-lounge-chair-ottoman-nubia-stof-notenhout\/"]}]},{"@type":"ImageObject","inLanguage":"de-DE","@id":"https:\/\/www.zillions.nl\/product\/herman-miller-lounge-chair-ottoman-nubia-stof-notenhout\/#primaryimage","url":"https:\/\/www.zillions.nl\/wp-content\/uploads\/2024\/10\/Vitra-Eames-Lounge-Chair-Ottoman-Nubia-Stof-CAM02034-1.jpg","contentUrl":"https:\/\/www.zillions.nl\/wp-content\/uploads\/2024\/10\/Vitra-Eames-Lounge-Chair-Ottoman-Nubia-Stof-CAM02034-1.jpg","width":1080,"height":1080},{"@type":"BreadcrumbList","@id":"https:\/\/www.zillions.nl\/product\/herman-miller-lounge-chair-ottoman-nubia-stof-notenhout\/#breadcrumb","itemListElement":[{"@type":"ListItem","position":1,"name":"Home","item":"https:\/\/www.zillions.nl\/"},{"@type":"ListItem","position":2,"name":"Shop","item":"https:\/\/www.zillions.nl\/shop\/"},{"@type":"ListItem","position":3,"name":"ACTIE!! Vitra Eames Lounge Chair &amp; Ottoman Nubia &#8211; Notenhout"}]},{"@type":"WebSite","@id":"https:\/\/www.zillions.nl\/de\/#website","url":"https:\/\/www.zillions.nl\/de\/","name":"Zillionen: neue und gebrauchte Designerm\u00f6bel und St\u00fchle","description":"Willkommen bei Zillions: Zillions ist auf neue und gebrauchte Designm\u00f6bel und St\u00fchle spezialisiert.","publisher":{"@id":"https:\/\/www.zillions.nl\/de\/#organization"},"potentialAction":[{"@type":"SearchAction","target":{"@type":"EntryPoint","urlTemplate":"https:\/\/www.zillions.nl\/de\/?s={search_term_string}"},"query-input":{"@type":"PropertyValueSpecification","valueRequired":true,"valueName":"search_term_string"}}],"inLanguage":"de-DE"},{"@type":"Organization","@id":"https:\/\/www.zillions.nl\/de\/#organization","name":"Zillionen: neue und gebrauchte Designerm\u00f6bel und St\u00fchle","url":"https:\/\/www.zillions.nl\/de\/","logo":{"@type":"ImageObject","inLanguage":"de-DE","@id":"https:\/\/www.zillions.nl\/de\/#\/schema\/logo\/image\/","url":"https:\/\/www.zillions.nl\/wp-content\/uploads\/2022\/11\/zillions.svg","contentUrl":"https:\/\/www.zillions.nl\/wp-content\/uploads\/2022\/11\/zillions.svg","width":208,"height":53,"caption":"Zillions: nieuw en gebruikt design meubilair en stoelen"},"image":{"@id":"https:\/\/www.zillions.nl\/de\/#\/schema\/logo\/image\/"}}]}},"_links":{"self":[{"href":"https:\/\/www.zillions.nl\/de\/wp-json\/wp\/v2\/product\/11775","targetHints":{"allow":["GET"]}}],"collection":[{"href":"https:\/\/www.zillions.nl\/de\/wp-json\/wp\/v2\/product"}],"about":[{"href":"https:\/\/www.zillions.nl\/de\/wp-json\/wp\/v2\/types\/product"}],"wp:featuredmedia":[{"embeddable":true,"href":"https:\/\/www.zillions.nl\/de\/wp-json\/wp\/v2\/media\/19174"}],"wp:attachment":[{"href":"https:\/\/www.zillions.nl\/de\/wp-json\/wp\/v2\/media?parent=11775"}],"wp:term":[{"taxonomy":"product_brand","embeddable":true,"href":"https:\/\/www.zillions.nl\/de\/wp-json\/wp\/v2\/product_brand?post=11775"},{"taxonomy":"product_cat","embeddable":true,"href":"https:\/\/www.zillions.nl\/de\/wp-json\/wp\/v2\/product_cat?post=11775"},{"taxonomy":"product_tag","embeddable":true,"href":"https:\/\/www.zillions.nl\/de\/wp-json\/wp\/v2\/product_tag?post=11775"}],"curies":[{"name":"wp","href":"https:\/\/api.w.org\/{rel}","templated":true}]}}