{"id":11323,"date":"2024-09-22T16:56:39","date_gmt":"2024-09-22T14:56:39","guid":{"rendered":"https:\/\/www.zillions.nl\/?post_type=product&#038;p=11323"},"modified":"2025-12-10T10:08:57","modified_gmt":"2025-12-10T09:08:57","slug":"cassina-lc2-le-corbusier-fauteuil-zwart-leer","status":"publish","type":"product","link":"https:\/\/www.zillions.nl\/de\/product\/cassina-lc2-le-corbusier-fauteuil-zwart-leer\/","title":{"rendered":"AKTION!! Cassina LC2 Le Corbusier Sessel Schwarzes Leder"},"content":{"rendered":"<p>Cassina Le Corbusier Sessel LC2 schwarzes Leder \u2013 Chrom<\/p>\n<p><strong>Vor\u00fcbergehend rabattiert <\/strong><strong>jetzt f\u00fcr<\/strong><strong> 2.650 \u20ac pro St\u00fcck<\/strong><\/p>\n<p>Dieser LC2-Sessel von Cassina ist aus schwarzem Leder gefertigt. Das Stahlgestell ist in gl\u00e4nzendem Chrom gehalten und umschlie\u00dft die Kissen von au\u00dfen, wodurch ein klassischer und moderner Look entsteht. Was den Sessel LC2 auszeichnet, ist seine kompakte Gr\u00f6\u00dfe in Kombination mit den gro\u00dfz\u00fcgigen Kissen, die f\u00fcr optimalen Sitzkomfort sorgen. Der Sessel ist original 100% und mit allen Sicherheitsmerkmalen ausgestattet.<br \/>\n<strong><br \/>\nZustand:\u00a0<\/strong>jung verwendet: nur kurze Zeit im Einsatz; in gutem Zustand<strong><br \/>\n<\/strong><\/p>\n<p><strong>Lieferung ab Lager<br \/>\n<\/strong><\/p>\n<p><strong>Hinweis:\u00a0<\/strong>Die angezeigten Preise sind\u00a0<u>pro St\u00fcck!<\/u><\/p>\n<p>M\u00f6glicherweise auch <u>Neu in der Verpackung<\/u> verf\u00fcgbar, siehe unsere anderen Anzeigen.<\/p>\n<p>Spezifikationen:<br \/>\n<strong>Sitz:<\/strong>\u00a0Leder, schwarz<br \/>\n<strong>Rahmen:<\/strong>\u00a0Chrom<br \/>\n<strong>R\u00fcckenlehne:<\/strong>\u00a019 cm<br \/>\n<strong>Armlehne:<\/strong>\u00a019 cm hoch<br \/>\n<strong>Sitztiefe:\u00a0<\/strong>54 cm<br \/>\n<strong>Sitzbreite:<\/strong>\u00a050 cm<br \/>\n<strong>Volle Breite:<\/strong>\u00a076 cm<br \/>\n<strong>Sitzh\u00f6he:<\/strong>\u00a048 cm<br \/>\n<strong>Volle H\u00f6he:<\/strong>\u00a067 cm<\/p>\n<p>Wenn Sie Fragen haben oder einen unverbindlichen Besichtigungstermin vereinbaren m\u00f6chten, k\u00f6nnen Sie sich gerne an uns wenden. Lieferung durch unseren eigenen Lieferservice m\u00f6glich! Besuchen Sie unsere Website f\u00fcr viele weitere Designartikel!<\/p>\n<p><strong>Kontaktdaten (Besuch nach Vereinbarung):<\/strong><br \/>\nIndustrieweg 21<br \/>\n4131NK Vianen<br \/>\ninfo@zillions.nl<br \/>\n030 20 72 146<\/p>","protected":false},"excerpt":{"rendered":"<p>Cassina Le Corbusier Fauteuil LC2 zwart leer &#8211; chroom Tijdelijk afgeprijsd nu voor \u20ac2.650,- per stuk Deze LC2 fauteuil van Cassina is uitgevoerd in zwart leer. Het stalen frame is afgewerkt in glanzend chroom en omsluit de kussens vanaf de buitenkant, wat zorgt voor een klassieke en moderne uitstraling. Wat de LC2 fauteuil kenmerkt, is [&hellip;]<\/p>\n","protected":false},"featured_media":18690,"template":"","meta":{"_acf_changed":false},"product_brand":[203],"product_cat":[16,188],"product_tag":[324],"class_list":{"0":"post-11323","1":"product","2":"type-product","3":"status-publish","4":"has-post-thumbnail","6":"product_brand-cassina","7":"product_cat-alle-producten","8":"product_cat-fauteuils","9":"product_tag-cassina","10":"pa_brands-cassina","12":"first","13":"outofstock","14":"sale","15":"purchasable","16":"product-type-simple"},"acf":[],"yoast_head":"<!-- This site is optimized with the Yoast SEO plugin v27.5 - https:\/\/yoast.com\/product\/yoast-seo-wordpress\/ -->\n<title>ACTIE!! Cassina LC2 Le Corbusier fauteuil Zwart Leer - Zillions: nieuw en gebruikt design meubilair en stoelen<\/title>\n<meta name=\"robots\" content=\"index, follow, max-snippet:-1, max-image-preview:large, max-video-preview:-1\" \/>\n<link rel=\"canonical\" href=\"https:\/\/www.zillions.nl\/de\/product\/cassina-lc2-le-corbusier-fauteuil-zwart-leer\/\" \/>\n<meta property=\"og:locale\" content=\"de_DE\" \/>\n<meta property=\"og:type\" content=\"article\" \/>\n<meta property=\"og:title\" content=\"ACTIE!! Cassina LC2 Le Corbusier fauteuil Zwart Leer - Zillions: nieuw en gebruikt design meubilair en stoelen\" \/>\n<meta property=\"og:description\" content=\"Cassina Le Corbusier Fauteuil LC2 zwart leer &#8211; chroom Tijdelijk afgeprijsd nu voor \u20ac2.650,- per stuk Deze LC2 fauteuil van Cassina is uitgevoerd in zwart leer. Het stalen frame is afgewerkt in glanzend chroom en omsluit de kussens vanaf de buitenkant, wat zorgt voor een klassieke en moderne uitstraling. Wat de LC2 fauteuil kenmerkt, is [&hellip;]\" \/>\n<meta property=\"og:url\" content=\"https:\/\/www.zillions.nl\/de\/product\/cassina-lc2-le-corbusier-fauteuil-zwart-leer\/\" \/>\n<meta property=\"og:site_name\" content=\"Zillions: nieuw en gebruikt design meubilair en stoelen\" \/>\n<meta property=\"article:modified_time\" content=\"2025-12-10T09:08:57+00:00\" \/>\n<meta property=\"og:image\" content=\"https:\/\/www.zillions.nl\/wp-content\/uploads\/2024\/09\/CAM00434-650x650-1.jpg\" \/>\n\t<meta property=\"og:image:width\" content=\"650\" \/>\n\t<meta property=\"og:image:height\" content=\"650\" \/>\n\t<meta property=\"og:image:type\" content=\"image\/jpeg\" \/>\n<meta name=\"twitter:card\" content=\"summary_large_image\" \/>\n<meta name=\"twitter:label1\" content=\"Est. reading time\" \/>\n\t<meta name=\"twitter:data1\" content=\"2 minutes\" \/>\n<script type=\"application\/ld+json\" class=\"yoast-schema-graph\">{\"@context\":\"https:\\\/\\\/schema.org\",\"@graph\":[{\"@type\":\"WebPage\",\"@id\":\"https:\\\/\\\/www.zillions.nl\\\/product\\\/cassina-lc2-le-corbusier-fauteuil-zwart-leer\\\/\",\"url\":\"https:\\\/\\\/www.zillions.nl\\\/product\\\/cassina-lc2-le-corbusier-fauteuil-zwart-leer\\\/\",\"name\":\"ACTIE!! Cassina LC2 Le Corbusier fauteuil Zwart Leer - Zillions: nieuw en gebruikt design meubilair en stoelen\",\"isPartOf\":{\"@id\":\"https:\\\/\\\/www.zillions.nl\\\/de\\\/#website\"},\"primaryImageOfPage\":{\"@id\":\"https:\\\/\\\/www.zillions.nl\\\/product\\\/cassina-lc2-le-corbusier-fauteuil-zwart-leer\\\/#primaryimage\"},\"image\":{\"@id\":\"https:\\\/\\\/www.zillions.nl\\\/product\\\/cassina-lc2-le-corbusier-fauteuil-zwart-leer\\\/#primaryimage\"},\"thumbnailUrl\":\"https:\\\/\\\/www.zillions.nl\\\/wp-content\\\/uploads\\\/2024\\\/09\\\/CAM00434-650x650-1.jpg\",\"datePublished\":\"2024-09-22T14:56:39+00:00\",\"dateModified\":\"2025-12-10T09:08:57+00:00\",\"breadcrumb\":{\"@id\":\"https:\\\/\\\/www.zillions.nl\\\/product\\\/cassina-lc2-le-corbusier-fauteuil-zwart-leer\\\/#breadcrumb\"},\"inLanguage\":\"de-DE\",\"potentialAction\":[{\"@type\":\"ReadAction\",\"target\":[\"https:\\\/\\\/www.zillions.nl\\\/product\\\/cassina-lc2-le-corbusier-fauteuil-zwart-leer\\\/\"]}]},{\"@type\":\"ImageObject\",\"inLanguage\":\"de-DE\",\"@id\":\"https:\\\/\\\/www.zillions.nl\\\/product\\\/cassina-lc2-le-corbusier-fauteuil-zwart-leer\\\/#primaryimage\",\"url\":\"https:\\\/\\\/www.zillions.nl\\\/wp-content\\\/uploads\\\/2024\\\/09\\\/CAM00434-650x650-1.jpg\",\"contentUrl\":\"https:\\\/\\\/www.zillions.nl\\\/wp-content\\\/uploads\\\/2024\\\/09\\\/CAM00434-650x650-1.jpg\",\"width\":650,\"height\":650},{\"@type\":\"BreadcrumbList\",\"@id\":\"https:\\\/\\\/www.zillions.nl\\\/product\\\/cassina-lc2-le-corbusier-fauteuil-zwart-leer\\\/#breadcrumb\",\"itemListElement\":[{\"@type\":\"ListItem\",\"position\":1,\"name\":\"Home\",\"item\":\"https:\\\/\\\/www.zillions.nl\\\/\"},{\"@type\":\"ListItem\",\"position\":2,\"name\":\"Shop\",\"item\":\"https:\\\/\\\/www.zillions.nl\\\/shop\\\/\"},{\"@type\":\"ListItem\",\"position\":3,\"name\":\"ACTIE!! Cassina LC2 Le Corbusier fauteuil Zwart Leer\"}]},{\"@type\":\"WebSite\",\"@id\":\"https:\\\/\\\/www.zillions.nl\\\/de\\\/#website\",\"url\":\"https:\\\/\\\/www.zillions.nl\\\/de\\\/\",\"name\":\"Zillions: nieuw en gebruikt design meubilair en stoelen\",\"description\":\"Welkom bij Zillions: Zillions is gespecialiseerd in nieuw en gebruikt design meubilair en stoelen.\",\"publisher\":{\"@id\":\"https:\\\/\\\/www.zillions.nl\\\/de\\\/#organization\"},\"potentialAction\":[{\"@type\":\"SearchAction\",\"target\":{\"@type\":\"EntryPoint\",\"urlTemplate\":\"https:\\\/\\\/www.zillions.nl\\\/de\\\/?s={search_term_string}\"},\"query-input\":{\"@type\":\"PropertyValueSpecification\",\"valueRequired\":true,\"valueName\":\"search_term_string\"}}],\"inLanguage\":\"de-DE\"},{\"@type\":\"Organization\",\"@id\":\"https:\\\/\\\/www.zillions.nl\\\/de\\\/#organization\",\"name\":\"Zillions: nieuw en gebruikt design meubilair en stoelen\",\"url\":\"https:\\\/\\\/www.zillions.nl\\\/de\\\/\",\"logo\":{\"@type\":\"ImageObject\",\"inLanguage\":\"de-DE\",\"@id\":\"https:\\\/\\\/www.zillions.nl\\\/de\\\/#\\\/schema\\\/logo\\\/image\\\/\",\"url\":\"https:\\\/\\\/www.zillions.nl\\\/wp-content\\\/uploads\\\/2022\\\/11\\\/zillions.svg\",\"contentUrl\":\"https:\\\/\\\/www.zillions.nl\\\/wp-content\\\/uploads\\\/2022\\\/11\\\/zillions.svg\",\"width\":208,\"height\":53,\"caption\":\"Zillions: nieuw en gebruikt design meubilair en stoelen\"},\"image\":{\"@id\":\"https:\\\/\\\/www.zillions.nl\\\/de\\\/#\\\/schema\\\/logo\\\/image\\\/\"}}]}<\/script>\n<!-- \/ Yoast SEO plugin. -->","yoast_head_json":{"title":"ABVERKAUF!! Cassina LC2 Le Corbusier Sessel, schwarzes Leder \u2013 Zillions: Neue und gebrauchte Designerm\u00f6bel und St\u00fchle","robots":{"index":"index","follow":"follow","max-snippet":"max-snippet:-1","max-image-preview":"max-image-preview:large","max-video-preview":"max-video-preview:-1"},"canonical":"https:\/\/www.zillions.nl\/de\/product\/cassina-lc2-le-corbusier-fauteuil-zwart-leer\/","og_locale":"de_DE","og_type":"article","og_title":"ACTIE!! Cassina LC2 Le Corbusier fauteuil Zwart Leer - Zillions: nieuw en gebruikt design meubilair en stoelen","og_description":"Cassina Le Corbusier Fauteuil LC2 zwart leer &#8211; chroom Tijdelijk afgeprijsd nu voor \u20ac2.650,- per stuk Deze LC2 fauteuil van Cassina is uitgevoerd in zwart leer. Het stalen frame is afgewerkt in glanzend chroom en omsluit de kussens vanaf de buitenkant, wat zorgt voor een klassieke en moderne uitstraling. Wat de LC2 fauteuil kenmerkt, is [&hellip;]","og_url":"https:\/\/www.zillions.nl\/de\/product\/cassina-lc2-le-corbusier-fauteuil-zwart-leer\/","og_site_name":"Zillions: nieuw en gebruikt design meubilair en stoelen","article_modified_time":"2025-12-10T09:08:57+00:00","og_image":[{"width":650,"height":650,"url":"https:\/\/www.zillions.nl\/wp-content\/uploads\/2024\/09\/CAM00434-650x650-1.jpg","type":"image\/jpeg"}],"twitter_card":"summary_large_image","twitter_misc":{"Est. reading time":"2 minutes"},"schema":{"@context":"https:\/\/schema.org","@graph":[{"@type":"WebPage","@id":"https:\/\/www.zillions.nl\/product\/cassina-lc2-le-corbusier-fauteuil-zwart-leer\/","url":"https:\/\/www.zillions.nl\/product\/cassina-lc2-le-corbusier-fauteuil-zwart-leer\/","name":"ABVERKAUF!! Cassina LC2 Le Corbusier Sessel, schwarzes Leder \u2013 Zillions: Neue und gebrauchte Designerm\u00f6bel und St\u00fchle","isPartOf":{"@id":"https:\/\/www.zillions.nl\/de\/#website"},"primaryImageOfPage":{"@id":"https:\/\/www.zillions.nl\/product\/cassina-lc2-le-corbusier-fauteuil-zwart-leer\/#primaryimage"},"image":{"@id":"https:\/\/www.zillions.nl\/product\/cassina-lc2-le-corbusier-fauteuil-zwart-leer\/#primaryimage"},"thumbnailUrl":"https:\/\/www.zillions.nl\/wp-content\/uploads\/2024\/09\/CAM00434-650x650-1.jpg","datePublished":"2024-09-22T14:56:39+00:00","dateModified":"2025-12-10T09:08:57+00:00","breadcrumb":{"@id":"https:\/\/www.zillions.nl\/product\/cassina-lc2-le-corbusier-fauteuil-zwart-leer\/#breadcrumb"},"inLanguage":"de-DE","potentialAction":[{"@type":"ReadAction","target":["https:\/\/www.zillions.nl\/product\/cassina-lc2-le-corbusier-fauteuil-zwart-leer\/"]}]},{"@type":"ImageObject","inLanguage":"de-DE","@id":"https:\/\/www.zillions.nl\/product\/cassina-lc2-le-corbusier-fauteuil-zwart-leer\/#primaryimage","url":"https:\/\/www.zillions.nl\/wp-content\/uploads\/2024\/09\/CAM00434-650x650-1.jpg","contentUrl":"https:\/\/www.zillions.nl\/wp-content\/uploads\/2024\/09\/CAM00434-650x650-1.jpg","width":650,"height":650},{"@type":"BreadcrumbList","@id":"https:\/\/www.zillions.nl\/product\/cassina-lc2-le-corbusier-fauteuil-zwart-leer\/#breadcrumb","itemListElement":[{"@type":"ListItem","position":1,"name":"Home","item":"https:\/\/www.zillions.nl\/"},{"@type":"ListItem","position":2,"name":"Shop","item":"https:\/\/www.zillions.nl\/shop\/"},{"@type":"ListItem","position":3,"name":"ACTIE!! Cassina LC2 Le Corbusier fauteuil Zwart Leer"}]},{"@type":"WebSite","@id":"https:\/\/www.zillions.nl\/de\/#website","url":"https:\/\/www.zillions.nl\/de\/","name":"Zillionen: neue und gebrauchte Designerm\u00f6bel und St\u00fchle","description":"Willkommen bei Zillions: Zillions ist auf neue und gebrauchte Designm\u00f6bel und St\u00fchle spezialisiert.","publisher":{"@id":"https:\/\/www.zillions.nl\/de\/#organization"},"potentialAction":[{"@type":"SearchAction","target":{"@type":"EntryPoint","urlTemplate":"https:\/\/www.zillions.nl\/de\/?s={search_term_string}"},"query-input":{"@type":"PropertyValueSpecification","valueRequired":true,"valueName":"search_term_string"}}],"inLanguage":"de-DE"},{"@type":"Organization","@id":"https:\/\/www.zillions.nl\/de\/#organization","name":"Zillionen: neue und gebrauchte Designerm\u00f6bel und St\u00fchle","url":"https:\/\/www.zillions.nl\/de\/","logo":{"@type":"ImageObject","inLanguage":"de-DE","@id":"https:\/\/www.zillions.nl\/de\/#\/schema\/logo\/image\/","url":"https:\/\/www.zillions.nl\/wp-content\/uploads\/2022\/11\/zillions.svg","contentUrl":"https:\/\/www.zillions.nl\/wp-content\/uploads\/2022\/11\/zillions.svg","width":208,"height":53,"caption":"Zillions: nieuw en gebruikt design meubilair en stoelen"},"image":{"@id":"https:\/\/www.zillions.nl\/de\/#\/schema\/logo\/image\/"}}]}},"_links":{"self":[{"href":"https:\/\/www.zillions.nl\/de\/wp-json\/wp\/v2\/product\/11323","targetHints":{"allow":["GET"]}}],"collection":[{"href":"https:\/\/www.zillions.nl\/de\/wp-json\/wp\/v2\/product"}],"about":[{"href":"https:\/\/www.zillions.nl\/de\/wp-json\/wp\/v2\/types\/product"}],"wp:featuredmedia":[{"embeddable":true,"href":"https:\/\/www.zillions.nl\/de\/wp-json\/wp\/v2\/media\/18690"}],"wp:attachment":[{"href":"https:\/\/www.zillions.nl\/de\/wp-json\/wp\/v2\/media?parent=11323"}],"wp:term":[{"taxonomy":"product_brand","embeddable":true,"href":"https:\/\/www.zillions.nl\/de\/wp-json\/wp\/v2\/product_brand?post=11323"},{"taxonomy":"product_cat","embeddable":true,"href":"https:\/\/www.zillions.nl\/de\/wp-json\/wp\/v2\/product_cat?post=11323"},{"taxonomy":"product_tag","embeddable":true,"href":"https:\/\/www.zillions.nl\/de\/wp-json\/wp\/v2\/product_tag?post=11323"}],"curies":[{"name":"wp","href":"https:\/\/api.w.org\/{rel}","templated":true}]}}