{"id":10365,"date":"2024-08-12T17:33:46","date_gmt":"2024-08-12T15:33:46","guid":{"rendered":"https:\/\/www.zillions.nl\/?post_type=product&#038;p=10365"},"modified":"2026-02-08T23:30:08","modified_gmt":"2026-02-08T22:30:08","slug":"vitra-eames-stool-type-c-amerikaans-notenhout","status":"publish","type":"product","link":"https:\/\/www.zillions.nl\/de\/product\/vitra-eames-stool-type-c-amerikaans-notenhout\/","title":{"rendered":"AKTION!! Vitra Eames Hocker Typ C \u2013 Amerikanischer Walnuss"},"content":{"rendered":"<p>Vitra Eames Stool type C &#8211; Amerikaans Notenhout<\/p>\n<div class=\"flex max-w-full flex-col flex-grow\">\n<div class=\"min-h-8 text-message flex w-full flex-col items-end gap-2 whitespace-normal break-words [.text-message+&amp;]:mt-5\" dir=\"auto\" data-message-author-role=\"assistant\" data-message-id=\"4706cb95-a82d-42c6-9a98-f113690f4b2f\" data-message-model-slug=\"gpt-4o\">\n<div class=\"flex w-full flex-col gap-1 empty:hidden first:pt-[3px]\">\n<div class=\"markdown prose w-full break-words dark:prose-invert light\">\n<p>Deze karakteristieke Vitra Eames Stool is gemaakt van massief Amerikaans notenhout. De unieke vormen en gedetailleerde contouren maken elk exemplaar bijzonder. Dit model betreft de C-variant, die zich onderscheidt van de andere modellen door een bredere, stevigere basis, wat de stool een robuuste en opvallende uitstraling geeft. De stool is veelzijdig en kan dienen als kruk of bijzettafel, maar door de warme uitstraling van het hout en het iconische design fungeert het ook perfect als decoratief object in elk interieur. De stool is 100% origineel en voorzien van alle echtheidskenmerken.<\/p>\n<\/div>\n<\/div>\n<\/div>\n<\/div>\n<p>Opgekocht uit overtollige voorraad, eenmalig aanbod, WEG=WEG!<\/p>\n<p><strong>Conditie:<\/strong>\u00a0nieuw; 100% nieuw, ongebruikt.<\/p>\n<p><strong>Uit voorraad leverbaar<\/strong><\/p>\n<p><strong>Let op:\u00a0<\/strong>de aangetoonde prijzen zijn\u00a0<u>per stuk<\/u>!<\/p>\n<p>Specificaties:<br \/>\n<strong>Materiaal:\u00a0<\/strong>Amerikaans noten; hout<br \/>\n<strong>Hoogte: <\/strong>38\u00a0cm<br \/>\n<strong>Diameter bovenkant: <\/strong>33 cm<br \/>\n<strong>Diameter onderkant: <\/strong>28 cm<\/p>\n<p>Voor vragen of het vrijblijvend maken van een afspraak om de artikelen te bekijken neem gerust contact met ons op. Bezorging mogelijk middels onze eigen bezorgdienst! Bezoekt u ook eens onze website voor nog veel meer designartikelen!<\/p>\n<p><strong>Contactgegevens (bezoek op afspraak):<\/strong><br \/>\nIndustrieweg 21<br \/>\n4131NK Vianen<br \/>\ninfo@zillions.nl<br \/>\n030 20 72 146<\/p>\n","protected":false},"excerpt":{"rendered":"<p>Vitra Eames Stool type C &#8211; Amerikaans Notenhout Deze karakteristieke Vitra Eames Stool is gemaakt van massief Amerikaans notenhout. De unieke vormen en gedetailleerde contouren maken elk exemplaar bijzonder. Dit model betreft de C-variant, die zich onderscheidt van de andere modellen door een bredere, stevigere basis, wat de stool een robuuste en opvallende uitstraling geeft. [&hellip;]<\/p>\n","protected":false},"featured_media":10366,"template":"","meta":{"_acf_changed":false},"product_brand":[202],"product_cat":[16,192,190],"product_tag":[322],"class_list":{"0":"post-10365","1":"product","2":"type-product","3":"status-publish","4":"has-post-thumbnail","6":"product_brand-vitra","7":"product_cat-alle-producten","8":"product_cat-krukken","9":"product_cat-woonaccessoires","10":"product_tag-vitra","11":"product_shipping_class-product-shipping","12":"pa_brands-vitra","14":"first","15":"instock","16":"sale","17":"purchasable","18":"product-type-simple"},"acf":[],"yoast_head":"<!-- This site is optimized with the Yoast SEO plugin v27.5 - https:\/\/yoast.com\/product\/yoast-seo-wordpress\/ -->\n<title>ACTIE!! Vitra Eames Stool Type C - Amerikaans Notenhout<\/title>\n<meta name=\"description\" content=\"Vitra Eames Stool type C - Amerikaans Notenhout | Eenvoudig te bestellen via onze webshop. Ontdek dit model en vele anderen in ons ruime assortiment!\" \/>\n<meta name=\"robots\" content=\"index, follow, max-snippet:-1, max-image-preview:large, max-video-preview:-1\" \/>\n<link rel=\"canonical\" href=\"https:\/\/www.zillions.nl\/de\/product\/vitra-eames-stool-type-c-amerikaans-notenhout\/\" \/>\n<meta property=\"og:locale\" content=\"de_DE\" \/>\n<meta property=\"og:type\" content=\"article\" \/>\n<meta property=\"og:title\" content=\"ACTIE!! Vitra Eames Stool Type C - Amerikaans Notenhout\" \/>\n<meta property=\"og:description\" content=\"Vitra Eames Stool type C - Amerikaans Notenhout | Eenvoudig te bestellen via onze webshop. Ontdek dit model en vele anderen in ons ruime assortiment!\" \/>\n<meta property=\"og:url\" content=\"https:\/\/www.zillions.nl\/de\/product\/vitra-eames-stool-type-c-amerikaans-notenhout\/\" \/>\n<meta property=\"og:site_name\" content=\"Zillions: nieuw en gebruikt design meubilair en stoelen\" \/>\n<meta property=\"article:modified_time\" content=\"2026-02-08T22:30:08+00:00\" \/>\n<meta property=\"og:image\" content=\"https:\/\/www.zillions.nl\/wp-content\/uploads\/2024\/08\/Vitra-Eames-Stools-A-B-en-C-Walnoot-26-6-24-330.jpg\" \/>\n\t<meta property=\"og:image:width\" content=\"1080\" \/>\n\t<meta property=\"og:image:height\" content=\"1080\" \/>\n\t<meta property=\"og:image:type\" content=\"image\/jpeg\" \/>\n<meta name=\"twitter:card\" content=\"summary_large_image\" \/>\n<meta name=\"twitter:label1\" content=\"Est. reading time\" \/>\n\t<meta name=\"twitter:data1\" content=\"2 minutes\" \/>\n<script type=\"application\/ld+json\" class=\"yoast-schema-graph\">{\"@context\":\"https:\\\/\\\/schema.org\",\"@graph\":[{\"@type\":\"WebPage\",\"@id\":\"https:\\\/\\\/www.zillions.nl\\\/product\\\/vitra-eames-stool-type-c-amerikaans-notenhout\\\/\",\"url\":\"https:\\\/\\\/www.zillions.nl\\\/product\\\/vitra-eames-stool-type-c-amerikaans-notenhout\\\/\",\"name\":\"ACTIE!! Vitra Eames Stool Type C - Amerikaans Notenhout\",\"isPartOf\":{\"@id\":\"https:\\\/\\\/www.zillions.nl\\\/de\\\/#website\"},\"primaryImageOfPage\":{\"@id\":\"https:\\\/\\\/www.zillions.nl\\\/product\\\/vitra-eames-stool-type-c-amerikaans-notenhout\\\/#primaryimage\"},\"image\":{\"@id\":\"https:\\\/\\\/www.zillions.nl\\\/product\\\/vitra-eames-stool-type-c-amerikaans-notenhout\\\/#primaryimage\"},\"thumbnailUrl\":\"https:\\\/\\\/www.zillions.nl\\\/wp-content\\\/uploads\\\/2024\\\/08\\\/Vitra-Eames-Stools-A-B-en-C-Walnoot-26-6-24-330.jpg\",\"datePublished\":\"2024-08-12T15:33:46+00:00\",\"dateModified\":\"2026-02-08T22:30:08+00:00\",\"description\":\"Vitra Eames Stool type C - Amerikaans Notenhout | Eenvoudig te bestellen via onze webshop. Ontdek dit model en vele anderen in ons ruime assortiment!\",\"breadcrumb\":{\"@id\":\"https:\\\/\\\/www.zillions.nl\\\/product\\\/vitra-eames-stool-type-c-amerikaans-notenhout\\\/#breadcrumb\"},\"inLanguage\":\"de-DE\",\"potentialAction\":[{\"@type\":\"ReadAction\",\"target\":[\"https:\\\/\\\/www.zillions.nl\\\/product\\\/vitra-eames-stool-type-c-amerikaans-notenhout\\\/\"]}]},{\"@type\":\"ImageObject\",\"inLanguage\":\"de-DE\",\"@id\":\"https:\\\/\\\/www.zillions.nl\\\/product\\\/vitra-eames-stool-type-c-amerikaans-notenhout\\\/#primaryimage\",\"url\":\"https:\\\/\\\/www.zillions.nl\\\/wp-content\\\/uploads\\\/2024\\\/08\\\/Vitra-Eames-Stools-A-B-en-C-Walnoot-26-6-24-330.jpg\",\"contentUrl\":\"https:\\\/\\\/www.zillions.nl\\\/wp-content\\\/uploads\\\/2024\\\/08\\\/Vitra-Eames-Stools-A-B-en-C-Walnoot-26-6-24-330.jpg\",\"width\":1080,\"height\":1080},{\"@type\":\"BreadcrumbList\",\"@id\":\"https:\\\/\\\/www.zillions.nl\\\/product\\\/vitra-eames-stool-type-c-amerikaans-notenhout\\\/#breadcrumb\",\"itemListElement\":[{\"@type\":\"ListItem\",\"position\":1,\"name\":\"Home\",\"item\":\"https:\\\/\\\/www.zillions.nl\\\/\"},{\"@type\":\"ListItem\",\"position\":2,\"name\":\"Shop\",\"item\":\"https:\\\/\\\/www.zillions.nl\\\/shop\\\/\"},{\"@type\":\"ListItem\",\"position\":3,\"name\":\"ACTIE!! Vitra Eames Stool Type C &#8211; Amerikaans Notenhout\"}]},{\"@type\":\"WebSite\",\"@id\":\"https:\\\/\\\/www.zillions.nl\\\/de\\\/#website\",\"url\":\"https:\\\/\\\/www.zillions.nl\\\/de\\\/\",\"name\":\"Zillions: nieuw en gebruikt design meubilair en stoelen\",\"description\":\"Welkom bij Zillions: Zillions is gespecialiseerd in nieuw en gebruikt design meubilair en stoelen.\",\"publisher\":{\"@id\":\"https:\\\/\\\/www.zillions.nl\\\/de\\\/#organization\"},\"potentialAction\":[{\"@type\":\"SearchAction\",\"target\":{\"@type\":\"EntryPoint\",\"urlTemplate\":\"https:\\\/\\\/www.zillions.nl\\\/de\\\/?s={search_term_string}\"},\"query-input\":{\"@type\":\"PropertyValueSpecification\",\"valueRequired\":true,\"valueName\":\"search_term_string\"}}],\"inLanguage\":\"de-DE\"},{\"@type\":\"Organization\",\"@id\":\"https:\\\/\\\/www.zillions.nl\\\/de\\\/#organization\",\"name\":\"Zillions: nieuw en gebruikt design meubilair en stoelen\",\"url\":\"https:\\\/\\\/www.zillions.nl\\\/de\\\/\",\"logo\":{\"@type\":\"ImageObject\",\"inLanguage\":\"de-DE\",\"@id\":\"https:\\\/\\\/www.zillions.nl\\\/de\\\/#\\\/schema\\\/logo\\\/image\\\/\",\"url\":\"https:\\\/\\\/www.zillions.nl\\\/wp-content\\\/uploads\\\/2022\\\/11\\\/zillions.svg\",\"contentUrl\":\"https:\\\/\\\/www.zillions.nl\\\/wp-content\\\/uploads\\\/2022\\\/11\\\/zillions.svg\",\"width\":208,\"height\":53,\"caption\":\"Zillions: nieuw en gebruikt design meubilair en stoelen\"},\"image\":{\"@id\":\"https:\\\/\\\/www.zillions.nl\\\/de\\\/#\\\/schema\\\/logo\\\/image\\\/\"}}]}<\/script>\n<!-- \/ Yoast SEO plugin. -->","yoast_head_json":{"title":"AKTION!! Vitra Eames Hocker Typ C - Amerikanischer Nussbaum","description":"Vitra Eames Hocker Typ C \u2013 Amerikanischer Nussbaum | Bestellen Sie bequem in unserem Webshop. Entdecken Sie dieses und viele weitere Modelle aus unserem umfangreichen Sortiment!","robots":{"index":"index","follow":"follow","max-snippet":"max-snippet:-1","max-image-preview":"max-image-preview:large","max-video-preview":"max-video-preview:-1"},"canonical":"https:\/\/www.zillions.nl\/de\/product\/vitra-eames-stool-type-c-amerikaans-notenhout\/","og_locale":"de_DE","og_type":"article","og_title":"ACTIE!! Vitra Eames Stool Type C - Amerikaans Notenhout","og_description":"Vitra Eames Stool type C - Amerikaans Notenhout | Eenvoudig te bestellen via onze webshop. Ontdek dit model en vele anderen in ons ruime assortiment!","og_url":"https:\/\/www.zillions.nl\/de\/product\/vitra-eames-stool-type-c-amerikaans-notenhout\/","og_site_name":"Zillions: nieuw en gebruikt design meubilair en stoelen","article_modified_time":"2026-02-08T22:30:08+00:00","og_image":[{"width":1080,"height":1080,"url":"https:\/\/www.zillions.nl\/wp-content\/uploads\/2024\/08\/Vitra-Eames-Stools-A-B-en-C-Walnoot-26-6-24-330.jpg","type":"image\/jpeg"}],"twitter_card":"summary_large_image","twitter_misc":{"Est. reading time":"2 minutes"},"schema":{"@context":"https:\/\/schema.org","@graph":[{"@type":"WebPage","@id":"https:\/\/www.zillions.nl\/product\/vitra-eames-stool-type-c-amerikaans-notenhout\/","url":"https:\/\/www.zillions.nl\/product\/vitra-eames-stool-type-c-amerikaans-notenhout\/","name":"AKTION!! Vitra Eames Hocker Typ C - Amerikanischer Nussbaum","isPartOf":{"@id":"https:\/\/www.zillions.nl\/de\/#website"},"primaryImageOfPage":{"@id":"https:\/\/www.zillions.nl\/product\/vitra-eames-stool-type-c-amerikaans-notenhout\/#primaryimage"},"image":{"@id":"https:\/\/www.zillions.nl\/product\/vitra-eames-stool-type-c-amerikaans-notenhout\/#primaryimage"},"thumbnailUrl":"https:\/\/www.zillions.nl\/wp-content\/uploads\/2024\/08\/Vitra-Eames-Stools-A-B-en-C-Walnoot-26-6-24-330.jpg","datePublished":"2024-08-12T15:33:46+00:00","dateModified":"2026-02-08T22:30:08+00:00","description":"Vitra Eames Hocker Typ C \u2013 Amerikanischer Nussbaum | Bestellen Sie bequem in unserem Webshop. Entdecken Sie dieses und viele weitere Modelle aus unserem umfangreichen Sortiment!","breadcrumb":{"@id":"https:\/\/www.zillions.nl\/product\/vitra-eames-stool-type-c-amerikaans-notenhout\/#breadcrumb"},"inLanguage":"de-DE","potentialAction":[{"@type":"ReadAction","target":["https:\/\/www.zillions.nl\/product\/vitra-eames-stool-type-c-amerikaans-notenhout\/"]}]},{"@type":"ImageObject","inLanguage":"de-DE","@id":"https:\/\/www.zillions.nl\/product\/vitra-eames-stool-type-c-amerikaans-notenhout\/#primaryimage","url":"https:\/\/www.zillions.nl\/wp-content\/uploads\/2024\/08\/Vitra-Eames-Stools-A-B-en-C-Walnoot-26-6-24-330.jpg","contentUrl":"https:\/\/www.zillions.nl\/wp-content\/uploads\/2024\/08\/Vitra-Eames-Stools-A-B-en-C-Walnoot-26-6-24-330.jpg","width":1080,"height":1080},{"@type":"BreadcrumbList","@id":"https:\/\/www.zillions.nl\/product\/vitra-eames-stool-type-c-amerikaans-notenhout\/#breadcrumb","itemListElement":[{"@type":"ListItem","position":1,"name":"Home","item":"https:\/\/www.zillions.nl\/"},{"@type":"ListItem","position":2,"name":"Shop","item":"https:\/\/www.zillions.nl\/shop\/"},{"@type":"ListItem","position":3,"name":"ACTIE!! Vitra Eames Stool Type C &#8211; Amerikaans Notenhout"}]},{"@type":"WebSite","@id":"https:\/\/www.zillions.nl\/de\/#website","url":"https:\/\/www.zillions.nl\/de\/","name":"Zillionen: neue und gebrauchte Designerm\u00f6bel und St\u00fchle","description":"Willkommen bei Zillions: Zillions ist auf neue und gebrauchte Designm\u00f6bel und St\u00fchle spezialisiert.","publisher":{"@id":"https:\/\/www.zillions.nl\/de\/#organization"},"potentialAction":[{"@type":"SearchAction","target":{"@type":"EntryPoint","urlTemplate":"https:\/\/www.zillions.nl\/de\/?s={search_term_string}"},"query-input":{"@type":"PropertyValueSpecification","valueRequired":true,"valueName":"search_term_string"}}],"inLanguage":"de-DE"},{"@type":"Organization","@id":"https:\/\/www.zillions.nl\/de\/#organization","name":"Zillionen: neue und gebrauchte Designerm\u00f6bel und St\u00fchle","url":"https:\/\/www.zillions.nl\/de\/","logo":{"@type":"ImageObject","inLanguage":"de-DE","@id":"https:\/\/www.zillions.nl\/de\/#\/schema\/logo\/image\/","url":"https:\/\/www.zillions.nl\/wp-content\/uploads\/2022\/11\/zillions.svg","contentUrl":"https:\/\/www.zillions.nl\/wp-content\/uploads\/2022\/11\/zillions.svg","width":208,"height":53,"caption":"Zillions: nieuw en gebruikt design meubilair en stoelen"},"image":{"@id":"https:\/\/www.zillions.nl\/de\/#\/schema\/logo\/image\/"}}]}},"_links":{"self":[{"href":"https:\/\/www.zillions.nl\/de\/wp-json\/wp\/v2\/product\/10365","targetHints":{"allow":["GET"]}}],"collection":[{"href":"https:\/\/www.zillions.nl\/de\/wp-json\/wp\/v2\/product"}],"about":[{"href":"https:\/\/www.zillions.nl\/de\/wp-json\/wp\/v2\/types\/product"}],"wp:featuredmedia":[{"embeddable":true,"href":"https:\/\/www.zillions.nl\/de\/wp-json\/wp\/v2\/media\/10366"}],"wp:attachment":[{"href":"https:\/\/www.zillions.nl\/de\/wp-json\/wp\/v2\/media?parent=10365"}],"wp:term":[{"taxonomy":"product_brand","embeddable":true,"href":"https:\/\/www.zillions.nl\/de\/wp-json\/wp\/v2\/product_brand?post=10365"},{"taxonomy":"product_cat","embeddable":true,"href":"https:\/\/www.zillions.nl\/de\/wp-json\/wp\/v2\/product_cat?post=10365"},{"taxonomy":"product_tag","embeddable":true,"href":"https:\/\/www.zillions.nl\/de\/wp-json\/wp\/v2\/product_tag?post=10365"}],"curies":[{"name":"wp","href":"https:\/\/api.w.org\/{rel}","templated":true}]}}