{"id":10238,"date":"2024-08-02T10:30:25","date_gmt":"2024-08-02T08:30:25","guid":{"rendered":"https:\/\/www.zillions.nl\/?post_type=product&#038;p=10238"},"modified":"2025-09-24T16:20:42","modified_gmt":"2025-09-24T14:20:42","slug":"leolux-scylla-hoge-rug-blauw-wit-gestreepte-stof","status":"publish","type":"product","link":"https:\/\/www.zillions.nl\/de\/product\/leolux-scylla-hoge-rug-blauw-wit-gestreepte-stof\/","title":{"rendered":"Leolux Scylla \u2013 blau\/wei\u00df gestreifter Stoff mit hoher R\u00fcckenlehne"},"content":{"rendered":"<p>2x Leolux Scylla blau\/wei\u00df gestreifter Stoff \u2013 hohe R\u00fcckenlehne<\/p>\n<p>Hergestellt aus blau\/wei\u00df gestreiftem Stoff<br \/>\nSeiten + Armlehnen in Leder: Blau<br \/>\nBeine und R\u00fcckenrohr: Chrom<\/p>\n<p>100% im originalen und v\u00f6llig kratzerfreien Zustand.<\/p>\n<p>Design: Gerard Vollenbrock<\/p>\n<p>Neupreis in dieser Version mit hoher R\u00fcckenlehne: 2345 \u20ac pro St\u00fcck.<br \/>\nJetzt bei uns f\u00fcr 1395 \u20ac pro St\u00fcck erh\u00e4ltlich.<\/p>\n<p>2x ab Lager lieferbar<\/p>\n<p><u>Abmessungen Scylla-Sessel mit hoher R\u00fcckenlehne:<br \/>\n<\/u>Tiefe 84 cm<br \/>\nH\u00f6he 86 cm<br \/>\nBreite 74 cm<br \/>\nArmh\u00f6he 21 cm<br \/>\nSitzh\u00f6he 43 cm<br \/>\nSitzbreite 55 cm<br \/>\nSitztiefe 55 cm<br \/>\nR\u00fcckenh\u00f6he 56 cm<\/p>\n<p>Wenn Sie Fragen haben oder einen unverbindlichen Besichtigungstermin vereinbaren m\u00f6chten, k\u00f6nnen Sie sich gerne an uns wenden. Lieferung durch unseren eigenen Lieferservice m\u00f6glich! Besuchen Sie auch unsere Website f\u00fcr viele weitere Designartikel oder besuchen Sie unseren 1000 m2 gro\u00dfen Showroom virtuell \u00fcber das Video unseres Showrooms auf der Homepage!<\/p>\n<p><strong>Kontaktdaten (Besuch nach Vereinbarung):<\/strong><br \/>\nIndustrieweg 21<br \/>\n4131NK Vianen<br \/>\ninfo@zillions.nl<br \/>\n030 20 72 146<\/p>\n<p>F\u00fcr viel mehr Design sehen Sie sich alle unsere Anzeigen f\u00fcr Top-Marken an, wie zum Beispiel:<br \/>\nArtimide, Floss, Vitra, Eames Herman Miller, Artifort, B&amp;B Italia, Ahrend, Interstuhl, Grahl, Hay, Norman Copenhagen, Cassina, Artifort, Gispen, Leolux, Montis, Arne Jacobsen, Bert Plantagie, Design auf Lager, Rolf Benz, Jori , Harvink usw.<\/p>\n<p>Design von Top-Designern: unter anderem<\/p>\n<p>Arne Jacobsen, Charles Eames, Cees Braakman, Eero Saarinen, Poul Henningsen, Poul Kjaerholm, Verner Panton, Martin Visser, Mart Stam, Eileen Gray, Gerrit Rietveld, Pierre Paulin, Ko Liang Ie, Marcel Breuer, Rob Parry, Vico Magistretti, Hans Wegner, Borge Mogensen, Finn Juhl, Grete Jalk, Osvaldo Borsani, Isamu Noguchi, George Nelson, Geoffrey Harcourt, Ilmari Tapiovaara, Ferdinand Solere, Joe Colombo Friso Kramer, Harry Bertoia, Lisa Pape, Ettore Sottsass Paul Schuitema Bruno Mathsson<\/p>","protected":false},"excerpt":{"rendered":"<p>2x\u00a0Leolux Scylla blauw\/wit gestreepte stof &#8211; hoge rug Uitgevoerd in blauw\/wit gestreepte stof Zijkanten + armleuningen uitgevoerd in leder:\u00a0blauw Poten en rugbuis: Chroom 100% in originele en volledige krasvrije staat. Ontwerp: Gerard Vollenbrock Nieuwprijs in deze uitvoering met hoge rug: \u20ac2345 per stuk. Nu bij ons te koop voor \u20ac1395 per stuk. 2x Uit voorraad [&hellip;]<\/p>\n","protected":false},"featured_media":18676,"template":"","meta":{"_acf_changed":false},"product_brand":[225],"product_cat":[16,188],"product_tag":[325],"class_list":{"0":"post-10238","1":"product","2":"type-product","3":"status-publish","4":"has-post-thumbnail","6":"product_brand-leolux","7":"product_cat-alle-producten","8":"product_cat-fauteuils","9":"product_tag-leolux","10":"pa_brands-leolux","12":"first","13":"instock","14":"purchasable","15":"product-type-simple"},"acf":[],"yoast_head":"<!-- This site is optimized with the Yoast SEO plugin v27.5 - https:\/\/yoast.com\/product\/yoast-seo-wordpress\/ -->\n<title>Leolux Scylla - Hoge Rug blauw\/wit gestreepte stof - Zillions: nieuw en gebruikt design meubilair en stoelen<\/title>\n<meta name=\"description\" content=\"Leolux Scylla fauteuil voor 50% van de winkeladviesprijs. Bezorging mogelijk middels onze eigen bezorgdienst. Nu te bestellen via onze webshop.\" \/>\n<meta name=\"robots\" content=\"index, follow, max-snippet:-1, max-image-preview:large, max-video-preview:-1\" \/>\n<link rel=\"canonical\" href=\"https:\/\/www.zillions.nl\/de\/product\/leolux-scylla-hoge-rug-blauw-wit-gestreepte-stof\/\" \/>\n<meta property=\"og:locale\" content=\"de_DE\" \/>\n<meta property=\"og:type\" content=\"article\" \/>\n<meta property=\"og:title\" content=\"Leolux Scylla - Hoge Rug blauw\/wit gestreepte stof - Zillions: nieuw en gebruikt design meubilair en stoelen\" \/>\n<meta property=\"og:description\" content=\"Leolux Scylla fauteuil voor 50% van de winkeladviesprijs. Bezorging mogelijk middels onze eigen bezorgdienst. Nu te bestellen via onze webshop.\" \/>\n<meta property=\"og:url\" content=\"https:\/\/www.zillions.nl\/de\/product\/leolux-scylla-hoge-rug-blauw-wit-gestreepte-stof\/\" \/>\n<meta property=\"og:site_name\" content=\"Zillions: nieuw en gebruikt design meubilair en stoelen\" \/>\n<meta property=\"article:modified_time\" content=\"2025-09-24T14:20:42+00:00\" \/>\n<meta property=\"og:image\" content=\"https:\/\/www.zillions.nl\/wp-content\/uploads\/2024\/08\/3-7-24-12-650x650-1.jpg\" \/>\n\t<meta property=\"og:image:width\" content=\"650\" \/>\n\t<meta property=\"og:image:height\" content=\"650\" \/>\n\t<meta property=\"og:image:type\" content=\"image\/jpeg\" \/>\n<meta name=\"twitter:card\" content=\"summary_large_image\" \/>\n<meta name=\"twitter:label1\" content=\"Est. reading time\" \/>\n\t<meta name=\"twitter:data1\" content=\"2 minutes\" \/>\n<script type=\"application\/ld+json\" class=\"yoast-schema-graph\">{\"@context\":\"https:\\\/\\\/schema.org\",\"@graph\":[{\"@type\":\"WebPage\",\"@id\":\"https:\\\/\\\/www.zillions.nl\\\/product\\\/leolux-scylla-hoge-rug-blauw-wit-gestreepte-stof\\\/\",\"url\":\"https:\\\/\\\/www.zillions.nl\\\/product\\\/leolux-scylla-hoge-rug-blauw-wit-gestreepte-stof\\\/\",\"name\":\"Leolux Scylla - Hoge Rug blauw\\\/wit gestreepte stof - Zillions: nieuw en gebruikt design meubilair en stoelen\",\"isPartOf\":{\"@id\":\"https:\\\/\\\/www.zillions.nl\\\/de\\\/#website\"},\"primaryImageOfPage\":{\"@id\":\"https:\\\/\\\/www.zillions.nl\\\/product\\\/leolux-scylla-hoge-rug-blauw-wit-gestreepte-stof\\\/#primaryimage\"},\"image\":{\"@id\":\"https:\\\/\\\/www.zillions.nl\\\/product\\\/leolux-scylla-hoge-rug-blauw-wit-gestreepte-stof\\\/#primaryimage\"},\"thumbnailUrl\":\"https:\\\/\\\/www.zillions.nl\\\/wp-content\\\/uploads\\\/2024\\\/08\\\/3-7-24-12-650x650-1.jpg\",\"datePublished\":\"2024-08-02T08:30:25+00:00\",\"dateModified\":\"2025-09-24T14:20:42+00:00\",\"description\":\"Leolux Scylla fauteuil voor 50% van de winkeladviesprijs. Bezorging mogelijk middels onze eigen bezorgdienst. Nu te bestellen via onze webshop.\",\"breadcrumb\":{\"@id\":\"https:\\\/\\\/www.zillions.nl\\\/product\\\/leolux-scylla-hoge-rug-blauw-wit-gestreepte-stof\\\/#breadcrumb\"},\"inLanguage\":\"de-DE\",\"potentialAction\":[{\"@type\":\"ReadAction\",\"target\":[\"https:\\\/\\\/www.zillions.nl\\\/product\\\/leolux-scylla-hoge-rug-blauw-wit-gestreepte-stof\\\/\"]}]},{\"@type\":\"ImageObject\",\"inLanguage\":\"de-DE\",\"@id\":\"https:\\\/\\\/www.zillions.nl\\\/product\\\/leolux-scylla-hoge-rug-blauw-wit-gestreepte-stof\\\/#primaryimage\",\"url\":\"https:\\\/\\\/www.zillions.nl\\\/wp-content\\\/uploads\\\/2024\\\/08\\\/3-7-24-12-650x650-1.jpg\",\"contentUrl\":\"https:\\\/\\\/www.zillions.nl\\\/wp-content\\\/uploads\\\/2024\\\/08\\\/3-7-24-12-650x650-1.jpg\",\"width\":650,\"height\":650},{\"@type\":\"BreadcrumbList\",\"@id\":\"https:\\\/\\\/www.zillions.nl\\\/product\\\/leolux-scylla-hoge-rug-blauw-wit-gestreepte-stof\\\/#breadcrumb\",\"itemListElement\":[{\"@type\":\"ListItem\",\"position\":1,\"name\":\"Home\",\"item\":\"https:\\\/\\\/www.zillions.nl\\\/\"},{\"@type\":\"ListItem\",\"position\":2,\"name\":\"Shop\",\"item\":\"https:\\\/\\\/www.zillions.nl\\\/shop\\\/\"},{\"@type\":\"ListItem\",\"position\":3,\"name\":\"Leolux Scylla &#8211; Hoge Rug blauw\\\/wit gestreepte stof\"}]},{\"@type\":\"WebSite\",\"@id\":\"https:\\\/\\\/www.zillions.nl\\\/de\\\/#website\",\"url\":\"https:\\\/\\\/www.zillions.nl\\\/de\\\/\",\"name\":\"Zillions: nieuw en gebruikt design meubilair en stoelen\",\"description\":\"Welkom bij Zillions: Zillions is gespecialiseerd in nieuw en gebruikt design meubilair en stoelen.\",\"publisher\":{\"@id\":\"https:\\\/\\\/www.zillions.nl\\\/de\\\/#organization\"},\"potentialAction\":[{\"@type\":\"SearchAction\",\"target\":{\"@type\":\"EntryPoint\",\"urlTemplate\":\"https:\\\/\\\/www.zillions.nl\\\/de\\\/?s={search_term_string}\"},\"query-input\":{\"@type\":\"PropertyValueSpecification\",\"valueRequired\":true,\"valueName\":\"search_term_string\"}}],\"inLanguage\":\"de-DE\"},{\"@type\":\"Organization\",\"@id\":\"https:\\\/\\\/www.zillions.nl\\\/de\\\/#organization\",\"name\":\"Zillions: nieuw en gebruikt design meubilair en stoelen\",\"url\":\"https:\\\/\\\/www.zillions.nl\\\/de\\\/\",\"logo\":{\"@type\":\"ImageObject\",\"inLanguage\":\"de-DE\",\"@id\":\"https:\\\/\\\/www.zillions.nl\\\/de\\\/#\\\/schema\\\/logo\\\/image\\\/\",\"url\":\"https:\\\/\\\/www.zillions.nl\\\/wp-content\\\/uploads\\\/2022\\\/11\\\/zillions.svg\",\"contentUrl\":\"https:\\\/\\\/www.zillions.nl\\\/wp-content\\\/uploads\\\/2022\\\/11\\\/zillions.svg\",\"width\":208,\"height\":53,\"caption\":\"Zillions: nieuw en gebruikt design meubilair en stoelen\"},\"image\":{\"@id\":\"https:\\\/\\\/www.zillions.nl\\\/de\\\/#\\\/schema\\\/logo\\\/image\\\/\"}}]}<\/script>\n<!-- \/ Yoast SEO plugin. -->","yoast_head_json":{"title":"Leolux Scylla \u2013 Hochlehner, blau-wei\u00df gestreifter Stoff \u2013 Zillions: Neue und gebrauchte Designerm\u00f6bel und St\u00fchle","description":"Leolux Scylla Sessel f\u00fcr 50% zum empfohlenen Verkaufspreis. Lieferung durch unseren eigenen Lieferservice m\u00f6glich. Bestellen Sie jetzt \u00fcber unseren Webshop.","robots":{"index":"index","follow":"follow","max-snippet":"max-snippet:-1","max-image-preview":"max-image-preview:large","max-video-preview":"max-video-preview:-1"},"canonical":"https:\/\/www.zillions.nl\/de\/product\/leolux-scylla-hoge-rug-blauw-wit-gestreepte-stof\/","og_locale":"de_DE","og_type":"article","og_title":"Leolux Scylla - Hoge Rug blauw\/wit gestreepte stof - Zillions: nieuw en gebruikt design meubilair en stoelen","og_description":"Leolux Scylla fauteuil voor 50% van de winkeladviesprijs. Bezorging mogelijk middels onze eigen bezorgdienst. Nu te bestellen via onze webshop.","og_url":"https:\/\/www.zillions.nl\/de\/product\/leolux-scylla-hoge-rug-blauw-wit-gestreepte-stof\/","og_site_name":"Zillions: nieuw en gebruikt design meubilair en stoelen","article_modified_time":"2025-09-24T14:20:42+00:00","og_image":[{"width":650,"height":650,"url":"https:\/\/www.zillions.nl\/wp-content\/uploads\/2024\/08\/3-7-24-12-650x650-1.jpg","type":"image\/jpeg"}],"twitter_card":"summary_large_image","twitter_misc":{"Est. reading time":"2 minutes"},"schema":{"@context":"https:\/\/schema.org","@graph":[{"@type":"WebPage","@id":"https:\/\/www.zillions.nl\/product\/leolux-scylla-hoge-rug-blauw-wit-gestreepte-stof\/","url":"https:\/\/www.zillions.nl\/product\/leolux-scylla-hoge-rug-blauw-wit-gestreepte-stof\/","name":"Leolux Scylla \u2013 Hochlehner, blau-wei\u00df gestreifter Stoff \u2013 Zillions: Neue und gebrauchte Designerm\u00f6bel und St\u00fchle","isPartOf":{"@id":"https:\/\/www.zillions.nl\/de\/#website"},"primaryImageOfPage":{"@id":"https:\/\/www.zillions.nl\/product\/leolux-scylla-hoge-rug-blauw-wit-gestreepte-stof\/#primaryimage"},"image":{"@id":"https:\/\/www.zillions.nl\/product\/leolux-scylla-hoge-rug-blauw-wit-gestreepte-stof\/#primaryimage"},"thumbnailUrl":"https:\/\/www.zillions.nl\/wp-content\/uploads\/2024\/08\/3-7-24-12-650x650-1.jpg","datePublished":"2024-08-02T08:30:25+00:00","dateModified":"2025-09-24T14:20:42+00:00","description":"Leolux Scylla Sessel f\u00fcr 50% zum empfohlenen Verkaufspreis. Lieferung durch unseren eigenen Lieferservice m\u00f6glich. Bestellen Sie jetzt \u00fcber unseren Webshop.","breadcrumb":{"@id":"https:\/\/www.zillions.nl\/product\/leolux-scylla-hoge-rug-blauw-wit-gestreepte-stof\/#breadcrumb"},"inLanguage":"de-DE","potentialAction":[{"@type":"ReadAction","target":["https:\/\/www.zillions.nl\/product\/leolux-scylla-hoge-rug-blauw-wit-gestreepte-stof\/"]}]},{"@type":"ImageObject","inLanguage":"de-DE","@id":"https:\/\/www.zillions.nl\/product\/leolux-scylla-hoge-rug-blauw-wit-gestreepte-stof\/#primaryimage","url":"https:\/\/www.zillions.nl\/wp-content\/uploads\/2024\/08\/3-7-24-12-650x650-1.jpg","contentUrl":"https:\/\/www.zillions.nl\/wp-content\/uploads\/2024\/08\/3-7-24-12-650x650-1.jpg","width":650,"height":650},{"@type":"BreadcrumbList","@id":"https:\/\/www.zillions.nl\/product\/leolux-scylla-hoge-rug-blauw-wit-gestreepte-stof\/#breadcrumb","itemListElement":[{"@type":"ListItem","position":1,"name":"Home","item":"https:\/\/www.zillions.nl\/"},{"@type":"ListItem","position":2,"name":"Shop","item":"https:\/\/www.zillions.nl\/shop\/"},{"@type":"ListItem","position":3,"name":"Leolux Scylla &#8211; Hoge Rug blauw\/wit gestreepte stof"}]},{"@type":"WebSite","@id":"https:\/\/www.zillions.nl\/de\/#website","url":"https:\/\/www.zillions.nl\/de\/","name":"Zillionen: neue und gebrauchte Designerm\u00f6bel und St\u00fchle","description":"Willkommen bei Zillions: Zillions ist auf neue und gebrauchte Designm\u00f6bel und St\u00fchle spezialisiert.","publisher":{"@id":"https:\/\/www.zillions.nl\/de\/#organization"},"potentialAction":[{"@type":"SearchAction","target":{"@type":"EntryPoint","urlTemplate":"https:\/\/www.zillions.nl\/de\/?s={search_term_string}"},"query-input":{"@type":"PropertyValueSpecification","valueRequired":true,"valueName":"search_term_string"}}],"inLanguage":"de-DE"},{"@type":"Organization","@id":"https:\/\/www.zillions.nl\/de\/#organization","name":"Zillionen: neue und gebrauchte Designerm\u00f6bel und St\u00fchle","url":"https:\/\/www.zillions.nl\/de\/","logo":{"@type":"ImageObject","inLanguage":"de-DE","@id":"https:\/\/www.zillions.nl\/de\/#\/schema\/logo\/image\/","url":"https:\/\/www.zillions.nl\/wp-content\/uploads\/2022\/11\/zillions.svg","contentUrl":"https:\/\/www.zillions.nl\/wp-content\/uploads\/2022\/11\/zillions.svg","width":208,"height":53,"caption":"Zillions: nieuw en gebruikt design meubilair en stoelen"},"image":{"@id":"https:\/\/www.zillions.nl\/de\/#\/schema\/logo\/image\/"}}]}},"_links":{"self":[{"href":"https:\/\/www.zillions.nl\/de\/wp-json\/wp\/v2\/product\/10238","targetHints":{"allow":["GET"]}}],"collection":[{"href":"https:\/\/www.zillions.nl\/de\/wp-json\/wp\/v2\/product"}],"about":[{"href":"https:\/\/www.zillions.nl\/de\/wp-json\/wp\/v2\/types\/product"}],"wp:featuredmedia":[{"embeddable":true,"href":"https:\/\/www.zillions.nl\/de\/wp-json\/wp\/v2\/media\/18676"}],"wp:attachment":[{"href":"https:\/\/www.zillions.nl\/de\/wp-json\/wp\/v2\/media?parent=10238"}],"wp:term":[{"taxonomy":"product_brand","embeddable":true,"href":"https:\/\/www.zillions.nl\/de\/wp-json\/wp\/v2\/product_brand?post=10238"},{"taxonomy":"product_cat","embeddable":true,"href":"https:\/\/www.zillions.nl\/de\/wp-json\/wp\/v2\/product_cat?post=10238"},{"taxonomy":"product_tag","embeddable":true,"href":"https:\/\/www.zillions.nl\/de\/wp-json\/wp\/v2\/product_tag?post=10238"}],"curies":[{"name":"wp","href":"https:\/\/api.w.org\/{rel}","templated":true}]}}