{"id":10091,"date":"2024-07-17T08:52:45","date_gmt":"2024-07-17T06:52:45","guid":{"rendered":"https:\/\/www.zillions.nl\/?post_type=product&#038;p=10091"},"modified":"2026-01-14T11:55:25","modified_gmt":"2026-01-14T10:55:25","slug":"leolux-scylla-rood-wit-gestreept-hoge-rug-hocker","status":"publish","type":"product","link":"https:\/\/www.zillions.nl\/de\/product\/leolux-scylla-rood-wit-gestreept-hoge-rug-hocker\/","title":{"rendered":"Leolux Scylla Sessel hoch rot\/wei\u00df\/lila + Hocker \u2013 Stoff"},"content":{"rendered":"<p data-start=\"150\" data-end=\"242\">Leolux Scylla-Sessel mit hoher R\u00fcckenlehne aus rot-wei\u00df gestreiftem Stoff + passender Fu\u00dfhocker.<\/p>\n<p data-start=\"244\" data-end=\"793\">Dieser elegante Leolux Scylla Sessel, entworfen von Gerard Vollenbrock, ist mit einem rot-wei\u00df gestreiften Stoff bezogen, der ihm einen verspielten und dennoch stilvollen Look verleiht. Der Sessel verf\u00fcgt \u00fcber eine hohe R\u00fcckenlehne f\u00fcr zus\u00e4tzlichen Komfort und Halt. Die Seiten- und Armlehnen sind mit violettem Leder bezogen, was einen sch\u00f6nen Kontrast zur knackigen Polsterung bildet und dem Design eine luxuri\u00f6se Ausstrahlung verleiht. Der Sessel verf\u00fcgt \u00fcber ein Chromgestell f\u00fcr einen eleganten und zeitlosen Look. Der Sessel ist ein 100%-Original und verf\u00fcgt \u00fcber alle Echtheitsmerkmale.<\/p>\n<p data-start=\"902\" data-end=\"949\"><strong data-start=\"902\" data-end=\"915\">Zustand:<\/strong> Ausstellungsraumzustand; in Neuzustand<\/p>\n<p data-start=\"1104\" data-end=\"1140\"><strong data-start=\"1104\" data-end=\"1138\">Ab Lager lieferbar (1 Satz)<\/strong><\/p>\n<p data-start=\"1104\" data-end=\"1140\"><strong>Hinweis:\u00a0<\/strong>Die angezeigten Preise sind <u>Sessel.<\/u><\/p>\n<p data-start=\"1104\" data-end=\"1140\">1x Sessel: 1.395 \u20ac<br \/>\n1x Fu\u00dfhocker: 450 \u20ac<br \/>\nSetpreis: 1845 \u20ac<\/p>\n<p data-start=\"1142\" data-end=\"1508\"><strong data-start=\"1142\" data-end=\"1169\">Stuhlspezifikationen:<\/strong><br data-start=\"1169\" data-end=\"1172\" \/>Sitz: Stoff, rot\/wei\u00df; gestreift<br data-start=\"1206\" data-end=\"1209\" \/>Seiten: lila Leder<br data-start=\"1231\" data-end=\"1234\" \/>Armlehnen: lila Leder<br data-start=\"1257\" data-end=\"1260\" \/>Gestell: Stahl, verchromt<br data-start=\"1284\" data-end=\"1287\" \/>Armlehne: 21 cm hoch<br data-start=\"1309\" data-end=\"1312\" \/>R\u00fcckenlehne: 56 cm; hoch<br data-start=\"1335\" data-end=\"1338\" \/>Sitzh\u00f6he: 43 cm<br data-start=\"1354\" data-end=\"1357\" \/>Sitzbreite: 55 cm<br data-start=\"1374\" data-end=\"1377\" \/>Sitztiefe: 55 cm<br data-start=\"1393\" data-end=\"1396\" \/>Gesamth\u00f6he: 86 cm<br data-start=\"1419\" data-end=\"1422\" \/>Gesamtbreite: 74 cm<br data-start=\"1446\" data-end=\"1449\" \/>Gesamttiefe: 84 cm<br data-start=\"1472\" data-end=\"1475\" \/>Sonstiges: Version mit hoher R\u00fcckenlehne<\/p>\n<p data-start=\"1510\" data-end=\"1539\">Design: Gerard Vollenbrock<\/p>\n<p data-start=\"1541\" data-end=\"1778\">Bei Fragen oder zur Vereinbarung eines Besichtigungstermins kontaktieren Sie uns gerne. Die Lieferung erfolgt \u00fcber unseren eigenen Lieferservice! Besuchen Sie unsere Website f\u00fcr noch mehr Designerartikel!<\/p>\n<p data-start=\"1780\" data-end=\"1893\"><strong data-start=\"1780\" data-end=\"1821\">Kontaktdaten (Besuch nach Vereinbarung):<\/strong><br data-start=\"1821\" data-end=\"1824\" \/>Industrieweg 21<br data-start=\"1839\" data-end=\"1842\" \/>4131 NK Vianen<br data-start=\"1856\" data-end=\"1859\" \/><a class=\"decorated-link cursor-pointer\" rel=\"noopener\" data-start=\"1859\" data-end=\"1875\">info@zillions.nl<\/a><br data-start=\"1875\" data-end=\"1878\" \/>030 20 72 146<\/p>","protected":false},"excerpt":{"rendered":"<p>Leolux Scylla fauteuil met hoge rug in rood\/wit gestreepte stof + bijpassende voetenbank. Deze elegante Leolux Scylla fauteuil, ontworpen door Gerard Vollenbrock, is uitgevoerd in een rood\/wit gestreepte stof die zorgt voor een speelse maar stijlvolle uitstraling. De fauteuil is voorzien van een hoge rugleuning voor extra comfort en ondersteuning. De zijkanten en armleggers zijn [&hellip;]<\/p>\n","protected":false},"featured_media":10093,"template":"","meta":{"_acf_changed":false},"product_brand":[225],"product_cat":[16,188],"product_tag":[325],"class_list":{"0":"post-10091","1":"product","2":"type-product","3":"status-publish","4":"has-post-thumbnail","6":"product_brand-leolux","7":"product_cat-alle-producten","8":"product_cat-fauteuils","9":"product_tag-leolux","10":"pa_brands-leolux","12":"first","13":"outofstock","14":"purchasable","15":"product-type-simple"},"acf":[],"yoast_head":"<!-- This site is optimized with the Yoast SEO plugin v27.5 - https:\/\/yoast.com\/product\/yoast-seo-wordpress\/ -->\n<title>Leolux Scylla Fauteuil Hoog Rood\/Wit\/Paars + Hocker - Stof - Zillions: nieuw en gebruikt design meubilair en stoelen<\/title>\n<meta name=\"description\" content=\"Leolux Scylla fauteuil voor 50% van de winkeladviesprijs. Bezorging mogelijk middels onze eigen bezorgdienst. Nu te bestellen via onze webshop.\" \/>\n<meta name=\"robots\" content=\"index, follow, max-snippet:-1, max-image-preview:large, max-video-preview:-1\" \/>\n<link rel=\"canonical\" href=\"https:\/\/www.zillions.nl\/de\/product\/leolux-scylla-rood-wit-gestreept-hoge-rug-hocker\/\" \/>\n<meta property=\"og:locale\" content=\"de_DE\" \/>\n<meta property=\"og:type\" content=\"article\" \/>\n<meta property=\"og:title\" content=\"Leolux Scylla Fauteuil Hoog Rood\/Wit\/Paars + Hocker - Stof - Zillions: nieuw en gebruikt design meubilair en stoelen\" \/>\n<meta property=\"og:description\" content=\"Leolux Scylla fauteuil voor 50% van de winkeladviesprijs. Bezorging mogelijk middels onze eigen bezorgdienst. Nu te bestellen via onze webshop.\" \/>\n<meta property=\"og:url\" content=\"https:\/\/www.zillions.nl\/de\/product\/leolux-scylla-rood-wit-gestreept-hoge-rug-hocker\/\" \/>\n<meta property=\"og:site_name\" content=\"Zillions: nieuw en gebruikt design meubilair en stoelen\" \/>\n<meta property=\"article:modified_time\" content=\"2026-01-14T10:55:25+00:00\" \/>\n<meta property=\"og:image\" content=\"https:\/\/www.zillions.nl\/wp-content\/uploads\/2024\/07\/3-7-24-17.jpg\" \/>\n\t<meta property=\"og:image:width\" content=\"1080\" \/>\n\t<meta property=\"og:image:height\" content=\"1080\" \/>\n\t<meta property=\"og:image:type\" content=\"image\/jpeg\" \/>\n<meta name=\"twitter:card\" content=\"summary_large_image\" \/>\n<meta name=\"twitter:label1\" content=\"Est. reading time\" \/>\n\t<meta name=\"twitter:data1\" content=\"2 minutes\" \/>\n<script type=\"application\/ld+json\" class=\"yoast-schema-graph\">{\"@context\":\"https:\\\/\\\/schema.org\",\"@graph\":[{\"@type\":\"WebPage\",\"@id\":\"https:\\\/\\\/www.zillions.nl\\\/product\\\/leolux-scylla-rood-wit-gestreept-hoge-rug-hocker\\\/\",\"url\":\"https:\\\/\\\/www.zillions.nl\\\/product\\\/leolux-scylla-rood-wit-gestreept-hoge-rug-hocker\\\/\",\"name\":\"Leolux Scylla Fauteuil Hoog Rood\\\/Wit\\\/Paars + Hocker - Stof - Zillions: nieuw en gebruikt design meubilair en stoelen\",\"isPartOf\":{\"@id\":\"https:\\\/\\\/www.zillions.nl\\\/de\\\/#website\"},\"primaryImageOfPage\":{\"@id\":\"https:\\\/\\\/www.zillions.nl\\\/product\\\/leolux-scylla-rood-wit-gestreept-hoge-rug-hocker\\\/#primaryimage\"},\"image\":{\"@id\":\"https:\\\/\\\/www.zillions.nl\\\/product\\\/leolux-scylla-rood-wit-gestreept-hoge-rug-hocker\\\/#primaryimage\"},\"thumbnailUrl\":\"https:\\\/\\\/www.zillions.nl\\\/wp-content\\\/uploads\\\/2024\\\/07\\\/3-7-24-17.jpg\",\"datePublished\":\"2024-07-17T06:52:45+00:00\",\"dateModified\":\"2026-01-14T10:55:25+00:00\",\"description\":\"Leolux Scylla fauteuil voor 50% van de winkeladviesprijs. Bezorging mogelijk middels onze eigen bezorgdienst. Nu te bestellen via onze webshop.\",\"breadcrumb\":{\"@id\":\"https:\\\/\\\/www.zillions.nl\\\/product\\\/leolux-scylla-rood-wit-gestreept-hoge-rug-hocker\\\/#breadcrumb\"},\"inLanguage\":\"de-DE\",\"potentialAction\":[{\"@type\":\"ReadAction\",\"target\":[\"https:\\\/\\\/www.zillions.nl\\\/product\\\/leolux-scylla-rood-wit-gestreept-hoge-rug-hocker\\\/\"]}]},{\"@type\":\"ImageObject\",\"inLanguage\":\"de-DE\",\"@id\":\"https:\\\/\\\/www.zillions.nl\\\/product\\\/leolux-scylla-rood-wit-gestreept-hoge-rug-hocker\\\/#primaryimage\",\"url\":\"https:\\\/\\\/www.zillions.nl\\\/wp-content\\\/uploads\\\/2024\\\/07\\\/3-7-24-17.jpg\",\"contentUrl\":\"https:\\\/\\\/www.zillions.nl\\\/wp-content\\\/uploads\\\/2024\\\/07\\\/3-7-24-17.jpg\",\"width\":1080,\"height\":1080},{\"@type\":\"BreadcrumbList\",\"@id\":\"https:\\\/\\\/www.zillions.nl\\\/product\\\/leolux-scylla-rood-wit-gestreept-hoge-rug-hocker\\\/#breadcrumb\",\"itemListElement\":[{\"@type\":\"ListItem\",\"position\":1,\"name\":\"Home\",\"item\":\"https:\\\/\\\/www.zillions.nl\\\/\"},{\"@type\":\"ListItem\",\"position\":2,\"name\":\"Shop\",\"item\":\"https:\\\/\\\/www.zillions.nl\\\/shop\\\/\"},{\"@type\":\"ListItem\",\"position\":3,\"name\":\"Leolux Scylla Fauteuil Hoog Rood\\\/Wit\\\/Paars + Hocker &#8211; Stof\"}]},{\"@type\":\"WebSite\",\"@id\":\"https:\\\/\\\/www.zillions.nl\\\/de\\\/#website\",\"url\":\"https:\\\/\\\/www.zillions.nl\\\/de\\\/\",\"name\":\"Zillions: nieuw en gebruikt design meubilair en stoelen\",\"description\":\"Welkom bij Zillions: Zillions is gespecialiseerd in nieuw en gebruikt design meubilair en stoelen.\",\"publisher\":{\"@id\":\"https:\\\/\\\/www.zillions.nl\\\/de\\\/#organization\"},\"potentialAction\":[{\"@type\":\"SearchAction\",\"target\":{\"@type\":\"EntryPoint\",\"urlTemplate\":\"https:\\\/\\\/www.zillions.nl\\\/de\\\/?s={search_term_string}\"},\"query-input\":{\"@type\":\"PropertyValueSpecification\",\"valueRequired\":true,\"valueName\":\"search_term_string\"}}],\"inLanguage\":\"de-DE\"},{\"@type\":\"Organization\",\"@id\":\"https:\\\/\\\/www.zillions.nl\\\/de\\\/#organization\",\"name\":\"Zillions: nieuw en gebruikt design meubilair en stoelen\",\"url\":\"https:\\\/\\\/www.zillions.nl\\\/de\\\/\",\"logo\":{\"@type\":\"ImageObject\",\"inLanguage\":\"de-DE\",\"@id\":\"https:\\\/\\\/www.zillions.nl\\\/de\\\/#\\\/schema\\\/logo\\\/image\\\/\",\"url\":\"https:\\\/\\\/www.zillions.nl\\\/wp-content\\\/uploads\\\/2022\\\/11\\\/zillions.svg\",\"contentUrl\":\"https:\\\/\\\/www.zillions.nl\\\/wp-content\\\/uploads\\\/2022\\\/11\\\/zillions.svg\",\"width\":208,\"height\":53,\"caption\":\"Zillions: nieuw en gebruikt design meubilair en stoelen\"},\"image\":{\"@id\":\"https:\\\/\\\/www.zillions.nl\\\/de\\\/#\\\/schema\\\/logo\\\/image\\\/\"}}]}<\/script>\n<!-- \/ Yoast SEO plugin. -->","yoast_head_json":{"title":"Leolux Scylla Sessel, hoch, rot\/wei\u00df\/lila + Hocker \u2013 Stoffbezug \u2013 Zillions: neue und gebrauchte Designerm\u00f6bel und St\u00fchle","description":"Leolux Scylla Sessel f\u00fcr 50% zum empfohlenen Verkaufspreis. Lieferung durch unseren eigenen Lieferservice m\u00f6glich. Bestellen Sie jetzt \u00fcber unseren Webshop.","robots":{"index":"index","follow":"follow","max-snippet":"max-snippet:-1","max-image-preview":"max-image-preview:large","max-video-preview":"max-video-preview:-1"},"canonical":"https:\/\/www.zillions.nl\/de\/product\/leolux-scylla-rood-wit-gestreept-hoge-rug-hocker\/","og_locale":"de_DE","og_type":"article","og_title":"Leolux Scylla Fauteuil Hoog Rood\/Wit\/Paars + Hocker - Stof - Zillions: nieuw en gebruikt design meubilair en stoelen","og_description":"Leolux Scylla fauteuil voor 50% van de winkeladviesprijs. Bezorging mogelijk middels onze eigen bezorgdienst. Nu te bestellen via onze webshop.","og_url":"https:\/\/www.zillions.nl\/de\/product\/leolux-scylla-rood-wit-gestreept-hoge-rug-hocker\/","og_site_name":"Zillions: nieuw en gebruikt design meubilair en stoelen","article_modified_time":"2026-01-14T10:55:25+00:00","og_image":[{"width":1080,"height":1080,"url":"https:\/\/www.zillions.nl\/wp-content\/uploads\/2024\/07\/3-7-24-17.jpg","type":"image\/jpeg"}],"twitter_card":"summary_large_image","twitter_misc":{"Est. reading time":"2 minutes"},"schema":{"@context":"https:\/\/schema.org","@graph":[{"@type":"WebPage","@id":"https:\/\/www.zillions.nl\/product\/leolux-scylla-rood-wit-gestreept-hoge-rug-hocker\/","url":"https:\/\/www.zillions.nl\/product\/leolux-scylla-rood-wit-gestreept-hoge-rug-hocker\/","name":"Leolux Scylla Sessel, hoch, rot\/wei\u00df\/lila + Hocker \u2013 Stoffbezug \u2013 Zillions: neue und gebrauchte Designerm\u00f6bel und St\u00fchle","isPartOf":{"@id":"https:\/\/www.zillions.nl\/de\/#website"},"primaryImageOfPage":{"@id":"https:\/\/www.zillions.nl\/product\/leolux-scylla-rood-wit-gestreept-hoge-rug-hocker\/#primaryimage"},"image":{"@id":"https:\/\/www.zillions.nl\/product\/leolux-scylla-rood-wit-gestreept-hoge-rug-hocker\/#primaryimage"},"thumbnailUrl":"https:\/\/www.zillions.nl\/wp-content\/uploads\/2024\/07\/3-7-24-17.jpg","datePublished":"2024-07-17T06:52:45+00:00","dateModified":"2026-01-14T10:55:25+00:00","description":"Leolux Scylla Sessel f\u00fcr 50% zum empfohlenen Verkaufspreis. Lieferung durch unseren eigenen Lieferservice m\u00f6glich. Bestellen Sie jetzt \u00fcber unseren Webshop.","breadcrumb":{"@id":"https:\/\/www.zillions.nl\/product\/leolux-scylla-rood-wit-gestreept-hoge-rug-hocker\/#breadcrumb"},"inLanguage":"de-DE","potentialAction":[{"@type":"ReadAction","target":["https:\/\/www.zillions.nl\/product\/leolux-scylla-rood-wit-gestreept-hoge-rug-hocker\/"]}]},{"@type":"ImageObject","inLanguage":"de-DE","@id":"https:\/\/www.zillions.nl\/product\/leolux-scylla-rood-wit-gestreept-hoge-rug-hocker\/#primaryimage","url":"https:\/\/www.zillions.nl\/wp-content\/uploads\/2024\/07\/3-7-24-17.jpg","contentUrl":"https:\/\/www.zillions.nl\/wp-content\/uploads\/2024\/07\/3-7-24-17.jpg","width":1080,"height":1080},{"@type":"BreadcrumbList","@id":"https:\/\/www.zillions.nl\/product\/leolux-scylla-rood-wit-gestreept-hoge-rug-hocker\/#breadcrumb","itemListElement":[{"@type":"ListItem","position":1,"name":"Home","item":"https:\/\/www.zillions.nl\/"},{"@type":"ListItem","position":2,"name":"Shop","item":"https:\/\/www.zillions.nl\/shop\/"},{"@type":"ListItem","position":3,"name":"Leolux Scylla Fauteuil Hoog Rood\/Wit\/Paars + Hocker &#8211; Stof"}]},{"@type":"WebSite","@id":"https:\/\/www.zillions.nl\/de\/#website","url":"https:\/\/www.zillions.nl\/de\/","name":"Zillionen: neue und gebrauchte Designerm\u00f6bel und St\u00fchle","description":"Willkommen bei Zillions: Zillions ist auf neue und gebrauchte Designm\u00f6bel und St\u00fchle spezialisiert.","publisher":{"@id":"https:\/\/www.zillions.nl\/de\/#organization"},"potentialAction":[{"@type":"SearchAction","target":{"@type":"EntryPoint","urlTemplate":"https:\/\/www.zillions.nl\/de\/?s={search_term_string}"},"query-input":{"@type":"PropertyValueSpecification","valueRequired":true,"valueName":"search_term_string"}}],"inLanguage":"de-DE"},{"@type":"Organization","@id":"https:\/\/www.zillions.nl\/de\/#organization","name":"Zillionen: neue und gebrauchte Designerm\u00f6bel und St\u00fchle","url":"https:\/\/www.zillions.nl\/de\/","logo":{"@type":"ImageObject","inLanguage":"de-DE","@id":"https:\/\/www.zillions.nl\/de\/#\/schema\/logo\/image\/","url":"https:\/\/www.zillions.nl\/wp-content\/uploads\/2022\/11\/zillions.svg","contentUrl":"https:\/\/www.zillions.nl\/wp-content\/uploads\/2022\/11\/zillions.svg","width":208,"height":53,"caption":"Zillions: nieuw en gebruikt design meubilair en stoelen"},"image":{"@id":"https:\/\/www.zillions.nl\/de\/#\/schema\/logo\/image\/"}}]}},"_links":{"self":[{"href":"https:\/\/www.zillions.nl\/de\/wp-json\/wp\/v2\/product\/10091","targetHints":{"allow":["GET"]}}],"collection":[{"href":"https:\/\/www.zillions.nl\/de\/wp-json\/wp\/v2\/product"}],"about":[{"href":"https:\/\/www.zillions.nl\/de\/wp-json\/wp\/v2\/types\/product"}],"wp:featuredmedia":[{"embeddable":true,"href":"https:\/\/www.zillions.nl\/de\/wp-json\/wp\/v2\/media\/10093"}],"wp:attachment":[{"href":"https:\/\/www.zillions.nl\/de\/wp-json\/wp\/v2\/media?parent=10091"}],"wp:term":[{"taxonomy":"product_brand","embeddable":true,"href":"https:\/\/www.zillions.nl\/de\/wp-json\/wp\/v2\/product_brand?post=10091"},{"taxonomy":"product_cat","embeddable":true,"href":"https:\/\/www.zillions.nl\/de\/wp-json\/wp\/v2\/product_cat?post=10091"},{"taxonomy":"product_tag","embeddable":true,"href":"https:\/\/www.zillions.nl\/de\/wp-json\/wp\/v2\/product_tag?post=10091"}],"curies":[{"name":"wp","href":"https:\/\/api.w.org\/{rel}","templated":true}]}}